{"id":83,"date":"2025-07-17T11:06:47","date_gmt":"2025-07-17T09:06:47","guid":{"rendered":"https:\/\/test-wuwei.de\/orden\/?page_id=83"},"modified":"2025-11-20T14:52:47","modified_gmt":"2025-11-20T13:52:47","slug":"ordenskorrespondenz","status":"publish","type":"page","link":"https:\/\/test-wuwei.de\/orden\/ordenskorrespondenz\/","title":{"rendered":"Ordenskorrespondenz"},"content":{"rendered":"\n<h2 class=\"gb-headline gb-headline-e38e4b2d gb-headline-text\">Zeitschrift f\u00fcr Fragen des&nbsp;Ordenslebens<\/h2>\n\n\n\n<p>Die Ordenskorrespondenz ver\u00f6ffentlicht Artikel, Berichte und Kommentare zum Ordensleben, zur Ordenstheologie und Ordensspiritualit\u00e4t. Weitere Schwerpunkte sind das missionarische und weltkirchliche Engagement der Orden sowie ordensrelevante Entwicklungen im kirchlichen und zivilen Recht.<\/p>\n\n\n\n<ul class=\"wp-block-list\">\n<li>Sie dokumentiert die Jahrestagungen der Deutschen Ordensobernkonferenz sowie Ver\u00f6ffentlichungen aus der Arbeit ihrer Gremien und Institutionen.<\/li>\n\n\n\n<li>Sie bietet aktuelle ordensrelevante Nachrichten und Informationen aus Deutschland, Rom und der Weltkirche.<\/li>\n\n\n\n<li>Sie enth\u00e4lt einen ausf\u00fchrlichen Rezensionsteil: Literaturberichte und Besprechungen von Publikationen, die das Ordensleben betreffen.<\/li>\n\n\n\n<li>Sie erscheint viermal j\u00e4hrlich mit einem Umfang von 128 Seiten pro Heft.<\/li>\n<\/ul>\n\n\n\n<p>Das <strong>Jahresabonnement <\/strong>incl. Mehrwertsteuer und Versand kostet in Deutschland 40,00 Euro, im Ausland 41,20&nbsp;Euro (Schweiz: 38,50&nbsp;Euro). <br>Das <strong>Einzelheft<\/strong> incl. Mehrwertsteuer und Versand ist in Deutschland zum Preis von 10,00 Euro (in Europa: 11,00 Euro) erh\u00e4ltlich.<\/p>\n\n\n<div class=\"gb-container gb-container-609c8cd9\">\n<div class=\"gb-grid-wrapper gb-grid-wrapper-ce5de9d6\">\n<div class=\"gb-grid-column gb-grid-column-7d4df6fb\"><div class=\"gb-container gb-container-7d4df6fb\">\n\n<figure class=\"gb-block-image gb-block-image-bb4bc1dd\"><a href=\"https:\/\/test-wuwei.de\/orden\/ordenskorrespondenz\/aktuelle-hefte\/\"><img loading=\"lazy\" decoding=\"async\" width=\"370\" height=\"370\" class=\"gb-image gb-image-bb4bc1dd\" src=\"https:\/\/test-wuwei.de\/orden\/wp-content\/uploads\/2025\/10\/csm_Ordenskorrespondenz_5ba7b4597e.jpg\" alt=\"\" title=\"Csm Ordenskorrespondenz 5ba7b4597e\" srcset=\"https:\/\/test-wuwei.de\/orden\/wp-content\/uploads\/2025\/10\/csm_Ordenskorrespondenz_5ba7b4597e.jpg 370w, https:\/\/test-wuwei.de\/orden\/wp-content\/uploads\/2025\/10\/csm_Ordenskorrespondenz_5ba7b4597e-300x300.jpg 300w, https:\/\/test-wuwei.de\/orden\/wp-content\/uploads\/2025\/10\/csm_Ordenskorrespondenz_5ba7b4597e-150x150.jpg 150w, https:\/\/test-wuwei.de\/orden\/wp-content\/uploads\/2025\/10\/csm_Ordenskorrespondenz_5ba7b4597e-600x600.jpg 600w\" sizes=\"auto, (max-width: 370px) 100vw, 370px\" \/><\/a><\/figure>\n\n\n\n<p class=\"gb-headline gb-headline-8713a83b gb-headline-text\"><a href=\"https:\/\/test-wuwei.de\/orden\/ordenskorrespondenz\/aktuelle-hefte\/\">Aktuelle Hefte<\/a><\/p>\n\n\n\n<a class=\"gb-button gb-button-164d57d0 gb-button-text button-rund\" href=\"https:\/\/test-wuwei.de\/orden\/ordenskorrespondenz\/aktuelle-hefte\/\">\u279c<\/a>\n\n<\/div><\/div>\n\n<div class=\"gb-grid-column gb-grid-column-ed86c93c\"><div class=\"gb-container gb-container-ed86c93c\">\n\n<figure class=\"gb-block-image gb-block-image-68cd4c1f\"><a href=\"https:\/\/test-wuwei.de\/orden\/ordenskorrespondenz\/abo\/\"><img loading=\"lazy\" decoding=\"async\" width=\"370\" height=\"370\" class=\"gb-image gb-image-68cd4c1f\" src=\"https:\/\/test-wuwei.de\/orden\/wp-content\/uploads\/2025\/10\/csm_Ordenskorrespondenz_5ba7b4597e.jpg\" alt=\"\" title=\"Csm Ordenskorrespondenz 5ba7b4597e\" srcset=\"https:\/\/test-wuwei.de\/orden\/wp-content\/uploads\/2025\/10\/csm_Ordenskorrespondenz_5ba7b4597e.jpg 370w, https:\/\/test-wuwei.de\/orden\/wp-content\/uploads\/2025\/10\/csm_Ordenskorrespondenz_5ba7b4597e-300x300.jpg 300w, https:\/\/test-wuwei.de\/orden\/wp-content\/uploads\/2025\/10\/csm_Ordenskorrespondenz_5ba7b4597e-150x150.jpg 150w, https:\/\/test-wuwei.de\/orden\/wp-content\/uploads\/2025\/10\/csm_Ordenskorrespondenz_5ba7b4597e-600x600.jpg 600w\" sizes=\"auto, (max-width: 370px) 100vw, 370px\" \/><\/a><\/figure>\n\n\n\n<p class=\"gb-headline gb-headline-400df313 gb-headline-text\"><a href=\"https:\/\/test-wuwei.de\/orden\/ordenskorrespondenz\/abo\/\">OK-Abonnement<\/a><\/p>\n\n\n\n<a class=\"gb-button gb-button-b234ef4b gb-button-text button-rund\" href=\"https:\/\/test-wuwei.de\/orden\/ordenskorrespondenz\/abo\/\">\u279c<\/a>\n\n<\/div><\/div>\n\n<div class=\"gb-grid-column gb-grid-column-c11a1e9e\"><div class=\"gb-container gb-container-c11a1e9e\">\n\n<figure class=\"gb-block-image gb-block-image-339c9d9e\"><a href=\"https:\/\/test-wuwei.de\/orden\/ordenskorrespondenz\/einzelheft-bestellen\/\"><img loading=\"lazy\" decoding=\"async\" width=\"370\" height=\"370\" class=\"gb-image gb-image-339c9d9e\" src=\"https:\/\/test-wuwei.de\/orden\/wp-content\/uploads\/2025\/10\/csm_Ordenskorrespondenz_5ba7b4597e.jpg\" alt=\"\" title=\"Csm Ordenskorrespondenz 5ba7b4597e\" srcset=\"https:\/\/test-wuwei.de\/orden\/wp-content\/uploads\/2025\/10\/csm_Ordenskorrespondenz_5ba7b4597e.jpg 370w, https:\/\/test-wuwei.de\/orden\/wp-content\/uploads\/2025\/10\/csm_Ordenskorrespondenz_5ba7b4597e-300x300.jpg 300w, https:\/\/test-wuwei.de\/orden\/wp-content\/uploads\/2025\/10\/csm_Ordenskorrespondenz_5ba7b4597e-150x150.jpg 150w, https:\/\/test-wuwei.de\/orden\/wp-content\/uploads\/2025\/10\/csm_Ordenskorrespondenz_5ba7b4597e-600x600.jpg 600w\" sizes=\"auto, (max-width: 370px) 100vw, 370px\" \/><\/a><\/figure>\n\n\n\n<p class=\"gb-headline gb-headline-e5d272f1 gb-headline-text\"><a href=\"https:\/\/test-wuwei.de\/orden\/ordenskorrespondenz\/einzelheft-bestellen\/\">Einzelheft bestellen<\/a><\/p>\n\n\n\n<a class=\"gb-button gb-button-72dc0fbc gb-button-text button-rund\" href=\"https:\/\/test-wuwei.de\/orden\/ordenskorrespondenz\/einzelheft-bestellen\/\">\u279c<\/a>\n\n<\/div><\/div>\n\n<div class=\"gb-grid-column gb-grid-column-27b52e66\"><div class=\"gb-container gb-container-27b52e66\">\n\n<figure class=\"gb-block-image gb-block-image-bcf88c92\"><a href=\"https:\/\/test-wuwei.de\/orden\/ordenskorrespondenz\/neue-buecher\/\"><img loading=\"lazy\" decoding=\"async\" width=\"370\" height=\"370\" class=\"gb-image gb-image-bcf88c92\" src=\"https:\/\/test-wuwei.de\/orden\/wp-content\/uploads\/2025\/10\/csm_Ordenskorrespondenz_5ba7b4597e.jpg\" alt=\"\" title=\"Csm Ordenskorrespondenz 5ba7b4597e\" srcset=\"https:\/\/test-wuwei.de\/orden\/wp-content\/uploads\/2025\/10\/csm_Ordenskorrespondenz_5ba7b4597e.jpg 370w, https:\/\/test-wuwei.de\/orden\/wp-content\/uploads\/2025\/10\/csm_Ordenskorrespondenz_5ba7b4597e-300x300.jpg 300w, https:\/\/test-wuwei.de\/orden\/wp-content\/uploads\/2025\/10\/csm_Ordenskorrespondenz_5ba7b4597e-150x150.jpg 150w, https:\/\/test-wuwei.de\/orden\/wp-content\/uploads\/2025\/10\/csm_Ordenskorrespondenz_5ba7b4597e-600x600.jpg 600w\" sizes=\"auto, (max-width: 370px) 100vw, 370px\" \/><\/a><\/figure>\n\n\n\n<p class=\"gb-headline gb-headline-84ca98ef gb-headline-text\"><a href=\"https:\/\/test-wuwei.de\/orden\/ordenskorrespondenz\/neue-buecher\/\">Buch\u00adrezensionen<\/a><\/p>\n\n\n\n<a class=\"gb-button gb-button-dd1995cd gb-button-text button-rund\" href=\"https:\/\/test-wuwei.de\/orden\/ordenskorrespondenz\/neue-buecher\/\">\u279c<\/a>\n\n<\/div><\/div>\n\n<div class=\"gb-grid-column gb-grid-column-cb555cce\"><div class=\"gb-container gb-container-cb555cce\">\n\n<figure class=\"gb-block-image gb-block-image-bc3aa24a\"><a href=\"https:\/\/ordkorr.de\/ojs\/index.php\/ordkorr\/issue\/archive\" target=\"_blank\" rel=\"noopener noreferrer\"><img loading=\"lazy\" decoding=\"async\" width=\"370\" height=\"370\" class=\"gb-image gb-image-bc3aa24a\" src=\"https:\/\/test-wuwei.de\/orden\/wp-content\/uploads\/2025\/10\/csm_Ordenskorrespondenz_5ba7b4597e.jpg\" alt=\"\" title=\"Csm Ordenskorrespondenz 5ba7b4597e\" srcset=\"https:\/\/test-wuwei.de\/orden\/wp-content\/uploads\/2025\/10\/csm_Ordenskorrespondenz_5ba7b4597e.jpg 370w, https:\/\/test-wuwei.de\/orden\/wp-content\/uploads\/2025\/10\/csm_Ordenskorrespondenz_5ba7b4597e-300x300.jpg 300w, https:\/\/test-wuwei.de\/orden\/wp-content\/uploads\/2025\/10\/csm_Ordenskorrespondenz_5ba7b4597e-150x150.jpg 150w, https:\/\/test-wuwei.de\/orden\/wp-content\/uploads\/2025\/10\/csm_Ordenskorrespondenz_5ba7b4597e-600x600.jpg 600w\" sizes=\"auto, (max-width: 370px) 100vw, 370px\" \/><\/a><\/figure>\n\n\n\n<p class=\"gb-headline gb-headline-4bc744e2 gb-headline-text\"><a href=\"https:\/\/ordkorr.de\/ojs\/index.php\/ordkorr\/issue\/archive\" target=\"_blank\" rel=\"noreferrer noopener\">OK-Archiv<\/a><\/p>\n\n\n\n<a class=\"gb-button gb-button-8a42efe3 gb-button-text button-rund\" href=\"https:\/\/ordkorr.de\/ojs\/index.php\/ordkorr\/issue\/archive\" target=\"_blank\" rel=\"noopener noreferrer\">\u279c<\/a>\n\n<\/div><\/div>\n<\/div>\n<\/div>","protected":false},"excerpt":{"rendered":"<p>Zeitschrift f\u00fcr Fragen des&nbsp;Ordenslebens Die Ordenskorrespondenz ver\u00f6ffentlicht Artikel, Berichte und Kommentare zum Ordensleben, zur Ordenstheologie und Ordensspiritualit\u00e4t. Weitere Schwerpunkte sind das missionarische und weltkirchliche Engagement der Orden sowie ordensrelevante Entwicklungen im kirchlichen und zivilen Recht. Das Jahresabonnement incl. Mehrwertsteuer und Versand kostet in Deutschland 40,00 Euro, im Ausland 41,20&nbsp;Euro (Schweiz: 38,50&nbsp;Euro). Das Einzelheft incl. Mehrwertsteuer &#8230; <\/p>\n<p class=\"read-more-container\"><a title=\"Ordenskorrespondenz\" class=\"read-more button\" href=\"https:\/\/test-wuwei.de\/orden\/ordenskorrespondenz\/#more-83\" aria-label=\"Mehr Informationen \u00fcber Ordenskorrespondenz\">weiterlesen<\/a><\/p>\n","protected":false},"author":3,"featured_media":3307,"parent":0,"menu_order":0,"comment_status":"closed","ping_status":"closed","template":"","meta":{"_acf_changed":false,"footnotes":""},"class_list":["post-83","page","type-page","status-publish","has-post-thumbnail"],"acf":[],"yoast_head":"<!-- This site is optimized with the Yoast SEO plugin v26.3 - https:\/\/yoast.com\/wordpress\/plugins\/seo\/ -->\n<title>Ordenskorrespondenz &#8211; Ordensgemeinschaften in Deutschland<\/title>\n<meta name=\"robots\" content=\"noindex, follow, max-snippet:-1, max-image-preview:large, max-video-preview:-1\" \/>\n<meta property=\"og:locale\" content=\"de_DE\" \/>\n<meta property=\"og:type\" content=\"article\" \/>\n<meta property=\"og:title\" content=\"Ordenskorrespondenz &#8211; Ordensgemeinschaften in Deutschland\" \/>\n<meta property=\"og:description\" content=\"Zeitschrift f\u00fcr Fragen des&nbsp;Ordenslebens Die Ordenskorrespondenz ver\u00f6ffentlicht Artikel, Berichte und Kommentare zum Ordensleben, zur Ordenstheologie und Ordensspiritualit\u00e4t. Weitere Schwerpunkte sind das missionarische und weltkirchliche Engagement der Orden sowie ordensrelevante Entwicklungen im kirchlichen und zivilen Recht. Das Jahresabonnement incl. Mehrwertsteuer und Versand kostet in Deutschland 40,00 Euro, im Ausland 41,20&nbsp;Euro (Schweiz: 38,50&nbsp;Euro). Das Einzelheft incl. Mehrwertsteuer ... weiterlesen\" \/>\n<meta property=\"og:url\" content=\"https:\/\/test-wuwei.de\/orden\/ordenskorrespondenz\/\" \/>\n<meta property=\"og:site_name\" content=\"Ordensgemeinschaften in Deutschland\" \/>\n<meta property=\"article:modified_time\" content=\"2025-11-20T13:52:47+00:00\" \/>\n<meta property=\"og:image\" content=\"https:\/\/test-wuwei.de\/orden\/wp-content\/uploads\/2025\/10\/csm_Ordenskorrespondez_c2f00aec8c.jpg\" \/>\n\t<meta property=\"og:image:width\" content=\"870\" \/>\n\t<meta property=\"og:image:height\" content=\"325\" \/>\n\t<meta property=\"og:image:type\" content=\"image\/jpeg\" \/>\n<meta name=\"twitter:card\" content=\"summary_large_image\" \/>\n<meta name=\"twitter:label1\" content=\"Gesch\u00e4tzte Lesezeit\" \/>\n\t<meta name=\"twitter:data1\" content=\"2\u00a0Minuten\" \/>\n<script type=\"application\/ld+json\" class=\"yoast-schema-graph\">{\"@context\":\"https:\/\/schema.org\",\"@graph\":[{\"@type\":\"WebPage\",\"@id\":\"https:\/\/test-wuwei.de\/orden\/ordenskorrespondenz\/\",\"url\":\"https:\/\/test-wuwei.de\/orden\/ordenskorrespondenz\/\",\"name\":\"Ordenskorrespondenz &#8211; Ordensgemeinschaften in Deutschland\",\"isPartOf\":{\"@id\":\"https:\/\/test-wuwei.de\/orden\/#website\"},\"primaryImageOfPage\":{\"@id\":\"https:\/\/test-wuwei.de\/orden\/ordenskorrespondenz\/#primaryimage\"},\"image\":{\"@id\":\"https:\/\/test-wuwei.de\/orden\/ordenskorrespondenz\/#primaryimage\"},\"thumbnailUrl\":\"https:\/\/test-wuwei.de\/orden\/wp-content\/uploads\/2025\/10\/csm_Ordenskorrespondez_c2f00aec8c.jpg\",\"datePublished\":\"2025-07-17T09:06:47+00:00\",\"dateModified\":\"2025-11-20T13:52:47+00:00\",\"breadcrumb\":{\"@id\":\"https:\/\/test-wuwei.de\/orden\/ordenskorrespondenz\/#breadcrumb\"},\"inLanguage\":\"de\",\"potentialAction\":[{\"@type\":\"ReadAction\",\"target\":[\"https:\/\/test-wuwei.de\/orden\/ordenskorrespondenz\/\"]}]},{\"@type\":\"ImageObject\",\"inLanguage\":\"de\",\"@id\":\"https:\/\/test-wuwei.de\/orden\/ordenskorrespondenz\/#primaryimage\",\"url\":\"https:\/\/test-wuwei.de\/orden\/wp-content\/uploads\/2025\/10\/csm_Ordenskorrespondez_c2f00aec8c.jpg\",\"contentUrl\":\"https:\/\/test-wuwei.de\/orden\/wp-content\/uploads\/2025\/10\/csm_Ordenskorrespondez_c2f00aec8c.jpg\",\"width\":870,\"height\":325,\"caption\":\"Zeitschriftcover Ordenskorrespondez\"},{\"@type\":\"BreadcrumbList\",\"@id\":\"https:\/\/test-wuwei.de\/orden\/ordenskorrespondenz\/#breadcrumb\",\"itemListElement\":[{\"@type\":\"ListItem\",\"position\":1,\"name\":\"\ud83c\udfe0\ufe0e\",\"item\":\"https:\/\/test-wuwei.de\/orden\/\"},{\"@type\":\"ListItem\",\"position\":2,\"name\":\"Ordenskorrespondenz\"}]},{\"@type\":\"WebSite\",\"@id\":\"https:\/\/test-wuwei.de\/orden\/#website\",\"url\":\"https:\/\/test-wuwei.de\/orden\/\",\"name\":\"Ordensgemeinschaften in Deutschland\",\"description\":\"Deutsche Ordensobernkonferenz\",\"publisher\":{\"@id\":\"https:\/\/test-wuwei.de\/orden\/#organization\"},\"potentialAction\":[{\"@type\":\"SearchAction\",\"target\":{\"@type\":\"EntryPoint\",\"urlTemplate\":\"https:\/\/test-wuwei.de\/orden\/?s={search_term_string}\"},\"query-input\":{\"@type\":\"PropertyValueSpecification\",\"valueRequired\":true,\"valueName\":\"search_term_string\"}}],\"inLanguage\":\"de\"},{\"@type\":\"Organization\",\"@id\":\"https:\/\/test-wuwei.de\/orden\/#organization\",\"name\":\"Ordensgemeinschaften in Deutschland\",\"url\":\"https:\/\/test-wuwei.de\/orden\/\",\"logo\":{\"@type\":\"ImageObject\",\"inLanguage\":\"de\",\"@id\":\"https:\/\/test-wuwei.de\/orden\/#\/schema\/logo\/image\/\",\"url\":\"https:\/\/test-wuwei.de\/orden\/wp-content\/uploads\/2025\/07\/DOK_Logo_RGB_mit.jpg\",\"contentUrl\":\"https:\/\/test-wuwei.de\/orden\/wp-content\/uploads\/2025\/07\/DOK_Logo_RGB_mit.jpg\",\"width\":2480,\"height\":1748,\"caption\":\"Ordensgemeinschaften in Deutschland\"},\"image\":{\"@id\":\"https:\/\/test-wuwei.de\/orden\/#\/schema\/logo\/image\/\"}}]}<\/script>\n<!-- \/ Yoast SEO plugin. -->","yoast_head_json":{"title":"Ordenskorrespondenz &#8211; Ordensgemeinschaften in Deutschland","robots":{"index":"noindex","follow":"follow","max-snippet":"max-snippet:-1","max-image-preview":"max-image-preview:large","max-video-preview":"max-video-preview:-1"},"og_locale":"de_DE","og_type":"article","og_title":"Ordenskorrespondenz &#8211; Ordensgemeinschaften in Deutschland","og_description":"Zeitschrift f\u00fcr Fragen des&nbsp;Ordenslebens Die Ordenskorrespondenz ver\u00f6ffentlicht Artikel, Berichte und Kommentare zum Ordensleben, zur Ordenstheologie und Ordensspiritualit\u00e4t. Weitere Schwerpunkte sind das missionarische und weltkirchliche Engagement der Orden sowie ordensrelevante Entwicklungen im kirchlichen und zivilen Recht. Das Jahresabonnement incl. Mehrwertsteuer und Versand kostet in Deutschland 40,00 Euro, im Ausland 41,20&nbsp;Euro (Schweiz: 38,50&nbsp;Euro). Das Einzelheft incl. Mehrwertsteuer ... weiterlesen","og_url":"https:\/\/test-wuwei.de\/orden\/ordenskorrespondenz\/","og_site_name":"Ordensgemeinschaften in Deutschland","article_modified_time":"2025-11-20T13:52:47+00:00","og_image":[{"width":870,"height":325,"url":"https:\/\/test-wuwei.de\/orden\/wp-content\/uploads\/2025\/10\/csm_Ordenskorrespondez_c2f00aec8c.jpg","type":"image\/jpeg"}],"twitter_card":"summary_large_image","twitter_misc":{"Gesch\u00e4tzte Lesezeit":"2\u00a0Minuten"},"schema":{"@context":"https:\/\/schema.org","@graph":[{"@type":"WebPage","@id":"https:\/\/test-wuwei.de\/orden\/ordenskorrespondenz\/","url":"https:\/\/test-wuwei.de\/orden\/ordenskorrespondenz\/","name":"Ordenskorrespondenz &#8211; Ordensgemeinschaften in Deutschland","isPartOf":{"@id":"https:\/\/test-wuwei.de\/orden\/#website"},"primaryImageOfPage":{"@id":"https:\/\/test-wuwei.de\/orden\/ordenskorrespondenz\/#primaryimage"},"image":{"@id":"https:\/\/test-wuwei.de\/orden\/ordenskorrespondenz\/#primaryimage"},"thumbnailUrl":"https:\/\/test-wuwei.de\/orden\/wp-content\/uploads\/2025\/10\/csm_Ordenskorrespondez_c2f00aec8c.jpg","datePublished":"2025-07-17T09:06:47+00:00","dateModified":"2025-11-20T13:52:47+00:00","breadcrumb":{"@id":"https:\/\/test-wuwei.de\/orden\/ordenskorrespondenz\/#breadcrumb"},"inLanguage":"de","potentialAction":[{"@type":"ReadAction","target":["https:\/\/test-wuwei.de\/orden\/ordenskorrespondenz\/"]}]},{"@type":"ImageObject","inLanguage":"de","@id":"https:\/\/test-wuwei.de\/orden\/ordenskorrespondenz\/#primaryimage","url":"https:\/\/test-wuwei.de\/orden\/wp-content\/uploads\/2025\/10\/csm_Ordenskorrespondez_c2f00aec8c.jpg","contentUrl":"https:\/\/test-wuwei.de\/orden\/wp-content\/uploads\/2025\/10\/csm_Ordenskorrespondez_c2f00aec8c.jpg","width":870,"height":325,"caption":"Zeitschriftcover Ordenskorrespondez"},{"@type":"BreadcrumbList","@id":"https:\/\/test-wuwei.de\/orden\/ordenskorrespondenz\/#breadcrumb","itemListElement":[{"@type":"ListItem","position":1,"name":"\ud83c\udfe0\ufe0e","item":"https:\/\/test-wuwei.de\/orden\/"},{"@type":"ListItem","position":2,"name":"Ordenskorrespondenz"}]},{"@type":"WebSite","@id":"https:\/\/test-wuwei.de\/orden\/#website","url":"https:\/\/test-wuwei.de\/orden\/","name":"Ordensgemeinschaften in Deutschland","description":"Deutsche Ordensobernkonferenz","publisher":{"@id":"https:\/\/test-wuwei.de\/orden\/#organization"},"potentialAction":[{"@type":"SearchAction","target":{"@type":"EntryPoint","urlTemplate":"https:\/\/test-wuwei.de\/orden\/?s={search_term_string}"},"query-input":{"@type":"PropertyValueSpecification","valueRequired":true,"valueName":"search_term_string"}}],"inLanguage":"de"},{"@type":"Organization","@id":"https:\/\/test-wuwei.de\/orden\/#organization","name":"Ordensgemeinschaften in Deutschland","url":"https:\/\/test-wuwei.de\/orden\/","logo":{"@type":"ImageObject","inLanguage":"de","@id":"https:\/\/test-wuwei.de\/orden\/#\/schema\/logo\/image\/","url":"https:\/\/test-wuwei.de\/orden\/wp-content\/uploads\/2025\/07\/DOK_Logo_RGB_mit.jpg","contentUrl":"https:\/\/test-wuwei.de\/orden\/wp-content\/uploads\/2025\/07\/DOK_Logo_RGB_mit.jpg","width":2480,"height":1748,"caption":"Ordensgemeinschaften in Deutschland"},"image":{"@id":"https:\/\/test-wuwei.de\/orden\/#\/schema\/logo\/image\/"}}]}},"_links":{"self":[{"href":"https:\/\/test-wuwei.de\/orden\/wp-json\/wp\/v2\/pages\/83","targetHints":{"allow":["GET"]}}],"collection":[{"href":"https:\/\/test-wuwei.de\/orden\/wp-json\/wp\/v2\/pages"}],"about":[{"href":"https:\/\/test-wuwei.de\/orden\/wp-json\/wp\/v2\/types\/page"}],"author":[{"embeddable":true,"href":"https:\/\/test-wuwei.de\/orden\/wp-json\/wp\/v2\/users\/3"}],"replies":[{"embeddable":true,"href":"https:\/\/test-wuwei.de\/orden\/wp-json\/wp\/v2\/comments?post=83"}],"version-history":[{"count":22,"href":"https:\/\/test-wuwei.de\/orden\/wp-json\/wp\/v2\/pages\/83\/revisions"}],"predecessor-version":[{"id":4113,"href":"https:\/\/test-wuwei.de\/orden\/wp-json\/wp\/v2\/pages\/83\/revisions\/4113"}],"wp:featuredmedia":[{"embeddable":true,"href":"https:\/\/test-wuwei.de\/orden\/wp-json\/wp\/v2\/media\/3307"}],"wp:attachment":[{"href":"https:\/\/test-wuwei.de\/orden\/wp-json\/wp\/v2\/media?parent=83"}],"curies":[{"name":"wp","href":"https:\/\/api.w.org\/{rel}","templated":true}]}}