{"id":75,"date":"2025-07-17T11:03:07","date_gmt":"2025-07-17T09:03:07","guid":{"rendered":"https:\/\/test-wuwei.de\/orden\/?page_id=75"},"modified":"2025-11-06T17:36:38","modified_gmt":"2025-11-06T16:36:38","slug":"taetigkeiten","status":"publish","type":"page","link":"https:\/\/test-wuwei.de\/orden\/taetigkeiten\/","title":{"rendered":"Ordensleben"},"content":{"rendered":"\n<p>Ordensleben in Deutschland ist bunt und vielf\u00e4ltig. Auf dieser Seite wollen wir Ihnen einen Eindruck der vielen Facetten vermitteln, die die Orden in Deutschland ausmachen.<\/p>\n\n\n\n<p>Unter Zu Gast im Kloster finden Sie die <em>Geistliche Landkarte<\/em>, eine \u00dcbersicht Geistlicher Orte in Deutschland. Informieren Sie sich dort auch \u00fcber M\u00f6glichkeiten von Gastaufenthalten in Kl\u00f6stern und Kloster auf Zeit-Angebote (&#8222;Atem holen&#8220;). Wege ins Kloster leitet Sie weiter auf den Internetauftritt der Arbeitsgemeinschaft Berufungspastoral der Orden, der Antworten und Impulse rund um das Thema Berufung zum Ordensleben bietet.<\/p>\n\n\n\n<p class=\"gb-headline gb-headline-47947a8b gb-headline-text\">Ausserdem bieten wir Ihnen auf dieser Seite Informationen zu Ordenszeitschriften und Hinweise auf lesenswerte B\u00fccher zum Ordensleben.<\/p>\n\n\n<div class=\"gb-grid-wrapper gb-grid-wrapper-ce5de9d6\">\n<div class=\"gb-grid-column gb-grid-column-7d4df6fb\"><div class=\"gb-container gb-container-7d4df6fb\"><a class=\"gb-container-link\" href=\"https:\/\/test-wuwei.de\/orden\/taetigkeiten\/taetigkeiten\/\"><\/a>\n\n<figure class=\"gb-block-image gb-block-image-bb4bc1dd\"><img loading=\"lazy\" decoding=\"async\" width=\"370\" height=\"370\" class=\"gb-image gb-image-bb4bc1dd\" src=\"https:\/\/test-wuwei.de\/orden\/wp-content\/uploads\/2025\/10\/csm_wasistordensleben_b92ece0463.jpg\" alt=\"Was ist Ordensleben\" title=\"Csm Wasistordensleben B92ece0463\" srcset=\"https:\/\/test-wuwei.de\/orden\/wp-content\/uploads\/2025\/10\/csm_wasistordensleben_b92ece0463.jpg 370w, https:\/\/test-wuwei.de\/orden\/wp-content\/uploads\/2025\/10\/csm_wasistordensleben_b92ece0463-300x300.jpg 300w, https:\/\/test-wuwei.de\/orden\/wp-content\/uploads\/2025\/10\/csm_wasistordensleben_b92ece0463-150x150.jpg 150w, https:\/\/test-wuwei.de\/orden\/wp-content\/uploads\/2025\/10\/csm_wasistordensleben_b92ece0463-600x600.jpg 600w\" sizes=\"auto, (max-width: 370px) 100vw, 370px\" \/><\/figure>\n\n\n\n<p class=\"gb-headline gb-headline-8713a83b gb-headline-text\">Was ist Ordensleben?<\/p>\n\n\n\n<span class=\"gb-button gb-button-164d57d0 gb-button-text button-rund\">\u279c<\/span>\n\n<\/div><\/div>\n\n<div class=\"gb-grid-column gb-grid-column-5064fcb8\"><div class=\"gb-container gb-container-5064fcb8\"><a class=\"gb-container-link\" href=\"https:\/\/test-wuwei.de\/orden\/aktuelles\/themen\/br-andreas-blog-von-der-kontinentalen-synodalversammlung\/\"><\/a>\n\n<figure class=\"gb-block-image gb-block-image-148b499a\"><img loading=\"lazy\" decoding=\"async\" width=\"370\" height=\"370\" class=\"gb-image gb-image-148b499a\" src=\"https:\/\/test-wuwei.de\/orden\/wp-content\/uploads\/2025\/10\/csm_Geistl.Landkarte_31243dd51a.jpg\" alt=\"Gesitliche Landkarte\" title=\"Csm Geistl.Landkarte 31243dd51a\" srcset=\"https:\/\/test-wuwei.de\/orden\/wp-content\/uploads\/2025\/10\/csm_Geistl.Landkarte_31243dd51a.jpg 370w, https:\/\/test-wuwei.de\/orden\/wp-content\/uploads\/2025\/10\/csm_Geistl.Landkarte_31243dd51a-300x300.jpg 300w, https:\/\/test-wuwei.de\/orden\/wp-content\/uploads\/2025\/10\/csm_Geistl.Landkarte_31243dd51a-150x150.jpg 150w, https:\/\/test-wuwei.de\/orden\/wp-content\/uploads\/2025\/10\/csm_Geistl.Landkarte_31243dd51a-600x600.jpg 600w\" sizes=\"auto, (max-width: 370px) 100vw, 370px\" \/><\/figure>\n\n\n\n<p class=\"gb-headline gb-headline-ca882b15 gb-headline-text\">Zu Gast im Kloster \u2013 Geistliche Landkarte<\/p>\n\n\n\n<span class=\"gb-button gb-button-a655fae0 gb-button-text button-rund\" target=\"_blank\" rel=\"noopener noreferrer\">\u279c<\/span>\n\n<\/div><\/div>\n\n<div class=\"gb-grid-column gb-grid-column-7f7561af\"><div class=\"gb-container gb-container-7f7561af\"><a class=\"gb-container-link\" href=\"https:\/\/ordensleben.orden.de\/\" rel=\"noopener noreferrer\" target=\"_blank\"><\/a>\n\n<figure class=\"gb-block-image gb-block-image-91074fa0\"><img loading=\"lazy\" decoding=\"async\" width=\"370\" height=\"370\" class=\"gb-image gb-image-91074fa0\" src=\"https:\/\/test-wuwei.de\/orden\/wp-content\/uploads\/2025\/10\/csm_Titelbild_Berufung_woman-2827304-pixabay_CC0_846bbdd3e0.jpg\" alt=\"Wege ins Kloster\" title=\"Csm Titelbild Berufung Woman 2827304 Pixabay CC0 846bbdd3e0\" srcset=\"https:\/\/test-wuwei.de\/orden\/wp-content\/uploads\/2025\/10\/csm_Titelbild_Berufung_woman-2827304-pixabay_CC0_846bbdd3e0.jpg 370w, https:\/\/test-wuwei.de\/orden\/wp-content\/uploads\/2025\/10\/csm_Titelbild_Berufung_woman-2827304-pixabay_CC0_846bbdd3e0-300x300.jpg 300w, https:\/\/test-wuwei.de\/orden\/wp-content\/uploads\/2025\/10\/csm_Titelbild_Berufung_woman-2827304-pixabay_CC0_846bbdd3e0-150x150.jpg 150w, https:\/\/test-wuwei.de\/orden\/wp-content\/uploads\/2025\/10\/csm_Titelbild_Berufung_woman-2827304-pixabay_CC0_846bbdd3e0-600x600.jpg 600w\" sizes=\"auto, (max-width: 370px) 100vw, 370px\" \/><\/figure>\n\n\n\n<p class=\"gb-headline gb-headline-eb882d38 gb-headline-text\">Wege ins Kloster (\u2197)<\/p>\n\n\n\n<span class=\"gb-button gb-button-fa3a551a gb-button-text button-rund\">\u279c<\/span>\n\n<\/div><\/div>\n\n<div class=\"gb-grid-column gb-grid-column-c5e017a2\"><div class=\"gb-container gb-container-c5e017a2\"><a class=\"gb-container-link\" href=\"https:\/\/test-wuwei.de\/orden\/taetigkeiten\/publikationen\/\"><\/a>\n\n<figure class=\"gb-block-image gb-block-image-b745b2e6\"><img loading=\"lazy\" decoding=\"async\" width=\"370\" height=\"370\" class=\"gb-image gb-image-b745b2e6\" src=\"https:\/\/test-wuwei.de\/orden\/wp-content\/uploads\/2025\/10\/csm_Buecher_acd9cda870.jpg\" alt=\"Publikationen\" title=\"Csm Buecher Acd9cda870\" srcset=\"https:\/\/test-wuwei.de\/orden\/wp-content\/uploads\/2025\/10\/csm_Buecher_acd9cda870.jpg 370w, https:\/\/test-wuwei.de\/orden\/wp-content\/uploads\/2025\/10\/csm_Buecher_acd9cda870-300x300.jpg 300w, https:\/\/test-wuwei.de\/orden\/wp-content\/uploads\/2025\/10\/csm_Buecher_acd9cda870-150x150.jpg 150w, https:\/\/test-wuwei.de\/orden\/wp-content\/uploads\/2025\/10\/csm_Buecher_acd9cda870-600x600.jpg 600w\" sizes=\"auto, (max-width: 370px) 100vw, 370px\" \/><\/figure>\n\n\n\n<p class=\"gb-headline gb-headline-c8a5b2d9 gb-headline-text\">Publikationen<\/p>\n\n\n\n<span class=\"gb-button gb-button-05b4b05c gb-button-text button-rund\">\u279c<\/span>\n\n<\/div><\/div>\n<\/div>","protected":false},"excerpt":{"rendered":"<p>Ordensleben in Deutschland ist bunt und vielf\u00e4ltig. Auf dieser Seite wollen wir Ihnen einen Eindruck der vielen Facetten vermitteln, die die Orden in Deutschland ausmachen. Unter Zu Gast im Kloster finden Sie die Geistliche Landkarte, eine \u00dcbersicht Geistlicher Orte in Deutschland. Informieren Sie sich dort auch \u00fcber M\u00f6glichkeiten von Gastaufenthalten in Kl\u00f6stern und Kloster auf &#8230; <\/p>\n<p class=\"read-more-container\"><a title=\"Ordensleben\" class=\"read-more button\" href=\"https:\/\/test-wuwei.de\/orden\/taetigkeiten\/#more-75\" aria-label=\"Mehr Informationen \u00fcber Ordensleben\">weiterlesen<\/a><\/p>\n","protected":false},"author":3,"featured_media":3019,"parent":0,"menu_order":0,"comment_status":"closed","ping_status":"closed","template":"","meta":{"_acf_changed":false,"footnotes":""},"class_list":["post-75","page","type-page","status-publish","has-post-thumbnail"],"acf":[],"yoast_head":"<!-- This site is optimized with the Yoast SEO plugin v26.3 - https:\/\/yoast.com\/wordpress\/plugins\/seo\/ -->\n<title>Ordensleben &#8211; Ordensgemeinschaften in Deutschland<\/title>\n<meta name=\"robots\" content=\"noindex, follow, max-snippet:-1, max-image-preview:large, max-video-preview:-1\" \/>\n<meta property=\"og:locale\" content=\"de_DE\" \/>\n<meta property=\"og:type\" content=\"article\" \/>\n<meta property=\"og:title\" content=\"Ordensleben &#8211; Ordensgemeinschaften in Deutschland\" \/>\n<meta property=\"og:description\" content=\"Ordensleben in Deutschland ist bunt und vielf\u00e4ltig. Auf dieser Seite wollen wir Ihnen einen Eindruck der vielen Facetten vermitteln, die die Orden in Deutschland ausmachen. Unter Zu Gast im Kloster finden Sie die Geistliche Landkarte, eine \u00dcbersicht Geistlicher Orte in Deutschland. Informieren Sie sich dort auch \u00fcber M\u00f6glichkeiten von Gastaufenthalten in Kl\u00f6stern und Kloster auf ... weiterlesen\" \/>\n<meta property=\"og:url\" content=\"https:\/\/test-wuwei.de\/orden\/taetigkeiten\/\" \/>\n<meta property=\"og:site_name\" content=\"Ordensgemeinschaften in Deutschland\" \/>\n<meta property=\"article:modified_time\" content=\"2025-11-06T16:36:38+00:00\" \/>\n<meta property=\"og:image\" content=\"https:\/\/test-wuwei.de\/orden\/wp-content\/uploads\/2025\/09\/csm_Ordensleben_8245db5bfd_Pixabay.jpg\" \/>\n\t<meta property=\"og:image:width\" content=\"870\" \/>\n\t<meta property=\"og:image:height\" content=\"325\" \/>\n\t<meta property=\"og:image:type\" content=\"image\/jpeg\" \/>\n<meta name=\"twitter:card\" content=\"summary_large_image\" \/>\n<meta name=\"twitter:label1\" content=\"Gesch\u00e4tzte Lesezeit\" \/>\n\t<meta name=\"twitter:data1\" content=\"2\u00a0Minuten\" \/>\n<script type=\"application\/ld+json\" class=\"yoast-schema-graph\">{\"@context\":\"https:\/\/schema.org\",\"@graph\":[{\"@type\":\"WebPage\",\"@id\":\"https:\/\/test-wuwei.de\/orden\/taetigkeiten\/\",\"url\":\"https:\/\/test-wuwei.de\/orden\/taetigkeiten\/\",\"name\":\"Ordensleben &#8211; Ordensgemeinschaften in Deutschland\",\"isPartOf\":{\"@id\":\"https:\/\/test-wuwei.de\/orden\/#website\"},\"primaryImageOfPage\":{\"@id\":\"https:\/\/test-wuwei.de\/orden\/taetigkeiten\/#primaryimage\"},\"image\":{\"@id\":\"https:\/\/test-wuwei.de\/orden\/taetigkeiten\/#primaryimage\"},\"thumbnailUrl\":\"https:\/\/test-wuwei.de\/orden\/wp-content\/uploads\/2025\/09\/csm_Ordensleben_8245db5bfd_Pixabay.jpg\",\"datePublished\":\"2025-07-17T09:03:07+00:00\",\"dateModified\":\"2025-11-06T16:36:38+00:00\",\"breadcrumb\":{\"@id\":\"https:\/\/test-wuwei.de\/orden\/taetigkeiten\/#breadcrumb\"},\"inLanguage\":\"de\",\"potentialAction\":[{\"@type\":\"ReadAction\",\"target\":[\"https:\/\/test-wuwei.de\/orden\/taetigkeiten\/\"]}]},{\"@type\":\"ImageObject\",\"inLanguage\":\"de\",\"@id\":\"https:\/\/test-wuwei.de\/orden\/taetigkeiten\/#primaryimage\",\"url\":\"https:\/\/test-wuwei.de\/orden\/wp-content\/uploads\/2025\/09\/csm_Ordensleben_8245db5bfd_Pixabay.jpg\",\"contentUrl\":\"https:\/\/test-wuwei.de\/orden\/wp-content\/uploads\/2025\/09\/csm_Ordensleben_8245db5bfd_Pixabay.jpg\",\"width\":870,\"height\":325,\"caption\":\"Ordensleben\"},{\"@type\":\"BreadcrumbList\",\"@id\":\"https:\/\/test-wuwei.de\/orden\/taetigkeiten\/#breadcrumb\",\"itemListElement\":[{\"@type\":\"ListItem\",\"position\":1,\"name\":\"\ud83c\udfe0\ufe0e\",\"item\":\"https:\/\/test-wuwei.de\/orden\/\"},{\"@type\":\"ListItem\",\"position\":2,\"name\":\"Ordensleben\"}]},{\"@type\":\"WebSite\",\"@id\":\"https:\/\/test-wuwei.de\/orden\/#website\",\"url\":\"https:\/\/test-wuwei.de\/orden\/\",\"name\":\"Ordensgemeinschaften in Deutschland\",\"description\":\"Deutsche Ordensobernkonferenz\",\"publisher\":{\"@id\":\"https:\/\/test-wuwei.de\/orden\/#organization\"},\"potentialAction\":[{\"@type\":\"SearchAction\",\"target\":{\"@type\":\"EntryPoint\",\"urlTemplate\":\"https:\/\/test-wuwei.de\/orden\/?s={search_term_string}\"},\"query-input\":{\"@type\":\"PropertyValueSpecification\",\"valueRequired\":true,\"valueName\":\"search_term_string\"}}],\"inLanguage\":\"de\"},{\"@type\":\"Organization\",\"@id\":\"https:\/\/test-wuwei.de\/orden\/#organization\",\"name\":\"Ordensgemeinschaften in Deutschland\",\"url\":\"https:\/\/test-wuwei.de\/orden\/\",\"logo\":{\"@type\":\"ImageObject\",\"inLanguage\":\"de\",\"@id\":\"https:\/\/test-wuwei.de\/orden\/#\/schema\/logo\/image\/\",\"url\":\"https:\/\/test-wuwei.de\/orden\/wp-content\/uploads\/2025\/07\/DOK_Logo_RGB_mit.jpg\",\"contentUrl\":\"https:\/\/test-wuwei.de\/orden\/wp-content\/uploads\/2025\/07\/DOK_Logo_RGB_mit.jpg\",\"width\":2480,\"height\":1748,\"caption\":\"Ordensgemeinschaften in Deutschland\"},\"image\":{\"@id\":\"https:\/\/test-wuwei.de\/orden\/#\/schema\/logo\/image\/\"}}]}<\/script>\n<!-- \/ Yoast SEO plugin. -->","yoast_head_json":{"title":"Ordensleben &#8211; Ordensgemeinschaften in Deutschland","robots":{"index":"noindex","follow":"follow","max-snippet":"max-snippet:-1","max-image-preview":"max-image-preview:large","max-video-preview":"max-video-preview:-1"},"og_locale":"de_DE","og_type":"article","og_title":"Ordensleben &#8211; Ordensgemeinschaften in Deutschland","og_description":"Ordensleben in Deutschland ist bunt und vielf\u00e4ltig. Auf dieser Seite wollen wir Ihnen einen Eindruck der vielen Facetten vermitteln, die die Orden in Deutschland ausmachen. Unter Zu Gast im Kloster finden Sie die Geistliche Landkarte, eine \u00dcbersicht Geistlicher Orte in Deutschland. Informieren Sie sich dort auch \u00fcber M\u00f6glichkeiten von Gastaufenthalten in Kl\u00f6stern und Kloster auf ... weiterlesen","og_url":"https:\/\/test-wuwei.de\/orden\/taetigkeiten\/","og_site_name":"Ordensgemeinschaften in Deutschland","article_modified_time":"2025-11-06T16:36:38+00:00","og_image":[{"width":870,"height":325,"url":"https:\/\/test-wuwei.de\/orden\/wp-content\/uploads\/2025\/09\/csm_Ordensleben_8245db5bfd_Pixabay.jpg","type":"image\/jpeg"}],"twitter_card":"summary_large_image","twitter_misc":{"Gesch\u00e4tzte Lesezeit":"2\u00a0Minuten"},"schema":{"@context":"https:\/\/schema.org","@graph":[{"@type":"WebPage","@id":"https:\/\/test-wuwei.de\/orden\/taetigkeiten\/","url":"https:\/\/test-wuwei.de\/orden\/taetigkeiten\/","name":"Ordensleben &#8211; Ordensgemeinschaften in Deutschland","isPartOf":{"@id":"https:\/\/test-wuwei.de\/orden\/#website"},"primaryImageOfPage":{"@id":"https:\/\/test-wuwei.de\/orden\/taetigkeiten\/#primaryimage"},"image":{"@id":"https:\/\/test-wuwei.de\/orden\/taetigkeiten\/#primaryimage"},"thumbnailUrl":"https:\/\/test-wuwei.de\/orden\/wp-content\/uploads\/2025\/09\/csm_Ordensleben_8245db5bfd_Pixabay.jpg","datePublished":"2025-07-17T09:03:07+00:00","dateModified":"2025-11-06T16:36:38+00:00","breadcrumb":{"@id":"https:\/\/test-wuwei.de\/orden\/taetigkeiten\/#breadcrumb"},"inLanguage":"de","potentialAction":[{"@type":"ReadAction","target":["https:\/\/test-wuwei.de\/orden\/taetigkeiten\/"]}]},{"@type":"ImageObject","inLanguage":"de","@id":"https:\/\/test-wuwei.de\/orden\/taetigkeiten\/#primaryimage","url":"https:\/\/test-wuwei.de\/orden\/wp-content\/uploads\/2025\/09\/csm_Ordensleben_8245db5bfd_Pixabay.jpg","contentUrl":"https:\/\/test-wuwei.de\/orden\/wp-content\/uploads\/2025\/09\/csm_Ordensleben_8245db5bfd_Pixabay.jpg","width":870,"height":325,"caption":"Ordensleben"},{"@type":"BreadcrumbList","@id":"https:\/\/test-wuwei.de\/orden\/taetigkeiten\/#breadcrumb","itemListElement":[{"@type":"ListItem","position":1,"name":"\ud83c\udfe0\ufe0e","item":"https:\/\/test-wuwei.de\/orden\/"},{"@type":"ListItem","position":2,"name":"Ordensleben"}]},{"@type":"WebSite","@id":"https:\/\/test-wuwei.de\/orden\/#website","url":"https:\/\/test-wuwei.de\/orden\/","name":"Ordensgemeinschaften in Deutschland","description":"Deutsche Ordensobernkonferenz","publisher":{"@id":"https:\/\/test-wuwei.de\/orden\/#organization"},"potentialAction":[{"@type":"SearchAction","target":{"@type":"EntryPoint","urlTemplate":"https:\/\/test-wuwei.de\/orden\/?s={search_term_string}"},"query-input":{"@type":"PropertyValueSpecification","valueRequired":true,"valueName":"search_term_string"}}],"inLanguage":"de"},{"@type":"Organization","@id":"https:\/\/test-wuwei.de\/orden\/#organization","name":"Ordensgemeinschaften in Deutschland","url":"https:\/\/test-wuwei.de\/orden\/","logo":{"@type":"ImageObject","inLanguage":"de","@id":"https:\/\/test-wuwei.de\/orden\/#\/schema\/logo\/image\/","url":"https:\/\/test-wuwei.de\/orden\/wp-content\/uploads\/2025\/07\/DOK_Logo_RGB_mit.jpg","contentUrl":"https:\/\/test-wuwei.de\/orden\/wp-content\/uploads\/2025\/07\/DOK_Logo_RGB_mit.jpg","width":2480,"height":1748,"caption":"Ordensgemeinschaften in Deutschland"},"image":{"@id":"https:\/\/test-wuwei.de\/orden\/#\/schema\/logo\/image\/"}}]}},"_links":{"self":[{"href":"https:\/\/test-wuwei.de\/orden\/wp-json\/wp\/v2\/pages\/75","targetHints":{"allow":["GET"]}}],"collection":[{"href":"https:\/\/test-wuwei.de\/orden\/wp-json\/wp\/v2\/pages"}],"about":[{"href":"https:\/\/test-wuwei.de\/orden\/wp-json\/wp\/v2\/types\/page"}],"author":[{"embeddable":true,"href":"https:\/\/test-wuwei.de\/orden\/wp-json\/wp\/v2\/users\/3"}],"replies":[{"embeddable":true,"href":"https:\/\/test-wuwei.de\/orden\/wp-json\/wp\/v2\/comments?post=75"}],"version-history":[{"count":4,"href":"https:\/\/test-wuwei.de\/orden\/wp-json\/wp\/v2\/pages\/75\/revisions"}],"predecessor-version":[{"id":3977,"href":"https:\/\/test-wuwei.de\/orden\/wp-json\/wp\/v2\/pages\/75\/revisions\/3977"}],"wp:featuredmedia":[{"embeddable":true,"href":"https:\/\/test-wuwei.de\/orden\/wp-json\/wp\/v2\/media\/3019"}],"wp:attachment":[{"href":"https:\/\/test-wuwei.de\/orden\/wp-json\/wp\/v2\/media?parent=75"}],"curies":[{"name":"wp","href":"https:\/\/api.w.org\/{rel}","templated":true}]}}