{"id":70,"date":"2025-07-17T11:02:06","date_gmt":"2025-07-17T09:02:06","guid":{"rendered":"https:\/\/test-wuwei.de\/orden\/?page_id=70"},"modified":"2025-09-05T10:50:59","modified_gmt":"2025-09-05T08:50:59","slug":"ordensabkuerzungen","status":"publish","type":"page","link":"https:\/\/test-wuwei.de\/orden\/ordensgemeinschaften\/ordensabkuerzungen\/","title":{"rendered":"Ordensabk\u00fcrzungen"},"content":{"rendered":"\n<h2 class=\"wp-block-heading\">Die Ordensk\u00fcrzel der DOK-Mitgliedsgemeinschaften<br>&nbsp;<\/h2>\n\n\n\n<p><strong>ADJC:<\/strong> Ancillae Domini Jesu Christi, Arme Dienstm\u00e4gde Jesu Christi, Dernbacher Schwestern<br><\/p>\n\n\n\n<div style=\"height:25px\" aria-hidden=\"true\" class=\"wp-block-spacer\"><\/div>\n\n\n\n<p><strong>CBMV:<\/strong> Congregatio Beatae Mariae Virginis, Augustiner Chorfrauen<\/p>\n\n\n\n<p><strong>CDC:<\/strong> Congregatio Sororum Divini Cordis Jesu, Schwestern vom G\u00f6ttlichen Herzen Jesu<\/p>\n\n\n\n<p><strong>CFA:<\/strong> Congregatio Fratrum Cellitarum S. Alexianorum, Alexianerbr\u00fcder<\/p>\n\n\n\n<p><strong>CFP:<\/strong> Congregatio Fratrum Pauperum Sancti Francisci Seraphici, Arme Br\u00fcder des hl. Franziskus<\/p>\n\n\n\n<p><strong>CJ: <\/strong>Congregatio Jesu, Maria Ward Schwestern<\/p>\n\n\n\n<p><strong>CM:<\/strong> Congregatio Missionis, Vinzentiner<\/p>\n\n\n\n<p><strong>CMF: <\/strong>Cordis Mariae Filii, Congregatio Missionariorum Filiorum Cordis Mariae, Claretiner<\/p>\n\n\n\n<p><strong>CMI:<\/strong> Congregatio Fratrum Carmelitarum,\u00a0Karmeliten von der Unbefleckten Empf\u00e4ngnis,\u00a0Carmelites of Mary Immaculate<\/p>\n\n\n\n<p><strong>CMM:<\/strong> Congregatio Missionarum de Marianhill, Kongregation der Missionare von Marianhill, Mariannhiller Missionare<\/p>\n\n\n\n<p><strong>CMSF: <\/strong>Congregatio Missionaria Sancti Francisci, Missionsbr\u00fcder des Hl. Franziskus<\/p>\n\n\n\n<p><strong>CP:<\/strong> Congregatio Passionis, Passionisten<\/p>\n\n\n\n<p><strong>CPPS:<\/strong> Congregatio Missionariorum Pretiosissimi Sanguinis Domini Nostri Jesu Christi, Missionare vom Kostbaren Blut<\/p>\n\n\n\n<p><strong>CR: <\/strong>Congregatio a Resurrectione Domini Nostri Jesu Christi, Resurrektionisten<\/p>\n\n\n\n<p><strong>CRV:<\/strong> Canonici Regulares Sancti Augustini Vindesemenses, Augustiner-Chorherren von Windsheim St. Viktor<\/p>\n\n\n\n<p><strong>CRVC:<\/strong> Canonici Regulares Sancti Augustini Fratrum a Vita Communi, Br\u00fcder vom gemeinsamen Leben<\/p>\n\n\n\n<p><strong>CSC:<\/strong> Congregatio Sanctae Catharinae, Katharinenschwestern<\/p>\n\n\n\n<p><strong>CSE:<\/strong> Schwestern von der Heiligen Elisabeth, Elisabethinerinnen<\/p>\n\n\n\n<p><strong>CSJ: <\/strong>Congregatio Sancti Ioannis, Johannesschwestern von Maria K\u00f6nigin<\/p>\n\n\n\n<p><strong>CSMM:<\/strong> Schwestern von der Hl. Maria Magdalena von der Bu\u00dfe, Magdalenenschwestern<\/p>\n\n\n\n<p><strong>CSP:<\/strong> Congregatio Sancti Pauli, Br\u00fcder vom Heiligen Paulus<\/p>\n\n\n\n<p><strong>CSR:<\/strong> Congregatio Sororum a Sancto Redemptore, Schwestern des Erl\u00f6sers<\/p>\n\n\n\n<p><strong>CSsJ:<\/strong> Congregatio Sororum Sancti Josephi, Kongregation der Schwestern vom hl. Josef Trier<\/p>\n\n\n\n<p><strong>CSSp:<\/strong> Congregatio Sancti Spiritus, Spiritaner<\/p>\n\n\n\n<p><strong>CSsR: <\/strong>Congregatio Sanctissimi Redemptoris, Redemptoristen<br><\/p>\n\n\n\n<div style=\"height:25px\" aria-hidden=\"true\" class=\"wp-block-spacer\"><\/div>\n\n\n\n<p><strong>DDL:<\/strong> Daughters of Divine Love, T\u00f6chter der g\u00f6ttlichen Liebe<\/p>\n\n\n\n<p><strong>DMMM:<\/strong> Daughters of Mary Mother of Mercy, T\u00f6chter Mariens, Mutter der Barmherzigkeit<\/p>\n\n\n\n<div style=\"height:25px\" aria-hidden=\"true\" class=\"wp-block-spacer\"><\/div>\n\n\n\n<p><strong>FBMVA:<\/strong> Franziskanerinnen von der allerseligsten Jungfrau Maria von den Engeln, Waldbreitbacher Franziskanerinnen<\/p>\n\n\n\n<p><strong>FC:<\/strong> Filiae Sanctae Crucis, T\u00f6chter vom heiligen Kreuz<\/p>\n\n\n\n<p><strong>FCJM: <\/strong>Franciscanae Cordis Jesu et Mariae, Franziskanerinnen von Salzkotten<\/p>\n\n\n\n<p><strong>FFSC:<\/strong> Institutum Fratrum Franciscanium, Franziskanerbr\u00fcder vom Heiligen Kreuz<\/p>\n\n\n\n<p><strong>FMA:<\/strong> Congregatio Filiarum Mariae Auxiliatricis [<em>oder it. Figlie di Maria Ausiliatrice<\/em>], Don-Bosco Schwestern<\/p>\n\n\n\n<p><strong>FMM:<\/strong> Fratres Misericordiae de Montabaur, Barmherzige Br\u00fcder von Montabaur<\/p>\n\n\n\n<p><strong>FMMA:<\/strong> Fratres Misericordiae Mariae Auxiliatricis, Barmherzige Br\u00fcder von Maria Hilf<\/p>\n\n\n\n<p><strong>FMS:<\/strong> Institutum Fratrum Maristarum, Maristenbr\u00fcder<\/p>\n\n\n\n<p><strong>FSCB:<\/strong>\u00a0Sacerdotalis Fraternitas Missionariorum a Sancto Carolo Borromeo,\u00a0Priesterbruderschaft der Missionare des hl. Karl Borrom\u00e4us<\/p>\n\n\n\n<p><strong>FSP: <\/strong>Filii Sanctae Pauli, Missionsschwestern vom heiligen Paulus (Paulus-Schwestern)<\/p>\n\n\n\n<p><strong>FSSP:<\/strong> Fraternitas Sacerdotalis Sancti Petri, Priesterbruderschaft St. Petrus<\/p>\n\n\n\n<div style=\"height:25px\" aria-hidden=\"true\" class=\"wp-block-spacer\"><\/div>\n\n\n\n<p><strong>HHCJ:<\/strong> Handmaids of the holy child Jesus, Dienerinnen des heiligen Kindes Jesus<\/p>\n\n\n\n<div style=\"height:25px\" aria-hidden=\"true\" class=\"wp-block-spacer\"><\/div>\n\n\n\n<p><strong>ISA:<\/strong> Immaculataschwestern vom Seraphischen Apostolat<\/p>\n\n\n\n<p><strong>ISCH:<\/strong> Institut der Sch\u00f6nstatt-Patres<\/p>\n\n\n\n<div style=\"height:25px\" aria-hidden=\"true\" class=\"wp-block-spacer\"><\/div>\n\n\n\n<p><strong>LC:<\/strong> Legion\u00e4re Christi<\/p>\n\n\n\n<div style=\"height:25px\" aria-hidden=\"true\" class=\"wp-block-spacer\"><\/div>\n\n\n\n<p><strong>MC:<\/strong> Missionarinnen Christi<\/p>\n\n\n\n<p><strong>MCBS:<\/strong> Missionary Congregation of the Blessed Sacrament, Missionskongregation vom heiligen Sakrament<\/p>\n\n\n\n<p><strong>MCCJ: <\/strong>Missionarii Comboniani Cordis Jesu, Comboni-Missionare<\/p>\n\n\n\n<p><strong>MI:<\/strong>\u00a0Ministrantium Infirmis,\u00a0Krankendiener\u00a0[<em>oder OSCam: Ordo Sancti Camilli, Kamillianer<\/em>]<\/p>\n\n\n\n<p><strong>MIC: <\/strong>Congregatio Clericorum Regularium Marianorum subtitulo Immaculatae Conceptione, BMV Marianer<\/p>\n\n\n\n<p><strong>MMS:<\/strong> Medical Mission Sisters, Missions\u00e4rztliche Schwestern<\/p>\n\n\n\n<p><strong>MSC:<\/strong> Missionarii Sacratissimi Cordis Jesu, Herz-Jesu-Missionare<\/p>\n\n\n\n<p><strong>MSC:<\/strong> Missionariae Sacratissimi Cordis, Missionsschwestern vom Heiligsten Herzen Jesu von Hiltrup<\/p>\n\n\n\n<p><strong>MSF:<\/strong> Missionarii a. sacra Familia, Missionare von der Heiligen Familie<\/p>\n\n\n\n<p><strong>MSJ:<\/strong> Missionarii Sancti Ioannis, Missionare vom Hl. Johannes dem T\u00e4ufer<\/p>\n\n\n\n<p><strong>MSsR: <\/strong>Missionsschwestern vom Heiligen Erl\u00f6ser<\/p>\n\n\n\n<div style=\"height:25px\" aria-hidden=\"true\" class=\"wp-block-spacer\"><\/div>\n\n\n\n<p><strong>OCarm:<\/strong> Ordo Fratrum Beatae Mariae Virginis de Monte Carmelo, Karmeliten<\/p>\n\n\n\n<p><strong>OCart:<\/strong> Ordo Cartusiensis, Kart\u00e4user<\/p>\n\n\n\n<p><strong>OCD:<\/strong> Ordo Fratrum Carmelitarum Discalceatorum, Unbeschuhte Karmeliten\/innen<\/p>\n\n\n\n<p><strong>OCist:<\/strong> Sacer Ordo Cisterciensis, Zisterzienser\/innen<\/p>\n\n\n\n<p><strong>OCSO:<\/strong> Ordo Cisterciensium Reformatorum sive Strictioris Observantiae, Zisterzienser der strengen Observanz, Schwestern und Br\u00fcder des Trappistenordens<\/p>\n\n\n\n<p><strong>OFM: <\/strong>Ordo Fratrum Minorum, Franziskaner<\/p>\n\n\n\n<p><strong>OFMCap:<\/strong> Ordo Fratrum Minorum Capuccinorum, Kapuziner<\/p>\n\n\n\n<p><strong>OFMConv:<\/strong> Ordo Fratrum Minorum Conventualium, Franziskaner-Minoriten<\/p>\n\n\n\n<p><strong>OH:<\/strong> Ordo Hospitalarius Sancti Ioannis de Deo, Barmherzige Br\u00fcder vom hl. Johannes von Gott<\/p>\n\n\n\n<p><strong>OMI: <\/strong>Congregatio Missionarum Oblatorum Beatae Mariae Virginis Immaculatae, Oblaten der makellosen Jungfrau Maria (H\u00fcnfelder Oblaten)<\/p>\n\n\n\n<p><strong>OP:<\/strong> Ordo Praedicatorum, Dominikaner\/innen<\/p>\n\n\n\n<p><strong>OPraem:<\/strong> Ordo Praemonstratensis, Pr\u00e4monstratenser<\/p>\n\n\n\n<p><strong>OSA:<\/strong> Ordo Sancti Augustini, Augustiner\/innen<\/p>\n\n\n\n<p><strong>OSB:<\/strong> Ordo Sancti Benedicti, Orden des Heiligen Benedikt, Benediktiner\/innen<\/p>\n\n\n\n<p><strong>OSB Cam.: <\/strong>Congregatio Camaldulensis, Kamaldulenser (Kamaldulensische Kongregation)<\/p>\n\n\n\n<p><strong>OSC:<\/strong> Ordo Sanctae Crucis, Kreuzherren<\/p>\n\n\n\n<p><strong>OSC: <\/strong>Ordo Sanctae Clarae, Klarissen<\/p>\n\n\n\n<p><strong>OSF<\/strong> Ordo Sancti Francisci, Franziskanerinnen<\/p>\n\n\n\n<p><strong>OSFS:<\/strong> Institutum Oblatorum S. Francisci Salesii, Oblaten des heiligen Franz von Sales<\/p>\n\n\n\n<p><strong>OSM:<\/strong> Ordo Servorum Beatae Mariae Virginis, Serviten<\/p>\n\n\n\n<p><strong>OSsR: <\/strong>Ordo Sanctissimi Redemptoris, Redemptoristinnen<\/p>\n\n\n\n<p><strong>OSU: <\/strong>Ordo Sanctae Ursulae, Ursulinen<\/p>\n\n\n\n<p><strong>OT:<\/strong> Ordo Teutonicus Sanctae Mariae in Jerusalem, Deutscher Orden<\/p>\n\n\n\n<p><strong>OVM:<\/strong> Ordo Visitationis Beatissimae Mariae Virginis, Salesianerinnen<\/p>\n\n\n\n<div style=\"height:25px\" aria-hidden=\"true\" class=\"wp-block-spacer\"><\/div>\n\n\n\n<p><strong>PFJ:<\/strong> Institutum parvulorum fratrum Jesu, Kleine Br\u00fcder Jesu<\/p>\n\n\n\n<p><strong>PIJ:<\/strong> Congregatio Pauperis Infantis Jesus, Schwestern vom armen Kinde Jesus<\/p>\n\n\n\n<div style=\"height:25px\" aria-hidden=\"true\" class=\"wp-block-spacer\"><\/div>\n\n\n\n<p><strong>RGS:<\/strong> Religious of the Good Shepherd, Schwestern vom Guten Hirten<\/p>\n\n\n\n<p><strong>RSCJ:<\/strong> Religiosa Sanctissimi Cordis Jesu, Sacr\u00e9 C\u0153ur-Schwestern, Ordensfrauen vom Heiligen Herzen Jesu<\/p>\n\n\n\n<p><strong>RSM:<\/strong> Religious Order of the Sisters of Mercy, religi\u00f6ser Orden der Schwestern der Barmherzigkeit, Barmherzige Schwerstern von Alma<\/p>\n\n\n\n<div style=\"height:25px\" aria-hidden=\"true\" class=\"wp-block-spacer\"><\/div>\n\n\n\n<p><strong>sa: <\/strong>Soeurs auxiliatrices, Kongregation der Helferinnen<\/p>\n\n\n\n<p><strong>SAC: <\/strong>Societas Apostolatus Catholici, Pallottiner\/innen<\/p>\n\n\n\n<p><strong>SCC: <\/strong>Sorores de Caritate Christiana, Schwestern der Christlichen Liebe<\/p>\n\n\n\n<p><strong>SCJ:<\/strong> Congregatio Sacratissimi Cordis Iesu, Herz-Jesu-Priester<\/p>\n\n\n\n<p><strong>SDB: <\/strong>Societas Sancti Francisci Salesii, Salesiani Don Bosco, Salesianer Don Boscos<\/p>\n\n\n\n<p><strong>SDS: <\/strong>Societas Divini Salvatoris, Salvatorianische Familie<\/p>\n\n\n\n<p><strong>SJ: <\/strong>Societas Jesu, Gesellschaft Jesu, Jesuiten<\/p>\n\n\n\n<p><strong>SJSM:<\/strong>\u00a0S\u0153urs de Saint Joseph de Saint-Marc,\u00a0Schwestern vom hl. Josef zu Saint-Marc<\/p>\n\n\n\n<p><strong>SM: <\/strong>Societas Mariae, Gesellschaft Mariens, Maristenpatres<\/p>\n\n\n\n<p><strong>SMI:<\/strong> Societas Mariae Immaculatae, Marienschwestern von der Unbefleckten Empf\u00e4ngnis<\/p>\n\n\n\n<p><strong>SMM:<\/strong> Societas Mariae Montfortana, Montfortaner<\/p>\n\n\n\n<p><strong>SMMP:<\/strong> Schwestern der heiligen Maria Magdalena Postel (Heiligenstaedter Schulschwestern)<\/p>\n\n\n\n<p><strong>SND:<\/strong> Sisters of notre Dame; Sorores Nostrae Dominae, Schwestern Unserer Lieben Frau<\/p>\n\n\n\n<p><strong>SPSF:<\/strong> Sorores Pauperum Sancti Francisci, Armen-Schwestern vom heiligen Franziskus, Schervier Schwestern<\/p>\n\n\n\n<p><strong>SSCC:<\/strong> Congregatio Sacrorum Cordium Jesu et Mariae necnon adorationis perpetuae Sanctissimi Sacramenti Altaris,\u00a0Patres von den Heiligsten Herzen und der ewigen Anbetung<\/p>\n\n\n\n<p><strong>SSND:<\/strong> Congregatio Sororum Scholasticarum Pauperum a nostra Domina, Arme Schulschwestern von Unserer Lieben Frau<\/p>\n\n\n\n<p><strong>SSpS: <\/strong>Congregatio Missionalis Servarum Spiritus Sancti, Dienerinnen des Heiligen Geistes, Missionsgesellschaft der Steyler Missionsschwestern<\/p>\n\n\n\n<p><strong>SspSAp: <\/strong>Congregatio Servarum Spiritus Sancti de Adoratione perpetua, Dienerinnen des Heiligen Geistes von der Ewigen Anbetung, Steyler Anbetungsschwestern<\/p>\n\n\n\n<p><strong>SSS: <\/strong>Sacerdotes Sanctissimi Sacramenti, Eucharistiner<\/p>\n\n\n\n<p><strong>SSSF: <\/strong>Franziskanerinnen von Erlenbad, School Sisters of St. Francis, Schulschwestern vom Hl. Franziskus<\/p>\n\n\n\n<p><strong>SVD:<\/strong> Societas Verbi Divini, Gesellschaft des G\u00f6ttlichen Wortes von Steyl, Steyler Missionare<\/p>\n\n\n\n<div style=\"height:25px\" aria-hidden=\"true\" class=\"wp-block-spacer\"><\/div>\n\n\n\n<p><strong>TC:<\/strong> Fratres Tertii Ordinis Sancti Francisci Capulatorum a Beata Maria Virgine Perdolente, KapuzinerTerziaren von der schmerzhaften Muttergottes, Amigonianer<\/p>\n\n\n\n<p><strong>THM: <\/strong>T\u00f6chter vom Herzen Mari\u00e4<\/p>\n\n\n\n<p><strong>TOR: <\/strong>Tertius Ordo Franciscanus regulatus, Regulierter Dritter Orden der Franziskaner<\/p>\n\n\n\n<div style=\"height:25px\" aria-hidden=\"true\" class=\"wp-block-spacer\"><\/div>\n\n\n\n<p><strong>WV:<\/strong> Missionarii Afri,\u00a0Wei\u00dfe V\u00e4ter<\/p>\n","protected":false},"excerpt":{"rendered":"<p>Die Ordensk\u00fcrzel der DOK-Mitgliedsgemeinschaften&nbsp; ADJC: Ancillae Domini Jesu Christi, Arme Dienstm\u00e4gde Jesu Christi, Dernbacher Schwestern CBMV: Congregatio Beatae Mariae Virginis, Augustiner Chorfrauen CDC: Congregatio Sororum Divini Cordis Jesu, Schwestern vom G\u00f6ttlichen Herzen Jesu CFA: Congregatio Fratrum Cellitarum S. Alexianorum, Alexianerbr\u00fcder CFP: Congregatio Fratrum Pauperum Sancti Francisci Seraphici, Arme Br\u00fcder des hl. Franziskus CJ: Congregatio Jesu, &#8230; <\/p>\n<p class=\"read-more-container\"><a title=\"Ordensabk\u00fcrzungen\" class=\"read-more button\" href=\"https:\/\/test-wuwei.de\/orden\/ordensgemeinschaften\/ordensabkuerzungen\/#more-70\" aria-label=\"Mehr Informationen \u00fcber Ordensabk\u00fcrzungen\">weiterlesen<\/a><\/p>\n","protected":false},"author":3,"featured_media":2331,"parent":68,"menu_order":0,"comment_status":"closed","ping_status":"closed","template":"","meta":{"_acf_changed":false,"footnotes":""},"class_list":["post-70","page","type-page","status-publish","has-post-thumbnail"],"acf":[],"yoast_head":"<!-- This site is optimized with the Yoast SEO plugin v26.3 - https:\/\/yoast.com\/wordpress\/plugins\/seo\/ -->\n<title>Ordensabk\u00fcrzungen &#8211; Ordensgemeinschaften in Deutschland<\/title>\n<meta name=\"robots\" content=\"noindex, follow, max-snippet:-1, max-image-preview:large, max-video-preview:-1\" \/>\n<meta property=\"og:locale\" content=\"de_DE\" \/>\n<meta property=\"og:type\" content=\"article\" \/>\n<meta property=\"og:title\" content=\"Ordensabk\u00fcrzungen &#8211; Ordensgemeinschaften in Deutschland\" \/>\n<meta property=\"og:description\" content=\"Die Ordensk\u00fcrzel der DOK-Mitgliedsgemeinschaften&nbsp; ADJC: Ancillae Domini Jesu Christi, Arme Dienstm\u00e4gde Jesu Christi, Dernbacher Schwestern CBMV: Congregatio Beatae Mariae Virginis, Augustiner Chorfrauen CDC: Congregatio Sororum Divini Cordis Jesu, Schwestern vom G\u00f6ttlichen Herzen Jesu CFA: Congregatio Fratrum Cellitarum S. Alexianorum, Alexianerbr\u00fcder CFP: Congregatio Fratrum Pauperum Sancti Francisci Seraphici, Arme Br\u00fcder des hl. Franziskus CJ: Congregatio Jesu, ... weiterlesen\" \/>\n<meta property=\"og:url\" content=\"https:\/\/test-wuwei.de\/orden\/ordensgemeinschaften\/ordensabkuerzungen\/\" \/>\n<meta property=\"og:site_name\" content=\"Ordensgemeinschaften in Deutschland\" \/>\n<meta property=\"article:modified_time\" content=\"2025-09-05T08:50:59+00:00\" \/>\n<meta property=\"og:image\" content=\"https:\/\/test-wuwei.de\/orden\/wp-content\/uploads\/2025\/08\/csm_books-bboellinger_5ed3d91b40.jpg\" \/>\n\t<meta property=\"og:image:width\" content=\"870\" \/>\n\t<meta property=\"og:image:height\" content=\"324\" \/>\n\t<meta property=\"og:image:type\" content=\"image\/jpeg\" \/>\n<meta name=\"twitter:card\" content=\"summary_large_image\" \/>\n<meta name=\"twitter:label1\" content=\"Gesch\u00e4tzte Lesezeit\" \/>\n\t<meta name=\"twitter:data1\" content=\"6\u00a0Minuten\" \/>\n<script type=\"application\/ld+json\" class=\"yoast-schema-graph\">{\"@context\":\"https:\/\/schema.org\",\"@graph\":[{\"@type\":\"WebPage\",\"@id\":\"https:\/\/test-wuwei.de\/orden\/ordensgemeinschaften\/ordensabkuerzungen\/\",\"url\":\"https:\/\/test-wuwei.de\/orden\/ordensgemeinschaften\/ordensabkuerzungen\/\",\"name\":\"Ordensabk\u00fcrzungen &#8211; Ordensgemeinschaften in Deutschland\",\"isPartOf\":{\"@id\":\"https:\/\/test-wuwei.de\/orden\/#website\"},\"primaryImageOfPage\":{\"@id\":\"https:\/\/test-wuwei.de\/orden\/ordensgemeinschaften\/ordensabkuerzungen\/#primaryimage\"},\"image\":{\"@id\":\"https:\/\/test-wuwei.de\/orden\/ordensgemeinschaften\/ordensabkuerzungen\/#primaryimage\"},\"thumbnailUrl\":\"https:\/\/test-wuwei.de\/orden\/wp-content\/uploads\/2025\/08\/csm_books-bboellinger_5ed3d91b40.jpg\",\"datePublished\":\"2025-07-17T09:02:06+00:00\",\"dateModified\":\"2025-09-05T08:50:59+00:00\",\"breadcrumb\":{\"@id\":\"https:\/\/test-wuwei.de\/orden\/ordensgemeinschaften\/ordensabkuerzungen\/#breadcrumb\"},\"inLanguage\":\"de\",\"potentialAction\":[{\"@type\":\"ReadAction\",\"target\":[\"https:\/\/test-wuwei.de\/orden\/ordensgemeinschaften\/ordensabkuerzungen\/\"]}]},{\"@type\":\"ImageObject\",\"inLanguage\":\"de\",\"@id\":\"https:\/\/test-wuwei.de\/orden\/ordensgemeinschaften\/ordensabkuerzungen\/#primaryimage\",\"url\":\"https:\/\/test-wuwei.de\/orden\/wp-content\/uploads\/2025\/08\/csm_books-bboellinger_5ed3d91b40.jpg\",\"contentUrl\":\"https:\/\/test-wuwei.de\/orden\/wp-content\/uploads\/2025\/08\/csm_books-bboellinger_5ed3d91b40.jpg\",\"width\":870,\"height\":324,\"caption\":\"B\u00fccherregal\"},{\"@type\":\"BreadcrumbList\",\"@id\":\"https:\/\/test-wuwei.de\/orden\/ordensgemeinschaften\/ordensabkuerzungen\/#breadcrumb\",\"itemListElement\":[{\"@type\":\"ListItem\",\"position\":1,\"name\":\"\ud83c\udfe0\ufe0e\",\"item\":\"https:\/\/test-wuwei.de\/orden\/\"},{\"@type\":\"ListItem\",\"position\":2,\"name\":\"Ordensgemeinschaften\",\"item\":\"https:\/\/test-wuwei.de\/orden\/ordensgemeinschaften\/\"},{\"@type\":\"ListItem\",\"position\":3,\"name\":\"Ordensabk\u00fcrzungen\"}]},{\"@type\":\"WebSite\",\"@id\":\"https:\/\/test-wuwei.de\/orden\/#website\",\"url\":\"https:\/\/test-wuwei.de\/orden\/\",\"name\":\"Ordensgemeinschaften in Deutschland\",\"description\":\"Deutsche Ordensobernkonferenz\",\"publisher\":{\"@id\":\"https:\/\/test-wuwei.de\/orden\/#organization\"},\"potentialAction\":[{\"@type\":\"SearchAction\",\"target\":{\"@type\":\"EntryPoint\",\"urlTemplate\":\"https:\/\/test-wuwei.de\/orden\/?s={search_term_string}\"},\"query-input\":{\"@type\":\"PropertyValueSpecification\",\"valueRequired\":true,\"valueName\":\"search_term_string\"}}],\"inLanguage\":\"de\"},{\"@type\":\"Organization\",\"@id\":\"https:\/\/test-wuwei.de\/orden\/#organization\",\"name\":\"Ordensgemeinschaften in Deutschland\",\"url\":\"https:\/\/test-wuwei.de\/orden\/\",\"logo\":{\"@type\":\"ImageObject\",\"inLanguage\":\"de\",\"@id\":\"https:\/\/test-wuwei.de\/orden\/#\/schema\/logo\/image\/\",\"url\":\"https:\/\/test-wuwei.de\/orden\/wp-content\/uploads\/2025\/07\/DOK_Logo_RGB_mit.jpg\",\"contentUrl\":\"https:\/\/test-wuwei.de\/orden\/wp-content\/uploads\/2025\/07\/DOK_Logo_RGB_mit.jpg\",\"width\":2480,\"height\":1748,\"caption\":\"Ordensgemeinschaften in Deutschland\"},\"image\":{\"@id\":\"https:\/\/test-wuwei.de\/orden\/#\/schema\/logo\/image\/\"}}]}<\/script>\n<!-- \/ Yoast SEO plugin. -->","yoast_head_json":{"title":"Ordensabk\u00fcrzungen &#8211; Ordensgemeinschaften in Deutschland","robots":{"index":"noindex","follow":"follow","max-snippet":"max-snippet:-1","max-image-preview":"max-image-preview:large","max-video-preview":"max-video-preview:-1"},"og_locale":"de_DE","og_type":"article","og_title":"Ordensabk\u00fcrzungen &#8211; Ordensgemeinschaften in Deutschland","og_description":"Die Ordensk\u00fcrzel der DOK-Mitgliedsgemeinschaften&nbsp; ADJC: Ancillae Domini Jesu Christi, Arme Dienstm\u00e4gde Jesu Christi, Dernbacher Schwestern CBMV: Congregatio Beatae Mariae Virginis, Augustiner Chorfrauen CDC: Congregatio Sororum Divini Cordis Jesu, Schwestern vom G\u00f6ttlichen Herzen Jesu CFA: Congregatio Fratrum Cellitarum S. Alexianorum, Alexianerbr\u00fcder CFP: Congregatio Fratrum Pauperum Sancti Francisci Seraphici, Arme Br\u00fcder des hl. Franziskus CJ: Congregatio Jesu, ... weiterlesen","og_url":"https:\/\/test-wuwei.de\/orden\/ordensgemeinschaften\/ordensabkuerzungen\/","og_site_name":"Ordensgemeinschaften in Deutschland","article_modified_time":"2025-09-05T08:50:59+00:00","og_image":[{"width":870,"height":324,"url":"https:\/\/test-wuwei.de\/orden\/wp-content\/uploads\/2025\/08\/csm_books-bboellinger_5ed3d91b40.jpg","type":"image\/jpeg"}],"twitter_card":"summary_large_image","twitter_misc":{"Gesch\u00e4tzte Lesezeit":"6\u00a0Minuten"},"schema":{"@context":"https:\/\/schema.org","@graph":[{"@type":"WebPage","@id":"https:\/\/test-wuwei.de\/orden\/ordensgemeinschaften\/ordensabkuerzungen\/","url":"https:\/\/test-wuwei.de\/orden\/ordensgemeinschaften\/ordensabkuerzungen\/","name":"Ordensabk\u00fcrzungen &#8211; Ordensgemeinschaften in Deutschland","isPartOf":{"@id":"https:\/\/test-wuwei.de\/orden\/#website"},"primaryImageOfPage":{"@id":"https:\/\/test-wuwei.de\/orden\/ordensgemeinschaften\/ordensabkuerzungen\/#primaryimage"},"image":{"@id":"https:\/\/test-wuwei.de\/orden\/ordensgemeinschaften\/ordensabkuerzungen\/#primaryimage"},"thumbnailUrl":"https:\/\/test-wuwei.de\/orden\/wp-content\/uploads\/2025\/08\/csm_books-bboellinger_5ed3d91b40.jpg","datePublished":"2025-07-17T09:02:06+00:00","dateModified":"2025-09-05T08:50:59+00:00","breadcrumb":{"@id":"https:\/\/test-wuwei.de\/orden\/ordensgemeinschaften\/ordensabkuerzungen\/#breadcrumb"},"inLanguage":"de","potentialAction":[{"@type":"ReadAction","target":["https:\/\/test-wuwei.de\/orden\/ordensgemeinschaften\/ordensabkuerzungen\/"]}]},{"@type":"ImageObject","inLanguage":"de","@id":"https:\/\/test-wuwei.de\/orden\/ordensgemeinschaften\/ordensabkuerzungen\/#primaryimage","url":"https:\/\/test-wuwei.de\/orden\/wp-content\/uploads\/2025\/08\/csm_books-bboellinger_5ed3d91b40.jpg","contentUrl":"https:\/\/test-wuwei.de\/orden\/wp-content\/uploads\/2025\/08\/csm_books-bboellinger_5ed3d91b40.jpg","width":870,"height":324,"caption":"B\u00fccherregal"},{"@type":"BreadcrumbList","@id":"https:\/\/test-wuwei.de\/orden\/ordensgemeinschaften\/ordensabkuerzungen\/#breadcrumb","itemListElement":[{"@type":"ListItem","position":1,"name":"\ud83c\udfe0\ufe0e","item":"https:\/\/test-wuwei.de\/orden\/"},{"@type":"ListItem","position":2,"name":"Ordensgemeinschaften","item":"https:\/\/test-wuwei.de\/orden\/ordensgemeinschaften\/"},{"@type":"ListItem","position":3,"name":"Ordensabk\u00fcrzungen"}]},{"@type":"WebSite","@id":"https:\/\/test-wuwei.de\/orden\/#website","url":"https:\/\/test-wuwei.de\/orden\/","name":"Ordensgemeinschaften in Deutschland","description":"Deutsche Ordensobernkonferenz","publisher":{"@id":"https:\/\/test-wuwei.de\/orden\/#organization"},"potentialAction":[{"@type":"SearchAction","target":{"@type":"EntryPoint","urlTemplate":"https:\/\/test-wuwei.de\/orden\/?s={search_term_string}"},"query-input":{"@type":"PropertyValueSpecification","valueRequired":true,"valueName":"search_term_string"}}],"inLanguage":"de"},{"@type":"Organization","@id":"https:\/\/test-wuwei.de\/orden\/#organization","name":"Ordensgemeinschaften in Deutschland","url":"https:\/\/test-wuwei.de\/orden\/","logo":{"@type":"ImageObject","inLanguage":"de","@id":"https:\/\/test-wuwei.de\/orden\/#\/schema\/logo\/image\/","url":"https:\/\/test-wuwei.de\/orden\/wp-content\/uploads\/2025\/07\/DOK_Logo_RGB_mit.jpg","contentUrl":"https:\/\/test-wuwei.de\/orden\/wp-content\/uploads\/2025\/07\/DOK_Logo_RGB_mit.jpg","width":2480,"height":1748,"caption":"Ordensgemeinschaften in Deutschland"},"image":{"@id":"https:\/\/test-wuwei.de\/orden\/#\/schema\/logo\/image\/"}}]}},"_links":{"self":[{"href":"https:\/\/test-wuwei.de\/orden\/wp-json\/wp\/v2\/pages\/70","targetHints":{"allow":["GET"]}}],"collection":[{"href":"https:\/\/test-wuwei.de\/orden\/wp-json\/wp\/v2\/pages"}],"about":[{"href":"https:\/\/test-wuwei.de\/orden\/wp-json\/wp\/v2\/types\/page"}],"author":[{"embeddable":true,"href":"https:\/\/test-wuwei.de\/orden\/wp-json\/wp\/v2\/users\/3"}],"replies":[{"embeddable":true,"href":"https:\/\/test-wuwei.de\/orden\/wp-json\/wp\/v2\/comments?post=70"}],"version-history":[{"count":6,"href":"https:\/\/test-wuwei.de\/orden\/wp-json\/wp\/v2\/pages\/70\/revisions"}],"predecessor-version":[{"id":3024,"href":"https:\/\/test-wuwei.de\/orden\/wp-json\/wp\/v2\/pages\/70\/revisions\/3024"}],"up":[{"embeddable":true,"href":"https:\/\/test-wuwei.de\/orden\/wp-json\/wp\/v2\/pages\/68"}],"wp:featuredmedia":[{"embeddable":true,"href":"https:\/\/test-wuwei.de\/orden\/wp-json\/wp\/v2\/media\/2331"}],"wp:attachment":[{"href":"https:\/\/test-wuwei.de\/orden\/wp-json\/wp\/v2\/media?parent=70"}],"curies":[{"name":"wp","href":"https:\/\/api.w.org\/{rel}","templated":true}]}}