{"id":60,"date":"2025-07-17T11:00:22","date_gmt":"2025-07-17T09:00:22","guid":{"rendered":"https:\/\/test-wuwei.de\/orden\/?page_id=60"},"modified":"2025-11-10T11:44:12","modified_gmt":"2025-11-10T10:44:12","slug":"newsletter","status":"publish","type":"page","link":"https:\/\/test-wuwei.de\/orden\/aktuelles\/newsletter\/","title":{"rendered":"Newsletter"},"content":{"rendered":"\n<p>Die Deutsche Ordensobernkonferenz hat k\u00fcrzlich einen neuen Newsletter speziell f\u00fcr Ordensleute eingef\u00fchrt, um sie mit wichtigen Informationen aus dem Rundschreiben, RUACH-Kursen und anderen relevanten Meldungen zu versorgen. Der Newsletter bietet eine praktische M\u00f6glichkeit, auf dem Laufenden zu bleiben und keine wichtigen Neuigkeiten zu verpassen. Interessierte k\u00f6nnen sich ganz einfach per E-Mail \u00fcber einen bereitgestellten Link anmelden und erhalten dann regelm\u00e4\u00dfig alle relevanten Informationen direkt in ihr Postfach. Eine gro\u00dfartige M\u00f6glichkeit, sich mit der Community zu vernetzen und informiert zu bleiben.<\/p>\n\n\n\n<style data=\"cr\/theme\">.bgcolor-1{background-color:#FFF}.bgcolor-1-outlook{background-color:#FFF}.color-1{color:#082137}.bgcolor-2{background-color:#FFF}.bgcolor-2-outlook{background-color:#FFF}.color-2{color:#082137}.aux-color-1{color:#00282E}.aux-bgcolor-1{background-color:#00282E}.aux-color-2{color:#15C}.aux-bgcolor-2{background-color:#15C}body{background-color:#FFF}a{color:#15C}.cr-web-row{width:100%;max-width:1280px}.cr-maxwidth{max-width:1280px}<\/style>\n<style hash=\"cr-text-web\">.cr-text{font-family:Open Sans,sans-serif;font-size:18px}<\/style>\n<style hash=\"cr-web-css\">.cr-nope{display:none!important}.cr-web-row{box-sizing:border-box}@media only screen and (max-width:768px){.cr-web-row{width:75vw}}.cr-web-wrapper{display:flex;justify-content:center}.cr-web-row ul,.cr-web-row li{gap:4px;flex-direction:row}.cr-web-row ul{padding:0 8px;margin:0;list-style-type:none;flex-direction:column}.cr-web-row option{min-height:2em;white-space:normal}.cr-web-form{display:flex;flex-direction:column}.cr-web-form input,.cr-web-form select,.cr-web-form button{padding:8px 12px;border-radius:4px;border-style:solid;border-width:1px}.cr-web-form label,.cr-web-label{font-weight:500;padding:8px 0 8px 0;font-style:normal;line-height:normal}.cr-web-form button{font-size:1em;font-weight:700;color:#fff;font-style:normal;border-style:solid;border-color:#fff0;border-radius:4px;cursor:pointer}.cr-web-form label.required:after{content:' *';width:10px;height:100%;font-size:1.1em;line-height:inherit}.cr-web-label.required:after{content:' *'}.cr-web-form label.required .cred-html-wrapper,.cr-web-form label.required .cred-html{display:inline-block!important}<\/style>\n<style hash=\"cr-consent-required\">.cr-consent-required{display:block;margin-left:24px;padding:0!important}.cr-consent-required:after{content:' *'}<\/style>\n<style hash=\"cr-consent-wrapper\">.cr-consent-wrapper{display:flex;align-items:start}.cr-consent-wrapper input{display:block;width:auto}<\/style>\n<style data-source=\"autogenerated google-fixes\">u+#body a{color:#15C}u+#body{background-color:#FFF}<\/style>\n  <form method=\"post\" action=\"https:\/\/flow.cleverreach.com\/fl\/4d2c6001-5ce1-44b1-8d6f-3b9791fb8e63\/confirm\" class=\"\" target=\"_blank\">\n    <input type=\"text\" tabindex=\"-1\" autocomplete=\"false\" style=\"display:none !important;\" class=\"cr-nope\" name=\"email_confirm\">\n    <div class=\"cr-web-wrapper bgcolor-1\">\n      <div class=\"cr-web-row bgcolor-2\" style=\"padding:10px 20px;\">\n        <div class=\"cr-text color-2\" style=\"\">\n          <div class=\"cr-web-form\">\n            <label class=\"required\">E-Mail<\/label>\n            <input type=\"email\" placeholder=\"\" name=\"email\" required=\"\">\n          <\/div>\n        <\/div>\n      <\/div>\n    <\/div>\n        <div class=\"cr-web-wrapper bgcolor-1\">\n            <div class=\"cr-web-row bgcolor-2\" style=\"padding:10px 20px;\">\n    <div class=\"cr-text color-2\" style=\"\">\n      <div class=\"cr-web-form\">\n        <div>\n          <div class=\"cr-consent-wrapper\">\n            <input type=\"checkbox\" name=\"tags[]\" value=\"accept\" required=\"\">\n            <label class=\"cr-consent-required\">Unser kostenloser Newsletter informiert Sie regelm&auml;&szlig;ig per E-Mail. Ihre hier eingegebenen Daten werden nicht an Dritte weitergegeben. Durch Absenden der von Ihnen eingegebenen Daten willigen Sie in die Datenverarbeitung ein und best&auml;tigen unsere Datenschutzerkl&auml;rung.<\/label>\n          <\/div>\n        <\/div>\n      <\/div>\n    <\/div>\n            <\/div>\n          <\/div>\n    <div class=\"cr-web-wrapper bgcolor-1\">\n      <div class=\"cr-web-row bgcolor-2\" style=\"padding:10px 20px;\">\n        <div class=\"cr-web-form\">\n          <button type=\"submit\" class=\"aux-color-1 aux-bgcolor-1 cr-text\" style=\"background-color: rgb(0, 38, 93);\">Anmelden<\/button>\n        <\/div>\n      <\/div>\n    <\/div>\n  <\/form>\n  \n","protected":false},"excerpt":{"rendered":"<p>Die Deutsche Ordensobernkonferenz hat k\u00fcrzlich einen neuen Newsletter speziell f\u00fcr Ordensleute eingef\u00fchrt, um sie mit wichtigen Informationen aus dem Rundschreiben, RUACH-Kursen und anderen relevanten Meldungen zu versorgen. Der Newsletter bietet eine praktische M\u00f6glichkeit, auf dem Laufenden zu bleiben und keine wichtigen Neuigkeiten zu verpassen. Interessierte k\u00f6nnen sich ganz einfach per E-Mail \u00fcber einen bereitgestellten Link &#8230; <\/p>\n<p class=\"read-more-container\"><a title=\"Newsletter\" class=\"read-more button\" href=\"https:\/\/test-wuwei.de\/orden\/aktuelles\/newsletter\/#more-60\" aria-label=\"Mehr Informationen \u00fcber Newsletter\">weiterlesen<\/a><\/p>\n","protected":false},"author":3,"featured_media":3017,"parent":52,"menu_order":0,"comment_status":"closed","ping_status":"closed","template":"","meta":{"_acf_changed":false,"footnotes":""},"class_list":["post-60","page","type-page","status-publish","has-post-thumbnail"],"acf":[],"yoast_head":"<!-- This site is optimized with the Yoast SEO plugin v26.3 - https:\/\/yoast.com\/wordpress\/plugins\/seo\/ -->\n<title>Newsletter &#8211; Ordensgemeinschaften in Deutschland<\/title>\n<meta name=\"robots\" content=\"noindex, follow, max-snippet:-1, max-image-preview:large, max-video-preview:-1\" \/>\n<meta property=\"og:locale\" content=\"de_DE\" \/>\n<meta property=\"og:type\" content=\"article\" \/>\n<meta property=\"og:title\" content=\"Newsletter &#8211; Ordensgemeinschaften in Deutschland\" \/>\n<meta property=\"og:description\" content=\"Die Deutsche Ordensobernkonferenz hat k\u00fcrzlich einen neuen Newsletter speziell f\u00fcr Ordensleute eingef\u00fchrt, um sie mit wichtigen Informationen aus dem Rundschreiben, RUACH-Kursen und anderen relevanten Meldungen zu versorgen. Der Newsletter bietet eine praktische M\u00f6glichkeit, auf dem Laufenden zu bleiben und keine wichtigen Neuigkeiten zu verpassen. Interessierte k\u00f6nnen sich ganz einfach per E-Mail \u00fcber einen bereitgestellten Link ... weiterlesen\" \/>\n<meta property=\"og:url\" content=\"https:\/\/test-wuwei.de\/orden\/aktuelles\/newsletter\/\" \/>\n<meta property=\"og:site_name\" content=\"Ordensgemeinschaften in Deutschland\" \/>\n<meta property=\"article:modified_time\" content=\"2025-11-10T10:44:12+00:00\" \/>\n<meta property=\"og:image\" content=\"https:\/\/test-wuwei.de\/orden\/wp-content\/uploads\/2025\/09\/csm_231109_AGPR_Tagung_Freising-53-min_ef633ae07e.jpg\" \/>\n\t<meta property=\"og:image:width\" content=\"870\" \/>\n\t<meta property=\"og:image:height\" content=\"366\" \/>\n\t<meta property=\"og:image:type\" content=\"image\/jpeg\" \/>\n<meta name=\"twitter:card\" content=\"summary_large_image\" \/>\n<meta name=\"twitter:label1\" content=\"Gesch\u00e4tzte Lesezeit\" \/>\n\t<meta name=\"twitter:data1\" content=\"1\u00a0Minute\" \/>\n<script type=\"application\/ld+json\" class=\"yoast-schema-graph\">{\"@context\":\"https:\/\/schema.org\",\"@graph\":[{\"@type\":\"WebPage\",\"@id\":\"https:\/\/test-wuwei.de\/orden\/aktuelles\/newsletter\/\",\"url\":\"https:\/\/test-wuwei.de\/orden\/aktuelles\/newsletter\/\",\"name\":\"Newsletter &#8211; Ordensgemeinschaften in Deutschland\",\"isPartOf\":{\"@id\":\"https:\/\/test-wuwei.de\/orden\/#website\"},\"primaryImageOfPage\":{\"@id\":\"https:\/\/test-wuwei.de\/orden\/aktuelles\/newsletter\/#primaryimage\"},\"image\":{\"@id\":\"https:\/\/test-wuwei.de\/orden\/aktuelles\/newsletter\/#primaryimage\"},\"thumbnailUrl\":\"https:\/\/test-wuwei.de\/orden\/wp-content\/uploads\/2025\/09\/csm_231109_AGPR_Tagung_Freising-53-min_ef633ae07e.jpg\",\"datePublished\":\"2025-07-17T09:00:22+00:00\",\"dateModified\":\"2025-11-10T10:44:12+00:00\",\"breadcrumb\":{\"@id\":\"https:\/\/test-wuwei.de\/orden\/aktuelles\/newsletter\/#breadcrumb\"},\"inLanguage\":\"de\",\"potentialAction\":[{\"@type\":\"ReadAction\",\"target\":[\"https:\/\/test-wuwei.de\/orden\/aktuelles\/newsletter\/\"]}]},{\"@type\":\"ImageObject\",\"inLanguage\":\"de\",\"@id\":\"https:\/\/test-wuwei.de\/orden\/aktuelles\/newsletter\/#primaryimage\",\"url\":\"https:\/\/test-wuwei.de\/orden\/wp-content\/uploads\/2025\/09\/csm_231109_AGPR_Tagung_Freising-53-min_ef633ae07e.jpg\",\"contentUrl\":\"https:\/\/test-wuwei.de\/orden\/wp-content\/uploads\/2025\/09\/csm_231109_AGPR_Tagung_Freising-53-min_ef633ae07e.jpg\",\"width\":870,\"height\":366,\"caption\":\"Newsletter der DOK\"},{\"@type\":\"BreadcrumbList\",\"@id\":\"https:\/\/test-wuwei.de\/orden\/aktuelles\/newsletter\/#breadcrumb\",\"itemListElement\":[{\"@type\":\"ListItem\",\"position\":1,\"name\":\"\ud83c\udfe0\ufe0e\",\"item\":\"https:\/\/test-wuwei.de\/orden\/\"},{\"@type\":\"ListItem\",\"position\":2,\"name\":\"Aktuelle Meldungen\",\"item\":\"https:\/\/test-wuwei.de\/orden\/aktuelles\/\"},{\"@type\":\"ListItem\",\"position\":3,\"name\":\"Newsletter\"}]},{\"@type\":\"WebSite\",\"@id\":\"https:\/\/test-wuwei.de\/orden\/#website\",\"url\":\"https:\/\/test-wuwei.de\/orden\/\",\"name\":\"Ordensgemeinschaften in Deutschland\",\"description\":\"Deutsche Ordensobernkonferenz\",\"publisher\":{\"@id\":\"https:\/\/test-wuwei.de\/orden\/#organization\"},\"potentialAction\":[{\"@type\":\"SearchAction\",\"target\":{\"@type\":\"EntryPoint\",\"urlTemplate\":\"https:\/\/test-wuwei.de\/orden\/?s={search_term_string}\"},\"query-input\":{\"@type\":\"PropertyValueSpecification\",\"valueRequired\":true,\"valueName\":\"search_term_string\"}}],\"inLanguage\":\"de\"},{\"@type\":\"Organization\",\"@id\":\"https:\/\/test-wuwei.de\/orden\/#organization\",\"name\":\"Ordensgemeinschaften in Deutschland\",\"url\":\"https:\/\/test-wuwei.de\/orden\/\",\"logo\":{\"@type\":\"ImageObject\",\"inLanguage\":\"de\",\"@id\":\"https:\/\/test-wuwei.de\/orden\/#\/schema\/logo\/image\/\",\"url\":\"https:\/\/test-wuwei.de\/orden\/wp-content\/uploads\/2025\/07\/DOK_Logo_RGB_mit.jpg\",\"contentUrl\":\"https:\/\/test-wuwei.de\/orden\/wp-content\/uploads\/2025\/07\/DOK_Logo_RGB_mit.jpg\",\"width\":2480,\"height\":1748,\"caption\":\"Ordensgemeinschaften in Deutschland\"},\"image\":{\"@id\":\"https:\/\/test-wuwei.de\/orden\/#\/schema\/logo\/image\/\"}}]}<\/script>\n<!-- \/ Yoast SEO plugin. -->","yoast_head_json":{"title":"Newsletter &#8211; Ordensgemeinschaften in Deutschland","robots":{"index":"noindex","follow":"follow","max-snippet":"max-snippet:-1","max-image-preview":"max-image-preview:large","max-video-preview":"max-video-preview:-1"},"og_locale":"de_DE","og_type":"article","og_title":"Newsletter &#8211; Ordensgemeinschaften in Deutschland","og_description":"Die Deutsche Ordensobernkonferenz hat k\u00fcrzlich einen neuen Newsletter speziell f\u00fcr Ordensleute eingef\u00fchrt, um sie mit wichtigen Informationen aus dem Rundschreiben, RUACH-Kursen und anderen relevanten Meldungen zu versorgen. Der Newsletter bietet eine praktische M\u00f6glichkeit, auf dem Laufenden zu bleiben und keine wichtigen Neuigkeiten zu verpassen. Interessierte k\u00f6nnen sich ganz einfach per E-Mail \u00fcber einen bereitgestellten Link ... weiterlesen","og_url":"https:\/\/test-wuwei.de\/orden\/aktuelles\/newsletter\/","og_site_name":"Ordensgemeinschaften in Deutschland","article_modified_time":"2025-11-10T10:44:12+00:00","og_image":[{"width":870,"height":366,"url":"https:\/\/test-wuwei.de\/orden\/wp-content\/uploads\/2025\/09\/csm_231109_AGPR_Tagung_Freising-53-min_ef633ae07e.jpg","type":"image\/jpeg"}],"twitter_card":"summary_large_image","twitter_misc":{"Gesch\u00e4tzte Lesezeit":"1\u00a0Minute"},"schema":{"@context":"https:\/\/schema.org","@graph":[{"@type":"WebPage","@id":"https:\/\/test-wuwei.de\/orden\/aktuelles\/newsletter\/","url":"https:\/\/test-wuwei.de\/orden\/aktuelles\/newsletter\/","name":"Newsletter &#8211; Ordensgemeinschaften in Deutschland","isPartOf":{"@id":"https:\/\/test-wuwei.de\/orden\/#website"},"primaryImageOfPage":{"@id":"https:\/\/test-wuwei.de\/orden\/aktuelles\/newsletter\/#primaryimage"},"image":{"@id":"https:\/\/test-wuwei.de\/orden\/aktuelles\/newsletter\/#primaryimage"},"thumbnailUrl":"https:\/\/test-wuwei.de\/orden\/wp-content\/uploads\/2025\/09\/csm_231109_AGPR_Tagung_Freising-53-min_ef633ae07e.jpg","datePublished":"2025-07-17T09:00:22+00:00","dateModified":"2025-11-10T10:44:12+00:00","breadcrumb":{"@id":"https:\/\/test-wuwei.de\/orden\/aktuelles\/newsletter\/#breadcrumb"},"inLanguage":"de","potentialAction":[{"@type":"ReadAction","target":["https:\/\/test-wuwei.de\/orden\/aktuelles\/newsletter\/"]}]},{"@type":"ImageObject","inLanguage":"de","@id":"https:\/\/test-wuwei.de\/orden\/aktuelles\/newsletter\/#primaryimage","url":"https:\/\/test-wuwei.de\/orden\/wp-content\/uploads\/2025\/09\/csm_231109_AGPR_Tagung_Freising-53-min_ef633ae07e.jpg","contentUrl":"https:\/\/test-wuwei.de\/orden\/wp-content\/uploads\/2025\/09\/csm_231109_AGPR_Tagung_Freising-53-min_ef633ae07e.jpg","width":870,"height":366,"caption":"Newsletter der DOK"},{"@type":"BreadcrumbList","@id":"https:\/\/test-wuwei.de\/orden\/aktuelles\/newsletter\/#breadcrumb","itemListElement":[{"@type":"ListItem","position":1,"name":"\ud83c\udfe0\ufe0e","item":"https:\/\/test-wuwei.de\/orden\/"},{"@type":"ListItem","position":2,"name":"Aktuelle Meldungen","item":"https:\/\/test-wuwei.de\/orden\/aktuelles\/"},{"@type":"ListItem","position":3,"name":"Newsletter"}]},{"@type":"WebSite","@id":"https:\/\/test-wuwei.de\/orden\/#website","url":"https:\/\/test-wuwei.de\/orden\/","name":"Ordensgemeinschaften in Deutschland","description":"Deutsche Ordensobernkonferenz","publisher":{"@id":"https:\/\/test-wuwei.de\/orden\/#organization"},"potentialAction":[{"@type":"SearchAction","target":{"@type":"EntryPoint","urlTemplate":"https:\/\/test-wuwei.de\/orden\/?s={search_term_string}"},"query-input":{"@type":"PropertyValueSpecification","valueRequired":true,"valueName":"search_term_string"}}],"inLanguage":"de"},{"@type":"Organization","@id":"https:\/\/test-wuwei.de\/orden\/#organization","name":"Ordensgemeinschaften in Deutschland","url":"https:\/\/test-wuwei.de\/orden\/","logo":{"@type":"ImageObject","inLanguage":"de","@id":"https:\/\/test-wuwei.de\/orden\/#\/schema\/logo\/image\/","url":"https:\/\/test-wuwei.de\/orden\/wp-content\/uploads\/2025\/07\/DOK_Logo_RGB_mit.jpg","contentUrl":"https:\/\/test-wuwei.de\/orden\/wp-content\/uploads\/2025\/07\/DOK_Logo_RGB_mit.jpg","width":2480,"height":1748,"caption":"Ordensgemeinschaften in Deutschland"},"image":{"@id":"https:\/\/test-wuwei.de\/orden\/#\/schema\/logo\/image\/"}}]}},"_links":{"self":[{"href":"https:\/\/test-wuwei.de\/orden\/wp-json\/wp\/v2\/pages\/60","targetHints":{"allow":["GET"]}}],"collection":[{"href":"https:\/\/test-wuwei.de\/orden\/wp-json\/wp\/v2\/pages"}],"about":[{"href":"https:\/\/test-wuwei.de\/orden\/wp-json\/wp\/v2\/types\/page"}],"author":[{"embeddable":true,"href":"https:\/\/test-wuwei.de\/orden\/wp-json\/wp\/v2\/users\/3"}],"replies":[{"embeddable":true,"href":"https:\/\/test-wuwei.de\/orden\/wp-json\/wp\/v2\/comments?post=60"}],"version-history":[{"count":8,"href":"https:\/\/test-wuwei.de\/orden\/wp-json\/wp\/v2\/pages\/60\/revisions"}],"predecessor-version":[{"id":3995,"href":"https:\/\/test-wuwei.de\/orden\/wp-json\/wp\/v2\/pages\/60\/revisions\/3995"}],"up":[{"embeddable":true,"href":"https:\/\/test-wuwei.de\/orden\/wp-json\/wp\/v2\/pages\/52"}],"wp:featuredmedia":[{"embeddable":true,"href":"https:\/\/test-wuwei.de\/orden\/wp-json\/wp\/v2\/media\/3017"}],"wp:attachment":[{"href":"https:\/\/test-wuwei.de\/orden\/wp-json\/wp\/v2\/media?parent=60"}],"curies":[{"name":"wp","href":"https:\/\/api.w.org\/{rel}","templated":true}]}}