{"id":3723,"date":"2025-10-31T14:11:13","date_gmt":"2025-10-31T13:11:13","guid":{"rendered":"https:\/\/test-wuwei.de\/orden\/?page_id=3723"},"modified":"2026-02-09T16:12:16","modified_gmt":"2026-02-09T15:12:16","slug":"broschuere-atem-holen","status":"publish","type":"page","link":"https:\/\/test-wuwei.de\/orden\/taetigkeiten\/broschuere-atem-holen\/","title":{"rendered":"Atem holen &#8211; Brosch\u00fcre"},"content":{"rendered":"\n<p>Die Brosch\u00fcre \u201eAtem holen\u201c wird von der Deutschen Ordensobernkonferenz herausgegeben und erschien zuletzt im Sommer 2023 in der 8. Auflage neu. Darin finden Sie die Mitleben-Angebote sortiert nach den jeweiligen Ordensgemeinschaften. Erstmals in der Brosch\u00fcre vertreten sind auch H\u00e4user und Gastaufenthaltsangebote evangelischer Kommunit\u00e4ten.<\/p>\n\n\n\n<p>Jeder der \u00fcber 170 Eintr\u00e4ge informiert \u00fcber: Adress- und Kontaktdaten, Wer wird aufgenommen? Wo sind die G\u00e4ste untergebracht? Ist Mitarbeit m\u00f6glich? Welche Kosten entstehen f\u00fcr den Aufenthalt? N\u00e4here Informationen entnehmen Sie bitte den einzelnen Eintr\u00e4gen der Brosch\u00fcre.<\/p>\n\n\n<div class=\"gb-container gb-container-d129827d\">\n<div class=\"gb-grid-wrapper gb-grid-wrapper-ce080940\">\n<div class=\"gb-grid-column gb-grid-column-9350b72b\"><div class=\"gb-container gb-container-9350b72b\">\n\n<figure class=\"wp-block-image size-full is-style-rounded\"><img loading=\"lazy\" decoding=\"async\" width=\"2560\" height=\"2560\" src=\"https:\/\/test-wuwei.de\/orden\/wp-content\/uploads\/2025\/07\/Dokument-scaled.png\" alt=\"\" class=\"wp-image-224\" srcset=\"https:\/\/test-wuwei.de\/orden\/wp-content\/uploads\/2025\/07\/Dokument-scaled.png 2560w, https:\/\/test-wuwei.de\/orden\/wp-content\/uploads\/2025\/07\/Dokument-150x150.png 150w, https:\/\/test-wuwei.de\/orden\/wp-content\/uploads\/2025\/07\/Dokument-300x300.png 300w, https:\/\/test-wuwei.de\/orden\/wp-content\/uploads\/2025\/07\/Dokument-768x768.png 768w, https:\/\/test-wuwei.de\/orden\/wp-content\/uploads\/2025\/07\/Dokument-1024x1024.png 1024w, https:\/\/test-wuwei.de\/orden\/wp-content\/uploads\/2025\/07\/Dokument-1536x1536.png 1536w, https:\/\/test-wuwei.de\/orden\/wp-content\/uploads\/2025\/07\/Dokument-2048x2048.png 2048w, https:\/\/test-wuwei.de\/orden\/wp-content\/uploads\/2025\/07\/Dokument-600x600.png 600w\" sizes=\"auto, (max-width: 2560px) 100vw, 2560px\" \/><\/figure>\n\n<\/div><\/div>\n\n<div class=\"gb-grid-column gb-grid-column-e43f19f7\"><div class=\"gb-container gb-container-e43f19f7\">\n\n<p class=\"gb-headline gb-headline-ee25d129 gb-headline-text\"><a href=\"https:\/\/test-wuwei.de\/orden\/wp-content\/uploads\/2025\/10\/2023atem_holen_online.pdf\" target=\"_blank\" rel=\"noreferrer noopener\">Zum Download: Brosch\u00fcre Atem holen (2023)<\/a><\/p>\n\n<\/div><\/div>\n<\/div>\n<\/div>\n\n\n<p class=\"gb-headline gb-headline-c637c17a gb-headline-text\">S\u00e4mtliche Eintr\u00e4ge finden Sie au\u00dferdem auf der Geistlichen Landkarte:<\/p>\n\n\n\n<a class=\"gb-button gb-button-a78137e8 gb-button-text button-standard\" href=\"https:\/\/test-wuwei.de\/orden\/taetigkeiten\/zu-gast-im-kloster\/\">Geistliche Landkarte<\/a>\n\n\n\n<p>Die gedruckte Brosch\u00fcre kann bei der DOK unter folgender Adresse kostenlos bestellt werden:<\/p>\n\n\n\n<p><strong>DOK Deutsche Ordensobernkonferenz e.V.<\/strong><br>Wittelsbacherring 9&nbsp;<br>53115 Bonn<\/p>\n\n\n\n<p>Tel 0228\/68449-0<br>Fax: 0228\/68449-44<br>Mail:&nbsp;<a href=\"mailto:info@orden.de\">info@orden.de<\/a><br>&nbsp;<\/p>\n\n\n\n<p>F\u00fcr unseren gesamten Einsatz zugunsten der Ordensgemeinschaften in Deutschland \u2013 darunter auch die Deckung der Herstellungskosten und der Versandaufwendungen \u2013 sind wir auf Ihre Spende angewiesen. Ein Anhaltspunkt f\u00fcr Sie: Der ungef\u00e4hre Betrag unserer Selbstkosten betr\u00e4gt inklusive Porto und Verpackung ca. 1,80 Euro pro Brosch\u00fcre. Auch eine Spende in Form von Briefmarken ist m\u00f6glich.<br>&nbsp;<\/p>\n\n\n\n<p><strong>Unsere Kontodaten:<\/strong><\/p>\n\n\n\n<p>DOK Deutsche Ordensobernkonferenz e.V.<br>IBAN DE94 7509 0300 0009 0217 60<br>BIC GENODEF1M05<br>Liga-Bank Regensburg<\/p>\n","protected":false},"excerpt":{"rendered":"<p>Die Brosch\u00fcre \u201eAtem holen\u201c wird von der Deutschen Ordensobernkonferenz herausgegeben und erschien zuletzt im Sommer 2023 in der 8. Auflage neu. Darin finden Sie die Mitleben-Angebote sortiert nach den jeweiligen Ordensgemeinschaften. Erstmals in der Brosch\u00fcre vertreten sind auch H\u00e4user und Gastaufenthaltsangebote evangelischer Kommunit\u00e4ten. Jeder der \u00fcber 170 Eintr\u00e4ge informiert \u00fcber: Adress- und Kontaktdaten, Wer wird &#8230; <\/p>\n<p class=\"read-more-container\"><a title=\"Atem holen &#8211; Brosch\u00fcre\" class=\"read-more button\" href=\"https:\/\/test-wuwei.de\/orden\/taetigkeiten\/broschuere-atem-holen\/#more-3723\" aria-label=\"Mehr Informationen \u00fcber Atem holen &#8211; Brosch\u00fcre\">weiterlesen<\/a><\/p>\n","protected":false},"author":3,"featured_media":3724,"parent":75,"menu_order":0,"comment_status":"closed","ping_status":"closed","template":"","meta":{"_acf_changed":false,"footnotes":""},"class_list":["post-3723","page","type-page","status-publish","has-post-thumbnail"],"acf":[],"yoast_head":"<!-- This site is optimized with the Yoast SEO plugin v26.3 - https:\/\/yoast.com\/wordpress\/plugins\/seo\/ -->\n<title>Atem holen - Brosch\u00fcre &#8211; Ordensgemeinschaften in Deutschland<\/title>\n<meta name=\"robots\" content=\"noindex, follow, max-snippet:-1, max-image-preview:large, max-video-preview:-1\" \/>\n<meta property=\"og:locale\" content=\"de_DE\" \/>\n<meta property=\"og:type\" content=\"article\" \/>\n<meta property=\"og:title\" content=\"Atem holen - Brosch\u00fcre &#8211; Ordensgemeinschaften in Deutschland\" \/>\n<meta property=\"og:description\" content=\"Die Brosch\u00fcre \u201eAtem holen\u201c wird von der Deutschen Ordensobernkonferenz herausgegeben und erschien zuletzt im Sommer 2023 in der 8. Auflage neu. Darin finden Sie die Mitleben-Angebote sortiert nach den jeweiligen Ordensgemeinschaften. Erstmals in der Brosch\u00fcre vertreten sind auch H\u00e4user und Gastaufenthaltsangebote evangelischer Kommunit\u00e4ten. Jeder der \u00fcber 170 Eintr\u00e4ge informiert \u00fcber: Adress- und Kontaktdaten, Wer wird ... weiterlesen\" \/>\n<meta property=\"og:url\" content=\"https:\/\/test-wuwei.de\/orden\/taetigkeiten\/broschuere-atem-holen\/\" \/>\n<meta property=\"og:site_name\" content=\"Ordensgemeinschaften in Deutschland\" \/>\n<meta property=\"article:modified_time\" content=\"2026-02-09T15:12:16+00:00\" \/>\n<meta property=\"og:image\" content=\"https:\/\/test-wuwei.de\/orden\/wp-content\/uploads\/2025\/10\/csm_AtemHolen_ce62c2d179-1.jpg\" \/>\n\t<meta property=\"og:image:width\" content=\"870\" \/>\n\t<meta property=\"og:image:height\" content=\"326\" \/>\n\t<meta property=\"og:image:type\" content=\"image\/jpeg\" \/>\n<meta name=\"twitter:card\" content=\"summary_large_image\" \/>\n<meta name=\"twitter:label1\" content=\"Gesch\u00e4tzte Lesezeit\" \/>\n\t<meta name=\"twitter:data1\" content=\"2\u00a0Minuten\" \/>\n<script type=\"application\/ld+json\" class=\"yoast-schema-graph\">{\"@context\":\"https:\/\/schema.org\",\"@graph\":[{\"@type\":\"WebPage\",\"@id\":\"https:\/\/test-wuwei.de\/orden\/taetigkeiten\/broschuere-atem-holen\/\",\"url\":\"https:\/\/test-wuwei.de\/orden\/taetigkeiten\/broschuere-atem-holen\/\",\"name\":\"Atem holen - Brosch\u00fcre &#8211; Ordensgemeinschaften in Deutschland\",\"isPartOf\":{\"@id\":\"https:\/\/test-wuwei.de\/orden\/#website\"},\"primaryImageOfPage\":{\"@id\":\"https:\/\/test-wuwei.de\/orden\/taetigkeiten\/broschuere-atem-holen\/#primaryimage\"},\"image\":{\"@id\":\"https:\/\/test-wuwei.de\/orden\/taetigkeiten\/broschuere-atem-holen\/#primaryimage\"},\"thumbnailUrl\":\"https:\/\/test-wuwei.de\/orden\/wp-content\/uploads\/2025\/10\/csm_AtemHolen_ce62c2d179-1.jpg\",\"datePublished\":\"2025-10-31T13:11:13+00:00\",\"dateModified\":\"2026-02-09T15:12:16+00:00\",\"breadcrumb\":{\"@id\":\"https:\/\/test-wuwei.de\/orden\/taetigkeiten\/broschuere-atem-holen\/#breadcrumb\"},\"inLanguage\":\"de\",\"potentialAction\":[{\"@type\":\"ReadAction\",\"target\":[\"https:\/\/test-wuwei.de\/orden\/taetigkeiten\/broschuere-atem-holen\/\"]}]},{\"@type\":\"ImageObject\",\"inLanguage\":\"de\",\"@id\":\"https:\/\/test-wuwei.de\/orden\/taetigkeiten\/broschuere-atem-holen\/#primaryimage\",\"url\":\"https:\/\/test-wuwei.de\/orden\/wp-content\/uploads\/2025\/10\/csm_AtemHolen_ce62c2d179-1.jpg\",\"contentUrl\":\"https:\/\/test-wuwei.de\/orden\/wp-content\/uploads\/2025\/10\/csm_AtemHolen_ce62c2d179-1.jpg\",\"width\":870,\"height\":326,\"caption\":\"Brosch\u00fcre Atem holen\"},{\"@type\":\"BreadcrumbList\",\"@id\":\"https:\/\/test-wuwei.de\/orden\/taetigkeiten\/broschuere-atem-holen\/#breadcrumb\",\"itemListElement\":[{\"@type\":\"ListItem\",\"position\":1,\"name\":\"\ud83c\udfe0\ufe0e\",\"item\":\"https:\/\/test-wuwei.de\/orden\/\"},{\"@type\":\"ListItem\",\"position\":2,\"name\":\"Ordensleben\",\"item\":\"https:\/\/test-wuwei.de\/orden\/taetigkeiten\/\"},{\"@type\":\"ListItem\",\"position\":3,\"name\":\"Atem holen &#8211; Brosch\u00fcre\"}]},{\"@type\":\"WebSite\",\"@id\":\"https:\/\/test-wuwei.de\/orden\/#website\",\"url\":\"https:\/\/test-wuwei.de\/orden\/\",\"name\":\"Ordensgemeinschaften in Deutschland\",\"description\":\"Deutsche Ordensobernkonferenz\",\"publisher\":{\"@id\":\"https:\/\/test-wuwei.de\/orden\/#organization\"},\"potentialAction\":[{\"@type\":\"SearchAction\",\"target\":{\"@type\":\"EntryPoint\",\"urlTemplate\":\"https:\/\/test-wuwei.de\/orden\/?s={search_term_string}\"},\"query-input\":{\"@type\":\"PropertyValueSpecification\",\"valueRequired\":true,\"valueName\":\"search_term_string\"}}],\"inLanguage\":\"de\"},{\"@type\":\"Organization\",\"@id\":\"https:\/\/test-wuwei.de\/orden\/#organization\",\"name\":\"Ordensgemeinschaften in Deutschland\",\"url\":\"https:\/\/test-wuwei.de\/orden\/\",\"logo\":{\"@type\":\"ImageObject\",\"inLanguage\":\"de\",\"@id\":\"https:\/\/test-wuwei.de\/orden\/#\/schema\/logo\/image\/\",\"url\":\"https:\/\/test-wuwei.de\/orden\/wp-content\/uploads\/2025\/07\/DOK_Logo_RGB_mit.jpg\",\"contentUrl\":\"https:\/\/test-wuwei.de\/orden\/wp-content\/uploads\/2025\/07\/DOK_Logo_RGB_mit.jpg\",\"width\":2480,\"height\":1748,\"caption\":\"Ordensgemeinschaften in Deutschland\"},\"image\":{\"@id\":\"https:\/\/test-wuwei.de\/orden\/#\/schema\/logo\/image\/\"}}]}<\/script>\n<!-- \/ Yoast SEO plugin. -->","yoast_head_json":{"title":"Atem holen - Brosch\u00fcre &#8211; Ordensgemeinschaften in Deutschland","robots":{"index":"noindex","follow":"follow","max-snippet":"max-snippet:-1","max-image-preview":"max-image-preview:large","max-video-preview":"max-video-preview:-1"},"og_locale":"de_DE","og_type":"article","og_title":"Atem holen - Brosch\u00fcre &#8211; Ordensgemeinschaften in Deutschland","og_description":"Die Brosch\u00fcre \u201eAtem holen\u201c wird von der Deutschen Ordensobernkonferenz herausgegeben und erschien zuletzt im Sommer 2023 in der 8. Auflage neu. Darin finden Sie die Mitleben-Angebote sortiert nach den jeweiligen Ordensgemeinschaften. Erstmals in der Brosch\u00fcre vertreten sind auch H\u00e4user und Gastaufenthaltsangebote evangelischer Kommunit\u00e4ten. Jeder der \u00fcber 170 Eintr\u00e4ge informiert \u00fcber: Adress- und Kontaktdaten, Wer wird ... weiterlesen","og_url":"https:\/\/test-wuwei.de\/orden\/taetigkeiten\/broschuere-atem-holen\/","og_site_name":"Ordensgemeinschaften in Deutschland","article_modified_time":"2026-02-09T15:12:16+00:00","og_image":[{"width":870,"height":326,"url":"https:\/\/test-wuwei.de\/orden\/wp-content\/uploads\/2025\/10\/csm_AtemHolen_ce62c2d179-1.jpg","type":"image\/jpeg"}],"twitter_card":"summary_large_image","twitter_misc":{"Gesch\u00e4tzte Lesezeit":"2\u00a0Minuten"},"schema":{"@context":"https:\/\/schema.org","@graph":[{"@type":"WebPage","@id":"https:\/\/test-wuwei.de\/orden\/taetigkeiten\/broschuere-atem-holen\/","url":"https:\/\/test-wuwei.de\/orden\/taetigkeiten\/broschuere-atem-holen\/","name":"Atem holen - Brosch\u00fcre &#8211; Ordensgemeinschaften in Deutschland","isPartOf":{"@id":"https:\/\/test-wuwei.de\/orden\/#website"},"primaryImageOfPage":{"@id":"https:\/\/test-wuwei.de\/orden\/taetigkeiten\/broschuere-atem-holen\/#primaryimage"},"image":{"@id":"https:\/\/test-wuwei.de\/orden\/taetigkeiten\/broschuere-atem-holen\/#primaryimage"},"thumbnailUrl":"https:\/\/test-wuwei.de\/orden\/wp-content\/uploads\/2025\/10\/csm_AtemHolen_ce62c2d179-1.jpg","datePublished":"2025-10-31T13:11:13+00:00","dateModified":"2026-02-09T15:12:16+00:00","breadcrumb":{"@id":"https:\/\/test-wuwei.de\/orden\/taetigkeiten\/broschuere-atem-holen\/#breadcrumb"},"inLanguage":"de","potentialAction":[{"@type":"ReadAction","target":["https:\/\/test-wuwei.de\/orden\/taetigkeiten\/broschuere-atem-holen\/"]}]},{"@type":"ImageObject","inLanguage":"de","@id":"https:\/\/test-wuwei.de\/orden\/taetigkeiten\/broschuere-atem-holen\/#primaryimage","url":"https:\/\/test-wuwei.de\/orden\/wp-content\/uploads\/2025\/10\/csm_AtemHolen_ce62c2d179-1.jpg","contentUrl":"https:\/\/test-wuwei.de\/orden\/wp-content\/uploads\/2025\/10\/csm_AtemHolen_ce62c2d179-1.jpg","width":870,"height":326,"caption":"Brosch\u00fcre Atem holen"},{"@type":"BreadcrumbList","@id":"https:\/\/test-wuwei.de\/orden\/taetigkeiten\/broschuere-atem-holen\/#breadcrumb","itemListElement":[{"@type":"ListItem","position":1,"name":"\ud83c\udfe0\ufe0e","item":"https:\/\/test-wuwei.de\/orden\/"},{"@type":"ListItem","position":2,"name":"Ordensleben","item":"https:\/\/test-wuwei.de\/orden\/taetigkeiten\/"},{"@type":"ListItem","position":3,"name":"Atem holen &#8211; Brosch\u00fcre"}]},{"@type":"WebSite","@id":"https:\/\/test-wuwei.de\/orden\/#website","url":"https:\/\/test-wuwei.de\/orden\/","name":"Ordensgemeinschaften in Deutschland","description":"Deutsche Ordensobernkonferenz","publisher":{"@id":"https:\/\/test-wuwei.de\/orden\/#organization"},"potentialAction":[{"@type":"SearchAction","target":{"@type":"EntryPoint","urlTemplate":"https:\/\/test-wuwei.de\/orden\/?s={search_term_string}"},"query-input":{"@type":"PropertyValueSpecification","valueRequired":true,"valueName":"search_term_string"}}],"inLanguage":"de"},{"@type":"Organization","@id":"https:\/\/test-wuwei.de\/orden\/#organization","name":"Ordensgemeinschaften in Deutschland","url":"https:\/\/test-wuwei.de\/orden\/","logo":{"@type":"ImageObject","inLanguage":"de","@id":"https:\/\/test-wuwei.de\/orden\/#\/schema\/logo\/image\/","url":"https:\/\/test-wuwei.de\/orden\/wp-content\/uploads\/2025\/07\/DOK_Logo_RGB_mit.jpg","contentUrl":"https:\/\/test-wuwei.de\/orden\/wp-content\/uploads\/2025\/07\/DOK_Logo_RGB_mit.jpg","width":2480,"height":1748,"caption":"Ordensgemeinschaften in Deutschland"},"image":{"@id":"https:\/\/test-wuwei.de\/orden\/#\/schema\/logo\/image\/"}}]}},"_links":{"self":[{"href":"https:\/\/test-wuwei.de\/orden\/wp-json\/wp\/v2\/pages\/3723","targetHints":{"allow":["GET"]}}],"collection":[{"href":"https:\/\/test-wuwei.de\/orden\/wp-json\/wp\/v2\/pages"}],"about":[{"href":"https:\/\/test-wuwei.de\/orden\/wp-json\/wp\/v2\/types\/page"}],"author":[{"embeddable":true,"href":"https:\/\/test-wuwei.de\/orden\/wp-json\/wp\/v2\/users\/3"}],"replies":[{"embeddable":true,"href":"https:\/\/test-wuwei.de\/orden\/wp-json\/wp\/v2\/comments?post=3723"}],"version-history":[{"count":6,"href":"https:\/\/test-wuwei.de\/orden\/wp-json\/wp\/v2\/pages\/3723\/revisions"}],"predecessor-version":[{"id":5174,"href":"https:\/\/test-wuwei.de\/orden\/wp-json\/wp\/v2\/pages\/3723\/revisions\/5174"}],"up":[{"embeddable":true,"href":"https:\/\/test-wuwei.de\/orden\/wp-json\/wp\/v2\/pages\/75"}],"wp:featuredmedia":[{"embeddable":true,"href":"https:\/\/test-wuwei.de\/orden\/wp-json\/wp\/v2\/media\/3724"}],"wp:attachment":[{"href":"https:\/\/test-wuwei.de\/orden\/wp-json\/wp\/v2\/media?parent=3723"}],"curies":[{"name":"wp","href":"https:\/\/api.w.org\/{rel}","templated":true}]}}