{"id":3699,"date":"2025-10-31T12:45:36","date_gmt":"2025-10-31T11:45:36","guid":{"rendered":"https:\/\/test-wuwei.de\/orden\/?page_id=3699"},"modified":"2025-10-31T12:47:39","modified_gmt":"2025-10-31T11:47:39","slug":"buchtipps-zum-ordensleben","status":"publish","type":"page","link":"https:\/\/test-wuwei.de\/orden\/taetigkeiten\/publikationen\/buchtipps-zum-ordensleben\/","title":{"rendered":"Buchtipps zum Ordensleben"},"content":{"rendered":"\n<p>Nachfolgend aufgef\u00fchrt finden Sie einige B\u00fccher, die \u00fcber das Ordensleben im Allgemeinen informieren. Zus\u00e4tzlich finden Sie die in unserer Zeitschrift Ordenskorrespondenz rezensierten B\u00fccher hier:<\/p>\n\n\n\n<a class=\"gb-button gb-button-c8d99eab gb-button-text button-standard\" href=\"https:\/\/test-wuwei.de\/orden\/ordenskorrespondenz\/neue-buecher\/\">Rezensierte B\u00fccher<\/a>\n\n\n<div class=\"gb-container gb-container-f207fdd2\">\n<div class=\"gb-grid-wrapper gb-grid-wrapper-cf1058ef\">\n<div class=\"gb-grid-column gb-grid-column-190df93e\"><div class=\"gb-container gb-container-190df93e\">\n\n<figure class=\"gb-block-image gb-block-image-96cf74e3\"><a href=\"https:\/\/www.borromedien.de\/produkt-1994\/wilde_kirche\/14532828?partner_id=10001\" target=\"_blank\" rel=\"noopener noreferrer\"><img loading=\"lazy\" decoding=\"async\" width=\"302\" height=\"420\" class=\"gb-image gb-image-96cf74e3\" src=\"https:\/\/test-wuwei.de\/orden\/wp-content\/uploads\/2025\/10\/9709335200001Z.jpg\" alt=\"Charisma\" title=\"9709335200001Z\" srcset=\"https:\/\/test-wuwei.de\/orden\/wp-content\/uploads\/2025\/10\/9709335200001Z.jpg 302w, https:\/\/test-wuwei.de\/orden\/wp-content\/uploads\/2025\/10\/9709335200001Z-216x300.jpg 216w\" sizes=\"auto, (max-width: 302px) 100vw, 302px\" \/><\/a><\/figure>\n\n<\/div><\/div>\n\n<div class=\"gb-grid-column gb-grid-column-4b2d30f0\"><div class=\"gb-container gb-container-4b2d30f0\">\n\n<div class=\"gb-headline gb-headline-3e7686bd gb-headline-text\">Annet van der Voort<\/div>\n\n\n\n<div class=\"gb-headline gb-headline-540e129b gb-headline-text\">CHARISMA<\/div>\n\n\n\n<div class=\"gb-headline gb-headline-4c5fc48c gb-headline-text\"><strong>Ordensfrauen sprechen \u00fcber ihr Leben<\/strong><\/div>\n\n\n\n<p>Ordensfrauen haben eine uralte Geschichte in Europa. Aber seit Jahrzehnten geht ihre Zahl hier drastisch zur\u00fcck. Die Autorin und Fotografin hat Schwestern aus verschiedenen Orden und Kongregationen in Abteien, Kl\u00f6stern und Konvikten in ganz Deutschland aufgesucht, portr\u00e4tiert und ihre Biografien nachgezeichnet. Es sind Berichte von starken Frauen, die auf vielen spannenden, oft karitativen Arbeitsfeldern t\u00e4tig sind oder auch in Abgeschiedenheit ein gottgeweihtes Leben f\u00fchren. Der Leser begegnet in diesen einf\u00fchlsamen Lebensgeschichten Ordensschwestern aus unterschiedlichsten Klostergemeinschaften. Sie geben offen, unverstellt und sehr pers\u00f6nlich Auskunft \u00fcber sich selbst, ihr Leben, ihre Arbeit und ihren Glauben. So vermittelt dieses Buch einen faszinierenden und facettenreichen Einblick in f\u00fcr Au\u00dfenstehende meist verborgene spirituelle und dabei sehr reale Welten.<\/p>\n\n\n\n<a class=\"gb-button gb-button-757401c6 gb-button-text button-standard\" href=\"https:\/\/www.borromedien.de\/produkt-1994\/wilde_kirche\/14532828?partner_id=10001\" target=\"_blank\" rel=\"noopener noreferrer\">Hier bestellen<\/a>\n\n<\/div><\/div>\n<\/div>\n<\/div>\n\n<div class=\"gb-container gb-container-966838d4\">\n<div class=\"gb-grid-wrapper gb-grid-wrapper-5052f192\">\n<div class=\"gb-grid-column gb-grid-column-afd05a30\"><div class=\"gb-container gb-container-afd05a30\">\n\n<figure class=\"gb-block-image gb-block-image-fe5bad6f\"><a href=\"https:\/\/www.borromedien.de\/produkt-1994\/wilde_kirche\/14532828?partner_id=10001\" target=\"_blank\" rel=\"noopener noreferrer\"><img loading=\"lazy\" decoding=\"async\" width=\"256\" height=\"420\" class=\"gb-image gb-image-fe5bad6f\" src=\"https:\/\/test-wuwei.de\/orden\/wp-content\/uploads\/2025\/10\/7770034300001Z.jpg\" alt=\"Kirche, reformier dich\" title=\"7770034300001Z\" srcset=\"https:\/\/test-wuwei.de\/orden\/wp-content\/uploads\/2025\/10\/7770034300001Z.jpg 256w, https:\/\/test-wuwei.de\/orden\/wp-content\/uploads\/2025\/10\/7770034300001Z-183x300.jpg 183w\" sizes=\"auto, (max-width: 256px) 100vw, 256px\" \/><\/a><\/figure>\n\n<\/div><\/div>\n\n<div class=\"gb-grid-column gb-grid-column-f51f087a\"><div class=\"gb-container gb-container-f51f087a\">\n\n<div class=\"gb-headline gb-headline-aed709c9 gb-headline-text\">Kirche, reformiere dich!<\/div>\n\n\n\n<div class=\"gb-headline gb-headline-c1121b37 gb-headline-text\"><strong>Anst\u00f6\u00dfe aus den Orden<\/strong><\/div>\n\n\n\n<p>Krisenzeiten der Kirche sind Stunden der Kl\u00f6ster und Orden! In ihnen finden sich f\u00fcr viele konkrete Reformanliegen reichhaltige Erfahrungen: Ob es um die Kraft spiritueller Traditionen geht, um die Achtung der Kompetenzen von Frauen und um Formen der Teilhabe, um den relativen Wert von Strukturen, um Kirchesein in den Alltagswelten der Menschen und an der sozialen Peripherie, um neue Wege der Glaubenskommunikation u. a. m. &#8211; vieles wird hier bereits gelebt, was f\u00fcr die Kirche insgesamt fruchtbar gemacht werden kann. Prominente Ordensleute erschlie\u00dfen in diesem Buch diesen Erfahrungsschatzund geben so wichtige Anst\u00f6\u00dfe f\u00fcr die Erneuerung von Glaube und Kirche. Mit Beitr\u00e4gen von Hubert Wolf, Katharina Kluitmann, Klaus Mertes, Edith K\u00fcrpick, Katharina Ganz, Martin M. Lintner, Carmen Tatschmurat, Ulrich Engel, Anselm Gr\u00fcn, Franz Weber, Gabriela Zinkl, Wunibald M\u00fcller, Zacharias Heyes, Teresa Zukic, Alois (Fr\u00e8re), Ruth Pucher, Martin Werlen<\/p>\n\n\n\n<a class=\"gb-button gb-button-4374e6d8 gb-button-text button-standard\" href=\"https:\/\/www.borromedien.de\/produkt-1994\/kirche_reformiere_dich\/10703678?partner_id=10001\" target=\"_blank\" rel=\"noopener noreferrer\">Hier bestellen<\/a>\n\n<\/div><\/div>\n<\/div>\n<\/div>\n\n\n<p><\/p>\n","protected":false},"excerpt":{"rendered":"<p>Nachfolgend aufgef\u00fchrt finden Sie einige B\u00fccher, die \u00fcber das Ordensleben im Allgemeinen informieren. Zus\u00e4tzlich finden Sie die in unserer Zeitschrift Ordenskorrespondenz rezensierten B\u00fccher hier:<\/p>\n","protected":false},"author":3,"featured_media":3700,"parent":81,"menu_order":0,"comment_status":"closed","ping_status":"closed","template":"","meta":{"_acf_changed":false,"footnotes":""},"class_list":["post-3699","page","type-page","status-publish","has-post-thumbnail"],"acf":[],"yoast_head":"<!-- This site is optimized with the Yoast SEO plugin v26.3 - https:\/\/yoast.com\/wordpress\/plugins\/seo\/ -->\n<title>Buchtipps zum Ordensleben &#8211; Ordensgemeinschaften in Deutschland<\/title>\n<meta name=\"robots\" content=\"noindex, follow, max-snippet:-1, max-image-preview:large, max-video-preview:-1\" \/>\n<meta property=\"og:locale\" content=\"de_DE\" \/>\n<meta property=\"og:type\" content=\"article\" \/>\n<meta property=\"og:title\" content=\"Buchtipps zum Ordensleben &#8211; Ordensgemeinschaften in Deutschland\" \/>\n<meta property=\"og:description\" content=\"Nachfolgend aufgef\u00fchrt finden Sie einige B\u00fccher, die \u00fcber das Ordensleben im Allgemeinen informieren. Zus\u00e4tzlich finden Sie die in unserer Zeitschrift Ordenskorrespondenz rezensierten B\u00fccher hier:\" \/>\n<meta property=\"og:url\" content=\"https:\/\/test-wuwei.de\/orden\/taetigkeiten\/publikationen\/buchtipps-zum-ordensleben\/\" \/>\n<meta property=\"og:site_name\" content=\"Ordensgemeinschaften in Deutschland\" \/>\n<meta property=\"article:modified_time\" content=\"2025-10-31T11:47:39+00:00\" \/>\n<meta property=\"og:image\" content=\"https:\/\/test-wuwei.de\/orden\/wp-content\/uploads\/2025\/10\/csm_Wissenswertes_3_cedc89daeb.jpg\" \/>\n\t<meta property=\"og:image:width\" content=\"870\" \/>\n\t<meta property=\"og:image:height\" content=\"325\" \/>\n\t<meta property=\"og:image:type\" content=\"image\/jpeg\" \/>\n<meta name=\"twitter:card\" content=\"summary_large_image\" \/>\n<meta name=\"twitter:label1\" content=\"Gesch\u00e4tzte Lesezeit\" \/>\n\t<meta name=\"twitter:data1\" content=\"3\u00a0Minuten\" \/>\n<script type=\"application\/ld+json\" class=\"yoast-schema-graph\">{\"@context\":\"https:\/\/schema.org\",\"@graph\":[{\"@type\":\"WebPage\",\"@id\":\"https:\/\/test-wuwei.de\/orden\/taetigkeiten\/publikationen\/buchtipps-zum-ordensleben\/\",\"url\":\"https:\/\/test-wuwei.de\/orden\/taetigkeiten\/publikationen\/buchtipps-zum-ordensleben\/\",\"name\":\"Buchtipps zum Ordensleben &#8211; Ordensgemeinschaften in Deutschland\",\"isPartOf\":{\"@id\":\"https:\/\/test-wuwei.de\/orden\/#website\"},\"primaryImageOfPage\":{\"@id\":\"https:\/\/test-wuwei.de\/orden\/taetigkeiten\/publikationen\/buchtipps-zum-ordensleben\/#primaryimage\"},\"image\":{\"@id\":\"https:\/\/test-wuwei.de\/orden\/taetigkeiten\/publikationen\/buchtipps-zum-ordensleben\/#primaryimage\"},\"thumbnailUrl\":\"https:\/\/test-wuwei.de\/orden\/wp-content\/uploads\/2025\/10\/csm_Wissenswertes_3_cedc89daeb-e1761911302790.jpg\",\"datePublished\":\"2025-10-31T11:45:36+00:00\",\"dateModified\":\"2025-10-31T11:47:39+00:00\",\"breadcrumb\":{\"@id\":\"https:\/\/test-wuwei.de\/orden\/taetigkeiten\/publikationen\/buchtipps-zum-ordensleben\/#breadcrumb\"},\"inLanguage\":\"de\",\"potentialAction\":[{\"@type\":\"ReadAction\",\"target\":[\"https:\/\/test-wuwei.de\/orden\/taetigkeiten\/publikationen\/buchtipps-zum-ordensleben\/\"]}]},{\"@type\":\"ImageObject\",\"inLanguage\":\"de\",\"@id\":\"https:\/\/test-wuwei.de\/orden\/taetigkeiten\/publikationen\/buchtipps-zum-ordensleben\/#primaryimage\",\"url\":\"https:\/\/test-wuwei.de\/orden\/wp-content\/uploads\/2025\/10\/csm_Wissenswertes_3_cedc89daeb-e1761911302790.jpg\",\"contentUrl\":\"https:\/\/test-wuwei.de\/orden\/wp-content\/uploads\/2025\/10\/csm_Wissenswertes_3_cedc89daeb-e1761911302790.jpg\",\"width\":325,\"height\":325,\"caption\":\"Buchtipps\"},{\"@type\":\"BreadcrumbList\",\"@id\":\"https:\/\/test-wuwei.de\/orden\/taetigkeiten\/publikationen\/buchtipps-zum-ordensleben\/#breadcrumb\",\"itemListElement\":[{\"@type\":\"ListItem\",\"position\":1,\"name\":\"\ud83c\udfe0\ufe0e\",\"item\":\"https:\/\/test-wuwei.de\/orden\/\"},{\"@type\":\"ListItem\",\"position\":2,\"name\":\"Ordensleben\",\"item\":\"https:\/\/test-wuwei.de\/orden\/taetigkeiten\/\"},{\"@type\":\"ListItem\",\"position\":3,\"name\":\"Publikationen\",\"item\":\"https:\/\/test-wuwei.de\/orden\/taetigkeiten\/publikationen\/\"},{\"@type\":\"ListItem\",\"position\":4,\"name\":\"Buchtipps zum Ordensleben\"}]},{\"@type\":\"WebSite\",\"@id\":\"https:\/\/test-wuwei.de\/orden\/#website\",\"url\":\"https:\/\/test-wuwei.de\/orden\/\",\"name\":\"Ordensgemeinschaften in Deutschland\",\"description\":\"Deutsche Ordensobernkonferenz\",\"publisher\":{\"@id\":\"https:\/\/test-wuwei.de\/orden\/#organization\"},\"potentialAction\":[{\"@type\":\"SearchAction\",\"target\":{\"@type\":\"EntryPoint\",\"urlTemplate\":\"https:\/\/test-wuwei.de\/orden\/?s={search_term_string}\"},\"query-input\":{\"@type\":\"PropertyValueSpecification\",\"valueRequired\":true,\"valueName\":\"search_term_string\"}}],\"inLanguage\":\"de\"},{\"@type\":\"Organization\",\"@id\":\"https:\/\/test-wuwei.de\/orden\/#organization\",\"name\":\"Ordensgemeinschaften in Deutschland\",\"url\":\"https:\/\/test-wuwei.de\/orden\/\",\"logo\":{\"@type\":\"ImageObject\",\"inLanguage\":\"de\",\"@id\":\"https:\/\/test-wuwei.de\/orden\/#\/schema\/logo\/image\/\",\"url\":\"https:\/\/test-wuwei.de\/orden\/wp-content\/uploads\/2025\/07\/DOK_Logo_RGB_mit.jpg\",\"contentUrl\":\"https:\/\/test-wuwei.de\/orden\/wp-content\/uploads\/2025\/07\/DOK_Logo_RGB_mit.jpg\",\"width\":2480,\"height\":1748,\"caption\":\"Ordensgemeinschaften in Deutschland\"},\"image\":{\"@id\":\"https:\/\/test-wuwei.de\/orden\/#\/schema\/logo\/image\/\"}}]}<\/script>\n<!-- \/ Yoast SEO plugin. -->","yoast_head_json":{"title":"Buchtipps zum Ordensleben &#8211; Ordensgemeinschaften in Deutschland","robots":{"index":"noindex","follow":"follow","max-snippet":"max-snippet:-1","max-image-preview":"max-image-preview:large","max-video-preview":"max-video-preview:-1"},"og_locale":"de_DE","og_type":"article","og_title":"Buchtipps zum Ordensleben &#8211; Ordensgemeinschaften in Deutschland","og_description":"Nachfolgend aufgef\u00fchrt finden Sie einige B\u00fccher, die \u00fcber das Ordensleben im Allgemeinen informieren. Zus\u00e4tzlich finden Sie die in unserer Zeitschrift Ordenskorrespondenz rezensierten B\u00fccher hier:","og_url":"https:\/\/test-wuwei.de\/orden\/taetigkeiten\/publikationen\/buchtipps-zum-ordensleben\/","og_site_name":"Ordensgemeinschaften in Deutschland","article_modified_time":"2025-10-31T11:47:39+00:00","og_image":[{"width":870,"height":325,"url":"https:\/\/test-wuwei.de\/orden\/wp-content\/uploads\/2025\/10\/csm_Wissenswertes_3_cedc89daeb.jpg","type":"image\/jpeg"}],"twitter_card":"summary_large_image","twitter_misc":{"Gesch\u00e4tzte Lesezeit":"3\u00a0Minuten"},"schema":{"@context":"https:\/\/schema.org","@graph":[{"@type":"WebPage","@id":"https:\/\/test-wuwei.de\/orden\/taetigkeiten\/publikationen\/buchtipps-zum-ordensleben\/","url":"https:\/\/test-wuwei.de\/orden\/taetigkeiten\/publikationen\/buchtipps-zum-ordensleben\/","name":"Buchtipps zum Ordensleben &#8211; Ordensgemeinschaften in Deutschland","isPartOf":{"@id":"https:\/\/test-wuwei.de\/orden\/#website"},"primaryImageOfPage":{"@id":"https:\/\/test-wuwei.de\/orden\/taetigkeiten\/publikationen\/buchtipps-zum-ordensleben\/#primaryimage"},"image":{"@id":"https:\/\/test-wuwei.de\/orden\/taetigkeiten\/publikationen\/buchtipps-zum-ordensleben\/#primaryimage"},"thumbnailUrl":"https:\/\/test-wuwei.de\/orden\/wp-content\/uploads\/2025\/10\/csm_Wissenswertes_3_cedc89daeb-e1761911302790.jpg","datePublished":"2025-10-31T11:45:36+00:00","dateModified":"2025-10-31T11:47:39+00:00","breadcrumb":{"@id":"https:\/\/test-wuwei.de\/orden\/taetigkeiten\/publikationen\/buchtipps-zum-ordensleben\/#breadcrumb"},"inLanguage":"de","potentialAction":[{"@type":"ReadAction","target":["https:\/\/test-wuwei.de\/orden\/taetigkeiten\/publikationen\/buchtipps-zum-ordensleben\/"]}]},{"@type":"ImageObject","inLanguage":"de","@id":"https:\/\/test-wuwei.de\/orden\/taetigkeiten\/publikationen\/buchtipps-zum-ordensleben\/#primaryimage","url":"https:\/\/test-wuwei.de\/orden\/wp-content\/uploads\/2025\/10\/csm_Wissenswertes_3_cedc89daeb-e1761911302790.jpg","contentUrl":"https:\/\/test-wuwei.de\/orden\/wp-content\/uploads\/2025\/10\/csm_Wissenswertes_3_cedc89daeb-e1761911302790.jpg","width":325,"height":325,"caption":"Buchtipps"},{"@type":"BreadcrumbList","@id":"https:\/\/test-wuwei.de\/orden\/taetigkeiten\/publikationen\/buchtipps-zum-ordensleben\/#breadcrumb","itemListElement":[{"@type":"ListItem","position":1,"name":"\ud83c\udfe0\ufe0e","item":"https:\/\/test-wuwei.de\/orden\/"},{"@type":"ListItem","position":2,"name":"Ordensleben","item":"https:\/\/test-wuwei.de\/orden\/taetigkeiten\/"},{"@type":"ListItem","position":3,"name":"Publikationen","item":"https:\/\/test-wuwei.de\/orden\/taetigkeiten\/publikationen\/"},{"@type":"ListItem","position":4,"name":"Buchtipps zum Ordensleben"}]},{"@type":"WebSite","@id":"https:\/\/test-wuwei.de\/orden\/#website","url":"https:\/\/test-wuwei.de\/orden\/","name":"Ordensgemeinschaften in Deutschland","description":"Deutsche Ordensobernkonferenz","publisher":{"@id":"https:\/\/test-wuwei.de\/orden\/#organization"},"potentialAction":[{"@type":"SearchAction","target":{"@type":"EntryPoint","urlTemplate":"https:\/\/test-wuwei.de\/orden\/?s={search_term_string}"},"query-input":{"@type":"PropertyValueSpecification","valueRequired":true,"valueName":"search_term_string"}}],"inLanguage":"de"},{"@type":"Organization","@id":"https:\/\/test-wuwei.de\/orden\/#organization","name":"Ordensgemeinschaften in Deutschland","url":"https:\/\/test-wuwei.de\/orden\/","logo":{"@type":"ImageObject","inLanguage":"de","@id":"https:\/\/test-wuwei.de\/orden\/#\/schema\/logo\/image\/","url":"https:\/\/test-wuwei.de\/orden\/wp-content\/uploads\/2025\/07\/DOK_Logo_RGB_mit.jpg","contentUrl":"https:\/\/test-wuwei.de\/orden\/wp-content\/uploads\/2025\/07\/DOK_Logo_RGB_mit.jpg","width":2480,"height":1748,"caption":"Ordensgemeinschaften in Deutschland"},"image":{"@id":"https:\/\/test-wuwei.de\/orden\/#\/schema\/logo\/image\/"}}]}},"_links":{"self":[{"href":"https:\/\/test-wuwei.de\/orden\/wp-json\/wp\/v2\/pages\/3699","targetHints":{"allow":["GET"]}}],"collection":[{"href":"https:\/\/test-wuwei.de\/orden\/wp-json\/wp\/v2\/pages"}],"about":[{"href":"https:\/\/test-wuwei.de\/orden\/wp-json\/wp\/v2\/types\/page"}],"author":[{"embeddable":true,"href":"https:\/\/test-wuwei.de\/orden\/wp-json\/wp\/v2\/users\/3"}],"replies":[{"embeddable":true,"href":"https:\/\/test-wuwei.de\/orden\/wp-json\/wp\/v2\/comments?post=3699"}],"version-history":[{"count":2,"href":"https:\/\/test-wuwei.de\/orden\/wp-json\/wp\/v2\/pages\/3699\/revisions"}],"predecessor-version":[{"id":3706,"href":"https:\/\/test-wuwei.de\/orden\/wp-json\/wp\/v2\/pages\/3699\/revisions\/3706"}],"up":[{"embeddable":true,"href":"https:\/\/test-wuwei.de\/orden\/wp-json\/wp\/v2\/pages\/81"}],"wp:featuredmedia":[{"embeddable":true,"href":"https:\/\/test-wuwei.de\/orden\/wp-json\/wp\/v2\/media\/3700"}],"wp:attachment":[{"href":"https:\/\/test-wuwei.de\/orden\/wp-json\/wp\/v2\/media?parent=3699"}],"curies":[{"name":"wp","href":"https:\/\/api.w.org\/{rel}","templated":true}]}}