{"id":3537,"date":"2025-10-27T12:01:30","date_gmt":"2025-10-27T11:01:30","guid":{"rendered":"https:\/\/test-wuwei.de\/orden\/?page_id=3537"},"modified":"2026-02-09T16:03:36","modified_gmt":"2026-02-09T15:03:36","slug":"berufung-gottes-lebensprojekt-mit-uns","status":"publish","type":"page","link":"https:\/\/test-wuwei.de\/orden\/aktuelles\/themen\/berufung-gottes-lebensprojekt-mit-uns\/","title":{"rendered":"Berufung \u2013 Gottes Lebensprojekt mit uns (2018)"},"content":{"rendered":"\n<p class=\"has-medium-font-size\"><strong>Die Frage nach der Berufung ist entscheidend f\u00fcr junge Menschen, die dar\u00fcber nachdenken, den Weg in eine Ordensgemeinschaft einzuschlagen. Doch es geht um mehr. Ordensgemeinschaften machen deutlich: Die Frage nach der eigenen Berufung geht jeden Menschen an! Denn wir alle stehen vor der Frage: Wo will ich hin, mit meinem Leben?<\/strong><\/p>\n\n\n\n<p>&#8222;Berufung &#8211; Gottes Lebensprojekt mit uns&#8220; war das Schwerpunktthema von orden.de im Herbst 2018. Wir haben damit ein Thema aufgegriffen, das Papst Franziskus gesetzt hat: Im Oktober 2018 fand im Vatikan eine Bischofssynode statt. Inhalt war: \u201eDie Jugendlichen, der Glaube und die Berufungsentscheidung\u201c. Damit r\u00fcckte der Papst das Anliegen in den Blick, das den Ordensgemeinschaften \u201eauf den N\u00e4geln brennt\u201c.&nbsp;<\/p>\n\n\n\n<h2 class=\"gb-headline gb-headline-da95ffcc gb-headline-text\">Orientierungsbaukasten \u2013 F\u00fcr deine Berufung<\/h2>\n\n\n\n<p>Die AGBO \u2013 Arbeitsgemeinschaft Berufungspastoral der Orden wandte sich mit einem &#8222;Orientierungsbaukasten&#8220; an &nbsp;jungen Menschen zwischen 20 und 40. Ordensleute aus ganz unterschiedlichen Gemeinschaften&nbsp; &#8211; u.a. Franziskaner\/-innen, Dominikanerinnen, Ritaschwestern, Augustiner Chorfrauen \u2013 fanden sich zusammen und entwickelten einen Baukasten f\u00fcrs Leben.<\/p>\n\n\n\n<p><strong><em>Glauben vertiefen und sich orientieren<\/em><\/strong><\/p>\n\n\n\n<p>lautete das Motto der sechs Veranstaltungen, die in verschiedenen Teilen Deutschlands stattfanden. Es ging um wichtige Fragen wie: &#8222;Welchen Sehns\u00fcchten folge ich?&#8220;, &#8222;Wie sieht mein Plan f\u00fcrs Lebens aus?&#8220; &#8222;Wo liegen meine St\u00e4rken?&#8220; &#8222;Wie ist das mit den Glaubensdingen?&#8220;<\/p>\n\n\n\n<h2 class=\"gb-headline gb-headline-97fe0057 gb-headline-text\">Berufung: Ordensleute antworten im Video<\/h2>\n\n\n\n<p>Was k\u00f6nnen wir tun, um unserer Berufung nachzusp\u00fcren? Und was bewegt Menschen dazu, in eine Ordensgemeinschaft einzutreten und dort Jesus Christus nachzufolgen? Wir haben Schwestern, Br\u00fcder und Patres in kurzen Videointerviews danach gefragt, wie es ist, zum Ordensleben berufen zu sein. Die Blickwinkel und Antworten, die wir erhalten haben, sind so vielf\u00e4ltig, wie das Ordensleben selbst. In den n\u00e4chsten Monaten stellen wir jede Woche ein neues Video online.<\/p>\n\n\n\n<a class=\"gb-button gb-button-a84f8bd2 gb-button-text button-standard\" href=\"https:\/\/www.orden.de\/aktuelles\/themen\/berufung-gottes-lebensprojekt-mit-uns\/berufung-ordensleute-antworten\/\" target=\"_blank\" rel=\"noopener noreferrer\">Zu den Videos<\/a>\n\n\n\n<h2 class=\"gb-headline gb-headline-bd492991 gb-headline-text\"><strong>#synodenblog<\/strong><br>P. Johannes Kaufmann SDB kommentiert die Jugendsynode 2018<\/h2>\n\n\n\n<p>Pater Johannes Kaufmann SDB ist Feuer und Flamme f\u00fcr die Jugendarbeit. F\u00fcr orden.de kommentiert er die vatikanische Synode zum Thema &#8222;Jugend, Glaube, Berufung&#8220;. Der Ordensmann ist Provinzbeauftragter f\u00fcr die Jugend- und Berufungspastoral der Salesianer. Seine Passion: benachteiligten Kindern und Jugendlichen Platz f\u00fcr Tr\u00e4ume zu geben und ihnen neue Horizonte zu erschlie\u00dfen. Pater Johannes sieht seine Aufgabe darin, \u201edurch Ideen, Aktionen und verschiedene Impulse mitzuhelfen, dass der Geist Don Boscos, seine Liebe zu den jungen Menschen in all unserem Tun lebendig ist. Es gilt also, dieses salesianische Feuer der Liebe immer neu anzufachen\u201c. <a href=\"https:\/\/www.orden.de\/aktuelles\/themen\/berufung-gottes-lebensprojekt-mit-uns\/synodenblog\/\">Zum Blog&#8230;<\/a><\/p>\n\n\n\n<h2 class=\"gb-headline gb-headline-9dbf129c gb-headline-text\">Stellungnahme der DOK zur Jugendsynode<\/h2>\n\n\n\n<p>Im Oktober 2018 findet die XV. Ordentliche Generalversammlung der Bischofssynode statt. Sie steht unter dem Thema \u201eDie Jugendlichen, der Glaube und die Berufungsunterscheidung\u201c. \u00c4hnlich wie zur Vorbereitung der Bischofssynode 2015 zur Familienthematik wurde von Papst Franziskus ein weltweiter Konsultationsprozess eingeleitet. Auch die Deutsche Ordensobernkonferenz hat sich daran beteiligt und&nbsp; Mitte Oktober eine Stellungnahme an den Generalsekret\u00e4r der Synode, Lorenzo Kardinal Baldisseri \u00fcbersandt.<\/p>\n\n\n<div class=\"gb-container gb-container-d129827d\">\n<div class=\"gb-grid-wrapper gb-grid-wrapper-ce080940\">\n<div class=\"gb-grid-column gb-grid-column-9350b72b\"><div class=\"gb-container gb-container-9350b72b\">\n\n<figure class=\"wp-block-image size-full is-style-rounded\"><img loading=\"lazy\" decoding=\"async\" width=\"2560\" height=\"2560\" src=\"https:\/\/test-wuwei.de\/orden\/wp-content\/uploads\/2025\/07\/Dokument-scaled.png\" alt=\"\" class=\"wp-image-224\" srcset=\"https:\/\/test-wuwei.de\/orden\/wp-content\/uploads\/2025\/07\/Dokument-scaled.png 2560w, https:\/\/test-wuwei.de\/orden\/wp-content\/uploads\/2025\/07\/Dokument-150x150.png 150w, https:\/\/test-wuwei.de\/orden\/wp-content\/uploads\/2025\/07\/Dokument-300x300.png 300w, https:\/\/test-wuwei.de\/orden\/wp-content\/uploads\/2025\/07\/Dokument-768x768.png 768w, https:\/\/test-wuwei.de\/orden\/wp-content\/uploads\/2025\/07\/Dokument-1024x1024.png 1024w, https:\/\/test-wuwei.de\/orden\/wp-content\/uploads\/2025\/07\/Dokument-1536x1536.png 1536w, https:\/\/test-wuwei.de\/orden\/wp-content\/uploads\/2025\/07\/Dokument-2048x2048.png 2048w, https:\/\/test-wuwei.de\/orden\/wp-content\/uploads\/2025\/07\/Dokument-600x600.png 600w\" sizes=\"auto, (max-width: 2560px) 100vw, 2560px\" \/><\/figure>\n\n<\/div><\/div>\n\n<div class=\"gb-grid-column gb-grid-column-e43f19f7\"><div class=\"gb-container gb-container-e43f19f7\">\n\n<p class=\"gb-headline gb-headline-ee25d129 gb-headline-text\"><a href=\"https:\/\/test-wuwei.de\/orden\/wp-content\/uploads\/2025\/10\/DOK-Stellungnahme_zur_Bischofssynode_2018.pdf\" target=\"_blank\" rel=\"noreferrer noopener\">Stellungnahme zur Deutschen Ordensobernkonferenz<\/a><\/p>\n\n<\/div><\/div>\n<\/div>\n<\/div>\n\n\n<h2 class=\"gb-headline gb-headline-ed8f2a3c gb-headline-text\">Ordensleute bei der internationalen Ministrantenwallfahrt<\/h2>\n\n\n\n<p>Ab Sonntag, 29. Juli, findet die internationale Ministrantenwallfahrt statt. F\u00fcr 50.000 Ministranten geht es nach Rom. Rund 20 Ordensleute der DOK-Arbeitsgemeinschaft Berufungspastoral werden als Ansprechpartner vor Ort sein und die Ministrantenwallfahrt mit verschiedenen Angeboten begleiten.<\/p>\n\n\n\n<p>In kleinen Teams werden die Ordensleute auf dem Petersplatz, vor dem Pantheon, auf der Piazza Venezia, an Santa Maria Maggiore und auf der Piazza Martin Lutero pr\u00e4sent sein. Neben dem Gespr\u00e4chsangebot wollen die Ordensleute &#8222;Wegweiser&#8220; sein, bieten Erfrischung und weiterf\u00fchrende Infos an.<\/p>\n\n\n\n<p>Tags\u00fcber werden die Ordensfrauen und -m\u00e4nner au\u00dferdem in der deutschen Kirche in Rom, Santa Maria dell&#8217;Anima, zu finden sein. Hier wird es einen Ort des Willkommens mit einem kleinen, kostenlosen Snack geben, es werden Gebetszeiten angeboten und zeitweise stehen Ordenspriester f\u00fcr Beichtgespr\u00e4che zur Verf\u00fcgung. Die Ordensleute machen deutlich: Wir sind ansprechbar, wenn es um Fragen f\u00fcr das eigene Leben geht. Ordensleben kann ein Leben in F\u00fclle sein.<\/p>\n\n\n\n<p>F\u00fcr orden.de wird Schwester Regina Greefrath, Augustiner Chorfrau aus Essen, von der internationalen Ministrantenwallfahrt auf Instagram aus Rom berichten. <\/p>\n\n\n\n<a class=\"gb-button gb-button-f2463c1a gb-button-text button-standard\" href=\"https:\/\/www.instagram.com\/orden.de\/\" target=\"_blank\" rel=\"noopener noreferrer\">orden.de auf Instagram<\/a>\n\n\n\n<h2 class=\"gb-headline gb-headline-d44a26fc gb-headline-text\">Aktuelle Meldungen zum Thema Berufung<\/h2>\n\n\n\n<div class=\"gb-grid-wrapper gb-grid-wrapper-07d1a332 gb-query-loop-wrapper\">\n<div class=\"gb-grid-column gb-grid-column-f7c0b2d6 gb-query-loop-item post-632 meldung type-meldung status-publish has-post-thumbnail hentry category-thema-berufung\"><div class=\"gb-container gb-container-f7c0b2d6\">\n<div class=\"gb-grid-wrapper gb-grid-wrapper-8ad5ccf8\">\n<div class=\"gb-grid-column gb-grid-column-e70058a5\"><div class=\"gb-container gb-container-e70058a5\">\n<figure class=\"gb-block-image gb-block-image-4dc8c8e2\"><a href=\"https:\/\/test-wuwei.de\/orden\/meldung\/die-bedeutung-der-affektivitaet-fuer-die-berufungspastoral\/\"><img loading=\"lazy\" decoding=\"async\" width=\"600\" height=\"600\" src=\"https:\/\/test-wuwei.de\/orden\/wp-content\/uploads\/2025\/08\/csm_2024agbo_vorstand_5f724c093c-600x600.jpg\" class=\"gb-image-4dc8c8e2\" alt=\"\" srcset=\"https:\/\/test-wuwei.de\/orden\/wp-content\/uploads\/2025\/08\/csm_2024agbo_vorstand_5f724c093c-600x600.jpg 600w, https:\/\/test-wuwei.de\/orden\/wp-content\/uploads\/2025\/08\/csm_2024agbo_vorstand_5f724c093c-150x150.jpg 150w, https:\/\/test-wuwei.de\/orden\/wp-content\/uploads\/2025\/08\/csm_2024agbo_vorstand_5f724c093c-300x300.jpg 300w, https:\/\/test-wuwei.de\/orden\/wp-content\/uploads\/2025\/08\/csm_2024agbo_vorstand_5f724c093c.jpg 120w\" sizes=\"auto, (max-width: 600px) 100vw, 600px\" \/><\/a><\/figure>\n<\/div><\/div>\n\n<div class=\"gb-grid-column gb-grid-column-78f2c770\"><div class=\"gb-container gb-container-78f2c770\">\n<div class=\"gb-headline gb-headline-fb3ec89b gb-headline-text\"><time class=\"entry-date published\" datetime=\"2024-02-21T09:00:00+01:00\">21. Februar 2024<\/time><\/div>\n\n<div class=\"gb-headline gb-headline-f40af86e gb-headline-text\"><a href=\"https:\/\/test-wuwei.de\/orden\/meldung\/die-bedeutung-der-affektivitaet-fuer-die-berufungspastoral\/\">Die Bedeutung der &#8222;Affektivit\u00e4t&#8220; f\u00fcr die Berufungspastoral<\/a><\/div>\n\n<div class=\"gb-headline gb-headline-80663b17 gb-headline-text\"><a href=\"https:\/\/test-wuwei.de\/orden\/meldung\/die-bedeutung-der-affektivitaet-fuer-die-berufungspastoral\/\">35 Ordensleute aus 27 Gemeinschaften bei der Jahreskonferenz der Arbeitsgemeinschaft f\u00fcr Berufungspastoral &#8211; AGBO w\u00e4hlt neuen Vorstand<\/a><\/div>\n<\/div><\/div>\n<\/div>\n<\/div><\/div>\n\n<div class=\"gb-grid-column gb-grid-column-f7c0b2d6 gb-query-loop-item post-771 meldung type-meldung status-publish has-post-thumbnail hentry category-thema-berufung\"><div class=\"gb-container gb-container-f7c0b2d6\">\n<div class=\"gb-grid-wrapper gb-grid-wrapper-8ad5ccf8\">\n<div class=\"gb-grid-column gb-grid-column-e70058a5\"><div class=\"gb-container gb-container-e70058a5\">\n<figure class=\"gb-block-image gb-block-image-4dc8c8e2\"><a href=\"https:\/\/test-wuwei.de\/orden\/meldung\/berufungspastoral-braucht-begleitung\/\"><img loading=\"lazy\" decoding=\"async\" width=\"600\" height=\"600\" src=\"https:\/\/test-wuwei.de\/orden\/wp-content\/uploads\/2025\/08\/csm_agbo02.23q_4e6a304315-600x600.jpg\" class=\"gb-image-4dc8c8e2\" alt=\"\" srcset=\"https:\/\/test-wuwei.de\/orden\/wp-content\/uploads\/2025\/08\/csm_agbo02.23q_4e6a304315-600x600.jpg 600w, https:\/\/test-wuwei.de\/orden\/wp-content\/uploads\/2025\/08\/csm_agbo02.23q_4e6a304315-150x150.jpg 150w, https:\/\/test-wuwei.de\/orden\/wp-content\/uploads\/2025\/08\/csm_agbo02.23q_4e6a304315-300x300.jpg 300w, https:\/\/test-wuwei.de\/orden\/wp-content\/uploads\/2025\/08\/csm_agbo02.23q_4e6a304315.jpg 120w\" sizes=\"auto, (max-width: 600px) 100vw, 600px\" \/><\/a><\/figure>\n<\/div><\/div>\n\n<div class=\"gb-grid-column gb-grid-column-78f2c770\"><div class=\"gb-container gb-container-78f2c770\">\n<div class=\"gb-headline gb-headline-fb3ec89b gb-headline-text\"><time class=\"entry-date published\" datetime=\"2023-02-24T09:00:00+01:00\">24. Februar 2023<\/time><\/div>\n\n<div class=\"gb-headline gb-headline-f40af86e gb-headline-text\"><a href=\"https:\/\/test-wuwei.de\/orden\/meldung\/berufungspastoral-braucht-begleitung\/\">Berufungspastoral braucht Begleitung<\/a><\/div>\n\n<div class=\"gb-headline gb-headline-80663b17 gb-headline-text\"><a href=\"https:\/\/test-wuwei.de\/orden\/meldung\/berufungspastoral-braucht-begleitung\/\">Jahreskonferenz der Arbeitsgemeinschaft zur Berufungspastoral der Orden (AGBO) im St. Bonifatiuskloster in H\u00fcnfeld Mehr als 40 Ordensleute aus \u00fcber 30 &#8230;<\/a><\/div>\n<\/div><\/div>\n<\/div>\n<\/div><\/div>\n<\/div>\n\n<div class=\"gb-container gb-container-78f33076 gb-query-loop-pagination\">\n\n\n\n\n\n<\/div>\n","protected":false},"excerpt":{"rendered":"<p>Die Frage nach der Berufung ist entscheidend f\u00fcr junge Menschen, die dar\u00fcber nachdenken, den Weg in eine Ordensgemeinschaft einzuschlagen. Doch es geht um mehr. Ordensgemeinschaften machen deutlich: Die Frage nach der eigenen Berufung geht jeden Menschen an! Denn wir alle stehen vor der Frage: Wo will ich hin, mit meinem Leben? &#8222;Berufung &#8211; Gottes Lebensprojekt &#8230; <\/p>\n<p class=\"read-more-container\"><a title=\"Berufung \u2013 Gottes Lebensprojekt mit uns (2018)\" class=\"read-more button\" href=\"https:\/\/test-wuwei.de\/orden\/aktuelles\/themen\/berufung-gottes-lebensprojekt-mit-uns\/#more-3537\" aria-label=\"Mehr Informationen \u00fcber Berufung \u2013 Gottes Lebensprojekt mit uns (2018)\">weiterlesen<\/a><\/p>\n","protected":false},"author":3,"featured_media":3579,"parent":56,"menu_order":0,"comment_status":"closed","ping_status":"closed","template":"","meta":{"_acf_changed":false,"footnotes":""},"class_list":["post-3537","page","type-page","status-publish","has-post-thumbnail"],"acf":[],"yoast_head":"<!-- This site is optimized with the Yoast SEO plugin v26.3 - https:\/\/yoast.com\/wordpress\/plugins\/seo\/ -->\n<title>Berufung \u2013 Gottes Lebensprojekt mit uns (2018) &#8211; Ordensgemeinschaften in Deutschland<\/title>\n<meta name=\"robots\" content=\"noindex, follow, max-snippet:-1, max-image-preview:large, max-video-preview:-1\" \/>\n<meta property=\"og:locale\" content=\"de_DE\" \/>\n<meta property=\"og:type\" content=\"article\" \/>\n<meta property=\"og:title\" content=\"Berufung \u2013 Gottes Lebensprojekt mit uns (2018) &#8211; Ordensgemeinschaften in Deutschland\" \/>\n<meta property=\"og:description\" content=\"Die Frage nach der Berufung ist entscheidend f\u00fcr junge Menschen, die dar\u00fcber nachdenken, den Weg in eine Ordensgemeinschaft einzuschlagen. Doch es geht um mehr. Ordensgemeinschaften machen deutlich: Die Frage nach der eigenen Berufung geht jeden Menschen an! Denn wir alle stehen vor der Frage: Wo will ich hin, mit meinem Leben? &#8222;Berufung &#8211; Gottes Lebensprojekt ... weiterlesen\" \/>\n<meta property=\"og:url\" content=\"https:\/\/test-wuwei.de\/orden\/aktuelles\/themen\/berufung-gottes-lebensprojekt-mit-uns\/\" \/>\n<meta property=\"og:site_name\" content=\"Ordensgemeinschaften in Deutschland\" \/>\n<meta property=\"article:modified_time\" content=\"2026-02-09T15:03:36+00:00\" \/>\n<meta property=\"og:image\" content=\"https:\/\/test-wuwei.de\/orden\/wp-content\/uploads\/2025\/10\/csm_Titelbild_Berufung_woman-2827304-pixabay_CC0_7a6672c9d6.jpg\" \/>\n\t<meta property=\"og:image:width\" content=\"870\" \/>\n\t<meta property=\"og:image:height\" content=\"325\" \/>\n\t<meta property=\"og:image:type\" content=\"image\/jpeg\" \/>\n<meta name=\"twitter:card\" content=\"summary_large_image\" \/>\n<meta name=\"twitter:label1\" content=\"Gesch\u00e4tzte Lesezeit\" \/>\n\t<meta name=\"twitter:data1\" content=\"4\u00a0Minuten\" \/>\n<script type=\"application\/ld+json\" class=\"yoast-schema-graph\">{\"@context\":\"https:\/\/schema.org\",\"@graph\":[{\"@type\":\"WebPage\",\"@id\":\"https:\/\/test-wuwei.de\/orden\/aktuelles\/themen\/berufung-gottes-lebensprojekt-mit-uns\/\",\"url\":\"https:\/\/test-wuwei.de\/orden\/aktuelles\/themen\/berufung-gottes-lebensprojekt-mit-uns\/\",\"name\":\"Berufung \u2013 Gottes Lebensprojekt mit uns (2018) &#8211; Ordensgemeinschaften in Deutschland\",\"isPartOf\":{\"@id\":\"https:\/\/test-wuwei.de\/orden\/#website\"},\"primaryImageOfPage\":{\"@id\":\"https:\/\/test-wuwei.de\/orden\/aktuelles\/themen\/berufung-gottes-lebensprojekt-mit-uns\/#primaryimage\"},\"image\":{\"@id\":\"https:\/\/test-wuwei.de\/orden\/aktuelles\/themen\/berufung-gottes-lebensprojekt-mit-uns\/#primaryimage\"},\"thumbnailUrl\":\"https:\/\/test-wuwei.de\/orden\/wp-content\/uploads\/2025\/10\/csm_Titelbild_Berufung_woman-2827304-pixabay_CC0_7a6672c9d6.jpg\",\"datePublished\":\"2025-10-27T11:01:30+00:00\",\"dateModified\":\"2026-02-09T15:03:36+00:00\",\"breadcrumb\":{\"@id\":\"https:\/\/test-wuwei.de\/orden\/aktuelles\/themen\/berufung-gottes-lebensprojekt-mit-uns\/#breadcrumb\"},\"inLanguage\":\"de\",\"potentialAction\":[{\"@type\":\"ReadAction\",\"target\":[\"https:\/\/test-wuwei.de\/orden\/aktuelles\/themen\/berufung-gottes-lebensprojekt-mit-uns\/\"]}]},{\"@type\":\"ImageObject\",\"inLanguage\":\"de\",\"@id\":\"https:\/\/test-wuwei.de\/orden\/aktuelles\/themen\/berufung-gottes-lebensprojekt-mit-uns\/#primaryimage\",\"url\":\"https:\/\/test-wuwei.de\/orden\/wp-content\/uploads\/2025\/10\/csm_Titelbild_Berufung_woman-2827304-pixabay_CC0_7a6672c9d6.jpg\",\"contentUrl\":\"https:\/\/test-wuwei.de\/orden\/wp-content\/uploads\/2025\/10\/csm_Titelbild_Berufung_woman-2827304-pixabay_CC0_7a6672c9d6.jpg\",\"width\":870,\"height\":325,\"caption\":\"Frau geht auf einem Weg\"},{\"@type\":\"BreadcrumbList\",\"@id\":\"https:\/\/test-wuwei.de\/orden\/aktuelles\/themen\/berufung-gottes-lebensprojekt-mit-uns\/#breadcrumb\",\"itemListElement\":[{\"@type\":\"ListItem\",\"position\":1,\"name\":\"\ud83c\udfe0\ufe0e\",\"item\":\"https:\/\/test-wuwei.de\/orden\/\"},{\"@type\":\"ListItem\",\"position\":2,\"name\":\"Aktuelle Meldungen\",\"item\":\"https:\/\/test-wuwei.de\/orden\/aktuelles\/\"},{\"@type\":\"ListItem\",\"position\":3,\"name\":\"Themen\",\"item\":\"https:\/\/test-wuwei.de\/orden\/aktuelles\/themen\/\"},{\"@type\":\"ListItem\",\"position\":4,\"name\":\"Berufung \u2013 Gottes Lebensprojekt mit uns (2018)\"}]},{\"@type\":\"WebSite\",\"@id\":\"https:\/\/test-wuwei.de\/orden\/#website\",\"url\":\"https:\/\/test-wuwei.de\/orden\/\",\"name\":\"Ordensgemeinschaften in Deutschland\",\"description\":\"Deutsche Ordensobernkonferenz\",\"publisher\":{\"@id\":\"https:\/\/test-wuwei.de\/orden\/#organization\"},\"potentialAction\":[{\"@type\":\"SearchAction\",\"target\":{\"@type\":\"EntryPoint\",\"urlTemplate\":\"https:\/\/test-wuwei.de\/orden\/?s={search_term_string}\"},\"query-input\":{\"@type\":\"PropertyValueSpecification\",\"valueRequired\":true,\"valueName\":\"search_term_string\"}}],\"inLanguage\":\"de\"},{\"@type\":\"Organization\",\"@id\":\"https:\/\/test-wuwei.de\/orden\/#organization\",\"name\":\"Ordensgemeinschaften in Deutschland\",\"url\":\"https:\/\/test-wuwei.de\/orden\/\",\"logo\":{\"@type\":\"ImageObject\",\"inLanguage\":\"de\",\"@id\":\"https:\/\/test-wuwei.de\/orden\/#\/schema\/logo\/image\/\",\"url\":\"https:\/\/test-wuwei.de\/orden\/wp-content\/uploads\/2025\/07\/DOK_Logo_RGB_mit.jpg\",\"contentUrl\":\"https:\/\/test-wuwei.de\/orden\/wp-content\/uploads\/2025\/07\/DOK_Logo_RGB_mit.jpg\",\"width\":2480,\"height\":1748,\"caption\":\"Ordensgemeinschaften in Deutschland\"},\"image\":{\"@id\":\"https:\/\/test-wuwei.de\/orden\/#\/schema\/logo\/image\/\"}}]}<\/script>\n<!-- \/ Yoast SEO plugin. -->","yoast_head_json":{"title":"Berufung \u2013 Gottes Lebensprojekt mit uns (2018) &#8211; Ordensgemeinschaften in Deutschland","robots":{"index":"noindex","follow":"follow","max-snippet":"max-snippet:-1","max-image-preview":"max-image-preview:large","max-video-preview":"max-video-preview:-1"},"og_locale":"de_DE","og_type":"article","og_title":"Berufung \u2013 Gottes Lebensprojekt mit uns (2018) &#8211; Ordensgemeinschaften in Deutschland","og_description":"Die Frage nach der Berufung ist entscheidend f\u00fcr junge Menschen, die dar\u00fcber nachdenken, den Weg in eine Ordensgemeinschaft einzuschlagen. Doch es geht um mehr. Ordensgemeinschaften machen deutlich: Die Frage nach der eigenen Berufung geht jeden Menschen an! Denn wir alle stehen vor der Frage: Wo will ich hin, mit meinem Leben? &#8222;Berufung &#8211; Gottes Lebensprojekt ... weiterlesen","og_url":"https:\/\/test-wuwei.de\/orden\/aktuelles\/themen\/berufung-gottes-lebensprojekt-mit-uns\/","og_site_name":"Ordensgemeinschaften in Deutschland","article_modified_time":"2026-02-09T15:03:36+00:00","og_image":[{"width":870,"height":325,"url":"https:\/\/test-wuwei.de\/orden\/wp-content\/uploads\/2025\/10\/csm_Titelbild_Berufung_woman-2827304-pixabay_CC0_7a6672c9d6.jpg","type":"image\/jpeg"}],"twitter_card":"summary_large_image","twitter_misc":{"Gesch\u00e4tzte Lesezeit":"4\u00a0Minuten"},"schema":{"@context":"https:\/\/schema.org","@graph":[{"@type":"WebPage","@id":"https:\/\/test-wuwei.de\/orden\/aktuelles\/themen\/berufung-gottes-lebensprojekt-mit-uns\/","url":"https:\/\/test-wuwei.de\/orden\/aktuelles\/themen\/berufung-gottes-lebensprojekt-mit-uns\/","name":"Berufung \u2013 Gottes Lebensprojekt mit uns (2018) &#8211; Ordensgemeinschaften in Deutschland","isPartOf":{"@id":"https:\/\/test-wuwei.de\/orden\/#website"},"primaryImageOfPage":{"@id":"https:\/\/test-wuwei.de\/orden\/aktuelles\/themen\/berufung-gottes-lebensprojekt-mit-uns\/#primaryimage"},"image":{"@id":"https:\/\/test-wuwei.de\/orden\/aktuelles\/themen\/berufung-gottes-lebensprojekt-mit-uns\/#primaryimage"},"thumbnailUrl":"https:\/\/test-wuwei.de\/orden\/wp-content\/uploads\/2025\/10\/csm_Titelbild_Berufung_woman-2827304-pixabay_CC0_7a6672c9d6.jpg","datePublished":"2025-10-27T11:01:30+00:00","dateModified":"2026-02-09T15:03:36+00:00","breadcrumb":{"@id":"https:\/\/test-wuwei.de\/orden\/aktuelles\/themen\/berufung-gottes-lebensprojekt-mit-uns\/#breadcrumb"},"inLanguage":"de","potentialAction":[{"@type":"ReadAction","target":["https:\/\/test-wuwei.de\/orden\/aktuelles\/themen\/berufung-gottes-lebensprojekt-mit-uns\/"]}]},{"@type":"ImageObject","inLanguage":"de","@id":"https:\/\/test-wuwei.de\/orden\/aktuelles\/themen\/berufung-gottes-lebensprojekt-mit-uns\/#primaryimage","url":"https:\/\/test-wuwei.de\/orden\/wp-content\/uploads\/2025\/10\/csm_Titelbild_Berufung_woman-2827304-pixabay_CC0_7a6672c9d6.jpg","contentUrl":"https:\/\/test-wuwei.de\/orden\/wp-content\/uploads\/2025\/10\/csm_Titelbild_Berufung_woman-2827304-pixabay_CC0_7a6672c9d6.jpg","width":870,"height":325,"caption":"Frau geht auf einem Weg"},{"@type":"BreadcrumbList","@id":"https:\/\/test-wuwei.de\/orden\/aktuelles\/themen\/berufung-gottes-lebensprojekt-mit-uns\/#breadcrumb","itemListElement":[{"@type":"ListItem","position":1,"name":"\ud83c\udfe0\ufe0e","item":"https:\/\/test-wuwei.de\/orden\/"},{"@type":"ListItem","position":2,"name":"Aktuelle Meldungen","item":"https:\/\/test-wuwei.de\/orden\/aktuelles\/"},{"@type":"ListItem","position":3,"name":"Themen","item":"https:\/\/test-wuwei.de\/orden\/aktuelles\/themen\/"},{"@type":"ListItem","position":4,"name":"Berufung \u2013 Gottes Lebensprojekt mit uns (2018)"}]},{"@type":"WebSite","@id":"https:\/\/test-wuwei.de\/orden\/#website","url":"https:\/\/test-wuwei.de\/orden\/","name":"Ordensgemeinschaften in Deutschland","description":"Deutsche Ordensobernkonferenz","publisher":{"@id":"https:\/\/test-wuwei.de\/orden\/#organization"},"potentialAction":[{"@type":"SearchAction","target":{"@type":"EntryPoint","urlTemplate":"https:\/\/test-wuwei.de\/orden\/?s={search_term_string}"},"query-input":{"@type":"PropertyValueSpecification","valueRequired":true,"valueName":"search_term_string"}}],"inLanguage":"de"},{"@type":"Organization","@id":"https:\/\/test-wuwei.de\/orden\/#organization","name":"Ordensgemeinschaften in Deutschland","url":"https:\/\/test-wuwei.de\/orden\/","logo":{"@type":"ImageObject","inLanguage":"de","@id":"https:\/\/test-wuwei.de\/orden\/#\/schema\/logo\/image\/","url":"https:\/\/test-wuwei.de\/orden\/wp-content\/uploads\/2025\/07\/DOK_Logo_RGB_mit.jpg","contentUrl":"https:\/\/test-wuwei.de\/orden\/wp-content\/uploads\/2025\/07\/DOK_Logo_RGB_mit.jpg","width":2480,"height":1748,"caption":"Ordensgemeinschaften in Deutschland"},"image":{"@id":"https:\/\/test-wuwei.de\/orden\/#\/schema\/logo\/image\/"}}]}},"_links":{"self":[{"href":"https:\/\/test-wuwei.de\/orden\/wp-json\/wp\/v2\/pages\/3537","targetHints":{"allow":["GET"]}}],"collection":[{"href":"https:\/\/test-wuwei.de\/orden\/wp-json\/wp\/v2\/pages"}],"about":[{"href":"https:\/\/test-wuwei.de\/orden\/wp-json\/wp\/v2\/types\/page"}],"author":[{"embeddable":true,"href":"https:\/\/test-wuwei.de\/orden\/wp-json\/wp\/v2\/users\/3"}],"replies":[{"embeddable":true,"href":"https:\/\/test-wuwei.de\/orden\/wp-json\/wp\/v2\/comments?post=3537"}],"version-history":[{"count":8,"href":"https:\/\/test-wuwei.de\/orden\/wp-json\/wp\/v2\/pages\/3537\/revisions"}],"predecessor-version":[{"id":5173,"href":"https:\/\/test-wuwei.de\/orden\/wp-json\/wp\/v2\/pages\/3537\/revisions\/5173"}],"up":[{"embeddable":true,"href":"https:\/\/test-wuwei.de\/orden\/wp-json\/wp\/v2\/pages\/56"}],"wp:featuredmedia":[{"embeddable":true,"href":"https:\/\/test-wuwei.de\/orden\/wp-json\/wp\/v2\/media\/3579"}],"wp:attachment":[{"href":"https:\/\/test-wuwei.de\/orden\/wp-json\/wp\/v2\/media?parent=3537"}],"curies":[{"name":"wp","href":"https:\/\/api.w.org\/{rel}","templated":true}]}}