{"id":34,"date":"2025-07-17T10:49:58","date_gmt":"2025-07-17T08:49:58","guid":{"rendered":"https:\/\/test-wuwei.de\/orden\/?page_id=34"},"modified":"2025-10-31T10:23:24","modified_gmt":"2025-10-31T09:23:24","slug":"aufgaben-einrichtungen","status":"publish","type":"page","link":"https:\/\/test-wuwei.de\/orden\/ueber-die-dok\/aufgaben-einrichtungen\/","title":{"rendered":"Aufgaben &amp; Einrichtungen"},"content":{"rendered":"<div class=\"gb-grid-wrapper gb-grid-wrapper-ce5de9d6\">\n<div class=\"gb-grid-column gb-grid-column-7f7561af\"><div class=\"gb-container gb-container-7f7561af\"><a class=\"gb-container-link\" href=\"https:\/\/test-wuwei.de\/orden\/ueber-die-dok\/aufgaben-einrichtungen\/foerderung-von-missionskraeften\/\" aria-label=\"\u00d6ffnet die Seite &quot;F\u00f6rderung der Missionskr\u00e4fte&quot;\"><\/a>\n\n<figure class=\"gb-block-image gb-block-image-91074fa0\"><img loading=\"lazy\" decoding=\"async\" width=\"370\" height=\"370\" class=\"gb-image gb-image-91074fa0\" src=\"https:\/\/test-wuwei.de\/orden\/wp-content\/uploads\/2025\/08\/csm_pfingsten_b65ca80990.jpg\" alt=\"F\u00f6rderung von Missionskr\u00e4ften\" title=\"Csm Pfingsten B65ca80990\" srcset=\"https:\/\/test-wuwei.de\/orden\/wp-content\/uploads\/2025\/08\/csm_pfingsten_b65ca80990.jpg 370w, https:\/\/test-wuwei.de\/orden\/wp-content\/uploads\/2025\/08\/csm_pfingsten_b65ca80990-600x600.jpg 600w, https:\/\/test-wuwei.de\/orden\/wp-content\/uploads\/2025\/08\/csm_pfingsten_b65ca80990-150x150.jpg 150w, https:\/\/test-wuwei.de\/orden\/wp-content\/uploads\/2025\/08\/csm_pfingsten_b65ca80990-300x300.jpg 300w\" sizes=\"auto, (max-width: 370px) 100vw, 370px\" \/><\/figure>\n\n\n\n<p class=\"gb-headline gb-headline-eb882d38 gb-headline-text\">F\u00f6rderung von Missionskr\u00e4ften<\/p>\n\n\n\n<span class=\"gb-button gb-button-fa3a551a gb-button-text button-rund\">\u2192<\/span>\n\n<\/div><\/div>\n\n<div class=\"gb-grid-column gb-grid-column-330c975b\"><div class=\"gb-container gb-container-330c975b\"><a class=\"gb-container-link\" href=\"http:\/\/ruach.orden.de\" rel=\"noopener noreferrer\" target=\"_blank\"><\/a>\n\n<figure class=\"gb-block-image gb-block-image-47231c91\"><img loading=\"lazy\" decoding=\"async\" width=\"370\" height=\"370\" class=\"gb-image gb-image-47231c91\" src=\"https:\/\/test-wuwei.de\/orden\/wp-content\/uploads\/2025\/08\/csm_Buecher2_0cf856a40a.jpg\" alt=\"RUACH\" title=\"SONY DSC\" srcset=\"https:\/\/test-wuwei.de\/orden\/wp-content\/uploads\/2025\/08\/csm_Buecher2_0cf856a40a.jpg 370w, https:\/\/test-wuwei.de\/orden\/wp-content\/uploads\/2025\/08\/csm_Buecher2_0cf856a40a-600x600.jpg 600w, https:\/\/test-wuwei.de\/orden\/wp-content\/uploads\/2025\/08\/csm_Buecher2_0cf856a40a-150x150.jpg 150w, https:\/\/test-wuwei.de\/orden\/wp-content\/uploads\/2025\/08\/csm_Buecher2_0cf856a40a-300x300.jpg 300w\" sizes=\"auto, (max-width: 370px) 100vw, 370px\" \/><\/figure>\n\n\n\n<p class=\"gb-headline gb-headline-3e1c285a gb-headline-text\">RUACH (\u2197)<\/p>\n\n\n\n<span class=\"gb-button gb-button-f3ad1f90 gb-button-text button-rund\" target=\"_blank\" rel=\"noopener noreferrer\">\u2192<\/span>\n\n<\/div><\/div>\n\n<div class=\"gb-grid-column gb-grid-column-c5e017a2\"><div class=\"gb-container gb-container-c5e017a2\"><a class=\"gb-container-link\" href=\"https:\/\/test-wuwei.de\/orden\/ueber-die-dok\/aufgaben-einrichtungen\/schlichtungsstelle\/\" aria-label=\"\u00d6ffnet die Seite &quot;Schlichtungsstelle&quot;\"><\/a>\n\n<figure class=\"gb-block-image gb-block-image-b745b2e6\"><img loading=\"lazy\" decoding=\"async\" width=\"370\" height=\"370\" class=\"gb-image gb-image-b745b2e6\" src=\"https:\/\/test-wuwei.de\/orden\/wp-content\/uploads\/2025\/08\/csm_Schlichtungsstelle_d6d1cd65f6.jpg\" alt=\"Schlichtungsstelle\" title=\"Csm Schlichtungsstelle D6d1cd65f6\" srcset=\"https:\/\/test-wuwei.de\/orden\/wp-content\/uploads\/2025\/08\/csm_Schlichtungsstelle_d6d1cd65f6.jpg 370w, https:\/\/test-wuwei.de\/orden\/wp-content\/uploads\/2025\/08\/csm_Schlichtungsstelle_d6d1cd65f6-600x600.jpg 600w, https:\/\/test-wuwei.de\/orden\/wp-content\/uploads\/2025\/08\/csm_Schlichtungsstelle_d6d1cd65f6-150x150.jpg 150w, https:\/\/test-wuwei.de\/orden\/wp-content\/uploads\/2025\/08\/csm_Schlichtungsstelle_d6d1cd65f6-300x300.jpg 300w\" sizes=\"auto, (max-width: 370px) 100vw, 370px\" \/><\/figure>\n\n\n\n<p class=\"gb-headline gb-headline-c8a5b2d9 gb-headline-text\">Schlichtungsstelle<\/p>\n\n\n\n<span class=\"gb-button gb-button-05b4b05c gb-button-text button-rund\">\u2192<\/span>\n\n<\/div><\/div>\n\n<div class=\"gb-grid-column gb-grid-column-5064fcb8\"><div class=\"gb-container gb-container-5064fcb8\"><a class=\"gb-container-link\" href=\"https:\/\/test-wuwei.de\/orden\/ordenskorrespondenz\/\"><\/a>\n\n<figure class=\"gb-block-image gb-block-image-148b499a\"><img loading=\"lazy\" decoding=\"async\" width=\"370\" height=\"370\" class=\"gb-image gb-image-148b499a\" src=\"https:\/\/test-wuwei.de\/orden\/wp-content\/uploads\/2025\/08\/csm_Ordenskorrespondez_b10b8d3aa1.jpg\" alt=\"Ordenskorrespondenz\" title=\"Csm Ordenskorrespondez B10b8d3aa1\" srcset=\"https:\/\/test-wuwei.de\/orden\/wp-content\/uploads\/2025\/08\/csm_Ordenskorrespondez_b10b8d3aa1.jpg 370w, https:\/\/test-wuwei.de\/orden\/wp-content\/uploads\/2025\/08\/csm_Ordenskorrespondez_b10b8d3aa1-600x600.jpg 600w, https:\/\/test-wuwei.de\/orden\/wp-content\/uploads\/2025\/08\/csm_Ordenskorrespondez_b10b8d3aa1-150x150.jpg 150w, https:\/\/test-wuwei.de\/orden\/wp-content\/uploads\/2025\/08\/csm_Ordenskorrespondez_b10b8d3aa1-300x300.jpg 300w\" sizes=\"auto, (max-width: 370px) 100vw, 370px\" \/><\/figure>\n\n\n\n<p class=\"gb-headline gb-headline-ca882b15 gb-headline-text\">Ordenskorrespondenz<\/p>\n\n\n\n<span class=\"gb-button gb-button-a655fae0 gb-button-text button-rund\" target=\"_blank\" rel=\"noopener noreferrer\">\u2192<\/span>\n\n<\/div><\/div>\n\n<div class=\"gb-grid-column gb-grid-column-7d4df6fb\"><div class=\"gb-container gb-container-7d4df6fb\"><a class=\"gb-container-link\" href=\"https:\/\/www.ordensjahr.de\/\" aria-label=\"\u00d6ffnet die Seite Ordensjahr.de\" rel=\"noopener noreferrer\" target=\"_blank\"><\/a>\n\n<figure class=\"gb-block-image gb-block-image-bb4bc1dd\"><img loading=\"lazy\" decoding=\"async\" width=\"370\" height=\"370\" class=\"gb-image gb-image-bb4bc1dd\" src=\"https:\/\/test-wuwei.de\/orden\/wp-content\/uploads\/2025\/08\/csm_Titelbild_Ordensjahr_Themenseite_476befd913.jpg\" alt=\"Nimm dir Zeit f\u00fcr dich\" title=\"Csm Titelbild Ordensjahr Themenseite 476befd913\" srcset=\"https:\/\/test-wuwei.de\/orden\/wp-content\/uploads\/2025\/08\/csm_Titelbild_Ordensjahr_Themenseite_476befd913.jpg 370w, https:\/\/test-wuwei.de\/orden\/wp-content\/uploads\/2025\/08\/csm_Titelbild_Ordensjahr_Themenseite_476befd913-600x600.jpg 600w, https:\/\/test-wuwei.de\/orden\/wp-content\/uploads\/2025\/08\/csm_Titelbild_Ordensjahr_Themenseite_476befd913-150x150.jpg 150w, https:\/\/test-wuwei.de\/orden\/wp-content\/uploads\/2025\/08\/csm_Titelbild_Ordensjahr_Themenseite_476befd913-300x300.jpg 300w\" sizes=\"auto, (max-width: 370px) 100vw, 370px\" \/><\/figure>\n\n\n\n<p class=\"gb-headline gb-headline-8713a83b gb-headline-text\">Freiwilliges Ordensjahr (\u2197) <\/p>\n\n\n\n<span class=\"gb-button gb-button-b9e44448 gb-button-text button-rund\">\u2192<\/span>\n\n<\/div><\/div>\n\n<div class=\"gb-grid-column gb-grid-column-df72719b\"><div class=\"gb-container gb-container-df72719b\"><a class=\"gb-container-link\" href=\"https:\/\/test-wuwei.de\/orden\/ueber-die-dok\/aufgaben-einrichtungen\/gemeinsamer-ordensdatenschutz-beauftragter-dok\/\" aria-label=\"\u00d6ffnet Seite zu den Gemeinsamen Datenschutzbeauftragten\"><\/a>\n\n<figure class=\"gb-block-image gb-block-image-f0056cda\"><img loading=\"lazy\" decoding=\"async\" width=\"370\" height=\"370\" class=\"gb-image gb-image-f0056cda\" src=\"https:\/\/test-wuwei.de\/orden\/wp-content\/uploads\/2025\/08\/csm_Datenschutz_1db9bb8d07.jpg\" alt=\"Gemeinsamer Ordens-Datenschutzbeauftragter DOK\" title=\"Csm Datenschutz 1db9bb8d07\" srcset=\"https:\/\/test-wuwei.de\/orden\/wp-content\/uploads\/2025\/08\/csm_Datenschutz_1db9bb8d07.jpg 370w, https:\/\/test-wuwei.de\/orden\/wp-content\/uploads\/2025\/08\/csm_Datenschutz_1db9bb8d07-600x600.jpg 600w, https:\/\/test-wuwei.de\/orden\/wp-content\/uploads\/2025\/08\/csm_Datenschutz_1db9bb8d07-150x150.jpg 150w, https:\/\/test-wuwei.de\/orden\/wp-content\/uploads\/2025\/08\/csm_Datenschutz_1db9bb8d07-300x300.jpg 300w\" sizes=\"auto, (max-width: 370px) 100vw, 370px\" \/><\/figure>\n\n\n\n<p class=\"gb-headline gb-headline-e588e26b gb-headline-text\">Gemeinsamer Ordens-Datenschutzbeauftragter DOK<\/p>\n\n\n\n<span class=\"gb-button gb-button-aaa5a97d gb-button-text button-rund\" target=\"_blank\" rel=\"noopener noreferrer\">\u2192<\/span>\n\n<\/div><\/div>\n\n<div class=\"gb-grid-column gb-grid-column-b349c09e\"><div class=\"gb-container gb-container-b349c09e\"><a class=\"gb-container-link\" href=\"https:\/\/test-wuwei.de\/orden\/ueber-die-dok\/aufgaben-einrichtungen\/ordensnetzwerk-alternde-gemeinschaften\/\" aria-label=\"\u00d6ffnet Seite zum Ordensnetzwerk alternde Gemeinschaften\"><\/a>\n\n<figure class=\"gb-block-image gb-block-image-61fbf0d2\"><img loading=\"lazy\" decoding=\"async\" width=\"370\" height=\"370\" class=\"gb-image gb-image-61fbf0d2\" src=\"https:\/\/test-wuwei.de\/orden\/wp-content\/uploads\/2025\/08\/csm_Ordensnetzwerk_19f276f088.jpg\" alt=\"Ordensnetzwerk &quot;alternde Gemeinschaften&quot;\" title=\"Csm Ordensnetzwerk 19f276f088\" srcset=\"https:\/\/test-wuwei.de\/orden\/wp-content\/uploads\/2025\/08\/csm_Ordensnetzwerk_19f276f088.jpg 370w, https:\/\/test-wuwei.de\/orden\/wp-content\/uploads\/2025\/08\/csm_Ordensnetzwerk_19f276f088-600x600.jpg 600w, https:\/\/test-wuwei.de\/orden\/wp-content\/uploads\/2025\/08\/csm_Ordensnetzwerk_19f276f088-150x150.jpg 150w, https:\/\/test-wuwei.de\/orden\/wp-content\/uploads\/2025\/08\/csm_Ordensnetzwerk_19f276f088-300x300.jpg 300w\" sizes=\"auto, (max-width: 370px) 100vw, 370px\" \/><\/figure>\n\n\n\n<p class=\"gb-headline gb-headline-8b5d4ab3 gb-headline-text\">Ordensnetzwerk &#8222;alternde Gemeinschaften&#8220;<\/p>\n\n\n\n<span class=\"gb-button gb-button-b7348417 gb-button-text button-rund\" target=\"_blank\" rel=\"noopener noreferrer\">\u2192<\/span>\n\n<\/div><\/div>\n\n<div class=\"gb-grid-column gb-grid-column-c1754cf6\"><div class=\"gb-container gb-container-c1754cf6\"><a class=\"gb-container-link\" href=\"https:\/\/meldeplattform.orden.de\/\" aria-label=\"\u00d6ffnet die externe Seite &quot;Meldeplattform&quot;\" rel=\"noopener noreferrer\" target=\"_blank\"><\/a>\n\n<figure class=\"gb-block-image gb-block-image-ef43de47\"><img loading=\"lazy\" decoding=\"async\" width=\"370\" height=\"370\" class=\"gb-image gb-image-ef43de47\" src=\"https:\/\/test-wuwei.de\/orden\/wp-content\/uploads\/2025\/08\/csm_Ordensleben_69601a09a9.jpg\" alt=\"Meldeplattform\" title=\"Csm Ordensleben 69601a09a9\" srcset=\"https:\/\/test-wuwei.de\/orden\/wp-content\/uploads\/2025\/08\/csm_Ordensleben_69601a09a9.jpg 370w, https:\/\/test-wuwei.de\/orden\/wp-content\/uploads\/2025\/08\/csm_Ordensleben_69601a09a9-600x600.jpg 600w, https:\/\/test-wuwei.de\/orden\/wp-content\/uploads\/2025\/08\/csm_Ordensleben_69601a09a9-150x150.jpg 150w, https:\/\/test-wuwei.de\/orden\/wp-content\/uploads\/2025\/08\/csm_Ordensleben_69601a09a9-300x300.jpg 300w\" sizes=\"auto, (max-width: 370px) 100vw, 370px\" \/><\/figure>\n\n\n\n<p class=\"gb-headline gb-headline-d3929346 gb-headline-text\">Meldeplattform (\u2197)<\/p>\n\n\n\n<span class=\"gb-button gb-button-e95360ba gb-button-text button-rund\" target=\"_blank\" rel=\"noopener noreferrer\">\u2192<\/span>\n\n<\/div><\/div>\n\n<div class=\"gb-grid-column gb-grid-column-c8c0fd51\"><div class=\"gb-container gb-container-c8c0fd51\"><a class=\"gb-container-link\" href=\"https:\/\/test-wuwei.de\/orden\/aktuelles\/themen\/sexualisierte-gewalt-gegen-minderjaehrige\/\" rel=\"noopener noreferrer\" target=\"_blank\"><\/a>\n\n<figure class=\"gb-block-image gb-block-image-bdcc49d2\"><img loading=\"lazy\" decoding=\"async\" width=\"370\" height=\"370\" class=\"gb-image gb-image-bdcc49d2\" src=\"https:\/\/test-wuwei.de\/orden\/wp-content\/uploads\/2025\/10\/csm_Sexualisierte_Gewalt_Kachel_5266816a2a.jpeg\" alt=\"Sexualisierte Gewalt gegen Minderj\u00e4hrige\" title=\"SONY DSC\" srcset=\"https:\/\/test-wuwei.de\/orden\/wp-content\/uploads\/2025\/10\/csm_Sexualisierte_Gewalt_Kachel_5266816a2a.jpeg 370w, https:\/\/test-wuwei.de\/orden\/wp-content\/uploads\/2025\/10\/csm_Sexualisierte_Gewalt_Kachel_5266816a2a-300x300.jpeg 300w, https:\/\/test-wuwei.de\/orden\/wp-content\/uploads\/2025\/10\/csm_Sexualisierte_Gewalt_Kachel_5266816a2a-150x150.jpeg 150w, https:\/\/test-wuwei.de\/orden\/wp-content\/uploads\/2025\/10\/csm_Sexualisierte_Gewalt_Kachel_5266816a2a-600x600.jpeg 600w\" sizes=\"auto, (max-width: 370px) 100vw, 370px\" \/><\/figure>\n\n\n\n<p class=\"gb-headline gb-headline-29ae421e gb-headline-text\">Sexualisierte Gewalt gegen Minderj\u00e4hrige<\/p>\n\n\n\n<span class=\"gb-button gb-button-12285436 gb-button-text button-rund\">\u279c<\/span>\n\n<\/div><\/div>\n\n<div class=\"gb-grid-column gb-grid-column-1265329d\"><div class=\"gb-container gb-container-1265329d\"><a class=\"gb-container-link\" href=\"https:\/\/test-wuwei.de\/orden\/ueber-die-dok\/aufgaben-einrichtungen\/die-archive-der-dok\/\" aria-label=\"\u00d6ffnet Seite zum Ordensnetzwerk alternde Gemeinschaften\"><\/a>\n\n<figure class=\"gb-block-image gb-block-image-9a41ae16\"><img loading=\"lazy\" decoding=\"async\" width=\"325\" height=\"325\" class=\"gb-image gb-image-9a41ae16\" src=\"https:\/\/test-wuwei.de\/orden\/wp-content\/uploads\/2025\/10\/csm_Archiv_3e9cf3fbb3-1-e1761902455585.jpg\" alt=\"Archive der Deutschen Oberenkonferenz\" title=\"Csm Archiv 3e9cf3fbb3\" srcset=\"https:\/\/test-wuwei.de\/orden\/wp-content\/uploads\/2025\/10\/csm_Archiv_3e9cf3fbb3-1-e1761902455585.jpg 325w, https:\/\/test-wuwei.de\/orden\/wp-content\/uploads\/2025\/10\/csm_Archiv_3e9cf3fbb3-1-e1761902455585-300x300.jpg 300w, https:\/\/test-wuwei.de\/orden\/wp-content\/uploads\/2025\/10\/csm_Archiv_3e9cf3fbb3-1-e1761902455585-150x150.jpg 150w, https:\/\/test-wuwei.de\/orden\/wp-content\/uploads\/2025\/10\/csm_Archiv_3e9cf3fbb3-1-e1761902455585-600x600.jpg 600w\" sizes=\"auto, (max-width: 325px) 100vw, 325px\" \/><\/figure>\n\n\n\n<p class=\"gb-headline gb-headline-720b6ff1 gb-headline-text\">Archive der DOK<\/p>\n\n\n\n<span class=\"gb-button gb-button-e6bebafa gb-button-text button-rund\" target=\"_blank\" rel=\"noopener noreferrer\">\u2192<\/span>\n\n<\/div><\/div>\n<\/div>","protected":false},"excerpt":{"rendered":"","protected":false},"author":3,"featured_media":0,"parent":26,"menu_order":0,"comment_status":"closed","ping_status":"closed","template":"","meta":{"_acf_changed":false,"footnotes":""},"class_list":["post-34","page","type-page","status-publish"],"acf":[],"yoast_head":"<!-- This site is optimized with the Yoast SEO plugin v26.3 - https:\/\/yoast.com\/wordpress\/plugins\/seo\/ -->\n<title>Aufgaben &amp; Einrichtungen &#8211; Ordensgemeinschaften in Deutschland<\/title>\n<meta name=\"robots\" content=\"noindex, follow, max-snippet:-1, max-image-preview:large, max-video-preview:-1\" \/>\n<meta property=\"og:locale\" content=\"de_DE\" \/>\n<meta property=\"og:type\" content=\"article\" \/>\n<meta property=\"og:title\" content=\"Aufgaben &amp; Einrichtungen &#8211; Ordensgemeinschaften in Deutschland\" \/>\n<meta property=\"og:url\" content=\"https:\/\/test-wuwei.de\/orden\/ueber-die-dok\/aufgaben-einrichtungen\/\" \/>\n<meta property=\"og:site_name\" content=\"Ordensgemeinschaften in Deutschland\" \/>\n<meta property=\"article:modified_time\" content=\"2025-10-31T09:23:24+00:00\" \/>\n<meta property=\"og:image\" content=\"https:\/\/test-wuwei.de\/orden\/wp-content\/uploads\/2025\/08\/csm_pfingsten_b65ca80990.jpg\" \/>\n<meta name=\"twitter:card\" content=\"summary_large_image\" \/>\n<meta name=\"twitter:label1\" content=\"Gesch\u00e4tzte Lesezeit\" \/>\n\t<meta name=\"twitter:data1\" content=\"3\u00a0Minuten\" \/>\n<script type=\"application\/ld+json\" class=\"yoast-schema-graph\">{\"@context\":\"https:\/\/schema.org\",\"@graph\":[{\"@type\":\"WebPage\",\"@id\":\"https:\/\/test-wuwei.de\/orden\/ueber-die-dok\/aufgaben-einrichtungen\/\",\"url\":\"https:\/\/test-wuwei.de\/orden\/ueber-die-dok\/aufgaben-einrichtungen\/\",\"name\":\"Aufgaben &amp; Einrichtungen &#8211; Ordensgemeinschaften in Deutschland\",\"isPartOf\":{\"@id\":\"https:\/\/test-wuwei.de\/orden\/#website\"},\"primaryImageOfPage\":{\"@id\":\"https:\/\/test-wuwei.de\/orden\/ueber-die-dok\/aufgaben-einrichtungen\/#primaryimage\"},\"image\":{\"@id\":\"https:\/\/test-wuwei.de\/orden\/ueber-die-dok\/aufgaben-einrichtungen\/#primaryimage\"},\"thumbnailUrl\":\"https:\/\/test-wuwei.de\/orden\/wp-content\/uploads\/2025\/08\/csm_pfingsten_b65ca80990.jpg\",\"datePublished\":\"2025-07-17T08:49:58+00:00\",\"dateModified\":\"2025-10-31T09:23:24+00:00\",\"breadcrumb\":{\"@id\":\"https:\/\/test-wuwei.de\/orden\/ueber-die-dok\/aufgaben-einrichtungen\/#breadcrumb\"},\"inLanguage\":\"de\",\"potentialAction\":[{\"@type\":\"ReadAction\",\"target\":[\"https:\/\/test-wuwei.de\/orden\/ueber-die-dok\/aufgaben-einrichtungen\/\"]}]},{\"@type\":\"ImageObject\",\"inLanguage\":\"de\",\"@id\":\"https:\/\/test-wuwei.de\/orden\/ueber-die-dok\/aufgaben-einrichtungen\/#primaryimage\",\"url\":\"https:\/\/test-wuwei.de\/orden\/wp-content\/uploads\/2025\/08\/csm_pfingsten_b65ca80990.jpg\",\"contentUrl\":\"https:\/\/test-wuwei.de\/orden\/wp-content\/uploads\/2025\/08\/csm_pfingsten_b65ca80990.jpg\",\"width\":370,\"height\":370,\"caption\":\"F\u00f6rderung von Missionskr\u00e4ften\"},{\"@type\":\"BreadcrumbList\",\"@id\":\"https:\/\/test-wuwei.de\/orden\/ueber-die-dok\/aufgaben-einrichtungen\/#breadcrumb\",\"itemListElement\":[{\"@type\":\"ListItem\",\"position\":1,\"name\":\"\ud83c\udfe0\ufe0e\",\"item\":\"https:\/\/test-wuwei.de\/orden\/\"},{\"@type\":\"ListItem\",\"position\":2,\"name\":\"\u00dcber die Deutsche Ordensgemeinschaft\",\"item\":\"https:\/\/test-wuwei.de\/orden\/ueber-die-dok\/\"},{\"@type\":\"ListItem\",\"position\":3,\"name\":\"Aufgaben &amp; Einrichtungen\"}]},{\"@type\":\"WebSite\",\"@id\":\"https:\/\/test-wuwei.de\/orden\/#website\",\"url\":\"https:\/\/test-wuwei.de\/orden\/\",\"name\":\"Ordensgemeinschaften in Deutschland\",\"description\":\"Deutsche Ordensobernkonferenz\",\"publisher\":{\"@id\":\"https:\/\/test-wuwei.de\/orden\/#organization\"},\"potentialAction\":[{\"@type\":\"SearchAction\",\"target\":{\"@type\":\"EntryPoint\",\"urlTemplate\":\"https:\/\/test-wuwei.de\/orden\/?s={search_term_string}\"},\"query-input\":{\"@type\":\"PropertyValueSpecification\",\"valueRequired\":true,\"valueName\":\"search_term_string\"}}],\"inLanguage\":\"de\"},{\"@type\":\"Organization\",\"@id\":\"https:\/\/test-wuwei.de\/orden\/#organization\",\"name\":\"Ordensgemeinschaften in Deutschland\",\"url\":\"https:\/\/test-wuwei.de\/orden\/\",\"logo\":{\"@type\":\"ImageObject\",\"inLanguage\":\"de\",\"@id\":\"https:\/\/test-wuwei.de\/orden\/#\/schema\/logo\/image\/\",\"url\":\"https:\/\/test-wuwei.de\/orden\/wp-content\/uploads\/2025\/07\/DOK_Logo_RGB_mit.jpg\",\"contentUrl\":\"https:\/\/test-wuwei.de\/orden\/wp-content\/uploads\/2025\/07\/DOK_Logo_RGB_mit.jpg\",\"width\":2480,\"height\":1748,\"caption\":\"Ordensgemeinschaften in Deutschland\"},\"image\":{\"@id\":\"https:\/\/test-wuwei.de\/orden\/#\/schema\/logo\/image\/\"}}]}<\/script>\n<!-- \/ Yoast SEO plugin. -->","yoast_head_json":{"title":"Aufgaben &amp; Einrichtungen &#8211; Ordensgemeinschaften in Deutschland","robots":{"index":"noindex","follow":"follow","max-snippet":"max-snippet:-1","max-image-preview":"max-image-preview:large","max-video-preview":"max-video-preview:-1"},"og_locale":"de_DE","og_type":"article","og_title":"Aufgaben &amp; Einrichtungen &#8211; Ordensgemeinschaften in Deutschland","og_url":"https:\/\/test-wuwei.de\/orden\/ueber-die-dok\/aufgaben-einrichtungen\/","og_site_name":"Ordensgemeinschaften in Deutschland","article_modified_time":"2025-10-31T09:23:24+00:00","og_image":[{"url":"https:\/\/test-wuwei.de\/orden\/wp-content\/uploads\/2025\/08\/csm_pfingsten_b65ca80990.jpg","type":"","width":"","height":""}],"twitter_card":"summary_large_image","twitter_misc":{"Gesch\u00e4tzte Lesezeit":"3\u00a0Minuten"},"schema":{"@context":"https:\/\/schema.org","@graph":[{"@type":"WebPage","@id":"https:\/\/test-wuwei.de\/orden\/ueber-die-dok\/aufgaben-einrichtungen\/","url":"https:\/\/test-wuwei.de\/orden\/ueber-die-dok\/aufgaben-einrichtungen\/","name":"Aufgaben &amp; Einrichtungen &#8211; Ordensgemeinschaften in Deutschland","isPartOf":{"@id":"https:\/\/test-wuwei.de\/orden\/#website"},"primaryImageOfPage":{"@id":"https:\/\/test-wuwei.de\/orden\/ueber-die-dok\/aufgaben-einrichtungen\/#primaryimage"},"image":{"@id":"https:\/\/test-wuwei.de\/orden\/ueber-die-dok\/aufgaben-einrichtungen\/#primaryimage"},"thumbnailUrl":"https:\/\/test-wuwei.de\/orden\/wp-content\/uploads\/2025\/08\/csm_pfingsten_b65ca80990.jpg","datePublished":"2025-07-17T08:49:58+00:00","dateModified":"2025-10-31T09:23:24+00:00","breadcrumb":{"@id":"https:\/\/test-wuwei.de\/orden\/ueber-die-dok\/aufgaben-einrichtungen\/#breadcrumb"},"inLanguage":"de","potentialAction":[{"@type":"ReadAction","target":["https:\/\/test-wuwei.de\/orden\/ueber-die-dok\/aufgaben-einrichtungen\/"]}]},{"@type":"ImageObject","inLanguage":"de","@id":"https:\/\/test-wuwei.de\/orden\/ueber-die-dok\/aufgaben-einrichtungen\/#primaryimage","url":"https:\/\/test-wuwei.de\/orden\/wp-content\/uploads\/2025\/08\/csm_pfingsten_b65ca80990.jpg","contentUrl":"https:\/\/test-wuwei.de\/orden\/wp-content\/uploads\/2025\/08\/csm_pfingsten_b65ca80990.jpg","width":370,"height":370,"caption":"F\u00f6rderung von Missionskr\u00e4ften"},{"@type":"BreadcrumbList","@id":"https:\/\/test-wuwei.de\/orden\/ueber-die-dok\/aufgaben-einrichtungen\/#breadcrumb","itemListElement":[{"@type":"ListItem","position":1,"name":"\ud83c\udfe0\ufe0e","item":"https:\/\/test-wuwei.de\/orden\/"},{"@type":"ListItem","position":2,"name":"\u00dcber die Deutsche Ordensgemeinschaft","item":"https:\/\/test-wuwei.de\/orden\/ueber-die-dok\/"},{"@type":"ListItem","position":3,"name":"Aufgaben &amp; Einrichtungen"}]},{"@type":"WebSite","@id":"https:\/\/test-wuwei.de\/orden\/#website","url":"https:\/\/test-wuwei.de\/orden\/","name":"Ordensgemeinschaften in Deutschland","description":"Deutsche Ordensobernkonferenz","publisher":{"@id":"https:\/\/test-wuwei.de\/orden\/#organization"},"potentialAction":[{"@type":"SearchAction","target":{"@type":"EntryPoint","urlTemplate":"https:\/\/test-wuwei.de\/orden\/?s={search_term_string}"},"query-input":{"@type":"PropertyValueSpecification","valueRequired":true,"valueName":"search_term_string"}}],"inLanguage":"de"},{"@type":"Organization","@id":"https:\/\/test-wuwei.de\/orden\/#organization","name":"Ordensgemeinschaften in Deutschland","url":"https:\/\/test-wuwei.de\/orden\/","logo":{"@type":"ImageObject","inLanguage":"de","@id":"https:\/\/test-wuwei.de\/orden\/#\/schema\/logo\/image\/","url":"https:\/\/test-wuwei.de\/orden\/wp-content\/uploads\/2025\/07\/DOK_Logo_RGB_mit.jpg","contentUrl":"https:\/\/test-wuwei.de\/orden\/wp-content\/uploads\/2025\/07\/DOK_Logo_RGB_mit.jpg","width":2480,"height":1748,"caption":"Ordensgemeinschaften in Deutschland"},"image":{"@id":"https:\/\/test-wuwei.de\/orden\/#\/schema\/logo\/image\/"}}]}},"_links":{"self":[{"href":"https:\/\/test-wuwei.de\/orden\/wp-json\/wp\/v2\/pages\/34","targetHints":{"allow":["GET"]}}],"collection":[{"href":"https:\/\/test-wuwei.de\/orden\/wp-json\/wp\/v2\/pages"}],"about":[{"href":"https:\/\/test-wuwei.de\/orden\/wp-json\/wp\/v2\/types\/page"}],"author":[{"embeddable":true,"href":"https:\/\/test-wuwei.de\/orden\/wp-json\/wp\/v2\/users\/3"}],"replies":[{"embeddable":true,"href":"https:\/\/test-wuwei.de\/orden\/wp-json\/wp\/v2\/comments?post=34"}],"version-history":[{"count":9,"href":"https:\/\/test-wuwei.de\/orden\/wp-json\/wp\/v2\/pages\/34\/revisions"}],"predecessor-version":[{"id":3631,"href":"https:\/\/test-wuwei.de\/orden\/wp-json\/wp\/v2\/pages\/34\/revisions\/3631"}],"up":[{"embeddable":true,"href":"https:\/\/test-wuwei.de\/orden\/wp-json\/wp\/v2\/pages\/26"}],"wp:attachment":[{"href":"https:\/\/test-wuwei.de\/orden\/wp-json\/wp\/v2\/media?parent=34"}],"curies":[{"name":"wp","href":"https:\/\/api.w.org\/{rel}","templated":true}]}}