{"id":32,"date":"2025-07-17T10:49:26","date_gmt":"2025-07-17T08:49:26","guid":{"rendered":"https:\/\/test-wuwei.de\/orden\/?page_id=32"},"modified":"2025-11-20T15:20:02","modified_gmt":"2025-11-20T14:20:02","slug":"generalsekretariat","status":"publish","type":"page","link":"https:\/\/test-wuwei.de\/orden\/ueber-die-dok\/generalsekretariat\/","title":{"rendered":"Generalsekretariat"},"content":{"rendered":"\n<p>Die Gesch\u00e4ftsstelle der Deutschen Ordensobernkonferenz befindet sich im DOK-Generalsekretariat in Bonn.<\/p>\n\n\n\n<h2 class=\"gb-headline gb-headline-6c8e74be gb-headline-text\">Unsere Adresse<\/h2>\n\n\n\n<p>Deutsche Ordensobernkonferenz<br>Wittelsbacherring 9<br>53115 BONN<br>Tel.: 0228\/68449-0<br>Fax.: 0228\/68449-44<\/p>\n\n\n\n<p>Schreiben Sie uns <a href=\"https:\/\/test-wuwei.de\/orden\/kontakt\/\">hier<\/a>.<\/p>\n\n\n\n<p><\/p>\n\n\n\n<h2 class=\"gb-headline gb-headline-41d4d09e gb-headline-text\">Ansprechpartnerinnen und Ansprechpartner im DOK-Generalsekretariat<\/h2>\n\n\n<div class=\"gb-grid-wrapper gb-grid-wrapper-84d6234d\">\n<div class=\"gb-grid-column gb-grid-column-cec0afc1\"><div class=\"gb-container gb-container-cec0afc1\">\n\n<figure class=\"gb-block-image gb-block-image-b5e787b7\"><img loading=\"lazy\" decoding=\"async\" width=\"200\" height=\"200\" class=\"gb-image gb-image-b5e787b7\" src=\"https:\/\/test-wuwei.de\/orden\/wp-content\/uploads\/2025\/08\/csm_wissing24_2b_3ae8607eed.jpg\" alt=\"Dr. Hubert Wissing\" srcset=\"https:\/\/test-wuwei.de\/orden\/wp-content\/uploads\/2025\/08\/csm_wissing24_2b_3ae8607eed.jpg 200w, https:\/\/test-wuwei.de\/orden\/wp-content\/uploads\/2025\/08\/csm_wissing24_2b_3ae8607eed-150x150.jpg 150w, https:\/\/test-wuwei.de\/orden\/wp-content\/uploads\/2025\/08\/csm_wissing24_2b_3ae8607eed-300x300.jpg 300w, https:\/\/test-wuwei.de\/orden\/wp-content\/uploads\/2025\/08\/csm_wissing24_2b_3ae8607eed-600x600.jpg 600w\" sizes=\"auto, (max-width: 200px) 100vw, 200px\" \/><\/figure>\n\n<\/div><\/div>\n\n<div class=\"gb-grid-column gb-grid-column-f3c6a7fa\"><div class=\"gb-container gb-container-f3c6a7fa\">\n\n<h3 class=\"gb-headline gb-headline-0639e895 gb-headline-text\">Generalsekret\u00e4r<\/h3>\n\n\n\n<p><strong>Dr. Hubert Wissing<\/strong><br><a href=\"mailto:wissing@orden.de\">wissing@orden.de<\/a><\/p>\n\n<\/div><\/div>\n\n<div class=\"gb-grid-column gb-grid-column-676db071\"><div class=\"gb-container gb-container-676db071\">\n\n<figure class=\"gb-block-image gb-block-image-56638e01\"><img loading=\"lazy\" decoding=\"async\" width=\"200\" height=\"200\" class=\"gb-image gb-image-56638e01\" src=\"https:\/\/test-wuwei.de\/orden\/wp-content\/uploads\/2025\/08\/csm_koess23_6fb48a1390.jpg\" alt=\"Martina K\u00f6\u00df\" srcset=\"https:\/\/test-wuwei.de\/orden\/wp-content\/uploads\/2025\/08\/csm_koess23_6fb48a1390.jpg 200w, https:\/\/test-wuwei.de\/orden\/wp-content\/uploads\/2025\/08\/csm_koess23_6fb48a1390-150x150.jpg 150w, https:\/\/test-wuwei.de\/orden\/wp-content\/uploads\/2025\/08\/csm_koess23_6fb48a1390-300x300.jpg 300w, https:\/\/test-wuwei.de\/orden\/wp-content\/uploads\/2025\/08\/csm_koess23_6fb48a1390-600x600.jpg 600w\" sizes=\"auto, (max-width: 200px) 100vw, 200px\" \/><\/figure>\n\n<\/div><\/div>\n\n<div class=\"gb-grid-column gb-grid-column-b75c047f\"><div class=\"gb-container gb-container-b75c047f\">\n\n<h3 class=\"gb-headline gb-headline-127ac6ba gb-headline-text\">Pr\u00e4vention und Aufarbeitung von sexualisierter Gewalt<\/h3>\n\n\n\n<p><strong>Martina K\u00f6\u00df<\/strong><br><a href=\"mailto:koess@orden.de\">koess@orden.de<\/a><br><br><\/p>\n\n<\/div><\/div>\n\n<div class=\"gb-grid-column gb-grid-column-8c43bd0d\"><div class=\"gb-container gb-container-8c43bd0d\">\n\n<figure class=\"gb-block-image gb-block-image-caf4c480\"><img loading=\"lazy\" decoding=\"async\" width=\"200\" height=\"195\" class=\"gb-image gb-image-caf4c480\" src=\"https:\/\/test-wuwei.de\/orden\/wp-content\/uploads\/2025\/08\/csm_20241024_104922kl_fa3926e192.jpg\" alt=\"Arnulf Salmen\"\/><\/figure>\n\n<\/div><\/div>\n\n<div class=\"gb-grid-column gb-grid-column-d5a3414d\"><div class=\"gb-container gb-container-d5a3414d\">\n\n<h3 class=\"gb-headline gb-headline-b46f38cf gb-headline-text\">Pressesprecher<\/h3>\n\n\n\n<p><strong>Arnulf Salmen<\/strong><br><a href=\"mailto:pressestelle@orden.de\">pressestelle@orden.de<\/a><\/p>\n\n\n\n<a class=\"gb-button gb-button-effb2143 gb-button-text button-standard\" href=\"https:\/\/test-wuwei.de\/orden\/presse\/\">Zum Presseraum<\/a>\n\n<\/div><\/div>\n\n<div class=\"gb-grid-column gb-grid-column-7076e647\"><div class=\"gb-container gb-container-7076e647\">\n\n<figure class=\"gb-block-image gb-block-image-9b7400e9\"><img loading=\"lazy\" decoding=\"async\" width=\"200\" height=\"200\" class=\"gb-image gb-image-9b7400e9\" src=\"https:\/\/test-wuwei.de\/orden\/wp-content\/uploads\/2025\/08\/csm_2023.04.18sieberg_ce0f329b9d.jpg\" alt=\"Anja Sieberg\" srcset=\"https:\/\/test-wuwei.de\/orden\/wp-content\/uploads\/2025\/08\/csm_2023.04.18sieberg_ce0f329b9d.jpg 200w, https:\/\/test-wuwei.de\/orden\/wp-content\/uploads\/2025\/08\/csm_2023.04.18sieberg_ce0f329b9d-150x150.jpg 150w, https:\/\/test-wuwei.de\/orden\/wp-content\/uploads\/2025\/08\/csm_2023.04.18sieberg_ce0f329b9d-300x300.jpg 300w, https:\/\/test-wuwei.de\/orden\/wp-content\/uploads\/2025\/08\/csm_2023.04.18sieberg_ce0f329b9d-600x600.jpg 600w\" sizes=\"auto, (max-width: 200px) 100vw, 200px\" \/><\/figure>\n\n<\/div><\/div>\n\n<div class=\"gb-grid-column gb-grid-column-af805b6e\"><div class=\"gb-container gb-container-af805b6e\">\n\n<h3 class=\"gb-headline gb-headline-9c578634 gb-headline-text\">Weltkirche und Mission<\/h3>\n\n\n\n<p><strong>Anja Sieberg<\/strong><br><a href=\"mailto:sieberg@orden.de\">sieberg@orden.de<\/a><\/p>\n\n<\/div><\/div>\n\n<div class=\"gb-grid-column gb-grid-column-3d4b5645\"><div class=\"gb-container gb-container-3d4b5645\">\n\n<figure class=\"gb-block-image gb-block-image-5f91d8a6\"><img loading=\"lazy\" decoding=\"async\" width=\"200\" height=\"200\" class=\"gb-image gb-image-5f91d8a6\" src=\"https:\/\/test-wuwei.de\/orden\/wp-content\/uploads\/2025\/08\/csm_vsASKo_kl_14b1dac605.jpg\" alt=\"Lars Westinger\" srcset=\"https:\/\/test-wuwei.de\/orden\/wp-content\/uploads\/2025\/08\/csm_vsASKo_kl_14b1dac605.jpg 200w, https:\/\/test-wuwei.de\/orden\/wp-content\/uploads\/2025\/08\/csm_vsASKo_kl_14b1dac605-150x150.jpg 150w, https:\/\/test-wuwei.de\/orden\/wp-content\/uploads\/2025\/08\/csm_vsASKo_kl_14b1dac605-300x300.jpg 300w, https:\/\/test-wuwei.de\/orden\/wp-content\/uploads\/2025\/08\/csm_vsASKo_kl_14b1dac605-600x600.jpg 600w\" sizes=\"auto, (max-width: 200px) 100vw, 200px\" \/><\/figure>\n\n<\/div><\/div>\n\n<div class=\"gb-grid-column gb-grid-column-aa931c6b\"><div class=\"gb-container gb-container-aa931c6b\">\n\n<h3 class=\"gb-headline gb-headline-4b81f6c0 gb-headline-text\">Recht und Soziales<\/h3>\n\n\n\n<p><strong>Lars Westinger<\/strong><br><a href=\"mailto:westinger@orden.de\">westinger@orden.de<\/a><\/p>\n\n<\/div><\/div>\n\n<div class=\"gb-grid-column gb-grid-column-dd1af806\"><div class=\"gb-container gb-container-dd1af806\">\n\n<figure class=\"gb-block-image gb-block-image-95ca0240\"><img loading=\"lazy\" decoding=\"async\" width=\"200\" height=\"200\" class=\"gb-image gb-image-95ca0240\" src=\"https:\/\/test-wuwei.de\/orden\/wp-content\/uploads\/2025\/08\/csm_IMG_0839_a834566064.jpg\" alt=\"Riana Wolber\" srcset=\"https:\/\/test-wuwei.de\/orden\/wp-content\/uploads\/2025\/08\/csm_IMG_0839_a834566064.jpg 200w, https:\/\/test-wuwei.de\/orden\/wp-content\/uploads\/2025\/08\/csm_IMG_0839_a834566064-150x150.jpg 150w, https:\/\/test-wuwei.de\/orden\/wp-content\/uploads\/2025\/08\/csm_IMG_0839_a834566064-300x300.jpg 300w, https:\/\/test-wuwei.de\/orden\/wp-content\/uploads\/2025\/08\/csm_IMG_0839_a834566064-600x600.jpg 600w\" sizes=\"auto, (max-width: 200px) 100vw, 200px\" \/><\/figure>\n\n<\/div><\/div>\n\n<div class=\"gb-grid-column gb-grid-column-be80b4d5\"><div class=\"gb-container gb-container-be80b4d5\">\n\n<h3 class=\"gb-headline gb-headline-e22df71e gb-headline-text\">RUACH \u2013 Bildung der Ordensleute<\/h3>\n\n\n\n<p><strong>Riana Wolber<\/strong><br><a href=\"mailto:wolber@orden.de\">wolber@orden.de<\/a><br><\/p>\n\n<\/div><\/div>\n<\/div>\n\n\n<h2 class=\"gb-headline gb-headline-b903758e gb-headline-text\">Anreise<\/h2>\n\n\n<div class=\"gb-grid-wrapper gb-grid-wrapper-87738280\">\n<div class=\"gb-grid-column gb-grid-column-f4fb0ed4\"><div class=\"gb-container gb-container-f4fb0ed4\">\n\n<h3 class=\"gb-headline gb-headline-1b301f0e gb-headline-text\">mit Bus und Bahn<\/h3>\n\n\n\n<p>Das Generalsekretariat liegt etwa zehn Gehminuten vom Bonner Hauptbahnhof entfernt.<\/p>\n\n\n\n<p>Alternativ k\u00f6nnen Sie ab dem Busbahnhof die Buslinien 608, 609, 610 und 611 in Richtung <em>S\u00fcdwache, Duisdorf, Lessenich<\/em> bis zur Haltestelle <em>Mozartstra\u00dfe <\/em>nehmen. Folgen Sie von dort zu Fu\u00df der <em>Endenicher Stra\u00dfe<\/em> in Fahrtrichtung bis zur Kreuzung<em> Endenicher Stra\u00dfe\/Wittelsbacherring<\/em> und biegen dort links ab. Nach wenigen Metern befindet sich das Generalsekretariat der DOK auf der gegen\u00fcberliegenden Stra\u00dfenseite im Borrom\u00e4ushaus.<\/p>\n\n<\/div><\/div>\n\n<div class=\"gb-grid-column gb-grid-column-11a6b333\"><div class=\"gb-container gb-container-11a6b333\">\n\n<h3 class=\"gb-headline gb-headline-b9bb9c2c gb-headline-text\">zu Fu\u00df oder mit dem PKW<\/h3>\n\n\n\n<p>Das Generalsekretariat der DOK liegt in der Bonner Weststadt.<\/p>\n\n\n\n<p><a href=\"https:\/\/www.google.de\/maps\/place\/Haus+der+Orden\/@50.732951,7.087312,17z\/data=!3m1!4b1!4m2!3m1!1s0x47bee197bb77eb19:0x3c482e01dcd295f4?hl=de\" target=\"_blank\" rel=\"noreferrer noopener\">Hier finden Sie das Haus der Orden bei Google Maps<\/a> und k\u00f6nnen Ihre Route planen. (Sie werden auf eine externe Seite weitergeleitet.)<\/p>\n\n<\/div><\/div>\n<\/div>","protected":false},"excerpt":{"rendered":"<p>Die Gesch\u00e4ftsstelle der Deutschen Ordensobernkonferenz befindet sich im DOK-Generalsekretariat in Bonn. Unsere Adresse Deutsche OrdensobernkonferenzWittelsbacherring 953115 BONNTel.: 0228\/68449-0Fax.: 0228\/68449-44 Schreiben Sie uns hier. Ansprechpartnerinnen und Ansprechpartner im DOK-Generalsekretariat Anreise<\/p>\n","protected":false},"author":3,"featured_media":441,"parent":26,"menu_order":0,"comment_status":"closed","ping_status":"closed","template":"","meta":{"_acf_changed":false,"footnotes":""},"class_list":["post-32","page","type-page","status-publish","has-post-thumbnail"],"acf":[],"yoast_head":"<!-- This site is optimized with the Yoast SEO plugin v26.3 - https:\/\/yoast.com\/wordpress\/plugins\/seo\/ -->\n<title>Generalsekretariat &#8211; Ordensgemeinschaften in Deutschland<\/title>\n<meta name=\"robots\" content=\"noindex, follow, max-snippet:-1, max-image-preview:large, max-video-preview:-1\" \/>\n<meta property=\"og:locale\" content=\"de_DE\" \/>\n<meta property=\"og:type\" content=\"article\" \/>\n<meta property=\"og:title\" content=\"Generalsekretariat &#8211; Ordensgemeinschaften in Deutschland\" \/>\n<meta property=\"og:description\" content=\"Die Gesch\u00e4ftsstelle der Deutschen Ordensobernkonferenz befindet sich im DOK-Generalsekretariat in Bonn. Unsere Adresse Deutsche OrdensobernkonferenzWittelsbacherring 953115 BONNTel.: 0228\/68449-0Fax.: 0228\/68449-44 Schreiben Sie uns hier. Ansprechpartnerinnen und Ansprechpartner im DOK-Generalsekretariat Anreise\" \/>\n<meta property=\"og:url\" content=\"https:\/\/test-wuwei.de\/orden\/ueber-die-dok\/generalsekretariat\/\" \/>\n<meta property=\"og:site_name\" content=\"Ordensgemeinschaften in Deutschland\" \/>\n<meta property=\"article:modified_time\" content=\"2025-11-20T14:20:02+00:00\" \/>\n<meta property=\"og:image\" content=\"https:\/\/test-wuwei.de\/orden\/wp-content\/uploads\/2025\/08\/csm_Generalsekretariat2_870cde701d.jpg\" \/>\n\t<meta property=\"og:image:width\" content=\"870\" \/>\n\t<meta property=\"og:image:height\" content=\"324\" \/>\n\t<meta property=\"og:image:type\" content=\"image\/jpeg\" \/>\n<meta name=\"twitter:card\" content=\"summary_large_image\" \/>\n<meta name=\"twitter:label1\" content=\"Gesch\u00e4tzte Lesezeit\" \/>\n\t<meta name=\"twitter:data1\" content=\"3\u00a0Minuten\" \/>\n<script type=\"application\/ld+json\" class=\"yoast-schema-graph\">{\"@context\":\"https:\/\/schema.org\",\"@graph\":[{\"@type\":\"WebPage\",\"@id\":\"https:\/\/test-wuwei.de\/orden\/ueber-die-dok\/generalsekretariat\/\",\"url\":\"https:\/\/test-wuwei.de\/orden\/ueber-die-dok\/generalsekretariat\/\",\"name\":\"Generalsekretariat &#8211; Ordensgemeinschaften in Deutschland\",\"isPartOf\":{\"@id\":\"https:\/\/test-wuwei.de\/orden\/#website\"},\"primaryImageOfPage\":{\"@id\":\"https:\/\/test-wuwei.de\/orden\/ueber-die-dok\/generalsekretariat\/#primaryimage\"},\"image\":{\"@id\":\"https:\/\/test-wuwei.de\/orden\/ueber-die-dok\/generalsekretariat\/#primaryimage\"},\"thumbnailUrl\":\"https:\/\/test-wuwei.de\/orden\/wp-content\/uploads\/2025\/08\/csm_Generalsekretariat2_870cde701d.jpg\",\"datePublished\":\"2025-07-17T08:49:26+00:00\",\"dateModified\":\"2025-11-20T14:20:02+00:00\",\"breadcrumb\":{\"@id\":\"https:\/\/test-wuwei.de\/orden\/ueber-die-dok\/generalsekretariat\/#breadcrumb\"},\"inLanguage\":\"de\",\"potentialAction\":[{\"@type\":\"ReadAction\",\"target\":[\"https:\/\/test-wuwei.de\/orden\/ueber-die-dok\/generalsekretariat\/\"]}]},{\"@type\":\"ImageObject\",\"inLanguage\":\"de\",\"@id\":\"https:\/\/test-wuwei.de\/orden\/ueber-die-dok\/generalsekretariat\/#primaryimage\",\"url\":\"https:\/\/test-wuwei.de\/orden\/wp-content\/uploads\/2025\/08\/csm_Generalsekretariat2_870cde701d.jpg\",\"contentUrl\":\"https:\/\/test-wuwei.de\/orden\/wp-content\/uploads\/2025\/08\/csm_Generalsekretariat2_870cde701d.jpg\",\"width\":870,\"height\":324,\"caption\":\"Generalsekretariat\"},{\"@type\":\"BreadcrumbList\",\"@id\":\"https:\/\/test-wuwei.de\/orden\/ueber-die-dok\/generalsekretariat\/#breadcrumb\",\"itemListElement\":[{\"@type\":\"ListItem\",\"position\":1,\"name\":\"\ud83c\udfe0\ufe0e\",\"item\":\"https:\/\/test-wuwei.de\/orden\/\"},{\"@type\":\"ListItem\",\"position\":2,\"name\":\"\u00dcber die Deutsche Ordensgemeinschaft\",\"item\":\"https:\/\/test-wuwei.de\/orden\/ueber-die-dok\/\"},{\"@type\":\"ListItem\",\"position\":3,\"name\":\"Generalsekretariat\"}]},{\"@type\":\"WebSite\",\"@id\":\"https:\/\/test-wuwei.de\/orden\/#website\",\"url\":\"https:\/\/test-wuwei.de\/orden\/\",\"name\":\"Ordensgemeinschaften in Deutschland\",\"description\":\"Deutsche Ordensobernkonferenz\",\"publisher\":{\"@id\":\"https:\/\/test-wuwei.de\/orden\/#organization\"},\"potentialAction\":[{\"@type\":\"SearchAction\",\"target\":{\"@type\":\"EntryPoint\",\"urlTemplate\":\"https:\/\/test-wuwei.de\/orden\/?s={search_term_string}\"},\"query-input\":{\"@type\":\"PropertyValueSpecification\",\"valueRequired\":true,\"valueName\":\"search_term_string\"}}],\"inLanguage\":\"de\"},{\"@type\":\"Organization\",\"@id\":\"https:\/\/test-wuwei.de\/orden\/#organization\",\"name\":\"Ordensgemeinschaften in Deutschland\",\"url\":\"https:\/\/test-wuwei.de\/orden\/\",\"logo\":{\"@type\":\"ImageObject\",\"inLanguage\":\"de\",\"@id\":\"https:\/\/test-wuwei.de\/orden\/#\/schema\/logo\/image\/\",\"url\":\"https:\/\/test-wuwei.de\/orden\/wp-content\/uploads\/2025\/07\/DOK_Logo_RGB_mit.jpg\",\"contentUrl\":\"https:\/\/test-wuwei.de\/orden\/wp-content\/uploads\/2025\/07\/DOK_Logo_RGB_mit.jpg\",\"width\":2480,\"height\":1748,\"caption\":\"Ordensgemeinschaften in Deutschland\"},\"image\":{\"@id\":\"https:\/\/test-wuwei.de\/orden\/#\/schema\/logo\/image\/\"}}]}<\/script>\n<!-- \/ Yoast SEO plugin. -->","yoast_head_json":{"title":"Generalsekretariat &#8211; Ordensgemeinschaften in Deutschland","robots":{"index":"noindex","follow":"follow","max-snippet":"max-snippet:-1","max-image-preview":"max-image-preview:large","max-video-preview":"max-video-preview:-1"},"og_locale":"de_DE","og_type":"article","og_title":"Generalsekretariat &#8211; Ordensgemeinschaften in Deutschland","og_description":"Die Gesch\u00e4ftsstelle der Deutschen Ordensobernkonferenz befindet sich im DOK-Generalsekretariat in Bonn. Unsere Adresse Deutsche OrdensobernkonferenzWittelsbacherring 953115 BONNTel.: 0228\/68449-0Fax.: 0228\/68449-44 Schreiben Sie uns hier. Ansprechpartnerinnen und Ansprechpartner im DOK-Generalsekretariat Anreise","og_url":"https:\/\/test-wuwei.de\/orden\/ueber-die-dok\/generalsekretariat\/","og_site_name":"Ordensgemeinschaften in Deutschland","article_modified_time":"2025-11-20T14:20:02+00:00","og_image":[{"width":870,"height":324,"url":"https:\/\/test-wuwei.de\/orden\/wp-content\/uploads\/2025\/08\/csm_Generalsekretariat2_870cde701d.jpg","type":"image\/jpeg"}],"twitter_card":"summary_large_image","twitter_misc":{"Gesch\u00e4tzte Lesezeit":"3\u00a0Minuten"},"schema":{"@context":"https:\/\/schema.org","@graph":[{"@type":"WebPage","@id":"https:\/\/test-wuwei.de\/orden\/ueber-die-dok\/generalsekretariat\/","url":"https:\/\/test-wuwei.de\/orden\/ueber-die-dok\/generalsekretariat\/","name":"Generalsekretariat &#8211; Ordensgemeinschaften in Deutschland","isPartOf":{"@id":"https:\/\/test-wuwei.de\/orden\/#website"},"primaryImageOfPage":{"@id":"https:\/\/test-wuwei.de\/orden\/ueber-die-dok\/generalsekretariat\/#primaryimage"},"image":{"@id":"https:\/\/test-wuwei.de\/orden\/ueber-die-dok\/generalsekretariat\/#primaryimage"},"thumbnailUrl":"https:\/\/test-wuwei.de\/orden\/wp-content\/uploads\/2025\/08\/csm_Generalsekretariat2_870cde701d.jpg","datePublished":"2025-07-17T08:49:26+00:00","dateModified":"2025-11-20T14:20:02+00:00","breadcrumb":{"@id":"https:\/\/test-wuwei.de\/orden\/ueber-die-dok\/generalsekretariat\/#breadcrumb"},"inLanguage":"de","potentialAction":[{"@type":"ReadAction","target":["https:\/\/test-wuwei.de\/orden\/ueber-die-dok\/generalsekretariat\/"]}]},{"@type":"ImageObject","inLanguage":"de","@id":"https:\/\/test-wuwei.de\/orden\/ueber-die-dok\/generalsekretariat\/#primaryimage","url":"https:\/\/test-wuwei.de\/orden\/wp-content\/uploads\/2025\/08\/csm_Generalsekretariat2_870cde701d.jpg","contentUrl":"https:\/\/test-wuwei.de\/orden\/wp-content\/uploads\/2025\/08\/csm_Generalsekretariat2_870cde701d.jpg","width":870,"height":324,"caption":"Generalsekretariat"},{"@type":"BreadcrumbList","@id":"https:\/\/test-wuwei.de\/orden\/ueber-die-dok\/generalsekretariat\/#breadcrumb","itemListElement":[{"@type":"ListItem","position":1,"name":"\ud83c\udfe0\ufe0e","item":"https:\/\/test-wuwei.de\/orden\/"},{"@type":"ListItem","position":2,"name":"\u00dcber die Deutsche Ordensgemeinschaft","item":"https:\/\/test-wuwei.de\/orden\/ueber-die-dok\/"},{"@type":"ListItem","position":3,"name":"Generalsekretariat"}]},{"@type":"WebSite","@id":"https:\/\/test-wuwei.de\/orden\/#website","url":"https:\/\/test-wuwei.de\/orden\/","name":"Ordensgemeinschaften in Deutschland","description":"Deutsche Ordensobernkonferenz","publisher":{"@id":"https:\/\/test-wuwei.de\/orden\/#organization"},"potentialAction":[{"@type":"SearchAction","target":{"@type":"EntryPoint","urlTemplate":"https:\/\/test-wuwei.de\/orden\/?s={search_term_string}"},"query-input":{"@type":"PropertyValueSpecification","valueRequired":true,"valueName":"search_term_string"}}],"inLanguage":"de"},{"@type":"Organization","@id":"https:\/\/test-wuwei.de\/orden\/#organization","name":"Ordensgemeinschaften in Deutschland","url":"https:\/\/test-wuwei.de\/orden\/","logo":{"@type":"ImageObject","inLanguage":"de","@id":"https:\/\/test-wuwei.de\/orden\/#\/schema\/logo\/image\/","url":"https:\/\/test-wuwei.de\/orden\/wp-content\/uploads\/2025\/07\/DOK_Logo_RGB_mit.jpg","contentUrl":"https:\/\/test-wuwei.de\/orden\/wp-content\/uploads\/2025\/07\/DOK_Logo_RGB_mit.jpg","width":2480,"height":1748,"caption":"Ordensgemeinschaften in Deutschland"},"image":{"@id":"https:\/\/test-wuwei.de\/orden\/#\/schema\/logo\/image\/"}}]}},"_links":{"self":[{"href":"https:\/\/test-wuwei.de\/orden\/wp-json\/wp\/v2\/pages\/32","targetHints":{"allow":["GET"]}}],"collection":[{"href":"https:\/\/test-wuwei.de\/orden\/wp-json\/wp\/v2\/pages"}],"about":[{"href":"https:\/\/test-wuwei.de\/orden\/wp-json\/wp\/v2\/types\/page"}],"author":[{"embeddable":true,"href":"https:\/\/test-wuwei.de\/orden\/wp-json\/wp\/v2\/users\/3"}],"replies":[{"embeddable":true,"href":"https:\/\/test-wuwei.de\/orden\/wp-json\/wp\/v2\/comments?post=32"}],"version-history":[{"count":17,"href":"https:\/\/test-wuwei.de\/orden\/wp-json\/wp\/v2\/pages\/32\/revisions"}],"predecessor-version":[{"id":4152,"href":"https:\/\/test-wuwei.de\/orden\/wp-json\/wp\/v2\/pages\/32\/revisions\/4152"}],"up":[{"embeddable":true,"href":"https:\/\/test-wuwei.de\/orden\/wp-json\/wp\/v2\/pages\/26"}],"wp:featuredmedia":[{"embeddable":true,"href":"https:\/\/test-wuwei.de\/orden\/wp-json\/wp\/v2\/media\/441"}],"wp:attachment":[{"href":"https:\/\/test-wuwei.de\/orden\/wp-json\/wp\/v2\/media?parent=32"}],"curies":[{"name":"wp","href":"https:\/\/api.w.org\/{rel}","templated":true}]}}