{"id":3001,"date":"2025-09-04T12:18:49","date_gmt":"2025-09-04T10:18:49","guid":{"rendered":"https:\/\/test-wuwei.de\/orden\/?page_id=3001"},"modified":"2025-11-06T16:42:36","modified_gmt":"2025-11-06T15:42:36","slug":"gemeinsamer-ordensdatenschutz-beauftragter-dok","status":"publish","type":"page","link":"https:\/\/test-wuwei.de\/orden\/ueber-die-dok\/aufgaben-einrichtungen\/gemeinsamer-ordensdatenschutz-beauftragter-dok\/","title":{"rendered":"Einrichtung des Gemeinsamen Ordensdatenschutzbeauftragten der DOK"},"content":{"rendered":"\n<p>Die Deutsche Ordensobernkonferenz hat zum 1. Januar 2015 die Einrichtung des Gemeinsamen Ordensdatenschutzbeauftragten der DOK (GDSB DOK) geschaffen.&nbsp;Datenschutz ist nicht nur ein Thema bei staatlichen Stellen. Auch im kirchlichen Bereich werden personenbezogene Daten ben\u00f6tigt, um kirchliche Aufgaben zu erf\u00fcllen. Das Recht auf Datenschutz ist Teil der christlichen Werteordnung. Es findet seine Grundlage im Codex Iuris Canonici (CIC); insbesondere can. 220 CIC zeigt dies:<\/p>\n\n\n\n<div style=\"height:50px\" aria-hidden=\"true\" class=\"wp-block-spacer\"><\/div>\n\n\n\n<hr class=\"wp-block-separator has-text-color has-global-color-12-color has-alpha-channel-opacity has-global-color-12-background-color has-background is-style-wide\"\/>\n\n\n\n<p class=\"has-text-align-center has-medium-font-size\">&#8222;Niemandem ist es erlaubt, den guten Ruf, den jemand hat, rechtswidrig zu sch\u00e4digen und das Recht irgendeiner Person auf Schutz der eigenen Intimsph\u00e4re zu verletzen.&#8220;<\/p>\n\n\n\n<hr class=\"wp-block-separator has-text-color has-global-color-12-color has-alpha-channel-opacity has-global-color-12-background-color has-background is-style-wide\"\/>\n\n\n\n<div style=\"height:50px\" aria-hidden=\"true\" class=\"wp-block-spacer\"><\/div>\n\n\n\n<p><br>Jeder soll die M\u00f6glichkeit haben, seinem Gewissen zu folgen und entsprechend zu handeln. Hierf\u00fcr ist der Schutz der Privatsph\u00e4re wesentliche Voraussetzung. Dem f\u00fchlen sich auch die Ordensgemeinschaften in besonderer Weise verpflichtet.&nbsp;Um dies im gesamten kirchlichen Bereich zu gew\u00e4hrleisten, wurde das Kirchliche Datenschutzrecht und insbesondere die&nbsp;<strong><a href=\"https:\/\/www.orden.de\/dokumente\/3._Uber_die_DOK\/1._Struktur\/KDR-OG_Beschluss_30_01_01.pdf\">Kirchliche Datenschutzregelung der Ordensgemeinschaft p\u00e4pstlichen Rechts (KDR-OG)<\/a><\/strong> geschaffen, deren Anwendung durch Art 91 DSGVO gew\u00e4hrleistet ist.<\/p>\n\n\n\n<p>Mit der Einrichtung des Gemeinsamen Ordensdatenschutzbeauftragten m\u00f6chte die Deutsche Ordensobernkonferenz den besonderen Anforderungen an die Unabh\u00e4ngigkeit des Datenschutzbeauftragen nachkommen, die aus dem Urteil des Europ\u00e4ischen Gerichtshofs (EuGH) vom 9. M\u00e4rz 2010 sowie der KDR-OG resultieren.&nbsp;Demnach d\u00fcrfen die Aufgaben des Ordensdatenschutzbeauftragten zuk\u00fcnftig nur durch einen externen katholischen Volljuristen ausge\u00fcbt werden. Dies wird durch die Einrichtung des Gemeinsamen Ordensdatenschutzbeauftragten der DOK in besonderer Weise gew\u00e4hrleistet.<\/p>\n\n\n\n<h2 class=\"gb-headline gb-headline-2692b01c gb-headline-text\">Die Einrichtung des GDSB der DOK unterteilt sich in drei regionale Zust\u00e4ndigkeitsbereiche:<\/h2>\n\n\n<div class=\"gb-grid-wrapper gb-grid-wrapper-dc4389ff\">\n<div class=\"gb-grid-column gb-grid-column-7db1fdff\"><div class=\"gb-container gb-container-7db1fdff\">\n\n<figure class=\"gb-block-image gb-block-image-c2b43c47\"><img loading=\"lazy\" decoding=\"async\" width=\"260\" height=\"260\" class=\"gb-image gb-image-c2b43c47\" src=\"https:\/\/test-wuwei.de\/orden\/wp-content\/uploads\/2025\/09\/joachimski.jpg\" srcset=\"https:\/\/test-wuwei.de\/orden\/wp-content\/uploads\/2025\/09\/joachimski.jpg 260w, https:\/\/test-wuwei.de\/orden\/wp-content\/uploads\/2025\/09\/joachimski-150x150.jpg 150w, https:\/\/test-wuwei.de\/orden\/wp-content\/uploads\/2025\/09\/joachimski-300x300.jpg 300w, https:\/\/test-wuwei.de\/orden\/wp-content\/uploads\/2025\/09\/joachimski-600x600.jpg 600w\" sizes=\"auto, (max-width: 260px) 100vw, 260px\" \/><\/figure>\n\n\n\n<h3 class=\"gb-headline gb-headline-e2974b0b gb-headline-text\">Gemeinsamer Ordens-datenschutzbeauftragter<br>DOK S\u00fcd (GDSB S\u00dcD)<\/h3>\n\n\n\n<p><strong>Herr Jupp Joachimski<\/strong><br>Vorsitzender Richter am Bayerischen Obersten Landesgericht a.D.<br>Wittelsbacherring 9<br>53115 Bonn<\/p>\n\n\n\n<p>Telefon jeweils Dienstag von 14:00 \u2013 17:00 unter 0173\/ 8467227<\/p>\n\n\n\n<p>E-Mail: <a href=\"mailto:joachimski@orden.de\">joachimski@orden.de<\/a><\/p>\n\n<\/div><\/div>\n\n<div class=\"gb-grid-column gb-grid-column-7c9b4cfd\"><div class=\"gb-container gb-container-7c9b4cfd\">\n\n<figure class=\"gb-block-image gb-block-image-811a1efd\"><img loading=\"lazy\" decoding=\"async\" width=\"260\" height=\"260\" class=\"gb-image gb-image-811a1efd\" src=\"https:\/\/test-wuwei.de\/orden\/wp-content\/uploads\/2025\/09\/Haumer.jpg\" srcset=\"https:\/\/test-wuwei.de\/orden\/wp-content\/uploads\/2025\/09\/Haumer.jpg 260w, https:\/\/test-wuwei.de\/orden\/wp-content\/uploads\/2025\/09\/Haumer-150x150.jpg 150w, https:\/\/test-wuwei.de\/orden\/wp-content\/uploads\/2025\/09\/Haumer-300x300.jpg 300w, https:\/\/test-wuwei.de\/orden\/wp-content\/uploads\/2025\/09\/Haumer-600x600.jpg 600w\" sizes=\"auto, (max-width: 260px) 100vw, 260px\" \/><\/figure>\n\n\n\n<h3 class=\"gb-headline gb-headline-27435b0e gb-headline-text\">Gemeinsame Ordens-datenschutzbeauftragte DOK Mitte (GDSB Mitte)<\/h3>\n\n\n\n<p><strong>Frau Christine Haumer<\/strong><br>Richterin am Oberlandesgericht M\u00fcnchen<br>Wittelsbacherring 9<br>53115 Bonn<\/p>\n\n\n\n<p>Telefon jeweils Dienstag von 14:00 \u2013 17:00 unter +49 170 6305415<\/p>\n\n\n\n<p>E-Mail: <a href=\"mailto:haumer@orden.de\">haumer@orden.de<\/a><\/p>\n\n<\/div><\/div>\n\n<div class=\"gb-grid-column gb-grid-column-9d1d1e5a\"><div class=\"gb-container gb-container-9d1d1e5a\">\n\n<figure class=\"wp-block-image size-full\"><img loading=\"lazy\" decoding=\"async\" width=\"260\" height=\"260\" src=\"https:\/\/test-wuwei.de\/orden\/wp-content\/uploads\/2025\/09\/fuchs.jpg\" alt=\"fuchs\" class=\"wp-image-3002\" title=\"RA Dieter Fuchs\" srcset=\"https:\/\/test-wuwei.de\/orden\/wp-content\/uploads\/2025\/09\/fuchs.jpg 260w, https:\/\/test-wuwei.de\/orden\/wp-content\/uploads\/2025\/09\/fuchs-150x150.jpg 150w, https:\/\/test-wuwei.de\/orden\/wp-content\/uploads\/2025\/09\/fuchs-300x300.jpg 300w, https:\/\/test-wuwei.de\/orden\/wp-content\/uploads\/2025\/09\/fuchs-600x600.jpg 600w\" sizes=\"auto, (max-width: 260px) 100vw, 260px\" \/><\/figure>\n\n\n\n<h3 class=\"gb-headline gb-headline-fe365d2a gb-headline-text\">Gemeinsamer Ordens-datenschutzbeauftragter<br>DOK Nord (GDSB Nord)<\/h3>\n\n\n\n<p><strong>Herr RA Dieter Fuchs<\/strong><\/p>\n\n\n\n<p>Wittelsbacherring 9<br>53115 Bonn<\/p>\n\n\n\n<p>Telefon jeweils Dienstag von 14:00 \u2013 17:00 unter&nbsp;0171\/4215965<\/p>\n\n\n\n<p>E-Mail: <a href=\"mailto:fuchs@orden.de\">fuchs@orden.de<\/a><\/p>\n\n<\/div><\/div>\n<\/div>\n\n\n<div style=\"height:50px\" aria-hidden=\"true\" class=\"wp-block-spacer\"><\/div>\n\n\n\n<p>Der Gemeinsame Ordensdatenschutzbeauftragte der DOK ist f\u00fcr diejenigen Ordensgemeinschaften p\u00e4pstlichen Rechts zust\u00e4ndig, die sich an der Einrichtung des GDSB DOK beteiligen. F\u00fcr welche dies der Fall ist, kann <a href=\"https:\/\/www.orden.de\/ordensgemeinschaften\/\">hier<\/a> unter den Kontaktdaten der einzelnen Ordensgemeinschaften eingesehen werden.<\/p>\n\n\n\n<p><strong>Hier geht es zum Internetauftritt der Einrichtung des Gemeinsamen Ordensdatenschutzbeauftragter der DOK (GDSB DOK):&nbsp;<\/strong><\/p>\n\n\n\n<a class=\"gb-button gb-button-b96a09f3 gb-button-text button-standard\" href=\"https:\/\/datenschutz.orden.de\/\" target=\"_blank\" rel=\"noopener noreferrer\">datenschutz.orden.de<\/a>\n\n\n<div class=\"gb-container gb-container-091945d1\">\n<div class=\"gb-grid-wrapper gb-grid-wrapper-13f00414\">\n<div class=\"gb-grid-column gb-grid-column-fa1c544a\"><div class=\"gb-container gb-container-fa1c544a\">\n\n<figure class=\"wp-block-image size-full is-style-rounded\"><img loading=\"lazy\" decoding=\"async\" width=\"2560\" height=\"2560\" src=\"https:\/\/test-wuwei.de\/orden\/wp-content\/uploads\/2025\/07\/Dokument-scaled.png\" alt=\"\" class=\"wp-image-224\" srcset=\"https:\/\/test-wuwei.de\/orden\/wp-content\/uploads\/2025\/07\/Dokument-scaled.png 2560w, https:\/\/test-wuwei.de\/orden\/wp-content\/uploads\/2025\/07\/Dokument-150x150.png 150w, https:\/\/test-wuwei.de\/orden\/wp-content\/uploads\/2025\/07\/Dokument-300x300.png 300w, https:\/\/test-wuwei.de\/orden\/wp-content\/uploads\/2025\/07\/Dokument-768x768.png 768w, https:\/\/test-wuwei.de\/orden\/wp-content\/uploads\/2025\/07\/Dokument-1024x1024.png 1024w, https:\/\/test-wuwei.de\/orden\/wp-content\/uploads\/2025\/07\/Dokument-1536x1536.png 1536w, https:\/\/test-wuwei.de\/orden\/wp-content\/uploads\/2025\/07\/Dokument-2048x2048.png 2048w, https:\/\/test-wuwei.de\/orden\/wp-content\/uploads\/2025\/07\/Dokument-600x600.png 600w\" sizes=\"auto, (max-width: 2560px) 100vw, 2560px\" \/><\/figure>\n\n<\/div><\/div>\n\n<div class=\"gb-grid-column gb-grid-column-1c6ebb6a\"><div class=\"gb-container gb-container-1c6ebb6a\">\n\n<p class=\"gb-headline gb-headline-dc1fb7e4 gb-headline-text\"><a href=\"https:\/\/test-wuwei.de\/orden\/wp-content\/uploads\/2025\/09\/KDR-OG_Beschluss_30_01_18.pdf\" target=\"_blank\" rel=\"noreferrer noopener\">Kirchliche Datenschutzregelung<\/a><\/p>\n\n\n\n<p class=\"gb-headline gb-headline-b9430cdf gb-headline-text\">der Ordensgemeinschaft p\u00e4pstlichen Rechts (KDR-OG)<\/p>\n\n<\/div><\/div>\n<\/div>\n<\/div>\n\n<div class=\"gb-container gb-container-0f3edb31\">\n<div class=\"gb-grid-wrapper gb-grid-wrapper-0e2eef85\">\n<div class=\"gb-grid-column gb-grid-column-33e64fd4\"><div class=\"gb-container gb-container-33e64fd4\">\n\n<figure class=\"wp-block-image size-full is-style-rounded\"><img loading=\"lazy\" decoding=\"async\" width=\"2560\" height=\"2560\" src=\"https:\/\/test-wuwei.de\/orden\/wp-content\/uploads\/2025\/07\/Dokument-scaled.png\" alt=\"\" class=\"wp-image-224\" srcset=\"https:\/\/test-wuwei.de\/orden\/wp-content\/uploads\/2025\/07\/Dokument-scaled.png 2560w, https:\/\/test-wuwei.de\/orden\/wp-content\/uploads\/2025\/07\/Dokument-150x150.png 150w, https:\/\/test-wuwei.de\/orden\/wp-content\/uploads\/2025\/07\/Dokument-300x300.png 300w, https:\/\/test-wuwei.de\/orden\/wp-content\/uploads\/2025\/07\/Dokument-768x768.png 768w, https:\/\/test-wuwei.de\/orden\/wp-content\/uploads\/2025\/07\/Dokument-1024x1024.png 1024w, https:\/\/test-wuwei.de\/orden\/wp-content\/uploads\/2025\/07\/Dokument-1536x1536.png 1536w, https:\/\/test-wuwei.de\/orden\/wp-content\/uploads\/2025\/07\/Dokument-2048x2048.png 2048w, https:\/\/test-wuwei.de\/orden\/wp-content\/uploads\/2025\/07\/Dokument-600x600.png 600w\" sizes=\"auto, (max-width: 2560px) 100vw, 2560px\" \/><\/figure>\n\n<\/div><\/div>\n\n<div class=\"gb-grid-column gb-grid-column-f9085406\"><div class=\"gb-container gb-container-f9085406\">\n\n<p class=\"gb-headline gb-headline-e0bbff00 gb-headline-text\"><a href=\"https:\/\/test-wuwei.de\/orden\/wp-content\/uploads\/2025\/09\/Durchfuehrungsverordnung_KDR-OG-DVO.pdf\" target=\"_blank\" rel=\"noreferrer noopener\">Durchf\u00fchrungsverordnung<\/a><\/p>\n\n\n\n<p class=\"gb-headline gb-headline-b23e2309 gb-headline-text\">zur KDR-OG<\/p>\n\n<\/div><\/div>\n<\/div>\n<\/div>\n\n\n<p><\/p>\n","protected":false},"excerpt":{"rendered":"<p>Die Deutsche Ordensobernkonferenz hat zum 1. Januar 2015 die Einrichtung des Gemeinsamen Ordensdatenschutzbeauftragten der DOK (GDSB DOK) geschaffen.&nbsp;Datenschutz ist nicht nur ein Thema bei staatlichen Stellen. Auch im kirchlichen Bereich werden personenbezogene Daten ben\u00f6tigt, um kirchliche Aufgaben zu erf\u00fcllen. Das Recht auf Datenschutz ist Teil der christlichen Werteordnung. Es findet seine Grundlage im Codex Iuris &#8230; <\/p>\n<p class=\"read-more-container\"><a title=\"Einrichtung des Gemeinsamen Ordensdatenschutzbeauftragten der DOK\" class=\"read-more button\" href=\"https:\/\/test-wuwei.de\/orden\/ueber-die-dok\/aufgaben-einrichtungen\/gemeinsamer-ordensdatenschutz-beauftragter-dok\/#more-3001\" aria-label=\"Mehr Informationen \u00fcber Einrichtung des Gemeinsamen Ordensdatenschutzbeauftragten der DOK\">weiterlesen<\/a><\/p>\n","protected":false},"author":3,"featured_media":3000,"parent":34,"menu_order":0,"comment_status":"closed","ping_status":"closed","template":"","meta":{"_acf_changed":false,"footnotes":""},"class_list":["post-3001","page","type-page","status-publish","has-post-thumbnail"],"acf":[],"yoast_head":"<!-- This site is optimized with the Yoast SEO plugin v26.3 - https:\/\/yoast.com\/wordpress\/plugins\/seo\/ -->\n<title>Einrichtung des Gemeinsamen Ordensdatenschutzbeauftragten der DOK &#8211; Ordensgemeinschaften in Deutschland<\/title>\n<meta name=\"robots\" content=\"noindex, follow, max-snippet:-1, max-image-preview:large, max-video-preview:-1\" \/>\n<meta property=\"og:locale\" content=\"de_DE\" \/>\n<meta property=\"og:type\" content=\"article\" \/>\n<meta property=\"og:title\" content=\"Einrichtung des Gemeinsamen Ordensdatenschutzbeauftragten der DOK &#8211; Ordensgemeinschaften in Deutschland\" \/>\n<meta property=\"og:description\" content=\"Die Deutsche Ordensobernkonferenz hat zum 1. Januar 2015 die Einrichtung des Gemeinsamen Ordensdatenschutzbeauftragten der DOK (GDSB DOK) geschaffen.&nbsp;Datenschutz ist nicht nur ein Thema bei staatlichen Stellen. Auch im kirchlichen Bereich werden personenbezogene Daten ben\u00f6tigt, um kirchliche Aufgaben zu erf\u00fcllen. Das Recht auf Datenschutz ist Teil der christlichen Werteordnung. Es findet seine Grundlage im Codex Iuris ... weiterlesen\" \/>\n<meta property=\"og:url\" content=\"https:\/\/test-wuwei.de\/orden\/ueber-die-dok\/aufgaben-einrichtungen\/gemeinsamer-ordensdatenschutz-beauftragter-dok\/\" \/>\n<meta property=\"og:site_name\" content=\"Ordensgemeinschaften in Deutschland\" \/>\n<meta property=\"article:modified_time\" content=\"2025-11-06T15:42:36+00:00\" \/>\n<meta property=\"og:image\" content=\"https:\/\/test-wuwei.de\/orden\/wp-content\/uploads\/2025\/09\/csm_Datenschutz_db1909dd76_Pixabay.jpg\" \/>\n\t<meta property=\"og:image:width\" content=\"870\" \/>\n\t<meta property=\"og:image:height\" content=\"324\" \/>\n\t<meta property=\"og:image:type\" content=\"image\/jpeg\" \/>\n<meta name=\"twitter:card\" content=\"summary_large_image\" \/>\n<meta name=\"twitter:label1\" content=\"Gesch\u00e4tzte Lesezeit\" \/>\n\t<meta name=\"twitter:data1\" content=\"4\u00a0Minuten\" \/>\n<script type=\"application\/ld+json\" class=\"yoast-schema-graph\">{\"@context\":\"https:\/\/schema.org\",\"@graph\":[{\"@type\":\"WebPage\",\"@id\":\"https:\/\/test-wuwei.de\/orden\/ueber-die-dok\/aufgaben-einrichtungen\/gemeinsamer-ordensdatenschutz-beauftragter-dok\/\",\"url\":\"https:\/\/test-wuwei.de\/orden\/ueber-die-dok\/aufgaben-einrichtungen\/gemeinsamer-ordensdatenschutz-beauftragter-dok\/\",\"name\":\"Einrichtung des Gemeinsamen Ordensdatenschutzbeauftragten der DOK &#8211; Ordensgemeinschaften in Deutschland\",\"isPartOf\":{\"@id\":\"https:\/\/test-wuwei.de\/orden\/#website\"},\"primaryImageOfPage\":{\"@id\":\"https:\/\/test-wuwei.de\/orden\/ueber-die-dok\/aufgaben-einrichtungen\/gemeinsamer-ordensdatenschutz-beauftragter-dok\/#primaryimage\"},\"image\":{\"@id\":\"https:\/\/test-wuwei.de\/orden\/ueber-die-dok\/aufgaben-einrichtungen\/gemeinsamer-ordensdatenschutz-beauftragter-dok\/#primaryimage\"},\"thumbnailUrl\":\"https:\/\/test-wuwei.de\/orden\/wp-content\/uploads\/2025\/09\/csm_Datenschutz_db1909dd76_Pixabay.jpg\",\"datePublished\":\"2025-09-04T10:18:49+00:00\",\"dateModified\":\"2025-11-06T15:42:36+00:00\",\"breadcrumb\":{\"@id\":\"https:\/\/test-wuwei.de\/orden\/ueber-die-dok\/aufgaben-einrichtungen\/gemeinsamer-ordensdatenschutz-beauftragter-dok\/#breadcrumb\"},\"inLanguage\":\"de\",\"potentialAction\":[{\"@type\":\"ReadAction\",\"target\":[\"https:\/\/test-wuwei.de\/orden\/ueber-die-dok\/aufgaben-einrichtungen\/gemeinsamer-ordensdatenschutz-beauftragter-dok\/\"]}]},{\"@type\":\"ImageObject\",\"inLanguage\":\"de\",\"@id\":\"https:\/\/test-wuwei.de\/orden\/ueber-die-dok\/aufgaben-einrichtungen\/gemeinsamer-ordensdatenschutz-beauftragter-dok\/#primaryimage\",\"url\":\"https:\/\/test-wuwei.de\/orden\/wp-content\/uploads\/2025\/09\/csm_Datenschutz_db1909dd76_Pixabay.jpg\",\"contentUrl\":\"https:\/\/test-wuwei.de\/orden\/wp-content\/uploads\/2025\/09\/csm_Datenschutz_db1909dd76_Pixabay.jpg\",\"width\":870,\"height\":324},{\"@type\":\"BreadcrumbList\",\"@id\":\"https:\/\/test-wuwei.de\/orden\/ueber-die-dok\/aufgaben-einrichtungen\/gemeinsamer-ordensdatenschutz-beauftragter-dok\/#breadcrumb\",\"itemListElement\":[{\"@type\":\"ListItem\",\"position\":1,\"name\":\"\ud83c\udfe0\ufe0e\",\"item\":\"https:\/\/test-wuwei.de\/orden\/\"},{\"@type\":\"ListItem\",\"position\":2,\"name\":\"\u00dcber die Deutsche Ordensgemeinschaft\",\"item\":\"https:\/\/test-wuwei.de\/orden\/ueber-die-dok\/\"},{\"@type\":\"ListItem\",\"position\":3,\"name\":\"Aufgaben &amp; Einrichtungen\",\"item\":\"https:\/\/test-wuwei.de\/orden\/ueber-die-dok\/aufgaben-einrichtungen\/\"},{\"@type\":\"ListItem\",\"position\":4,\"name\":\"Einrichtung des Gemeinsamen Ordensdatenschutzbeauftragten der DOK\"}]},{\"@type\":\"WebSite\",\"@id\":\"https:\/\/test-wuwei.de\/orden\/#website\",\"url\":\"https:\/\/test-wuwei.de\/orden\/\",\"name\":\"Ordensgemeinschaften in Deutschland\",\"description\":\"Deutsche Ordensobernkonferenz\",\"publisher\":{\"@id\":\"https:\/\/test-wuwei.de\/orden\/#organization\"},\"potentialAction\":[{\"@type\":\"SearchAction\",\"target\":{\"@type\":\"EntryPoint\",\"urlTemplate\":\"https:\/\/test-wuwei.de\/orden\/?s={search_term_string}\"},\"query-input\":{\"@type\":\"PropertyValueSpecification\",\"valueRequired\":true,\"valueName\":\"search_term_string\"}}],\"inLanguage\":\"de\"},{\"@type\":\"Organization\",\"@id\":\"https:\/\/test-wuwei.de\/orden\/#organization\",\"name\":\"Ordensgemeinschaften in Deutschland\",\"url\":\"https:\/\/test-wuwei.de\/orden\/\",\"logo\":{\"@type\":\"ImageObject\",\"inLanguage\":\"de\",\"@id\":\"https:\/\/test-wuwei.de\/orden\/#\/schema\/logo\/image\/\",\"url\":\"https:\/\/test-wuwei.de\/orden\/wp-content\/uploads\/2025\/07\/DOK_Logo_RGB_mit.jpg\",\"contentUrl\":\"https:\/\/test-wuwei.de\/orden\/wp-content\/uploads\/2025\/07\/DOK_Logo_RGB_mit.jpg\",\"width\":2480,\"height\":1748,\"caption\":\"Ordensgemeinschaften in Deutschland\"},\"image\":{\"@id\":\"https:\/\/test-wuwei.de\/orden\/#\/schema\/logo\/image\/\"}}]}<\/script>\n<!-- \/ Yoast SEO plugin. -->","yoast_head_json":{"title":"Einrichtung des Gemeinsamen Ordensdatenschutzbeauftragten der DOK &#8211; Ordensgemeinschaften in Deutschland","robots":{"index":"noindex","follow":"follow","max-snippet":"max-snippet:-1","max-image-preview":"max-image-preview:large","max-video-preview":"max-video-preview:-1"},"og_locale":"de_DE","og_type":"article","og_title":"Einrichtung des Gemeinsamen Ordensdatenschutzbeauftragten der DOK &#8211; Ordensgemeinschaften in Deutschland","og_description":"Die Deutsche Ordensobernkonferenz hat zum 1. Januar 2015 die Einrichtung des Gemeinsamen Ordensdatenschutzbeauftragten der DOK (GDSB DOK) geschaffen.&nbsp;Datenschutz ist nicht nur ein Thema bei staatlichen Stellen. Auch im kirchlichen Bereich werden personenbezogene Daten ben\u00f6tigt, um kirchliche Aufgaben zu erf\u00fcllen. Das Recht auf Datenschutz ist Teil der christlichen Werteordnung. Es findet seine Grundlage im Codex Iuris ... weiterlesen","og_url":"https:\/\/test-wuwei.de\/orden\/ueber-die-dok\/aufgaben-einrichtungen\/gemeinsamer-ordensdatenschutz-beauftragter-dok\/","og_site_name":"Ordensgemeinschaften in Deutschland","article_modified_time":"2025-11-06T15:42:36+00:00","og_image":[{"width":870,"height":324,"url":"https:\/\/test-wuwei.de\/orden\/wp-content\/uploads\/2025\/09\/csm_Datenschutz_db1909dd76_Pixabay.jpg","type":"image\/jpeg"}],"twitter_card":"summary_large_image","twitter_misc":{"Gesch\u00e4tzte Lesezeit":"4\u00a0Minuten"},"schema":{"@context":"https:\/\/schema.org","@graph":[{"@type":"WebPage","@id":"https:\/\/test-wuwei.de\/orden\/ueber-die-dok\/aufgaben-einrichtungen\/gemeinsamer-ordensdatenschutz-beauftragter-dok\/","url":"https:\/\/test-wuwei.de\/orden\/ueber-die-dok\/aufgaben-einrichtungen\/gemeinsamer-ordensdatenschutz-beauftragter-dok\/","name":"Einrichtung des Gemeinsamen Ordensdatenschutzbeauftragten der DOK &#8211; Ordensgemeinschaften in Deutschland","isPartOf":{"@id":"https:\/\/test-wuwei.de\/orden\/#website"},"primaryImageOfPage":{"@id":"https:\/\/test-wuwei.de\/orden\/ueber-die-dok\/aufgaben-einrichtungen\/gemeinsamer-ordensdatenschutz-beauftragter-dok\/#primaryimage"},"image":{"@id":"https:\/\/test-wuwei.de\/orden\/ueber-die-dok\/aufgaben-einrichtungen\/gemeinsamer-ordensdatenschutz-beauftragter-dok\/#primaryimage"},"thumbnailUrl":"https:\/\/test-wuwei.de\/orden\/wp-content\/uploads\/2025\/09\/csm_Datenschutz_db1909dd76_Pixabay.jpg","datePublished":"2025-09-04T10:18:49+00:00","dateModified":"2025-11-06T15:42:36+00:00","breadcrumb":{"@id":"https:\/\/test-wuwei.de\/orden\/ueber-die-dok\/aufgaben-einrichtungen\/gemeinsamer-ordensdatenschutz-beauftragter-dok\/#breadcrumb"},"inLanguage":"de","potentialAction":[{"@type":"ReadAction","target":["https:\/\/test-wuwei.de\/orden\/ueber-die-dok\/aufgaben-einrichtungen\/gemeinsamer-ordensdatenschutz-beauftragter-dok\/"]}]},{"@type":"ImageObject","inLanguage":"de","@id":"https:\/\/test-wuwei.de\/orden\/ueber-die-dok\/aufgaben-einrichtungen\/gemeinsamer-ordensdatenschutz-beauftragter-dok\/#primaryimage","url":"https:\/\/test-wuwei.de\/orden\/wp-content\/uploads\/2025\/09\/csm_Datenschutz_db1909dd76_Pixabay.jpg","contentUrl":"https:\/\/test-wuwei.de\/orden\/wp-content\/uploads\/2025\/09\/csm_Datenschutz_db1909dd76_Pixabay.jpg","width":870,"height":324},{"@type":"BreadcrumbList","@id":"https:\/\/test-wuwei.de\/orden\/ueber-die-dok\/aufgaben-einrichtungen\/gemeinsamer-ordensdatenschutz-beauftragter-dok\/#breadcrumb","itemListElement":[{"@type":"ListItem","position":1,"name":"\ud83c\udfe0\ufe0e","item":"https:\/\/test-wuwei.de\/orden\/"},{"@type":"ListItem","position":2,"name":"\u00dcber die Deutsche Ordensgemeinschaft","item":"https:\/\/test-wuwei.de\/orden\/ueber-die-dok\/"},{"@type":"ListItem","position":3,"name":"Aufgaben &amp; Einrichtungen","item":"https:\/\/test-wuwei.de\/orden\/ueber-die-dok\/aufgaben-einrichtungen\/"},{"@type":"ListItem","position":4,"name":"Einrichtung des Gemeinsamen Ordensdatenschutzbeauftragten der DOK"}]},{"@type":"WebSite","@id":"https:\/\/test-wuwei.de\/orden\/#website","url":"https:\/\/test-wuwei.de\/orden\/","name":"Ordensgemeinschaften in Deutschland","description":"Deutsche Ordensobernkonferenz","publisher":{"@id":"https:\/\/test-wuwei.de\/orden\/#organization"},"potentialAction":[{"@type":"SearchAction","target":{"@type":"EntryPoint","urlTemplate":"https:\/\/test-wuwei.de\/orden\/?s={search_term_string}"},"query-input":{"@type":"PropertyValueSpecification","valueRequired":true,"valueName":"search_term_string"}}],"inLanguage":"de"},{"@type":"Organization","@id":"https:\/\/test-wuwei.de\/orden\/#organization","name":"Ordensgemeinschaften in Deutschland","url":"https:\/\/test-wuwei.de\/orden\/","logo":{"@type":"ImageObject","inLanguage":"de","@id":"https:\/\/test-wuwei.de\/orden\/#\/schema\/logo\/image\/","url":"https:\/\/test-wuwei.de\/orden\/wp-content\/uploads\/2025\/07\/DOK_Logo_RGB_mit.jpg","contentUrl":"https:\/\/test-wuwei.de\/orden\/wp-content\/uploads\/2025\/07\/DOK_Logo_RGB_mit.jpg","width":2480,"height":1748,"caption":"Ordensgemeinschaften in Deutschland"},"image":{"@id":"https:\/\/test-wuwei.de\/orden\/#\/schema\/logo\/image\/"}}]}},"_links":{"self":[{"href":"https:\/\/test-wuwei.de\/orden\/wp-json\/wp\/v2\/pages\/3001","targetHints":{"allow":["GET"]}}],"collection":[{"href":"https:\/\/test-wuwei.de\/orden\/wp-json\/wp\/v2\/pages"}],"about":[{"href":"https:\/\/test-wuwei.de\/orden\/wp-json\/wp\/v2\/types\/page"}],"author":[{"embeddable":true,"href":"https:\/\/test-wuwei.de\/orden\/wp-json\/wp\/v2\/users\/3"}],"replies":[{"embeddable":true,"href":"https:\/\/test-wuwei.de\/orden\/wp-json\/wp\/v2\/comments?post=3001"}],"version-history":[{"count":4,"href":"https:\/\/test-wuwei.de\/orden\/wp-json\/wp\/v2\/pages\/3001\/revisions"}],"predecessor-version":[{"id":3939,"href":"https:\/\/test-wuwei.de\/orden\/wp-json\/wp\/v2\/pages\/3001\/revisions\/3939"}],"up":[{"embeddable":true,"href":"https:\/\/test-wuwei.de\/orden\/wp-json\/wp\/v2\/pages\/34"}],"wp:featuredmedia":[{"embeddable":true,"href":"https:\/\/test-wuwei.de\/orden\/wp-json\/wp\/v2\/media\/3000"}],"wp:attachment":[{"href":"https:\/\/test-wuwei.de\/orden\/wp-json\/wp\/v2\/media?parent=3001"}],"curies":[{"name":"wp","href":"https:\/\/api.w.org\/{rel}","templated":true}]}}