{"id":30,"date":"2025-07-17T10:48:50","date_gmt":"2025-07-17T08:48:50","guid":{"rendered":"https:\/\/test-wuwei.de\/orden\/?page_id=30"},"modified":"2025-11-20T15:19:31","modified_gmt":"2025-11-20T14:19:31","slug":"struktur","status":"publish","type":"page","link":"https:\/\/test-wuwei.de\/orden\/ueber-die-dok\/struktur\/","title":{"rendered":"Struktur der DOK"},"content":{"rendered":"\n<p>Die Zusammenarbeit in der Deutschen Ordensobernkonferenz ist gepr\u00e4gt von einem dialogischen Miteinander, indem wir den einzelnen Menschen als Pers\u00f6nlichkeit f\u00f6rdern sowie ein menschenfreundliches und barmherziges Klima schaffen.&nbsp;Arbeitsgrundlage ist die Satzung der Deutschen Ordensobernkonferenz, aufgestellt bei der Gr\u00fcndungsversammlung 2006 und fortgeschrieben durch die Mitgliederversammlungen. Unter <a href=\"https:\/\/www.orden.de\/ueber-die-dok\/struktur\/vorstand\/\">Vorstand <\/a>finden Namen und Kontaktadressen der Mitglieder von gesch\u00e4ftsf\u00fchrenden und erweitertem Vorstand.<\/p>\n\n\n\n<h2 class=\"gb-headline gb-headline-c1278137 gb-headline-text\">Leitbild<\/h2>\n\n\n\n<p>&#8222;Die Zusammenarbeit in der Deutschen Ordensobernkonferenz ist <br>gepr\u00e4gt von einem dialogischen Miteinander, indem wir den einzelnen Menschen als Pers\u00f6nlichkeit <br>f\u00f6rdern sowie ein menschenfreundliches und barmherziges Klima schaffen.&#8220;<\/p>\n\n\n\n<a class=\"gb-button gb-button-6785e91b gb-button-text button-standard\" href=\"https:\/\/test-wuwei.de\/orden\/wp-content\/uploads\/2025\/07\/dok_leitbild_web.pdf\" target=\"_blank\" rel=\"noopener noreferrer\">Leitbild (PDF)<\/a>\n\n\n\n<h2 class=\"gb-headline gb-headline-816be60e gb-headline-text\">Vorstand<\/h2>\n\n\n\n<figure class=\"gb-block-image gb-block-image-6e0ee332\"><img loading=\"lazy\" decoding=\"async\" width=\"870\" height=\"542\" class=\"gb-image gb-image-6e0ee332\" src=\"https:\/\/test-wuwei.de\/orden\/wp-content\/uploads\/2025\/08\/csm_MitgliederversammlungNeuervorstand_b5738bba4c.jpg\" srcset=\"https:\/\/test-wuwei.de\/orden\/wp-content\/uploads\/2025\/08\/csm_MitgliederversammlungNeuervorstand_b5738bba4c.jpg 870w, https:\/\/test-wuwei.de\/orden\/wp-content\/uploads\/2025\/08\/csm_MitgliederversammlungNeuervorstand_b5738bba4c-300x187.jpg 300w, https:\/\/test-wuwei.de\/orden\/wp-content\/uploads\/2025\/08\/csm_MitgliederversammlungNeuervorstand_b5738bba4c-768x478.jpg 768w\" sizes=\"auto, (max-width: 870px) 100vw, 870px\" \/><\/figure>\n\n\n\n<p class=\"gb-headline gb-headline-3f041c67 gb-headline-text\">v.l.n.r.: Br. Andreas Murk OFMConv (Vorsitzender), Sr. Maria Thoma Dikow SMMP (Stellvertretende Vorsitzende); Fr. Rudolf Knopp OH, Sr. Katharina Hemmers OP, Sr. Hildegard Schreier MC (Generalsekret\u00e4rin bis Juni 2023), P. Peter Kreutzwald OP, P. Bruno Robeck O.Cist. (Mitglied des erweiterten Vorstands bis Ende 2023), Sr. M. Karin Berger OSF (Mitglied des gesch\u00e4ftsf\u00fchrenden Vorstands), Abt Johannes Schaber OSB. Nicht im Bild: P. Dr. Stefan Tert\u00fcne SCJ (Mitglied des gesch\u00e4ftsf\u00fchrenden Vorstands)<\/p>\n\n\n\n<h3 class=\"gb-headline gb-headline-efeb1aa9 gb-headline-text\">Gesch\u00e4ftsf\u00fchrender Vorstand<\/h3>\n\n\n<div class=\"gb-grid-wrapper gb-grid-wrapper-6db52911\">\n<div class=\"gb-grid-column gb-grid-column-4a8b680c\"><div class=\"gb-container gb-container-4a8b680c\">\n\n<figure class=\"gb-block-image gb-block-image-856d2b88\"><img loading=\"lazy\" decoding=\"async\" width=\"225\" height=\"225\" class=\"gb-image gb-image-856d2b88\" src=\"https:\/\/test-wuwei.de\/orden\/wp-content\/uploads\/2025\/08\/csm_IMG_0715_8b3c3d9f68.jpg\" alt=\"Andreas Murk\" srcset=\"https:\/\/test-wuwei.de\/orden\/wp-content\/uploads\/2025\/08\/csm_IMG_0715_8b3c3d9f68.jpg 225w, https:\/\/test-wuwei.de\/orden\/wp-content\/uploads\/2025\/08\/csm_IMG_0715_8b3c3d9f68-150x150.jpg 150w, https:\/\/test-wuwei.de\/orden\/wp-content\/uploads\/2025\/08\/csm_IMG_0715_8b3c3d9f68-300x300.jpg 300w, https:\/\/test-wuwei.de\/orden\/wp-content\/uploads\/2025\/08\/csm_IMG_0715_8b3c3d9f68-600x600.jpg 600w\" sizes=\"auto, (max-width: 225px) 100vw, 225px\" \/><\/figure>\n\n<\/div><\/div>\n\n<div class=\"gb-grid-column gb-grid-column-973c0276\"><div class=\"gb-container gb-container-973c0276\">\n\n<p class=\"gb-headline gb-headline-6fc15175 gb-headline-text\"><strong>Br. Andreas Murk OFMConv<br>Vorsitzender<\/strong><\/p>\n\n\n\n<p>Franziskanergasse 7<br>97070 W\u00fcrzburg<br><a href=\"mailto:provinzialminister@franziskaner-minoriten.de\">provinzialminister@franziskaner-minoriten.de<\/a><br>Tel.: 09162 92889-0<\/p>\n\n<\/div><\/div>\n\n<div class=\"gb-grid-column gb-grid-column-f5f74d1e\"><div class=\"gb-container gb-container-f5f74d1e\">\n\n<figure class=\"gb-block-image gb-block-image-82f460de\"><img loading=\"lazy\" decoding=\"async\" width=\"225\" height=\"224\" class=\"gb-image gb-image-82f460de\" src=\"https:\/\/test-wuwei.de\/orden\/wp-content\/uploads\/2025\/08\/csm_IMG_0705_07c6d02779.jpg\" alt=\"Maria Thoma Dikow \" srcset=\"https:\/\/test-wuwei.de\/orden\/wp-content\/uploads\/2025\/08\/csm_IMG_0705_07c6d02779.jpg 225w, https:\/\/test-wuwei.de\/orden\/wp-content\/uploads\/2025\/08\/csm_IMG_0705_07c6d02779-150x150.jpg 150w, https:\/\/test-wuwei.de\/orden\/wp-content\/uploads\/2025\/08\/csm_IMG_0705_07c6d02779-300x300.jpg 300w, https:\/\/test-wuwei.de\/orden\/wp-content\/uploads\/2025\/08\/csm_IMG_0705_07c6d02779-600x600.jpg 600w\" sizes=\"auto, (max-width: 225px) 100vw, 225px\" \/><\/figure>\n\n<\/div><\/div>\n\n<div class=\"gb-grid-column gb-grid-column-3ac83c0b\"><div class=\"gb-container gb-container-3ac83c0b\">\n\n<p><strong>Sr. Maria Thoma Dikow SMMP<br>Stellvertretende Vorsitzende<\/strong><\/p>\n\n\n\n<p>Friedensplatz 6<br>37308 Heilbad Heiligenstadt<br><a href=\"mailto:sr.maria.thoma@smmp.de\">sr.maria.thoma@smmp.de<\/a><br>03606\/ 67301; -135<\/p>\n\n<\/div><\/div>\n\n<div class=\"gb-grid-column gb-grid-column-7fb5d243\"><div class=\"gb-container gb-container-7fb5d243\">\n\n<figure class=\"gb-block-image gb-block-image-11b8d6c3\"><img loading=\"lazy\" decoding=\"async\" width=\"225\" height=\"224\" class=\"gb-image gb-image-11b8d6c3\" src=\"https:\/\/test-wuwei.de\/orden\/wp-content\/uploads\/2025\/08\/csm_IMG_0709_616c571424.jpg\" alt=\"Karin Berger\" srcset=\"https:\/\/test-wuwei.de\/orden\/wp-content\/uploads\/2025\/08\/csm_IMG_0709_616c571424.jpg 225w, https:\/\/test-wuwei.de\/orden\/wp-content\/uploads\/2025\/08\/csm_IMG_0709_616c571424-150x150.jpg 150w, https:\/\/test-wuwei.de\/orden\/wp-content\/uploads\/2025\/08\/csm_IMG_0709_616c571424-300x300.jpg 300w, https:\/\/test-wuwei.de\/orden\/wp-content\/uploads\/2025\/08\/csm_IMG_0709_616c571424-600x600.jpg 600w\" sizes=\"auto, (max-width: 225px) 100vw, 225px\" \/><\/figure>\n\n<\/div><\/div>\n\n<div class=\"gb-grid-column gb-grid-column-791d9233\"><div class=\"gb-container gb-container-791d9233\">\n\n<p class=\"gb-headline gb-headline-d1a53240 gb-headline-text\"><strong><strong>Sr. M. Karin Berger OSF<\/strong><\/strong><\/p>\n\n\n\n<p>Kloster Sie\u00dfen 6<br>88348 Bad Saulgau<br><a href=\"mailto:sr.karin@klostersiessen.de\">sr.karin@klostersiessen.de<\/a><br>07581\/ 80-450<\/p>\n\n<\/div><\/div>\n\n<div class=\"gb-grid-column gb-grid-column-e3bc5d58\"><div class=\"gb-container gb-container-e3bc5d58\">\n\n<figure class=\"gb-block-image gb-block-image-a2ddbfeb\"><img loading=\"lazy\" decoding=\"async\" width=\"225\" height=\"225\" class=\"gb-image gb-image-a2ddbfeb\" src=\"https:\/\/test-wuwei.de\/orden\/wp-content\/uploads\/2025\/08\/csm_06.23_tertuente_478fa39d57.jpg\" alt=\"Stefan Tert\u00fcnte\" srcset=\"https:\/\/test-wuwei.de\/orden\/wp-content\/uploads\/2025\/08\/csm_06.23_tertuente_478fa39d57.jpg 225w, https:\/\/test-wuwei.de\/orden\/wp-content\/uploads\/2025\/08\/csm_06.23_tertuente_478fa39d57-150x150.jpg 150w, https:\/\/test-wuwei.de\/orden\/wp-content\/uploads\/2025\/08\/csm_06.23_tertuente_478fa39d57-300x300.jpg 300w, https:\/\/test-wuwei.de\/orden\/wp-content\/uploads\/2025\/08\/csm_06.23_tertuente_478fa39d57-600x600.jpg 600w\" sizes=\"auto, (max-width: 225px) 100vw, 225px\" \/><\/figure>\n\n<\/div><\/div>\n\n<div class=\"gb-grid-column gb-grid-column-337a20a9\"><div class=\"gb-container gb-container-337a20a9\">\n\n<p class=\"gb-headline gb-headline-3f6781e9 gb-headline-text\"><strong><strong><strong>P. Dr. Stefan Tert\u00fcnte SCJ<\/strong><\/strong><\/strong><\/p>\n\n\n\n<p>Waldstra\u00dfe 145<br>c\/o. Provinzialat<br>67434 Neustadt\/Weinstra\u00dfe<br><a href=\"mailto:provinzial@scj.de\">provinzial@scj.de<\/a><br>06321\/ 875-400<\/p>\n\n<\/div><\/div>\n<\/div>\n\n\n<h3 class=\"gb-headline gb-headline-186b32ac gb-headline-text\">Beisitzer zum erweiterten Vorstand<\/h3>\n\n\n<div class=\"gb-grid-wrapper gb-grid-wrapper-8d8b6b8c\">\n<div class=\"gb-grid-column gb-grid-column-5867417d\"><div class=\"gb-container gb-container-5867417d\">\n\n<figure class=\"gb-block-image gb-block-image-e6661fd1\"><img loading=\"lazy\" decoding=\"async\" width=\"225\" height=\"224\" class=\"gb-image gb-image-e6661fd1\" src=\"https:\/\/test-wuwei.de\/orden\/wp-content\/uploads\/2025\/08\/csm_IMG_0721_ceef5241fa.jpg\" alt=\"Katharina Hemmers\" srcset=\"https:\/\/test-wuwei.de\/orden\/wp-content\/uploads\/2025\/08\/csm_IMG_0721_ceef5241fa.jpg 225w, https:\/\/test-wuwei.de\/orden\/wp-content\/uploads\/2025\/08\/csm_IMG_0721_ceef5241fa-150x150.jpg 150w, https:\/\/test-wuwei.de\/orden\/wp-content\/uploads\/2025\/08\/csm_IMG_0721_ceef5241fa-300x300.jpg 300w, https:\/\/test-wuwei.de\/orden\/wp-content\/uploads\/2025\/08\/csm_IMG_0721_ceef5241fa-600x600.jpg 600w\" sizes=\"auto, (max-width: 225px) 100vw, 225px\" \/><\/figure>\n\n<\/div><\/div>\n\n<div class=\"gb-grid-column gb-grid-column-0c676b00\"><div class=\"gb-container gb-container-0c676b00\">\n\n<p class=\"gb-headline gb-headline-4076ff04 gb-headline-text\"><strong><strong><strong><strong>Sr. Katharina Hemmers OP<\/strong><\/strong><\/strong><\/strong><\/p>\n\n\n\n<p>Ungerather Str. 1-15<br>41366 Schwalmtal<br><a href=\"mailto:sr.katharina@bethanien-op.org\">sr.katharina@bethanien-op.org<\/a><br>Tel.: 0176 54 07 80 56&nbsp;<\/p>\n\n<\/div><\/div>\n\n<div class=\"gb-grid-column gb-grid-column-c35094ff\"><div class=\"gb-container gb-container-c35094ff\">\n\n<figure class=\"gb-block-image gb-block-image-5c09e1f1\"><img loading=\"lazy\" decoding=\"async\" width=\"225\" height=\"224\" class=\"gb-image gb-image-5c09e1f1\" src=\"https:\/\/test-wuwei.de\/orden\/wp-content\/uploads\/2025\/08\/csm_IMG_0702_1fd963b043.jpg\" alt=\"Rudolf Knopp\" srcset=\"https:\/\/test-wuwei.de\/orden\/wp-content\/uploads\/2025\/08\/csm_IMG_0702_1fd963b043.jpg 225w, https:\/\/test-wuwei.de\/orden\/wp-content\/uploads\/2025\/08\/csm_IMG_0702_1fd963b043-150x150.jpg 150w, https:\/\/test-wuwei.de\/orden\/wp-content\/uploads\/2025\/08\/csm_IMG_0702_1fd963b043-300x300.jpg 300w, https:\/\/test-wuwei.de\/orden\/wp-content\/uploads\/2025\/08\/csm_IMG_0702_1fd963b043-600x600.jpg 600w\" sizes=\"auto, (max-width: 225px) 100vw, 225px\" \/><\/figure>\n\n<\/div><\/div>\n\n<div class=\"gb-grid-column gb-grid-column-ae1f17b6\"><div class=\"gb-container gb-container-ae1f17b6\">\n\n<p class=\"gb-headline gb-headline-cb664d77 gb-headline-text\"><strong><strong><strong><strong><strong>Fr. Rudolf Knopp OH<\/strong><\/strong><\/strong><\/strong><\/strong><\/p>\n\n\n\n<p>S\u00fcdliches Schlo\u00dfrondell 5<br>80638 M\u00fcnchen<br><a href=\"mailto:provinzial@barmherzige.de\">provinzial@barmherzige.de<\/a><br>089\/ 1793-100; -101<\/p>\n\n<\/div><\/div>\n\n<div class=\"gb-grid-column gb-grid-column-26232931\"><div class=\"gb-container gb-container-26232931\">\n\n<figure class=\"gb-block-image gb-block-image-c834bb93\"><img loading=\"lazy\" decoding=\"async\" width=\"225\" height=\"225\" class=\"gb-image gb-image-c834bb93\" src=\"https:\/\/test-wuwei.de\/orden\/wp-content\/uploads\/2025\/08\/csm_P._Peter_521bf0b60a.jpg\" alt=\"Peter Kreutzwald\" srcset=\"https:\/\/test-wuwei.de\/orden\/wp-content\/uploads\/2025\/08\/csm_P._Peter_521bf0b60a.jpg 225w, https:\/\/test-wuwei.de\/orden\/wp-content\/uploads\/2025\/08\/csm_P._Peter_521bf0b60a-150x150.jpg 150w, https:\/\/test-wuwei.de\/orden\/wp-content\/uploads\/2025\/08\/csm_P._Peter_521bf0b60a-300x300.jpg 300w, https:\/\/test-wuwei.de\/orden\/wp-content\/uploads\/2025\/08\/csm_P._Peter_521bf0b60a-600x600.jpg 600w\" sizes=\"auto, (max-width: 225px) 100vw, 225px\" \/><\/figure>\n\n<\/div><\/div>\n\n<div class=\"gb-grid-column gb-grid-column-89958dd4\"><div class=\"gb-container gb-container-89958dd4\">\n\n<p class=\"gb-headline gb-headline-da5e2e77 gb-headline-text\"><strong><strong><strong><strong><strong><strong>P. Peter Kreutzwald OP<\/strong><\/strong><\/strong><\/strong><\/strong><\/strong><\/p>\n\n\n\n<p>Lindenstr. 45<br>50674 K\u00f6ln<br><a href=\"mailto:provinzial@dominikaner.de\">provinzial@dominikaner.de<\/a><br>0221\/ 310 678-0<\/p>\n\n<\/div><\/div>\n\n<div class=\"gb-grid-column gb-grid-column-a342ec89\"><div class=\"gb-container gb-container-a342ec89\">\n\n<figure class=\"gb-block-image gb-block-image-083b5727\"><img loading=\"lazy\" decoding=\"async\" width=\"225\" height=\"224\" class=\"gb-image gb-image-083b5727\" src=\"https:\/\/test-wuwei.de\/orden\/wp-content\/uploads\/2025\/08\/csm_IMG_0707_8ae23ed3a6.jpg\" alt=\"Johannes Schaber\" srcset=\"https:\/\/test-wuwei.de\/orden\/wp-content\/uploads\/2025\/08\/csm_IMG_0707_8ae23ed3a6.jpg 225w, https:\/\/test-wuwei.de\/orden\/wp-content\/uploads\/2025\/08\/csm_IMG_0707_8ae23ed3a6-150x150.jpg 150w, https:\/\/test-wuwei.de\/orden\/wp-content\/uploads\/2025\/08\/csm_IMG_0707_8ae23ed3a6-300x300.jpg 300w, https:\/\/test-wuwei.de\/orden\/wp-content\/uploads\/2025\/08\/csm_IMG_0707_8ae23ed3a6-600x600.jpg 600w\" sizes=\"auto, (max-width: 225px) 100vw, 225px\" \/><\/figure>\n\n<\/div><\/div>\n\n<div class=\"gb-grid-column gb-grid-column-15b80c36\"><div class=\"gb-container gb-container-15b80c36\">\n\n<p class=\"gb-headline gb-headline-883061db gb-headline-text\"><strong><strong><strong><strong><strong><strong><strong>Abt Johannes Schaber OSB<\/strong><\/strong><\/strong><\/strong><\/strong><\/strong><\/strong><\/p>\n\n\n\n<p>Sebastian-Kneipp-Str. 1<br>87724 Ottobeuren<br><a href=\"mailto:johannes@abtei-ottobeuren.de\">johannes@abtei-ottobeuren.de<\/a><br>08332\/ 798-0<\/p>\n\n<\/div><\/div>\n<\/div>\n\n\n<h2 class=\"gb-headline gb-headline-dc47e03f gb-headline-text\">Satzung<\/h2>\n\n\n\n<p>Die Satzung der Deutschen Ordensobernkonferenz, aufgestellt bei der Gr\u00fcndungsversammlung 2006 und fortgeschrieben durch die Mitgliederversammlungen finden Sie hier zum Download.<\/p>\n\n\n\n<a class=\"gb-button gb-button-f925173c gb-button-text button-standard\" href=\"https:\/\/test-wuwei.de\/orden\/wp-content\/uploads\/2025\/07\/satzung_dok_e.V._beschlossen_durch_mv_19.6.2023.pdf\" target=\"_blank\" rel=\"noopener noreferrer\">Satzung (pdf)<\/a>\n","protected":false},"excerpt":{"rendered":"<p>Die Zusammenarbeit in der Deutschen Ordensobernkonferenz ist gepr\u00e4gt von einem dialogischen Miteinander, indem wir den einzelnen Menschen als Pers\u00f6nlichkeit f\u00f6rdern sowie ein menschenfreundliches und barmherziges Klima schaffen.&nbsp;Arbeitsgrundlage ist die Satzung der Deutschen Ordensobernkonferenz, aufgestellt bei der Gr\u00fcndungsversammlung 2006 und fortgeschrieben durch die Mitgliederversammlungen. Unter Vorstand finden Namen und Kontaktadressen der Mitglieder von gesch\u00e4ftsf\u00fchrenden und erweitertem &#8230; <\/p>\n<p class=\"read-more-container\"><a title=\"Struktur der DOK\" class=\"read-more button\" href=\"https:\/\/test-wuwei.de\/orden\/ueber-die-dok\/struktur\/#more-30\" aria-label=\"Mehr Informationen \u00fcber Struktur der DOK\">weiterlesen<\/a><\/p>\n","protected":false},"author":3,"featured_media":453,"parent":26,"menu_order":0,"comment_status":"closed","ping_status":"closed","template":"","meta":{"_acf_changed":false,"footnotes":""},"class_list":["post-30","page","type-page","status-publish","has-post-thumbnail"],"acf":[],"yoast_head":"<!-- This site is optimized with the Yoast SEO plugin v26.3 - https:\/\/yoast.com\/wordpress\/plugins\/seo\/ -->\n<title>Struktur der DOK &#8211; Ordensgemeinschaften in Deutschland<\/title>\n<meta name=\"robots\" content=\"noindex, follow, max-snippet:-1, max-image-preview:large, max-video-preview:-1\" \/>\n<meta property=\"og:locale\" content=\"de_DE\" \/>\n<meta property=\"og:type\" content=\"article\" \/>\n<meta property=\"og:title\" content=\"Struktur der DOK &#8211; Ordensgemeinschaften in Deutschland\" \/>\n<meta property=\"og:description\" content=\"Die Zusammenarbeit in der Deutschen Ordensobernkonferenz ist gepr\u00e4gt von einem dialogischen Miteinander, indem wir den einzelnen Menschen als Pers\u00f6nlichkeit f\u00f6rdern sowie ein menschenfreundliches und barmherziges Klima schaffen.&nbsp;Arbeitsgrundlage ist die Satzung der Deutschen Ordensobernkonferenz, aufgestellt bei der Gr\u00fcndungsversammlung 2006 und fortgeschrieben durch die Mitgliederversammlungen. Unter Vorstand finden Namen und Kontaktadressen der Mitglieder von gesch\u00e4ftsf\u00fchrenden und erweitertem ... weiterlesen\" \/>\n<meta property=\"og:url\" content=\"https:\/\/test-wuwei.de\/orden\/ueber-die-dok\/struktur\/\" \/>\n<meta property=\"og:site_name\" content=\"Ordensgemeinschaften in Deutschland\" \/>\n<meta property=\"article:modified_time\" content=\"2025-11-20T14:19:31+00:00\" \/>\n<meta property=\"og:image\" content=\"https:\/\/test-wuwei.de\/orden\/wp-content\/uploads\/2025\/08\/csm_Satzung_0d19173221.jpg\" \/>\n\t<meta property=\"og:image:width\" content=\"870\" \/>\n\t<meta property=\"og:image:height\" content=\"325\" \/>\n\t<meta property=\"og:image:type\" content=\"image\/jpeg\" \/>\n<meta name=\"twitter:card\" content=\"summary_large_image\" \/>\n<meta name=\"twitter:label1\" content=\"Gesch\u00e4tzte Lesezeit\" \/>\n\t<meta name=\"twitter:data1\" content=\"4\u00a0Minuten\" \/>\n<script type=\"application\/ld+json\" class=\"yoast-schema-graph\">{\"@context\":\"https:\/\/schema.org\",\"@graph\":[{\"@type\":\"WebPage\",\"@id\":\"https:\/\/test-wuwei.de\/orden\/ueber-die-dok\/struktur\/\",\"url\":\"https:\/\/test-wuwei.de\/orden\/ueber-die-dok\/struktur\/\",\"name\":\"Struktur der DOK &#8211; Ordensgemeinschaften in Deutschland\",\"isPartOf\":{\"@id\":\"https:\/\/test-wuwei.de\/orden\/#website\"},\"primaryImageOfPage\":{\"@id\":\"https:\/\/test-wuwei.de\/orden\/ueber-die-dok\/struktur\/#primaryimage\"},\"image\":{\"@id\":\"https:\/\/test-wuwei.de\/orden\/ueber-die-dok\/struktur\/#primaryimage\"},\"thumbnailUrl\":\"https:\/\/test-wuwei.de\/orden\/wp-content\/uploads\/2025\/08\/csm_Satzung_0d19173221.jpg\",\"datePublished\":\"2025-07-17T08:48:50+00:00\",\"dateModified\":\"2025-11-20T14:19:31+00:00\",\"breadcrumb\":{\"@id\":\"https:\/\/test-wuwei.de\/orden\/ueber-die-dok\/struktur\/#breadcrumb\"},\"inLanguage\":\"de\",\"potentialAction\":[{\"@type\":\"ReadAction\",\"target\":[\"https:\/\/test-wuwei.de\/orden\/ueber-die-dok\/struktur\/\"]}]},{\"@type\":\"ImageObject\",\"inLanguage\":\"de\",\"@id\":\"https:\/\/test-wuwei.de\/orden\/ueber-die-dok\/struktur\/#primaryimage\",\"url\":\"https:\/\/test-wuwei.de\/orden\/wp-content\/uploads\/2025\/08\/csm_Satzung_0d19173221.jpg\",\"contentUrl\":\"https:\/\/test-wuwei.de\/orden\/wp-content\/uploads\/2025\/08\/csm_Satzung_0d19173221.jpg\",\"width\":870,\"height\":325,\"caption\":\"Abstimmung bei der DOK\"},{\"@type\":\"BreadcrumbList\",\"@id\":\"https:\/\/test-wuwei.de\/orden\/ueber-die-dok\/struktur\/#breadcrumb\",\"itemListElement\":[{\"@type\":\"ListItem\",\"position\":1,\"name\":\"\ud83c\udfe0\ufe0e\",\"item\":\"https:\/\/test-wuwei.de\/orden\/\"},{\"@type\":\"ListItem\",\"position\":2,\"name\":\"\u00dcber die Deutsche Ordensgemeinschaft\",\"item\":\"https:\/\/test-wuwei.de\/orden\/ueber-die-dok\/\"},{\"@type\":\"ListItem\",\"position\":3,\"name\":\"Struktur der DOK\"}]},{\"@type\":\"WebSite\",\"@id\":\"https:\/\/test-wuwei.de\/orden\/#website\",\"url\":\"https:\/\/test-wuwei.de\/orden\/\",\"name\":\"Ordensgemeinschaften in Deutschland\",\"description\":\"Deutsche Ordensobernkonferenz\",\"publisher\":{\"@id\":\"https:\/\/test-wuwei.de\/orden\/#organization\"},\"potentialAction\":[{\"@type\":\"SearchAction\",\"target\":{\"@type\":\"EntryPoint\",\"urlTemplate\":\"https:\/\/test-wuwei.de\/orden\/?s={search_term_string}\"},\"query-input\":{\"@type\":\"PropertyValueSpecification\",\"valueRequired\":true,\"valueName\":\"search_term_string\"}}],\"inLanguage\":\"de\"},{\"@type\":\"Organization\",\"@id\":\"https:\/\/test-wuwei.de\/orden\/#organization\",\"name\":\"Ordensgemeinschaften in Deutschland\",\"url\":\"https:\/\/test-wuwei.de\/orden\/\",\"logo\":{\"@type\":\"ImageObject\",\"inLanguage\":\"de\",\"@id\":\"https:\/\/test-wuwei.de\/orden\/#\/schema\/logo\/image\/\",\"url\":\"https:\/\/test-wuwei.de\/orden\/wp-content\/uploads\/2025\/07\/DOK_Logo_RGB_mit.jpg\",\"contentUrl\":\"https:\/\/test-wuwei.de\/orden\/wp-content\/uploads\/2025\/07\/DOK_Logo_RGB_mit.jpg\",\"width\":2480,\"height\":1748,\"caption\":\"Ordensgemeinschaften in Deutschland\"},\"image\":{\"@id\":\"https:\/\/test-wuwei.de\/orden\/#\/schema\/logo\/image\/\"}}]}<\/script>\n<!-- \/ Yoast SEO plugin. -->","yoast_head_json":{"title":"Struktur der DOK &#8211; Ordensgemeinschaften in Deutschland","robots":{"index":"noindex","follow":"follow","max-snippet":"max-snippet:-1","max-image-preview":"max-image-preview:large","max-video-preview":"max-video-preview:-1"},"og_locale":"de_DE","og_type":"article","og_title":"Struktur der DOK &#8211; Ordensgemeinschaften in Deutschland","og_description":"Die Zusammenarbeit in der Deutschen Ordensobernkonferenz ist gepr\u00e4gt von einem dialogischen Miteinander, indem wir den einzelnen Menschen als Pers\u00f6nlichkeit f\u00f6rdern sowie ein menschenfreundliches und barmherziges Klima schaffen.&nbsp;Arbeitsgrundlage ist die Satzung der Deutschen Ordensobernkonferenz, aufgestellt bei der Gr\u00fcndungsversammlung 2006 und fortgeschrieben durch die Mitgliederversammlungen. Unter Vorstand finden Namen und Kontaktadressen der Mitglieder von gesch\u00e4ftsf\u00fchrenden und erweitertem ... weiterlesen","og_url":"https:\/\/test-wuwei.de\/orden\/ueber-die-dok\/struktur\/","og_site_name":"Ordensgemeinschaften in Deutschland","article_modified_time":"2025-11-20T14:19:31+00:00","og_image":[{"width":870,"height":325,"url":"https:\/\/test-wuwei.de\/orden\/wp-content\/uploads\/2025\/08\/csm_Satzung_0d19173221.jpg","type":"image\/jpeg"}],"twitter_card":"summary_large_image","twitter_misc":{"Gesch\u00e4tzte Lesezeit":"4\u00a0Minuten"},"schema":{"@context":"https:\/\/schema.org","@graph":[{"@type":"WebPage","@id":"https:\/\/test-wuwei.de\/orden\/ueber-die-dok\/struktur\/","url":"https:\/\/test-wuwei.de\/orden\/ueber-die-dok\/struktur\/","name":"Struktur der DOK &#8211; Ordensgemeinschaften in Deutschland","isPartOf":{"@id":"https:\/\/test-wuwei.de\/orden\/#website"},"primaryImageOfPage":{"@id":"https:\/\/test-wuwei.de\/orden\/ueber-die-dok\/struktur\/#primaryimage"},"image":{"@id":"https:\/\/test-wuwei.de\/orden\/ueber-die-dok\/struktur\/#primaryimage"},"thumbnailUrl":"https:\/\/test-wuwei.de\/orden\/wp-content\/uploads\/2025\/08\/csm_Satzung_0d19173221.jpg","datePublished":"2025-07-17T08:48:50+00:00","dateModified":"2025-11-20T14:19:31+00:00","breadcrumb":{"@id":"https:\/\/test-wuwei.de\/orden\/ueber-die-dok\/struktur\/#breadcrumb"},"inLanguage":"de","potentialAction":[{"@type":"ReadAction","target":["https:\/\/test-wuwei.de\/orden\/ueber-die-dok\/struktur\/"]}]},{"@type":"ImageObject","inLanguage":"de","@id":"https:\/\/test-wuwei.de\/orden\/ueber-die-dok\/struktur\/#primaryimage","url":"https:\/\/test-wuwei.de\/orden\/wp-content\/uploads\/2025\/08\/csm_Satzung_0d19173221.jpg","contentUrl":"https:\/\/test-wuwei.de\/orden\/wp-content\/uploads\/2025\/08\/csm_Satzung_0d19173221.jpg","width":870,"height":325,"caption":"Abstimmung bei der DOK"},{"@type":"BreadcrumbList","@id":"https:\/\/test-wuwei.de\/orden\/ueber-die-dok\/struktur\/#breadcrumb","itemListElement":[{"@type":"ListItem","position":1,"name":"\ud83c\udfe0\ufe0e","item":"https:\/\/test-wuwei.de\/orden\/"},{"@type":"ListItem","position":2,"name":"\u00dcber die Deutsche Ordensgemeinschaft","item":"https:\/\/test-wuwei.de\/orden\/ueber-die-dok\/"},{"@type":"ListItem","position":3,"name":"Struktur der DOK"}]},{"@type":"WebSite","@id":"https:\/\/test-wuwei.de\/orden\/#website","url":"https:\/\/test-wuwei.de\/orden\/","name":"Ordensgemeinschaften in Deutschland","description":"Deutsche Ordensobernkonferenz","publisher":{"@id":"https:\/\/test-wuwei.de\/orden\/#organization"},"potentialAction":[{"@type":"SearchAction","target":{"@type":"EntryPoint","urlTemplate":"https:\/\/test-wuwei.de\/orden\/?s={search_term_string}"},"query-input":{"@type":"PropertyValueSpecification","valueRequired":true,"valueName":"search_term_string"}}],"inLanguage":"de"},{"@type":"Organization","@id":"https:\/\/test-wuwei.de\/orden\/#organization","name":"Ordensgemeinschaften in Deutschland","url":"https:\/\/test-wuwei.de\/orden\/","logo":{"@type":"ImageObject","inLanguage":"de","@id":"https:\/\/test-wuwei.de\/orden\/#\/schema\/logo\/image\/","url":"https:\/\/test-wuwei.de\/orden\/wp-content\/uploads\/2025\/07\/DOK_Logo_RGB_mit.jpg","contentUrl":"https:\/\/test-wuwei.de\/orden\/wp-content\/uploads\/2025\/07\/DOK_Logo_RGB_mit.jpg","width":2480,"height":1748,"caption":"Ordensgemeinschaften in Deutschland"},"image":{"@id":"https:\/\/test-wuwei.de\/orden\/#\/schema\/logo\/image\/"}}]}},"_links":{"self":[{"href":"https:\/\/test-wuwei.de\/orden\/wp-json\/wp\/v2\/pages\/30","targetHints":{"allow":["GET"]}}],"collection":[{"href":"https:\/\/test-wuwei.de\/orden\/wp-json\/wp\/v2\/pages"}],"about":[{"href":"https:\/\/test-wuwei.de\/orden\/wp-json\/wp\/v2\/types\/page"}],"author":[{"embeddable":true,"href":"https:\/\/test-wuwei.de\/orden\/wp-json\/wp\/v2\/users\/3"}],"replies":[{"embeddable":true,"href":"https:\/\/test-wuwei.de\/orden\/wp-json\/wp\/v2\/comments?post=30"}],"version-history":[{"count":25,"href":"https:\/\/test-wuwei.de\/orden\/wp-json\/wp\/v2\/pages\/30\/revisions"}],"predecessor-version":[{"id":4151,"href":"https:\/\/test-wuwei.de\/orden\/wp-json\/wp\/v2\/pages\/30\/revisions\/4151"}],"up":[{"embeddable":true,"href":"https:\/\/test-wuwei.de\/orden\/wp-json\/wp\/v2\/pages\/26"}],"wp:featuredmedia":[{"embeddable":true,"href":"https:\/\/test-wuwei.de\/orden\/wp-json\/wp\/v2\/media\/453"}],"wp:attachment":[{"href":"https:\/\/test-wuwei.de\/orden\/wp-json\/wp\/v2\/media?parent=30"}],"curies":[{"name":"wp","href":"https:\/\/api.w.org\/{rel}","templated":true}]}}