{"id":28,"date":"2025-07-17T10:48:15","date_gmt":"2025-07-17T08:48:15","guid":{"rendered":"https:\/\/test-wuwei.de\/orden\/?page_id=28"},"modified":"2025-11-05T13:10:35","modified_gmt":"2025-11-05T12:10:35","slug":"geschichte","status":"publish","type":"page","link":"https:\/\/test-wuwei.de\/orden\/ueber-die-dok\/geschichte\/","title":{"rendered":"Die Geschichte der\u00a0DOK"},"content":{"rendered":"\n<p>Die Deutsche Ordensobernkonferenz (DOK) wurde am 8. Juni 2006 im Rahmen einer ersten gemeinsamen Tagung der Vorg\u00e4ngerorganisationen, der Ordensobernvereinigungen der Priester- Br\u00fcder- und Schwesternorden (VDO, VOD, VOB) in der Erzabtei St. Ottilien gegr\u00fcndet. Zur ersten Vorsitzenden der gemeinsamen Konferenz wurde die Generaloberin der Schwestern der Heiligen Maria Magdalena Postel, Schwester Aloisia H\u00f6ing SMMP (63) gew\u00e4hlt.<\/p>\n\n\n\n<p>In einem Gru\u00dfwort erinnerte der Pr\u00e4fekt der vatikanischen Ordenskongregation, Franc Kardinal Rod\u00e9 CM, an die Aufgaben der Oberenkonferenzen: <em>&#8222;Hauptzweck &#8230;ist die F\u00f6rderung des geweihten Lebens im Gesamtauftrag der kirchlichen Sendung. Durch diese Konferenzen bringen die Institute die Gemeinschaft unter ihnen zum Ausdruck und suchen nach Mitteln, um sie unter Achtung und Erschlie\u00dfung der Besonderheit der verschiedenen Charismen zu st\u00e4rken, in denen sich das Geheimnis der Kirche und die vielgestaltige Weisheit Gottes widerspiegelt (VC 53)&#8220;<\/em>. In seiner Predigt im Festgottesdienst konkretisierte der damalige Erzabt von St. Ottilien, Jeremias Schr\u00f6der OSB, diesen Auftrag: <em>&#8222;Vor allem bekennen wir unsere Hoffnung und Zuversicht: dass auch in Zukunft unsere Gemeinschaften der Kirche und den Menschen in diesem Land dienen werden, durch gelebte Communio, durch den Dienst an Jungen, Alten, Kranken, Verlassenen, an den Rand Gedr\u00e4ngten, durch Wissenschaft und Lehre, durch Gottesdienst und Gastfreundschaft&#8220;<\/em>.<\/p>\n\n\n\n<h2 class=\"gb-headline gb-headline-b4aef5a6 gb-headline-text\">Die Vorgeschichte<\/h2>\n\n\n\n<h3 class=\"gb-headline gb-headline-c00098e6 gb-headline-text\">Superioren-Konferenz (SK) \/ Superioren-Vereinigung (SV) \/ Vereinigung Deutscher Ordensobern (VDO)<\/h3>\n\n\n\n<p>Am 24. August 1898 trafen sich die H\u00f6heren Oberen der Missionsorden zur Verst\u00e4ndigung bez\u00fcglich einer m\u00f6glichen Beteiligung an einer Ausstellung des Deutschen Kolonial-Museums Berlin. Diese als \u201eSuperioren-Konferenz\u201c betitelte Runde, die erstmals in Krefeld zusammentrat, lie\u00df den Wunsch nach einem Folgetreffen aufkommen. Damit war der Grundstein f\u00fcr einen Zusammenschluss der Priester-Ordensverb\u00e4nde der missionierenden Orden und Kongregationen gelegt; k\u00fcnftig fanden regelm\u00e4\u00dfige Treffen statt. Sie war damit die \u00e4lteste Obernvereinigung weltweit. Ab 1927 bezeichnete sich der Zusammenschluss als \u201eSuperioren-Vereinigung\u201c (SV).<\/p>\n\n\n\n<p>Nachdem die SV vor dem Hintergrund Nationalsozialistischen Drucks und des zweiten Weltkrieges im Mai 1941 aufgel\u00f6st worden war konstituierte sie sich nach Kriegsende 1946 als \u201eVereinigung Deutscher Ordensobern (VDO) neu. Die Mitgliedschaft war nun nicht mehr auf die Oberen der Missionsorden begrenzt, die Palette der Themen, mit denen sich die Vereinigung besch\u00e4ftigte, wurde breiter und die Arbeit wurde professionalisiert. 1962 wurde die Fortbildungsakademie \u201eInstitut der Orden f\u00fcr missionarische Seelsorge und Spiritualit\u00e4t\u201c (IMS) aufgebaut (heute DOK-Bildungsreferat RUACH), Verschiedene Arbeitsgemeinschaften wurden gegr\u00fcndet. Dar\u00fcber wurden ab den sechziger Jahren regelm\u00e4\u00dfige Gespr\u00e4chsformate mit der Deutschen Bischofskonferenz installiert.<\/p>\n\n\n\n<h3 class=\"gb-headline gb-headline-07972ffa gb-headline-text\">Vereinigung der H\u00f6heren Ordensoberinnen Deutschlands (VOD)<\/h3>\n\n\n\n<p>Nach 1950 entstanden \u2013 seitens des Vatikans gef\u00f6rdert \u2013 die meisten nationalen Vereinigungen von H\u00f6heren Oberinnen und Oberen. Im Mai 1952 kamen in Leutesdorf am Rhein Vertreterinnen von 15 Frauengemeinschaften zu einer \u201eTagung der Verinnerlichung\u201c zusammen. Das Treffen zur Konstituierung der Vereinigung h\u00f6herer Ordensoberinnen Deutschlands (VHOD), fand dann vom 21. bis zum 23. Juni 1954 statt. Drei Jahre sp\u00e4ter erhielt die sp\u00e4ter mit \u201eVOD\u201c abgek\u00fcrzte Organisation die kirchliche Anerkennung.<\/p>\n\n\n\n<h3 class=\"gb-headline gb-headline-9e9ae976 gb-headline-text\">Vereinigung der Ordensobern der Br\u00fcderorden und \u2013kongregationen Deutschlands (VOB)<\/h3>\n\n\n\n<p>Auch zum Zusammenschluss der General- und Provinzoberen der Br\u00fcdergenossenschaften in Deutschland kam es in diesem Zeitraum. Nach einem ersten Treffen 1949 in Aachen erfolgte er 1954. Als \u201eVereinigung h\u00f6herer Ordensobern der Br\u00fcderorden und \u2013kongregationen Deutschlands\u201c (VHOB, sp\u00e4ter VOB) wurde er 1958 approbiert.<\/p>\n\n\n\n<h3 class=\"gb-headline gb-headline-01b0f94f gb-headline-text\">Deutscher Katholischer Missionsrat (DKMR)<\/h3>\n\n\n\n<p>In Hinblick auf weltkirchliche Themen und Fragen der Weltmission wurde 1953 der \u201eKatholische Missionsrat\u201c gegr\u00fcndet, in dem sich erstmals die P\u00e4pstlichen Missionswerke und die missionierenden m\u00e4nnlichen und weiblichen Ordensgemeinschaften mit weiteren Einrichtungen zusammenschlossen. Sp\u00e4ter kamen die Weltkirchen-Referate der Bist\u00fcmer hinzu. Das Generalsekretariat des Missionsrates war in Personalunion mit dem VDO-Generalsekretariat verbunden und nach der Gr\u00fcndung der DOK im Jahr 2006 am DOK-Generalsekretariat angesiedelt. Der DKMR bestand bis zum Jahr 2012. Teile seiner Aufgaben hat die DOK \u00fcbernommen, etwa das umfangreiche F\u00f6rderspektrum f\u00fcr deutsche Missionskr\u00e4fte im Ausland.<\/p>\n\n\n\n<p><em>Mit Material aus: A. Leugers: Interessenpolitik und Solidarit\u00e4t, Frankfurt 1999 sowie OK 47(2006)3.<\/em><\/p>\n","protected":false},"excerpt":{"rendered":"<p>Die Deutsche Ordensobernkonferenz (DOK) wurde am 8. Juni 2006 im Rahmen einer ersten gemeinsamen Tagung der Vorg\u00e4ngerorganisationen, der Ordensobernvereinigungen der Priester- Br\u00fcder- und Schwesternorden (VDO, VOD, VOB) in der Erzabtei St. Ottilien gegr\u00fcndet. Zur ersten Vorsitzenden der gemeinsamen Konferenz wurde die Generaloberin der Schwestern der Heiligen Maria Magdalena Postel, Schwester Aloisia H\u00f6ing SMMP (63) gew\u00e4hlt. &#8230; <\/p>\n<p class=\"read-more-container\"><a title=\"Die Geschichte der\u00a0DOK\" class=\"read-more button\" href=\"https:\/\/test-wuwei.de\/orden\/ueber-die-dok\/geschichte\/#more-28\" aria-label=\"Mehr Informationen \u00fcber Die Geschichte der\u00a0DOK\">weiterlesen<\/a><\/p>\n","protected":false},"author":3,"featured_media":394,"parent":26,"menu_order":0,"comment_status":"closed","ping_status":"closed","template":"","meta":{"_acf_changed":false,"footnotes":""},"class_list":["post-28","page","type-page","status-publish","has-post-thumbnail"],"acf":[],"yoast_head":"<!-- This site is optimized with the Yoast SEO plugin v26.3 - https:\/\/yoast.com\/wordpress\/plugins\/seo\/ -->\n<title>Die Geschichte der\u00a0DOK &#8211; Ordensgemeinschaften in Deutschland<\/title>\n<meta name=\"robots\" content=\"noindex, follow, max-snippet:-1, max-image-preview:large, max-video-preview:-1\" \/>\n<meta property=\"og:locale\" content=\"de_DE\" \/>\n<meta property=\"og:type\" content=\"article\" \/>\n<meta property=\"og:title\" content=\"Die Geschichte der\u00a0DOK &#8211; Ordensgemeinschaften in Deutschland\" \/>\n<meta property=\"og:description\" content=\"Die Deutsche Ordensobernkonferenz (DOK) wurde am 8. Juni 2006 im Rahmen einer ersten gemeinsamen Tagung der Vorg\u00e4ngerorganisationen, der Ordensobernvereinigungen der Priester- Br\u00fcder- und Schwesternorden (VDO, VOD, VOB) in der Erzabtei St. Ottilien gegr\u00fcndet. Zur ersten Vorsitzenden der gemeinsamen Konferenz wurde die Generaloberin der Schwestern der Heiligen Maria Magdalena Postel, Schwester Aloisia H\u00f6ing SMMP (63) gew\u00e4hlt. ... weiterlesen\" \/>\n<meta property=\"og:url\" content=\"https:\/\/test-wuwei.de\/orden\/ueber-die-dok\/geschichte\/\" \/>\n<meta property=\"og:site_name\" content=\"Ordensgemeinschaften in Deutschland\" \/>\n<meta property=\"article:modified_time\" content=\"2025-11-05T12:10:35+00:00\" \/>\n<meta property=\"og:image\" content=\"https:\/\/test-wuwei.de\/orden\/wp-content\/uploads\/2025\/08\/csm_BildOhneMikroUndBisslFarbkorrigiert_fea6011069.jpg\" \/>\n\t<meta property=\"og:image:width\" content=\"870\" \/>\n\t<meta property=\"og:image:height\" content=\"325\" \/>\n\t<meta property=\"og:image:type\" content=\"image\/jpeg\" \/>\n<meta name=\"twitter:card\" content=\"summary_large_image\" \/>\n<meta name=\"twitter:label1\" content=\"Gesch\u00e4tzte Lesezeit\" \/>\n\t<meta name=\"twitter:data1\" content=\"4\u00a0Minuten\" \/>\n<script type=\"application\/ld+json\" class=\"yoast-schema-graph\">{\"@context\":\"https:\/\/schema.org\",\"@graph\":[{\"@type\":\"WebPage\",\"@id\":\"https:\/\/test-wuwei.de\/orden\/ueber-die-dok\/geschichte\/\",\"url\":\"https:\/\/test-wuwei.de\/orden\/ueber-die-dok\/geschichte\/\",\"name\":\"Die Geschichte der\u00a0DOK &#8211; Ordensgemeinschaften in Deutschland\",\"isPartOf\":{\"@id\":\"https:\/\/test-wuwei.de\/orden\/#website\"},\"primaryImageOfPage\":{\"@id\":\"https:\/\/test-wuwei.de\/orden\/ueber-die-dok\/geschichte\/#primaryimage\"},\"image\":{\"@id\":\"https:\/\/test-wuwei.de\/orden\/ueber-die-dok\/geschichte\/#primaryimage\"},\"thumbnailUrl\":\"https:\/\/test-wuwei.de\/orden\/wp-content\/uploads\/2025\/08\/csm_BildOhneMikroUndBisslFarbkorrigiert_fea6011069.jpg\",\"datePublished\":\"2025-07-17T08:48:15+00:00\",\"dateModified\":\"2025-11-05T12:10:35+00:00\",\"breadcrumb\":{\"@id\":\"https:\/\/test-wuwei.de\/orden\/ueber-die-dok\/geschichte\/#breadcrumb\"},\"inLanguage\":\"de\",\"potentialAction\":[{\"@type\":\"ReadAction\",\"target\":[\"https:\/\/test-wuwei.de\/orden\/ueber-die-dok\/geschichte\/\"]}]},{\"@type\":\"ImageObject\",\"inLanguage\":\"de\",\"@id\":\"https:\/\/test-wuwei.de\/orden\/ueber-die-dok\/geschichte\/#primaryimage\",\"url\":\"https:\/\/test-wuwei.de\/orden\/wp-content\/uploads\/2025\/08\/csm_BildOhneMikroUndBisslFarbkorrigiert_fea6011069.jpg\",\"contentUrl\":\"https:\/\/test-wuwei.de\/orden\/wp-content\/uploads\/2025\/08\/csm_BildOhneMikroUndBisslFarbkorrigiert_fea6011069.jpg\",\"width\":870,\"height\":325,\"caption\":\"Geschichte der dok\"},{\"@type\":\"BreadcrumbList\",\"@id\":\"https:\/\/test-wuwei.de\/orden\/ueber-die-dok\/geschichte\/#breadcrumb\",\"itemListElement\":[{\"@type\":\"ListItem\",\"position\":1,\"name\":\"\ud83c\udfe0\ufe0e\",\"item\":\"https:\/\/test-wuwei.de\/orden\/\"},{\"@type\":\"ListItem\",\"position\":2,\"name\":\"\u00dcber die Deutsche Ordensgemeinschaft\",\"item\":\"https:\/\/test-wuwei.de\/orden\/ueber-die-dok\/\"},{\"@type\":\"ListItem\",\"position\":3,\"name\":\"Die Geschichte der\u00a0DOK\"}]},{\"@type\":\"WebSite\",\"@id\":\"https:\/\/test-wuwei.de\/orden\/#website\",\"url\":\"https:\/\/test-wuwei.de\/orden\/\",\"name\":\"Ordensgemeinschaften in Deutschland\",\"description\":\"Deutsche Ordensobernkonferenz\",\"publisher\":{\"@id\":\"https:\/\/test-wuwei.de\/orden\/#organization\"},\"potentialAction\":[{\"@type\":\"SearchAction\",\"target\":{\"@type\":\"EntryPoint\",\"urlTemplate\":\"https:\/\/test-wuwei.de\/orden\/?s={search_term_string}\"},\"query-input\":{\"@type\":\"PropertyValueSpecification\",\"valueRequired\":true,\"valueName\":\"search_term_string\"}}],\"inLanguage\":\"de\"},{\"@type\":\"Organization\",\"@id\":\"https:\/\/test-wuwei.de\/orden\/#organization\",\"name\":\"Ordensgemeinschaften in Deutschland\",\"url\":\"https:\/\/test-wuwei.de\/orden\/\",\"logo\":{\"@type\":\"ImageObject\",\"inLanguage\":\"de\",\"@id\":\"https:\/\/test-wuwei.de\/orden\/#\/schema\/logo\/image\/\",\"url\":\"https:\/\/test-wuwei.de\/orden\/wp-content\/uploads\/2025\/07\/DOK_Logo_RGB_mit.jpg\",\"contentUrl\":\"https:\/\/test-wuwei.de\/orden\/wp-content\/uploads\/2025\/07\/DOK_Logo_RGB_mit.jpg\",\"width\":2480,\"height\":1748,\"caption\":\"Ordensgemeinschaften in Deutschland\"},\"image\":{\"@id\":\"https:\/\/test-wuwei.de\/orden\/#\/schema\/logo\/image\/\"}}]}<\/script>\n<!-- \/ Yoast SEO plugin. -->","yoast_head_json":{"title":"Die Geschichte der\u00a0DOK &#8211; Ordensgemeinschaften in Deutschland","robots":{"index":"noindex","follow":"follow","max-snippet":"max-snippet:-1","max-image-preview":"max-image-preview:large","max-video-preview":"max-video-preview:-1"},"og_locale":"de_DE","og_type":"article","og_title":"Die Geschichte der\u00a0DOK &#8211; Ordensgemeinschaften in Deutschland","og_description":"Die Deutsche Ordensobernkonferenz (DOK) wurde am 8. Juni 2006 im Rahmen einer ersten gemeinsamen Tagung der Vorg\u00e4ngerorganisationen, der Ordensobernvereinigungen der Priester- Br\u00fcder- und Schwesternorden (VDO, VOD, VOB) in der Erzabtei St. Ottilien gegr\u00fcndet. Zur ersten Vorsitzenden der gemeinsamen Konferenz wurde die Generaloberin der Schwestern der Heiligen Maria Magdalena Postel, Schwester Aloisia H\u00f6ing SMMP (63) gew\u00e4hlt. ... weiterlesen","og_url":"https:\/\/test-wuwei.de\/orden\/ueber-die-dok\/geschichte\/","og_site_name":"Ordensgemeinschaften in Deutschland","article_modified_time":"2025-11-05T12:10:35+00:00","og_image":[{"width":870,"height":325,"url":"https:\/\/test-wuwei.de\/orden\/wp-content\/uploads\/2025\/08\/csm_BildOhneMikroUndBisslFarbkorrigiert_fea6011069.jpg","type":"image\/jpeg"}],"twitter_card":"summary_large_image","twitter_misc":{"Gesch\u00e4tzte Lesezeit":"4\u00a0Minuten"},"schema":{"@context":"https:\/\/schema.org","@graph":[{"@type":"WebPage","@id":"https:\/\/test-wuwei.de\/orden\/ueber-die-dok\/geschichte\/","url":"https:\/\/test-wuwei.de\/orden\/ueber-die-dok\/geschichte\/","name":"Die Geschichte der\u00a0DOK &#8211; Ordensgemeinschaften in Deutschland","isPartOf":{"@id":"https:\/\/test-wuwei.de\/orden\/#website"},"primaryImageOfPage":{"@id":"https:\/\/test-wuwei.de\/orden\/ueber-die-dok\/geschichte\/#primaryimage"},"image":{"@id":"https:\/\/test-wuwei.de\/orden\/ueber-die-dok\/geschichte\/#primaryimage"},"thumbnailUrl":"https:\/\/test-wuwei.de\/orden\/wp-content\/uploads\/2025\/08\/csm_BildOhneMikroUndBisslFarbkorrigiert_fea6011069.jpg","datePublished":"2025-07-17T08:48:15+00:00","dateModified":"2025-11-05T12:10:35+00:00","breadcrumb":{"@id":"https:\/\/test-wuwei.de\/orden\/ueber-die-dok\/geschichte\/#breadcrumb"},"inLanguage":"de","potentialAction":[{"@type":"ReadAction","target":["https:\/\/test-wuwei.de\/orden\/ueber-die-dok\/geschichte\/"]}]},{"@type":"ImageObject","inLanguage":"de","@id":"https:\/\/test-wuwei.de\/orden\/ueber-die-dok\/geschichte\/#primaryimage","url":"https:\/\/test-wuwei.de\/orden\/wp-content\/uploads\/2025\/08\/csm_BildOhneMikroUndBisslFarbkorrigiert_fea6011069.jpg","contentUrl":"https:\/\/test-wuwei.de\/orden\/wp-content\/uploads\/2025\/08\/csm_BildOhneMikroUndBisslFarbkorrigiert_fea6011069.jpg","width":870,"height":325,"caption":"Geschichte der dok"},{"@type":"BreadcrumbList","@id":"https:\/\/test-wuwei.de\/orden\/ueber-die-dok\/geschichte\/#breadcrumb","itemListElement":[{"@type":"ListItem","position":1,"name":"\ud83c\udfe0\ufe0e","item":"https:\/\/test-wuwei.de\/orden\/"},{"@type":"ListItem","position":2,"name":"\u00dcber die Deutsche Ordensgemeinschaft","item":"https:\/\/test-wuwei.de\/orden\/ueber-die-dok\/"},{"@type":"ListItem","position":3,"name":"Die Geschichte der\u00a0DOK"}]},{"@type":"WebSite","@id":"https:\/\/test-wuwei.de\/orden\/#website","url":"https:\/\/test-wuwei.de\/orden\/","name":"Ordensgemeinschaften in Deutschland","description":"Deutsche Ordensobernkonferenz","publisher":{"@id":"https:\/\/test-wuwei.de\/orden\/#organization"},"potentialAction":[{"@type":"SearchAction","target":{"@type":"EntryPoint","urlTemplate":"https:\/\/test-wuwei.de\/orden\/?s={search_term_string}"},"query-input":{"@type":"PropertyValueSpecification","valueRequired":true,"valueName":"search_term_string"}}],"inLanguage":"de"},{"@type":"Organization","@id":"https:\/\/test-wuwei.de\/orden\/#organization","name":"Ordensgemeinschaften in Deutschland","url":"https:\/\/test-wuwei.de\/orden\/","logo":{"@type":"ImageObject","inLanguage":"de","@id":"https:\/\/test-wuwei.de\/orden\/#\/schema\/logo\/image\/","url":"https:\/\/test-wuwei.de\/orden\/wp-content\/uploads\/2025\/07\/DOK_Logo_RGB_mit.jpg","contentUrl":"https:\/\/test-wuwei.de\/orden\/wp-content\/uploads\/2025\/07\/DOK_Logo_RGB_mit.jpg","width":2480,"height":1748,"caption":"Ordensgemeinschaften in Deutschland"},"image":{"@id":"https:\/\/test-wuwei.de\/orden\/#\/schema\/logo\/image\/"}}]}},"_links":{"self":[{"href":"https:\/\/test-wuwei.de\/orden\/wp-json\/wp\/v2\/pages\/28","targetHints":{"allow":["GET"]}}],"collection":[{"href":"https:\/\/test-wuwei.de\/orden\/wp-json\/wp\/v2\/pages"}],"about":[{"href":"https:\/\/test-wuwei.de\/orden\/wp-json\/wp\/v2\/types\/page"}],"author":[{"embeddable":true,"href":"https:\/\/test-wuwei.de\/orden\/wp-json\/wp\/v2\/users\/3"}],"replies":[{"embeddable":true,"href":"https:\/\/test-wuwei.de\/orden\/wp-json\/wp\/v2\/comments?post=28"}],"version-history":[{"count":3,"href":"https:\/\/test-wuwei.de\/orden\/wp-json\/wp\/v2\/pages\/28\/revisions"}],"predecessor-version":[{"id":3834,"href":"https:\/\/test-wuwei.de\/orden\/wp-json\/wp\/v2\/pages\/28\/revisions\/3834"}],"up":[{"embeddable":true,"href":"https:\/\/test-wuwei.de\/orden\/wp-json\/wp\/v2\/pages\/26"}],"wp:featuredmedia":[{"embeddable":true,"href":"https:\/\/test-wuwei.de\/orden\/wp-json\/wp\/v2\/media\/394"}],"wp:attachment":[{"href":"https:\/\/test-wuwei.de\/orden\/wp-json\/wp\/v2\/media?parent=28"}],"curies":[{"name":"wp","href":"https:\/\/api.w.org\/{rel}","templated":true}]}}