{"id":2518,"date":"2025-08-29T15:11:07","date_gmt":"2025-08-29T13:11:07","guid":{"rendered":"https:\/\/test-wuwei.de\/orden\/?page_id=2518"},"modified":"2026-02-09T15:33:50","modified_gmt":"2026-02-09T14:33:50","slug":"schlichtungsstelle","status":"publish","type":"page","link":"https:\/\/test-wuwei.de\/orden\/ueber-die-dok\/aufgaben-einrichtungen\/schlichtungsstelle\/","title":{"rendered":"Schlichtungsstelle"},"content":{"rendered":"\n<p>Die Schlichtungsstelle der Deutschen Ordensobernkonferenz wurde von den Mitgliederversammlungen der drei damaligen Vereinigungen VDO, VOB und VOD bei den Jahrestagungen 1992 durch Erlass einer Verfahrensordnung errichtet.<\/p>\n\n\n\n<p>Ihre Aufgabe ist es, im internen (d.h. au\u00dfergerichtlichen) Bereich eine Regelung zu suchen f\u00fcr in Not geratene ehemalige Ordensmitglieder, wenn nach deren Ausscheiden aus der Ordensgemeinschaft ein H\u00e4rtefall vorliegt.<\/p>\n\n\n\n<p>Im Nachgang des Zusammenschlusses der Ordensobernvereinigungen zur Deutschen Ordensobernkonferenz wurde die <a href=\"https:\/\/www.orden.de\/dokumente\/schlichtungsstellenordnung_stand_mai_2012.pdf\">Verfahrensordnung<\/a> \u00fcberarbeitet. Diese steht unten zum Download zur Verf\u00fcgung. Von den sieben auf jeweils f\u00fcnf Jahre berufenen Mitgliedern sind zwei zum Richteramt bef\u00e4higte Laien und f\u00fcnf Ordensleute, die vom gesch\u00e4ftsf\u00fchrenden Vorstand der Deutschen Ordensobernkonferenz berufen werden. Alle Mitglieder der Schlichtungsstelle sind ehrenamtlich t\u00e4tig.<\/p>\n\n\n\n<h2 class=\"gb-headline gb-headline-da24c2f0 gb-headline-text\">Weitere Informationen zum Download<\/h2>\n\n\n<div class=\"gb-container gb-container-091945d1\">\n<div class=\"gb-grid-wrapper gb-grid-wrapper-13f00414\">\n<div class=\"gb-grid-column gb-grid-column-fa1c544a\"><div class=\"gb-container gb-container-fa1c544a\">\n\n<figure class=\"wp-block-image size-full is-style-rounded\"><img loading=\"lazy\" decoding=\"async\" width=\"2560\" height=\"2560\" src=\"https:\/\/test-wuwei.de\/orden\/wp-content\/uploads\/2025\/07\/Dokument-scaled.png\" alt=\"\" class=\"wp-image-224\" srcset=\"https:\/\/test-wuwei.de\/orden\/wp-content\/uploads\/2025\/07\/Dokument-scaled.png 2560w, https:\/\/test-wuwei.de\/orden\/wp-content\/uploads\/2025\/07\/Dokument-150x150.png 150w, https:\/\/test-wuwei.de\/orden\/wp-content\/uploads\/2025\/07\/Dokument-300x300.png 300w, https:\/\/test-wuwei.de\/orden\/wp-content\/uploads\/2025\/07\/Dokument-768x768.png 768w, https:\/\/test-wuwei.de\/orden\/wp-content\/uploads\/2025\/07\/Dokument-1024x1024.png 1024w, https:\/\/test-wuwei.de\/orden\/wp-content\/uploads\/2025\/07\/Dokument-1536x1536.png 1536w, https:\/\/test-wuwei.de\/orden\/wp-content\/uploads\/2025\/07\/Dokument-2048x2048.png 2048w, https:\/\/test-wuwei.de\/orden\/wp-content\/uploads\/2025\/07\/Dokument-600x600.png 600w\" sizes=\"auto, (max-width: 2560px) 100vw, 2560px\" \/><\/figure>\n\n<\/div><\/div>\n\n<div class=\"gb-grid-column gb-grid-column-1c6ebb6a\"><div class=\"gb-container gb-container-1c6ebb6a\">\n\n<p class=\"gb-headline gb-headline-dc1fb7e4 gb-headline-text\"><a href=\"https:\/\/test-wuwei.de\/orden\/wp-content\/uploads\/2025\/08\/schlichtungsstellenordnung_stand_mai_2012.pdf\" target=\"_blank\" rel=\"noreferrer noopener\">Schlichtungsstellenordnung \u2013 Stand: Mai 2012<\/a><\/p>\n\n<\/div><\/div>\n<\/div>\n<\/div>","protected":false},"excerpt":{"rendered":"<p>Die Schlichtungsstelle der Deutschen Ordensobernkonferenz wurde von den Mitgliederversammlungen der drei damaligen Vereinigungen VDO, VOB und VOD bei den Jahrestagungen 1992 durch Erlass einer Verfahrensordnung errichtet. Ihre Aufgabe ist es, im internen (d.h. au\u00dfergerichtlichen) Bereich eine Regelung zu suchen f\u00fcr in Not geratene ehemalige Ordensmitglieder, wenn nach deren Ausscheiden aus der Ordensgemeinschaft ein H\u00e4rtefall vorliegt. &#8230; <\/p>\n<p class=\"read-more-container\"><a title=\"Schlichtungsstelle\" class=\"read-more button\" href=\"https:\/\/test-wuwei.de\/orden\/ueber-die-dok\/aufgaben-einrichtungen\/schlichtungsstelle\/#more-2518\" aria-label=\"Mehr Informationen \u00fcber Schlichtungsstelle\">weiterlesen<\/a><\/p>\n","protected":false},"author":3,"featured_media":2519,"parent":34,"menu_order":0,"comment_status":"closed","ping_status":"closed","template":"","meta":{"_acf_changed":false,"footnotes":""},"class_list":["post-2518","page","type-page","status-publish","has-post-thumbnail"],"acf":[],"yoast_head":"<!-- This site is optimized with the Yoast SEO plugin v26.3 - https:\/\/yoast.com\/wordpress\/plugins\/seo\/ -->\n<title>Schlichtungsstelle &#8211; Ordensgemeinschaften in Deutschland<\/title>\n<meta name=\"robots\" content=\"noindex, follow, max-snippet:-1, max-image-preview:large, max-video-preview:-1\" \/>\n<meta property=\"og:locale\" content=\"de_DE\" \/>\n<meta property=\"og:type\" content=\"article\" \/>\n<meta property=\"og:title\" content=\"Schlichtungsstelle &#8211; Ordensgemeinschaften in Deutschland\" \/>\n<meta property=\"og:description\" content=\"Die Schlichtungsstelle der Deutschen Ordensobernkonferenz wurde von den Mitgliederversammlungen der drei damaligen Vereinigungen VDO, VOB und VOD bei den Jahrestagungen 1992 durch Erlass einer Verfahrensordnung errichtet. Ihre Aufgabe ist es, im internen (d.h. au\u00dfergerichtlichen) Bereich eine Regelung zu suchen f\u00fcr in Not geratene ehemalige Ordensmitglieder, wenn nach deren Ausscheiden aus der Ordensgemeinschaft ein H\u00e4rtefall vorliegt. ... weiterlesen\" \/>\n<meta property=\"og:url\" content=\"https:\/\/test-wuwei.de\/orden\/ueber-die-dok\/aufgaben-einrichtungen\/schlichtungsstelle\/\" \/>\n<meta property=\"og:site_name\" content=\"Ordensgemeinschaften in Deutschland\" \/>\n<meta property=\"article:modified_time\" content=\"2026-02-09T14:33:50+00:00\" \/>\n<meta property=\"og:image\" content=\"https:\/\/test-wuwei.de\/orden\/wp-content\/uploads\/2025\/08\/csm_Schlichtungsstelle_e648ebeed4.jpg\" \/>\n\t<meta property=\"og:image:width\" content=\"870\" \/>\n\t<meta property=\"og:image:height\" content=\"326\" \/>\n\t<meta property=\"og:image:type\" content=\"image\/jpeg\" \/>\n<meta name=\"twitter:card\" content=\"summary_large_image\" \/>\n<meta name=\"twitter:label1\" content=\"Gesch\u00e4tzte Lesezeit\" \/>\n\t<meta name=\"twitter:data1\" content=\"2\u00a0Minuten\" \/>\n<script type=\"application\/ld+json\" class=\"yoast-schema-graph\">{\"@context\":\"https:\/\/schema.org\",\"@graph\":[{\"@type\":\"WebPage\",\"@id\":\"https:\/\/test-wuwei.de\/orden\/ueber-die-dok\/aufgaben-einrichtungen\/schlichtungsstelle\/\",\"url\":\"https:\/\/test-wuwei.de\/orden\/ueber-die-dok\/aufgaben-einrichtungen\/schlichtungsstelle\/\",\"name\":\"Schlichtungsstelle &#8211; Ordensgemeinschaften in Deutschland\",\"isPartOf\":{\"@id\":\"https:\/\/test-wuwei.de\/orden\/#website\"},\"primaryImageOfPage\":{\"@id\":\"https:\/\/test-wuwei.de\/orden\/ueber-die-dok\/aufgaben-einrichtungen\/schlichtungsstelle\/#primaryimage\"},\"image\":{\"@id\":\"https:\/\/test-wuwei.de\/orden\/ueber-die-dok\/aufgaben-einrichtungen\/schlichtungsstelle\/#primaryimage\"},\"thumbnailUrl\":\"https:\/\/test-wuwei.de\/orden\/wp-content\/uploads\/2025\/08\/csm_Schlichtungsstelle_e648ebeed4.jpg\",\"datePublished\":\"2025-08-29T13:11:07+00:00\",\"dateModified\":\"2026-02-09T14:33:50+00:00\",\"breadcrumb\":{\"@id\":\"https:\/\/test-wuwei.de\/orden\/ueber-die-dok\/aufgaben-einrichtungen\/schlichtungsstelle\/#breadcrumb\"},\"inLanguage\":\"de\",\"potentialAction\":[{\"@type\":\"ReadAction\",\"target\":[\"https:\/\/test-wuwei.de\/orden\/ueber-die-dok\/aufgaben-einrichtungen\/schlichtungsstelle\/\"]}]},{\"@type\":\"ImageObject\",\"inLanguage\":\"de\",\"@id\":\"https:\/\/test-wuwei.de\/orden\/ueber-die-dok\/aufgaben-einrichtungen\/schlichtungsstelle\/#primaryimage\",\"url\":\"https:\/\/test-wuwei.de\/orden\/wp-content\/uploads\/2025\/08\/csm_Schlichtungsstelle_e648ebeed4.jpg\",\"contentUrl\":\"https:\/\/test-wuwei.de\/orden\/wp-content\/uploads\/2025\/08\/csm_Schlichtungsstelle_e648ebeed4.jpg\",\"width\":870,\"height\":326,\"caption\":\"Schlichtungsstelle\"},{\"@type\":\"BreadcrumbList\",\"@id\":\"https:\/\/test-wuwei.de\/orden\/ueber-die-dok\/aufgaben-einrichtungen\/schlichtungsstelle\/#breadcrumb\",\"itemListElement\":[{\"@type\":\"ListItem\",\"position\":1,\"name\":\"\ud83c\udfe0\ufe0e\",\"item\":\"https:\/\/test-wuwei.de\/orden\/\"},{\"@type\":\"ListItem\",\"position\":2,\"name\":\"\u00dcber die Deutsche Ordensgemeinschaft\",\"item\":\"https:\/\/test-wuwei.de\/orden\/ueber-die-dok\/\"},{\"@type\":\"ListItem\",\"position\":3,\"name\":\"Aufgaben &amp; Einrichtungen\",\"item\":\"https:\/\/test-wuwei.de\/orden\/ueber-die-dok\/aufgaben-einrichtungen\/\"},{\"@type\":\"ListItem\",\"position\":4,\"name\":\"Schlichtungsstelle\"}]},{\"@type\":\"WebSite\",\"@id\":\"https:\/\/test-wuwei.de\/orden\/#website\",\"url\":\"https:\/\/test-wuwei.de\/orden\/\",\"name\":\"Ordensgemeinschaften in Deutschland\",\"description\":\"Deutsche Ordensobernkonferenz\",\"publisher\":{\"@id\":\"https:\/\/test-wuwei.de\/orden\/#organization\"},\"potentialAction\":[{\"@type\":\"SearchAction\",\"target\":{\"@type\":\"EntryPoint\",\"urlTemplate\":\"https:\/\/test-wuwei.de\/orden\/?s={search_term_string}\"},\"query-input\":{\"@type\":\"PropertyValueSpecification\",\"valueRequired\":true,\"valueName\":\"search_term_string\"}}],\"inLanguage\":\"de\"},{\"@type\":\"Organization\",\"@id\":\"https:\/\/test-wuwei.de\/orden\/#organization\",\"name\":\"Ordensgemeinschaften in Deutschland\",\"url\":\"https:\/\/test-wuwei.de\/orden\/\",\"logo\":{\"@type\":\"ImageObject\",\"inLanguage\":\"de\",\"@id\":\"https:\/\/test-wuwei.de\/orden\/#\/schema\/logo\/image\/\",\"url\":\"https:\/\/test-wuwei.de\/orden\/wp-content\/uploads\/2025\/07\/DOK_Logo_RGB_mit.jpg\",\"contentUrl\":\"https:\/\/test-wuwei.de\/orden\/wp-content\/uploads\/2025\/07\/DOK_Logo_RGB_mit.jpg\",\"width\":2480,\"height\":1748,\"caption\":\"Ordensgemeinschaften in Deutschland\"},\"image\":{\"@id\":\"https:\/\/test-wuwei.de\/orden\/#\/schema\/logo\/image\/\"}}]}<\/script>\n<!-- \/ Yoast SEO plugin. -->","yoast_head_json":{"title":"Schlichtungsstelle &#8211; Ordensgemeinschaften in Deutschland","robots":{"index":"noindex","follow":"follow","max-snippet":"max-snippet:-1","max-image-preview":"max-image-preview:large","max-video-preview":"max-video-preview:-1"},"og_locale":"de_DE","og_type":"article","og_title":"Schlichtungsstelle &#8211; Ordensgemeinschaften in Deutschland","og_description":"Die Schlichtungsstelle der Deutschen Ordensobernkonferenz wurde von den Mitgliederversammlungen der drei damaligen Vereinigungen VDO, VOB und VOD bei den Jahrestagungen 1992 durch Erlass einer Verfahrensordnung errichtet. Ihre Aufgabe ist es, im internen (d.h. au\u00dfergerichtlichen) Bereich eine Regelung zu suchen f\u00fcr in Not geratene ehemalige Ordensmitglieder, wenn nach deren Ausscheiden aus der Ordensgemeinschaft ein H\u00e4rtefall vorliegt. ... weiterlesen","og_url":"https:\/\/test-wuwei.de\/orden\/ueber-die-dok\/aufgaben-einrichtungen\/schlichtungsstelle\/","og_site_name":"Ordensgemeinschaften in Deutschland","article_modified_time":"2026-02-09T14:33:50+00:00","og_image":[{"width":870,"height":326,"url":"https:\/\/test-wuwei.de\/orden\/wp-content\/uploads\/2025\/08\/csm_Schlichtungsstelle_e648ebeed4.jpg","type":"image\/jpeg"}],"twitter_card":"summary_large_image","twitter_misc":{"Gesch\u00e4tzte Lesezeit":"2\u00a0Minuten"},"schema":{"@context":"https:\/\/schema.org","@graph":[{"@type":"WebPage","@id":"https:\/\/test-wuwei.de\/orden\/ueber-die-dok\/aufgaben-einrichtungen\/schlichtungsstelle\/","url":"https:\/\/test-wuwei.de\/orden\/ueber-die-dok\/aufgaben-einrichtungen\/schlichtungsstelle\/","name":"Schlichtungsstelle &#8211; Ordensgemeinschaften in Deutschland","isPartOf":{"@id":"https:\/\/test-wuwei.de\/orden\/#website"},"primaryImageOfPage":{"@id":"https:\/\/test-wuwei.de\/orden\/ueber-die-dok\/aufgaben-einrichtungen\/schlichtungsstelle\/#primaryimage"},"image":{"@id":"https:\/\/test-wuwei.de\/orden\/ueber-die-dok\/aufgaben-einrichtungen\/schlichtungsstelle\/#primaryimage"},"thumbnailUrl":"https:\/\/test-wuwei.de\/orden\/wp-content\/uploads\/2025\/08\/csm_Schlichtungsstelle_e648ebeed4.jpg","datePublished":"2025-08-29T13:11:07+00:00","dateModified":"2026-02-09T14:33:50+00:00","breadcrumb":{"@id":"https:\/\/test-wuwei.de\/orden\/ueber-die-dok\/aufgaben-einrichtungen\/schlichtungsstelle\/#breadcrumb"},"inLanguage":"de","potentialAction":[{"@type":"ReadAction","target":["https:\/\/test-wuwei.de\/orden\/ueber-die-dok\/aufgaben-einrichtungen\/schlichtungsstelle\/"]}]},{"@type":"ImageObject","inLanguage":"de","@id":"https:\/\/test-wuwei.de\/orden\/ueber-die-dok\/aufgaben-einrichtungen\/schlichtungsstelle\/#primaryimage","url":"https:\/\/test-wuwei.de\/orden\/wp-content\/uploads\/2025\/08\/csm_Schlichtungsstelle_e648ebeed4.jpg","contentUrl":"https:\/\/test-wuwei.de\/orden\/wp-content\/uploads\/2025\/08\/csm_Schlichtungsstelle_e648ebeed4.jpg","width":870,"height":326,"caption":"Schlichtungsstelle"},{"@type":"BreadcrumbList","@id":"https:\/\/test-wuwei.de\/orden\/ueber-die-dok\/aufgaben-einrichtungen\/schlichtungsstelle\/#breadcrumb","itemListElement":[{"@type":"ListItem","position":1,"name":"\ud83c\udfe0\ufe0e","item":"https:\/\/test-wuwei.de\/orden\/"},{"@type":"ListItem","position":2,"name":"\u00dcber die Deutsche Ordensgemeinschaft","item":"https:\/\/test-wuwei.de\/orden\/ueber-die-dok\/"},{"@type":"ListItem","position":3,"name":"Aufgaben &amp; Einrichtungen","item":"https:\/\/test-wuwei.de\/orden\/ueber-die-dok\/aufgaben-einrichtungen\/"},{"@type":"ListItem","position":4,"name":"Schlichtungsstelle"}]},{"@type":"WebSite","@id":"https:\/\/test-wuwei.de\/orden\/#website","url":"https:\/\/test-wuwei.de\/orden\/","name":"Ordensgemeinschaften in Deutschland","description":"Deutsche Ordensobernkonferenz","publisher":{"@id":"https:\/\/test-wuwei.de\/orden\/#organization"},"potentialAction":[{"@type":"SearchAction","target":{"@type":"EntryPoint","urlTemplate":"https:\/\/test-wuwei.de\/orden\/?s={search_term_string}"},"query-input":{"@type":"PropertyValueSpecification","valueRequired":true,"valueName":"search_term_string"}}],"inLanguage":"de"},{"@type":"Organization","@id":"https:\/\/test-wuwei.de\/orden\/#organization","name":"Ordensgemeinschaften in Deutschland","url":"https:\/\/test-wuwei.de\/orden\/","logo":{"@type":"ImageObject","inLanguage":"de","@id":"https:\/\/test-wuwei.de\/orden\/#\/schema\/logo\/image\/","url":"https:\/\/test-wuwei.de\/orden\/wp-content\/uploads\/2025\/07\/DOK_Logo_RGB_mit.jpg","contentUrl":"https:\/\/test-wuwei.de\/orden\/wp-content\/uploads\/2025\/07\/DOK_Logo_RGB_mit.jpg","width":2480,"height":1748,"caption":"Ordensgemeinschaften in Deutschland"},"image":{"@id":"https:\/\/test-wuwei.de\/orden\/#\/schema\/logo\/image\/"}}]}},"_links":{"self":[{"href":"https:\/\/test-wuwei.de\/orden\/wp-json\/wp\/v2\/pages\/2518","targetHints":{"allow":["GET"]}}],"collection":[{"href":"https:\/\/test-wuwei.de\/orden\/wp-json\/wp\/v2\/pages"}],"about":[{"href":"https:\/\/test-wuwei.de\/orden\/wp-json\/wp\/v2\/types\/page"}],"author":[{"embeddable":true,"href":"https:\/\/test-wuwei.de\/orden\/wp-json\/wp\/v2\/users\/3"}],"replies":[{"embeddable":true,"href":"https:\/\/test-wuwei.de\/orden\/wp-json\/wp\/v2\/comments?post=2518"}],"version-history":[{"count":5,"href":"https:\/\/test-wuwei.de\/orden\/wp-json\/wp\/v2\/pages\/2518\/revisions"}],"predecessor-version":[{"id":5155,"href":"https:\/\/test-wuwei.de\/orden\/wp-json\/wp\/v2\/pages\/2518\/revisions\/5155"}],"up":[{"embeddable":true,"href":"https:\/\/test-wuwei.de\/orden\/wp-json\/wp\/v2\/pages\/34"}],"wp:featuredmedia":[{"embeddable":true,"href":"https:\/\/test-wuwei.de\/orden\/wp-json\/wp\/v2\/media\/2519"}],"wp:attachment":[{"href":"https:\/\/test-wuwei.de\/orden\/wp-json\/wp\/v2\/media?parent=2518"}],"curies":[{"name":"wp","href":"https:\/\/api.w.org\/{rel}","templated":true}]}}