{"id":2511,"date":"2025-08-29T15:03:00","date_gmt":"2025-08-29T13:03:00","guid":{"rendered":"https:\/\/test-wuwei.de\/orden\/?page_id=2511"},"modified":"2025-11-06T16:44:52","modified_gmt":"2025-11-06T15:44:52","slug":"ordensnetzwerk-alternde-gemeinschaften","status":"publish","type":"page","link":"https:\/\/test-wuwei.de\/orden\/ueber-die-dok\/aufgaben-einrichtungen\/ordensnetzwerk-alternde-gemeinschaften\/","title":{"rendered":"Ordensnetzwerk alternde Gemeinschaften"},"content":{"rendered":"\n<p>Das \u201eOrdensnetzwerk alternde Gemeinschaften\u201c ist eine Einrichtung der Deutschen Ordensobernkonferenz. Sie unterst\u00fctzt alternde Ordensgemeinschaften in den oft komplexen Prozessen erforderlich gewordener Ver\u00e4nderungen.<\/p>\n\n\n\n<p>Zielgruppe sind Ordensgemeinschaften mit \u00fcberwiegend \u00e4lteren Mitgliedern. Folgende Schwerpunkte werden dabei in den Blick genommen:<\/p>\n\n\n\n<ul class=\"wp-block-list\">\n<li>Leitungsverantwortung\/Leitungskompetenz\/ personelle Ressourcen<\/li>\n\n\n\n<li>Organisation von Pflege und Betreuung<\/li>\n\n\n\n<li>Sicherstellung geistlichen Lebens und allt\u00e4glicher Versorgung<\/li>\n\n\n\n<li>Weitergabe des Ordenscharismas an Nachfolgeeinrichtungen<\/li>\n\n\n\n<li>\u00d6konomische Verantwortung und wirtschaftliche Sicherung<\/li>\n<\/ul>\n\n\n\n<p>Die eigene Situation in all ihren Aspekten wahrzunehmen, ist eine unerl\u00e4ssliche Voraussetzung f\u00fcr jede Zukunftsgestaltung. Auf Anfrage begleitet das Ordensnetzwerk einzelne Gemeinschaften, hilft ihnen, ihre Situation in den gegebenen, konkreten Zusammenh\u00e4ngen anzuschauen und begleitet Findungs- und Entscheidungsprozesse, die anstehen und zu neuen Schritten auf den je eigenen Lebensfeldern f\u00fchren.&nbsp;<\/p>\n\n\n\n<p>Das Ordensnetzwerk alternde Gemeinschaften unterst\u00fctzt in der Vermittlung weiterer Fachleute aus den verschiedenen relevanten Themenbereichen, die mit den Ordensgemeinschaften &#8211; ihren Ordenscharismen und geistlichen Schwerpunkten entsprechend &#8211; zivil- wie kirchenrechtliche und wirtschaftliche Bedingungen in den Blick nehmen.<\/p>\n\n\n\n<h2 class=\"gb-headline gb-headline-cbbd523e gb-headline-text\">Seit 2015 &#8230;<\/h2>\n\n\n\n<p>werden&nbsp;Workshops und Austauschtreffen zu verschiedenen Aspekten angeboten. Dabei lernen sich die Teilnehmenden mit den bereits gesammelten Erfahrungen und erworbenen Kompetenzen besser kennen und profitieren im Dialog voneinander.<\/p>\n\n\n\n<p>J\u00e4hrlich werden zu zwei Terminen Mitarbeitende von Ordensgemeinschaften eingeladen, die als Koordinatorinnen und Koordinatoren Aufgaben von Konventsleiterinnen und Konventsleitern \u00fcbernommen haben. Neben dem Austausch gibt es bei den Treffen einen thematischen Schwerpunkt, der der Fortbildung der Teilnehmenden dient. Behandelt wurden bislang u.a. diese Themen: Zusammenleben unterschiedlicher Kulturen; Sterben in W\u00fcrde; Konfliktbearbeitung und Mediation.<\/p>\n\n\n\n<p>N\u00e4here Informationen zu geplanten Kursen:<\/p>\n\n\n\n<a class=\"gb-button gb-button-60441e92 gb-button-text button-standard\" href=\"https:\/\/www.orden.de\/ruach\/veranstaltungen\/\" target=\"_blank\" rel=\"noopener noreferrer\">Bildungsportal RUACH<\/a>\n\n\n\n<h2 class=\"gb-headline gb-headline-3961b466 gb-headline-text\"><br>Ansprechpartnerinnen des Ordensnetzwerks<\/h2>\n\n\n<div class=\"gb-container gb-container-cf960882\">\n<div class=\"gb-grid-wrapper gb-grid-wrapper-0eae92d0\">\n<div class=\"gb-grid-column gb-grid-column-8e41b81b\"><div class=\"gb-container gb-container-8e41b81b\">\n\n<figure class=\"wp-block-image size-full is-resized\"><img loading=\"lazy\" decoding=\"async\" width=\"200\" height=\"200\" src=\"https:\/\/test-wuwei.de\/orden\/wp-content\/uploads\/2025\/08\/johanna_domek.jpg\" alt=\"Johanna Domek\" class=\"wp-image-2514\" style=\"width:265px;height:auto\" srcset=\"https:\/\/test-wuwei.de\/orden\/wp-content\/uploads\/2025\/08\/johanna_domek.jpg 200w, https:\/\/test-wuwei.de\/orden\/wp-content\/uploads\/2025\/08\/johanna_domek-150x150.jpg 150w, https:\/\/test-wuwei.de\/orden\/wp-content\/uploads\/2025\/08\/johanna_domek-300x300.jpg 300w, https:\/\/test-wuwei.de\/orden\/wp-content\/uploads\/2025\/08\/johanna_domek-600x600.jpg 600w\" sizes=\"auto, (max-width: 200px) 100vw, 200px\" \/><\/figure>\n\n<\/div><\/div>\n\n<div class=\"gb-grid-column gb-grid-column-1ac45d3a\"><div class=\"gb-container gb-container-1ac45d3a\">\n\n<h3 class=\"gb-headline gb-headline-9ac1fdb8 gb-headline-text\">Sr. Johanna Domek OSB<\/h3>\n\n\n\n<p>Jahrgang 1954, seit 45 Jahren Benediktinerin in K\u00f6ln-Radeberg, 20 Jahre Leitung des Klosters, 15 Jahre Leitung der F\u00f6deration, Kurs- und Exerzitienarbeit, Vortr\u00e4ge, Ver\u00f6ffentlichungen, Konventsbegleitungen. Beauftragte im Ordensnetzwerk alternde Gemeinschaften der DOK.<br>E-Mail:<strong>\u00a0<a href=\"mailto:sr.johanna@orden.de\">sr.johanna@orden.de<\/a><\/strong><\/p>\n\n<\/div><\/div>\n<\/div>\n<\/div>\n\n<div class=\"gb-grid-wrapper gb-grid-wrapper-4ecbaef3\">\n<div class=\"gb-grid-column gb-grid-column-9cb26144\"><div class=\"gb-container gb-container-9cb26144\">\n\n<figure class=\"wp-block-image size-full is-resized\"><img loading=\"lazy\" decoding=\"async\" width=\"200\" height=\"200\" src=\"https:\/\/test-wuwei.de\/orden\/wp-content\/uploads\/2025\/08\/csm_Schwester_Regina_Juli_2024kl_8ec3fac539.jpg\" alt=\"Regina Pr\u00f6ls\" class=\"wp-image-2515\" style=\"width:265px;height:auto\" srcset=\"https:\/\/test-wuwei.de\/orden\/wp-content\/uploads\/2025\/08\/csm_Schwester_Regina_Juli_2024kl_8ec3fac539.jpg 200w, https:\/\/test-wuwei.de\/orden\/wp-content\/uploads\/2025\/08\/csm_Schwester_Regina_Juli_2024kl_8ec3fac539-150x150.jpg 150w, https:\/\/test-wuwei.de\/orden\/wp-content\/uploads\/2025\/08\/csm_Schwester_Regina_Juli_2024kl_8ec3fac539-300x300.jpg 300w, https:\/\/test-wuwei.de\/orden\/wp-content\/uploads\/2025\/08\/csm_Schwester_Regina_Juli_2024kl_8ec3fac539-600x600.jpg 600w\" sizes=\"auto, (max-width: 200px) 100vw, 200px\" \/><\/figure>\n\n<\/div><\/div>\n\n<div class=\"gb-grid-column gb-grid-column-3b28fe8a\"><div class=\"gb-container gb-container-3b28fe8a\">\n\n<h3 class=\"gb-headline gb-headline-1fec2e84 gb-headline-text\">Sr. M. Regina Pr\u00f6ls&nbsp;<\/h3>\n\n\n\n<p>Jahrgang 1962, Franziskusschwester von Vierzehnheiligen, MTLA;<br>T\u00e4tigkeiten: Leitung eines Kliniklabors, Generalvikarin, Generaloberin; DOK-Vorstand, Aufsichtsratst\u00e4tigkeit im Di\u00f6zesancaritasverband; Beauftragte der DOK in der Delegiertenversammlung des DCV und im Caritasrat; Vizepr\u00e4sidentin\/Kuratorin des DCV; Beauftragte im Ordensnetzwerk alternde Gemeinschaften der DOK&nbsp;<br>E-Mail: <strong><a href=\"mailto:sr.regina@orden.de\">sr.regina@orden.de<\/a><\/strong><\/p>\n\n<\/div><\/div>\n<\/div>","protected":false},"excerpt":{"rendered":"<p>Das \u201eOrdensnetzwerk alternde Gemeinschaften\u201c ist eine Einrichtung der Deutschen Ordensobernkonferenz. Sie unterst\u00fctzt alternde Ordensgemeinschaften in den oft komplexen Prozessen erforderlich gewordener Ver\u00e4nderungen. Zielgruppe sind Ordensgemeinschaften mit \u00fcberwiegend \u00e4lteren Mitgliedern. Folgende Schwerpunkte werden dabei in den Blick genommen: Die eigene Situation in all ihren Aspekten wahrzunehmen, ist eine unerl\u00e4ssliche Voraussetzung f\u00fcr jede Zukunftsgestaltung. Auf Anfrage begleitet &#8230; <\/p>\n<p class=\"read-more-container\"><a title=\"Ordensnetzwerk alternde Gemeinschaften\" class=\"read-more button\" href=\"https:\/\/test-wuwei.de\/orden\/ueber-die-dok\/aufgaben-einrichtungen\/ordensnetzwerk-alternde-gemeinschaften\/#more-2511\" aria-label=\"Mehr Informationen \u00fcber Ordensnetzwerk alternde Gemeinschaften\">weiterlesen<\/a><\/p>\n","protected":false},"author":3,"featured_media":2512,"parent":34,"menu_order":0,"comment_status":"closed","ping_status":"closed","template":"","meta":{"_acf_changed":false,"footnotes":""},"class_list":["post-2511","page","type-page","status-publish","has-post-thumbnail"],"acf":[],"yoast_head":"<!-- This site is optimized with the Yoast SEO plugin v26.3 - https:\/\/yoast.com\/wordpress\/plugins\/seo\/ -->\n<title>Ordensnetzwerk alternde Gemeinschaften &#8211; Ordensgemeinschaften in Deutschland<\/title>\n<meta name=\"robots\" content=\"noindex, follow, max-snippet:-1, max-image-preview:large, max-video-preview:-1\" \/>\n<meta property=\"og:locale\" content=\"de_DE\" \/>\n<meta property=\"og:type\" content=\"article\" \/>\n<meta property=\"og:title\" content=\"Ordensnetzwerk alternde Gemeinschaften &#8211; Ordensgemeinschaften in Deutschland\" \/>\n<meta property=\"og:description\" content=\"Das \u201eOrdensnetzwerk alternde Gemeinschaften\u201c ist eine Einrichtung der Deutschen Ordensobernkonferenz. Sie unterst\u00fctzt alternde Ordensgemeinschaften in den oft komplexen Prozessen erforderlich gewordener Ver\u00e4nderungen. Zielgruppe sind Ordensgemeinschaften mit \u00fcberwiegend \u00e4lteren Mitgliedern. Folgende Schwerpunkte werden dabei in den Blick genommen: Die eigene Situation in all ihren Aspekten wahrzunehmen, ist eine unerl\u00e4ssliche Voraussetzung f\u00fcr jede Zukunftsgestaltung. Auf Anfrage begleitet ... weiterlesen\" \/>\n<meta property=\"og:url\" content=\"https:\/\/test-wuwei.de\/orden\/ueber-die-dok\/aufgaben-einrichtungen\/ordensnetzwerk-alternde-gemeinschaften\/\" \/>\n<meta property=\"og:site_name\" content=\"Ordensgemeinschaften in Deutschland\" \/>\n<meta property=\"article:modified_time\" content=\"2025-11-06T15:44:52+00:00\" \/>\n<meta property=\"og:image\" content=\"https:\/\/test-wuwei.de\/orden\/wp-content\/uploads\/2025\/08\/csm_Ordensnetzwerk_66746d6bd3.jpg\" \/>\n\t<meta property=\"og:image:width\" content=\"870\" \/>\n\t<meta property=\"og:image:height\" content=\"325\" \/>\n\t<meta property=\"og:image:type\" content=\"image\/jpeg\" \/>\n<meta name=\"twitter:card\" content=\"summary_large_image\" \/>\n<meta name=\"twitter:label1\" content=\"Gesch\u00e4tzte Lesezeit\" \/>\n\t<meta name=\"twitter:data1\" content=\"3\u00a0Minuten\" \/>\n<script type=\"application\/ld+json\" class=\"yoast-schema-graph\">{\"@context\":\"https:\/\/schema.org\",\"@graph\":[{\"@type\":\"WebPage\",\"@id\":\"https:\/\/test-wuwei.de\/orden\/ueber-die-dok\/aufgaben-einrichtungen\/ordensnetzwerk-alternde-gemeinschaften\/\",\"url\":\"https:\/\/test-wuwei.de\/orden\/ueber-die-dok\/aufgaben-einrichtungen\/ordensnetzwerk-alternde-gemeinschaften\/\",\"name\":\"Ordensnetzwerk alternde Gemeinschaften &#8211; Ordensgemeinschaften in Deutschland\",\"isPartOf\":{\"@id\":\"https:\/\/test-wuwei.de\/orden\/#website\"},\"primaryImageOfPage\":{\"@id\":\"https:\/\/test-wuwei.de\/orden\/ueber-die-dok\/aufgaben-einrichtungen\/ordensnetzwerk-alternde-gemeinschaften\/#primaryimage\"},\"image\":{\"@id\":\"https:\/\/test-wuwei.de\/orden\/ueber-die-dok\/aufgaben-einrichtungen\/ordensnetzwerk-alternde-gemeinschaften\/#primaryimage\"},\"thumbnailUrl\":\"https:\/\/test-wuwei.de\/orden\/wp-content\/uploads\/2025\/08\/csm_Ordensnetzwerk_66746d6bd3.jpg\",\"datePublished\":\"2025-08-29T13:03:00+00:00\",\"dateModified\":\"2025-11-06T15:44:52+00:00\",\"breadcrumb\":{\"@id\":\"https:\/\/test-wuwei.de\/orden\/ueber-die-dok\/aufgaben-einrichtungen\/ordensnetzwerk-alternde-gemeinschaften\/#breadcrumb\"},\"inLanguage\":\"de\",\"potentialAction\":[{\"@type\":\"ReadAction\",\"target\":[\"https:\/\/test-wuwei.de\/orden\/ueber-die-dok\/aufgaben-einrichtungen\/ordensnetzwerk-alternde-gemeinschaften\/\"]}]},{\"@type\":\"ImageObject\",\"inLanguage\":\"de\",\"@id\":\"https:\/\/test-wuwei.de\/orden\/ueber-die-dok\/aufgaben-einrichtungen\/ordensnetzwerk-alternde-gemeinschaften\/#primaryimage\",\"url\":\"https:\/\/test-wuwei.de\/orden\/wp-content\/uploads\/2025\/08\/csm_Ordensnetzwerk_66746d6bd3.jpg\",\"contentUrl\":\"https:\/\/test-wuwei.de\/orden\/wp-content\/uploads\/2025\/08\/csm_Ordensnetzwerk_66746d6bd3.jpg\",\"width\":870,\"height\":325},{\"@type\":\"BreadcrumbList\",\"@id\":\"https:\/\/test-wuwei.de\/orden\/ueber-die-dok\/aufgaben-einrichtungen\/ordensnetzwerk-alternde-gemeinschaften\/#breadcrumb\",\"itemListElement\":[{\"@type\":\"ListItem\",\"position\":1,\"name\":\"\ud83c\udfe0\ufe0e\",\"item\":\"https:\/\/test-wuwei.de\/orden\/\"},{\"@type\":\"ListItem\",\"position\":2,\"name\":\"\u00dcber die Deutsche Ordensgemeinschaft\",\"item\":\"https:\/\/test-wuwei.de\/orden\/ueber-die-dok\/\"},{\"@type\":\"ListItem\",\"position\":3,\"name\":\"Aufgaben &amp; Einrichtungen\",\"item\":\"https:\/\/test-wuwei.de\/orden\/ueber-die-dok\/aufgaben-einrichtungen\/\"},{\"@type\":\"ListItem\",\"position\":4,\"name\":\"Ordensnetzwerk alternde Gemeinschaften\"}]},{\"@type\":\"WebSite\",\"@id\":\"https:\/\/test-wuwei.de\/orden\/#website\",\"url\":\"https:\/\/test-wuwei.de\/orden\/\",\"name\":\"Ordensgemeinschaften in Deutschland\",\"description\":\"Deutsche Ordensobernkonferenz\",\"publisher\":{\"@id\":\"https:\/\/test-wuwei.de\/orden\/#organization\"},\"potentialAction\":[{\"@type\":\"SearchAction\",\"target\":{\"@type\":\"EntryPoint\",\"urlTemplate\":\"https:\/\/test-wuwei.de\/orden\/?s={search_term_string}\"},\"query-input\":{\"@type\":\"PropertyValueSpecification\",\"valueRequired\":true,\"valueName\":\"search_term_string\"}}],\"inLanguage\":\"de\"},{\"@type\":\"Organization\",\"@id\":\"https:\/\/test-wuwei.de\/orden\/#organization\",\"name\":\"Ordensgemeinschaften in Deutschland\",\"url\":\"https:\/\/test-wuwei.de\/orden\/\",\"logo\":{\"@type\":\"ImageObject\",\"inLanguage\":\"de\",\"@id\":\"https:\/\/test-wuwei.de\/orden\/#\/schema\/logo\/image\/\",\"url\":\"https:\/\/test-wuwei.de\/orden\/wp-content\/uploads\/2025\/07\/DOK_Logo_RGB_mit.jpg\",\"contentUrl\":\"https:\/\/test-wuwei.de\/orden\/wp-content\/uploads\/2025\/07\/DOK_Logo_RGB_mit.jpg\",\"width\":2480,\"height\":1748,\"caption\":\"Ordensgemeinschaften in Deutschland\"},\"image\":{\"@id\":\"https:\/\/test-wuwei.de\/orden\/#\/schema\/logo\/image\/\"}}]}<\/script>\n<!-- \/ Yoast SEO plugin. -->","yoast_head_json":{"title":"Ordensnetzwerk alternde Gemeinschaften &#8211; Ordensgemeinschaften in Deutschland","robots":{"index":"noindex","follow":"follow","max-snippet":"max-snippet:-1","max-image-preview":"max-image-preview:large","max-video-preview":"max-video-preview:-1"},"og_locale":"de_DE","og_type":"article","og_title":"Ordensnetzwerk alternde Gemeinschaften &#8211; Ordensgemeinschaften in Deutschland","og_description":"Das \u201eOrdensnetzwerk alternde Gemeinschaften\u201c ist eine Einrichtung der Deutschen Ordensobernkonferenz. Sie unterst\u00fctzt alternde Ordensgemeinschaften in den oft komplexen Prozessen erforderlich gewordener Ver\u00e4nderungen. Zielgruppe sind Ordensgemeinschaften mit \u00fcberwiegend \u00e4lteren Mitgliedern. Folgende Schwerpunkte werden dabei in den Blick genommen: Die eigene Situation in all ihren Aspekten wahrzunehmen, ist eine unerl\u00e4ssliche Voraussetzung f\u00fcr jede Zukunftsgestaltung. Auf Anfrage begleitet ... weiterlesen","og_url":"https:\/\/test-wuwei.de\/orden\/ueber-die-dok\/aufgaben-einrichtungen\/ordensnetzwerk-alternde-gemeinschaften\/","og_site_name":"Ordensgemeinschaften in Deutschland","article_modified_time":"2025-11-06T15:44:52+00:00","og_image":[{"width":870,"height":325,"url":"https:\/\/test-wuwei.de\/orden\/wp-content\/uploads\/2025\/08\/csm_Ordensnetzwerk_66746d6bd3.jpg","type":"image\/jpeg"}],"twitter_card":"summary_large_image","twitter_misc":{"Gesch\u00e4tzte Lesezeit":"3\u00a0Minuten"},"schema":{"@context":"https:\/\/schema.org","@graph":[{"@type":"WebPage","@id":"https:\/\/test-wuwei.de\/orden\/ueber-die-dok\/aufgaben-einrichtungen\/ordensnetzwerk-alternde-gemeinschaften\/","url":"https:\/\/test-wuwei.de\/orden\/ueber-die-dok\/aufgaben-einrichtungen\/ordensnetzwerk-alternde-gemeinschaften\/","name":"Ordensnetzwerk alternde Gemeinschaften &#8211; Ordensgemeinschaften in Deutschland","isPartOf":{"@id":"https:\/\/test-wuwei.de\/orden\/#website"},"primaryImageOfPage":{"@id":"https:\/\/test-wuwei.de\/orden\/ueber-die-dok\/aufgaben-einrichtungen\/ordensnetzwerk-alternde-gemeinschaften\/#primaryimage"},"image":{"@id":"https:\/\/test-wuwei.de\/orden\/ueber-die-dok\/aufgaben-einrichtungen\/ordensnetzwerk-alternde-gemeinschaften\/#primaryimage"},"thumbnailUrl":"https:\/\/test-wuwei.de\/orden\/wp-content\/uploads\/2025\/08\/csm_Ordensnetzwerk_66746d6bd3.jpg","datePublished":"2025-08-29T13:03:00+00:00","dateModified":"2025-11-06T15:44:52+00:00","breadcrumb":{"@id":"https:\/\/test-wuwei.de\/orden\/ueber-die-dok\/aufgaben-einrichtungen\/ordensnetzwerk-alternde-gemeinschaften\/#breadcrumb"},"inLanguage":"de","potentialAction":[{"@type":"ReadAction","target":["https:\/\/test-wuwei.de\/orden\/ueber-die-dok\/aufgaben-einrichtungen\/ordensnetzwerk-alternde-gemeinschaften\/"]}]},{"@type":"ImageObject","inLanguage":"de","@id":"https:\/\/test-wuwei.de\/orden\/ueber-die-dok\/aufgaben-einrichtungen\/ordensnetzwerk-alternde-gemeinschaften\/#primaryimage","url":"https:\/\/test-wuwei.de\/orden\/wp-content\/uploads\/2025\/08\/csm_Ordensnetzwerk_66746d6bd3.jpg","contentUrl":"https:\/\/test-wuwei.de\/orden\/wp-content\/uploads\/2025\/08\/csm_Ordensnetzwerk_66746d6bd3.jpg","width":870,"height":325},{"@type":"BreadcrumbList","@id":"https:\/\/test-wuwei.de\/orden\/ueber-die-dok\/aufgaben-einrichtungen\/ordensnetzwerk-alternde-gemeinschaften\/#breadcrumb","itemListElement":[{"@type":"ListItem","position":1,"name":"\ud83c\udfe0\ufe0e","item":"https:\/\/test-wuwei.de\/orden\/"},{"@type":"ListItem","position":2,"name":"\u00dcber die Deutsche Ordensgemeinschaft","item":"https:\/\/test-wuwei.de\/orden\/ueber-die-dok\/"},{"@type":"ListItem","position":3,"name":"Aufgaben &amp; Einrichtungen","item":"https:\/\/test-wuwei.de\/orden\/ueber-die-dok\/aufgaben-einrichtungen\/"},{"@type":"ListItem","position":4,"name":"Ordensnetzwerk alternde Gemeinschaften"}]},{"@type":"WebSite","@id":"https:\/\/test-wuwei.de\/orden\/#website","url":"https:\/\/test-wuwei.de\/orden\/","name":"Ordensgemeinschaften in Deutschland","description":"Deutsche Ordensobernkonferenz","publisher":{"@id":"https:\/\/test-wuwei.de\/orden\/#organization"},"potentialAction":[{"@type":"SearchAction","target":{"@type":"EntryPoint","urlTemplate":"https:\/\/test-wuwei.de\/orden\/?s={search_term_string}"},"query-input":{"@type":"PropertyValueSpecification","valueRequired":true,"valueName":"search_term_string"}}],"inLanguage":"de"},{"@type":"Organization","@id":"https:\/\/test-wuwei.de\/orden\/#organization","name":"Ordensgemeinschaften in Deutschland","url":"https:\/\/test-wuwei.de\/orden\/","logo":{"@type":"ImageObject","inLanguage":"de","@id":"https:\/\/test-wuwei.de\/orden\/#\/schema\/logo\/image\/","url":"https:\/\/test-wuwei.de\/orden\/wp-content\/uploads\/2025\/07\/DOK_Logo_RGB_mit.jpg","contentUrl":"https:\/\/test-wuwei.de\/orden\/wp-content\/uploads\/2025\/07\/DOK_Logo_RGB_mit.jpg","width":2480,"height":1748,"caption":"Ordensgemeinschaften in Deutschland"},"image":{"@id":"https:\/\/test-wuwei.de\/orden\/#\/schema\/logo\/image\/"}}]}},"_links":{"self":[{"href":"https:\/\/test-wuwei.de\/orden\/wp-json\/wp\/v2\/pages\/2511","targetHints":{"allow":["GET"]}}],"collection":[{"href":"https:\/\/test-wuwei.de\/orden\/wp-json\/wp\/v2\/pages"}],"about":[{"href":"https:\/\/test-wuwei.de\/orden\/wp-json\/wp\/v2\/types\/page"}],"author":[{"embeddable":true,"href":"https:\/\/test-wuwei.de\/orden\/wp-json\/wp\/v2\/users\/3"}],"replies":[{"embeddable":true,"href":"https:\/\/test-wuwei.de\/orden\/wp-json\/wp\/v2\/comments?post=2511"}],"version-history":[{"count":6,"href":"https:\/\/test-wuwei.de\/orden\/wp-json\/wp\/v2\/pages\/2511\/revisions"}],"predecessor-version":[{"id":3945,"href":"https:\/\/test-wuwei.de\/orden\/wp-json\/wp\/v2\/pages\/2511\/revisions\/3945"}],"up":[{"embeddable":true,"href":"https:\/\/test-wuwei.de\/orden\/wp-json\/wp\/v2\/pages\/34"}],"wp:featuredmedia":[{"embeddable":true,"href":"https:\/\/test-wuwei.de\/orden\/wp-json\/wp\/v2\/media\/2512"}],"wp:attachment":[{"href":"https:\/\/test-wuwei.de\/orden\/wp-json\/wp\/v2\/media?parent=2511"}],"curies":[{"name":"wp","href":"https:\/\/api.w.org\/{rel}","templated":true}]}}