{"id":2501,"date":"2025-08-29T14:38:21","date_gmt":"2025-08-29T12:38:21","guid":{"rendered":"https:\/\/test-wuwei.de\/orden\/?page_id=2501"},"modified":"2025-08-29T14:38:22","modified_gmt":"2025-08-29T12:38:22","slug":"agoe","status":"publish","type":"page","link":"https:\/\/test-wuwei.de\/orden\/ueber-die-dok\/arbeitsgemeinschaften\/agoe\/","title":{"rendered":"Arbeitsgemeinschaft der \u00d6konominnen &#8211; AG\u00d6"},"content":{"rendered":"\n<p>Die Arbeitsgemeinschaft der \u00d6konominnen der Frauenorden Deutschlands entstand 1976. Auf der Jahrestagung der Vereinigung der Deutschen Ordensoberinnen (VOD) wurde beschlossen, die \u00d6konominnen der Ordensgemeinschaften f\u00fcr wirtschaftliche Themen zu einer eigenen Fachtagung einzuladen. Dieser Beschluss wurde im selben Jahr umgesetzt. Die Arbeitsgemeinschaft der Cellerarinnen monastischer und kontemplativer Orden (Cell-AG) konnte bereits 2016 ihr 50-j\u00e4hriges Bestehen feiern. Nach langj\u00e4hriger enger Zusammenarbeit zwischen Cell-AG und AG\u00d6 beschlossen die Cellerarinnen 2016, keine eigenen Tagungen mehr zu organisieren und sich der AG\u00d6 anzuschlie\u00dfen.<\/p>\n\n\n\n<p class=\"gb-headline gb-headline-0a4db4a3 gb-headline-text\">Der Vorstand der AG\u00d6, der sich mehrmals im Jahr zu Sitzungen trifft, arbeitet konstruktiv und vertrauensvoll mit dem Vorstand der Arbeitsgemeinschaft der Cellerare und Prokuratoren (AGCEP) zusammen.<\/p>\n\n\n<div class=\"gb-container gb-container-31dd245c gb-accordion\" data-accordion-multiple-open>\n<div class=\"gb-container gb-container-a7babbb2 gb-accordion__item\" data-transition=\"slide\">\n\n<button class=\"gb-button gb-button-618b0b85 gb-accordion__toggle\" id=\"gb-accordion-toggle-618b0b85\"><span class=\"gb-button-text\"><strong>Aufgabenfeld<\/strong><\/span><span class=\"gb-icon\"><svg xmlns=\"http:\/\/www.w3.org\/2000\/svg\" viewBox=\"0 0 448 512\" width=\"1em\" height=\"1em\" aria-hidden=\"true\" role=\"img\" class=\"gb-accordion__icon\"><path d=\"M207.029 381.476L12.686 187.132c-9.373-9.373-9.373-24.569 0-33.941l22.667-22.667c9.357-9.357 24.522-9.375 33.901-.04L224 284.505l154.745-154.021c9.379-9.335 24.544-9.317 33.901.04l22.667 22.667c9.373 9.373 9.373 24.569 0 33.941L240.971 381.476c-9.373 9.372-24.569 9.372-33.942 0z\" fill=\"currentColor\"><\/path><\/svg><svg xmlns=\"http:\/\/www.w3.org\/2000\/svg\" viewBox=\"0 0 448 512\" width=\"1em\" height=\"1em\" aria-hidden=\"true\" role=\"img\" class=\"gb-accordion__icon-open\"><path d=\"M240.971 130.524l194.343 194.343c9.373 9.373 9.373 24.569 0 33.941l-22.667 22.667c-9.357 9.357-24.522 9.375-33.901.04L224 227.495 69.255 381.516c-9.379 9.335-24.544 9.317-33.901-.04l-22.667-22.667c-9.373-9.373-9.373-24.569 0-33.941L207.03 130.525c9.372-9.373 24.568-9.373 33.941-.001z\" fill=\"currentColor\"><\/path><\/svg><\/span><\/button>\n\n\n<div id=\"gb-accordion-content-bca879d0\" class=\"gb-accordion__content\"><div class=\"gb-container gb-container-bca879d0\">\n\n<p>Alle Fragestellungen und Themenbereiche, die mit dem Aufgabenfeld einer \u00d6konomin zusammenh\u00e4ngen<\/p>\n\n\n\n<p><strong>Dies umfasst insbesondere<\/strong>:<\/p>\n\n\n\n<ul class=\"wp-block-list\">\n<li>Beratung und Unterst\u00fctzung der DOK in Wirtschafts-, Rechts-und Verwaltungsfragen<\/li>\n\n\n\n<li>Vertretung von rechtlichen und wirtschaftlichen Interessen der Gemeinschaften in Gremien, insbesondere auch gegen\u00fcber staatlichen Gremien<\/li>\n\n\n\n<li>Erfahrungsaustausch und fachliche Er\u00f6rterung zu Wirtschafts-, Finanz- und Rechtsfragen unter ordensspezifischen Gesichtspunkten, insbesondere in den Bereichen Steuern, Versicherungen, Verwaltung und Organisation<\/li>\n\n\n\n<li>Vermittlung von fachlicher Hilfe, insbesondere durch Fachtagungen<\/li>\n\n\n\n<li>Abstimmung gemeinsamer wirtschaftlicher und rechtlicher Interessen<\/li>\n<\/ul>\n\n<\/div><\/div>\n<\/div>\n\n<div class=\"gb-container gb-container-20e49693 gb-accordion__item\" data-transition=\"slide\">\n\n<button class=\"gb-button gb-button-b51f4ab5 gb-accordion__toggle\" id=\"gb-accordion-toggle-b51f4ab5\"><span class=\"gb-button-text\"><strong>Mitgliedschaft<\/strong><\/span><span class=\"gb-icon\"><svg xmlns=\"http:\/\/www.w3.org\/2000\/svg\" viewBox=\"0 0 448 512\" width=\"1em\" height=\"1em\" aria-hidden=\"true\" role=\"img\" class=\"gb-accordion__icon\"><path d=\"M207.029 381.476L12.686 187.132c-9.373-9.373-9.373-24.569 0-33.941l22.667-22.667c9.357-9.357 24.522-9.375 33.901-.04L224 284.505l154.745-154.021c9.379-9.335 24.544-9.317 33.901.04l22.667 22.667c9.373 9.373 9.373 24.569 0 33.941L240.971 381.476c-9.373 9.372-24.569 9.372-33.942 0z\" fill=\"currentColor\"><\/path><\/svg><svg xmlns=\"http:\/\/www.w3.org\/2000\/svg\" viewBox=\"0 0 448 512\" width=\"1em\" height=\"1em\" aria-hidden=\"true\" role=\"img\" class=\"gb-accordion__icon-open\"><path d=\"M240.971 130.524l194.343 194.343c9.373 9.373 9.373 24.569 0 33.941l-22.667 22.667c-9.357 9.357-24.522 9.375-33.901.04L224 227.495 69.255 381.516c-9.379 9.335-24.544 9.317-33.901-.04l-22.667-22.667c-9.373-9.373-9.373-24.569 0-33.941L207.03 130.525c9.372-9.373 24.568-9.373 33.941-.001z\" fill=\"currentColor\"><\/path><\/svg><\/span><\/button>\n\n\n<div id=\"gb-accordion-content-aafc13ae\" class=\"gb-accordion__content\"><div class=\"gb-container gb-container-aafc13ae\">\n\n<p>Voraussetzung der Mitgliedschaft in der Arbeitsgruppe ist die Ernennung zur \u00d6konomin gem\u00e4\u00df c. 636 \u00a7 1 CIC. Gibt es eine solche kanonisch ernannte \u00d6konomin nicht, kann die H\u00f6here Oberin ein Ordensmitglied oder eine\/n mit Veraltungsaufgaben betrauten Angestellte\/n zur Mitgliedschaft in der AG\u00d6 entsenden.<\/p>\n\n\n\n<p><strong>Sonderregelungen<\/strong><\/p>\n\n\n\n<p>Abweichend von \u00a7 6 k\u00f6nnen dem Vorstand der Arbeitsgruppe nur Arbeitsgruppenmitglieder angeh\u00f6ren, die gleichzeitig Ordensangeh\u00f6rige sind. (Anlage 1 der DOK-AG-Ordnung vom 13.09.17)<\/p>\n\n<\/div><\/div>\n<\/div>\n\n<div class=\"gb-container gb-container-0148547f gb-accordion__item\" data-transition=\"slide\">\n\n<button class=\"gb-button gb-button-e1c43928 gb-accordion__toggle\" id=\"gb-accordion-toggle-e1c43928\"><span class=\"gb-button-text\"><strong>Der Vorstand der AG\u00d6 (Stand: September 2022)<\/strong><\/span><span class=\"gb-icon\"><svg xmlns=\"http:\/\/www.w3.org\/2000\/svg\" viewBox=\"0 0 448 512\" width=\"1em\" height=\"1em\" aria-hidden=\"true\" role=\"img\" class=\"gb-accordion__icon\"><path d=\"M207.029 381.476L12.686 187.132c-9.373-9.373-9.373-24.569 0-33.941l22.667-22.667c9.357-9.357 24.522-9.375 33.901-.04L224 284.505l154.745-154.021c9.379-9.335 24.544-9.317 33.901.04l22.667 22.667c9.373 9.373 9.373 24.569 0 33.941L240.971 381.476c-9.373 9.372-24.569 9.372-33.942 0z\" fill=\"currentColor\"><\/path><\/svg><svg xmlns=\"http:\/\/www.w3.org\/2000\/svg\" viewBox=\"0 0 448 512\" width=\"1em\" height=\"1em\" aria-hidden=\"true\" role=\"img\" class=\"gb-accordion__icon-open\"><path d=\"M240.971 130.524l194.343 194.343c9.373 9.373 9.373 24.569 0 33.941l-22.667 22.667c-9.357 9.357-24.522 9.375-33.901.04L224 227.495 69.255 381.516c-9.379 9.335-24.544 9.317-33.901-.04l-22.667-22.667c-9.373-9.373-9.373-24.569 0-33.941L207.03 130.525c9.372-9.373 24.568-9.373 33.941-.001z\" fill=\"currentColor\"><\/path><\/svg><\/span><\/button>\n\n\n<div id=\"gb-accordion-content-faddcbba\" class=\"gb-accordion__content\"><div class=\"gb-container gb-container-faddcbba\">\n\n<p><strong>AG\u00d6-Vorsitzende<br>Schwester Maria Ursula Schneider SPSF<\/strong><br>Armen Schwestern vom Hl. Franziskus<br>Elisabethstr. 19<br>52062 Aachen<br>Tel.: 0241 4789 &#8211; 320<br>Fax: 0241 4789 &#8211; 323<br>E-Mail: <a href=\"javascript:linkTo_UnCryptMailto(%27ocknvq%2CwtuwncBuejgtxkgt%5C%2Fqtfgp0fg%27);\">ursula(at)schervier-orden.de<\/a><br><a href=\"http:\/\/www.schervier-orden.de\/\" target=\"_blank\" rel=\"noreferrer noopener\">www.schervier-orden.de<\/a><\/p>\n\n\n\n<p><strong>Stellvertretende AG\u00d6-Vorsitzende<\/strong><br>Schwester Maria Veronika Pasel SCCP<br>Kongregation der Schwestern der Christlichen Liebe<br>Warburger Str. 2<br>33098 Paderborn<br>Tel.: 05251\/697-115<br>Fax: 05251\/697-135<br>E-Mail: <a href=\"javascript:linkTo_UnCryptMailto(%27ocknvq%2Cut0xgtqpkmcBueer0fg%27);\">sr.veronika(at)sccp.de<\/a><br><a href=\"http:\/\/www.sccp.de\/\" target=\"_blank\" rel=\"noreferrer noopener\">www.sccp.de<\/a><\/p>\n\n\n\n<p><strong>Schwester M. Laetitia Eberle C.B.M.V.<\/strong><br>Augustiner Chorfrauen \/ Michaelskloster<br>Michaelstra\u00dfe 17<br>33098 Paderborn<br>Tel.: 05251\/29063-24<br>E-Mail: <a href=\"javascript:linkTo_UnCryptMailto(%27ocknvq%2Cut0ncgvkvkcBokejcgnumnquvgt0fg%27);\">sr.laetitia(at)michaelskloster.de<\/a><br><a href=\"http:\/\/www.michaelskloster.de\/\" target=\"_blank\" rel=\"noreferrer noopener\">www.michaelskloster.de<\/a><\/p>\n\n\n\n<p><strong>Schwester Anna Maria Kempf OSA<\/strong><br>Kongregation der Ritaschwestern<br>Friedrich-Spee-Str. 32<br>97072 W\u00fcrzburg<br>Tel.: 0931 8804 &#8211; 124<br>Fax: 0931 8804 &#8211; 177<br>E-Mail: <a href=\"javascript:linkTo_UnCryptMailto(%27ocknvq%2CqgmqpqokpBtkvcuejyguvgtp0fg%27);\">oekonomin(at)ritaschwestern.de<\/a><br><a href=\"http:\/\/www.ritaschwestern.de\/\" target=\"_blank\" rel=\"noreferrer noopener\">www.ritaschwestern.de<\/a>&nbsp;<\/p>\n\n\n\n<p><strong>Schwester Lucia Solcher OSB<\/strong><br>Benediktinerinnen-Abtei vom Heiligen Kreuz<br>Carolus-Magnus-Str. 9<br>37688 Beverungen-Herstelle<br>Tel.: 05273 804-171<br>Fax: 05273 804-370<br>E-Mail: <a href=\"javascript:linkTo_UnCryptMailto(%27ocknvq%2CucoBuoor0fg%27);\">klosterverwaltung@abtei-herstelle.de<\/a><br><a href=\"https:\/\/www.abtei-herstelle.de\" target=\"_blank\" rel=\"noreferrer noopener\">www.abtei-herstelle.de<\/a><\/p>\n\n\n\n<p><strong>Schwester M. Johanna Volk&nbsp;&nbsp;SJSM<\/strong><br>Kongregation der Schwestern v. Hl. Josef zu Saint-Marc<br>St. Trudpert 6<br>79244 M\u00fcnstertal\/Schwarzwald<br>Tel.: 07636 7802-125 &nbsp;<br>Fax: 07636 7802-190<br>E-Mail: <a href=\"javascript:linkTo_UnCryptMailto(%27ocknvq%2CucoBuoor0fg%27);\">sr.johanna@kloster-st-trudpert.de<\/a><br><a href=\"http:\/\/www.kloster-st-trudpert.de\" target=\"_blank\" rel=\"noreferrer noopener\">www.kloster-st-trudpert.de<\/a>&nbsp;<\/p>\n\n<\/div><\/div>\n<\/div>\n<\/div>","protected":false},"excerpt":{"rendered":"<p>Die Arbeitsgemeinschaft der \u00d6konominnen der Frauenorden Deutschlands entstand 1976. Auf der Jahrestagung der Vereinigung der Deutschen Ordensoberinnen (VOD) wurde beschlossen, die \u00d6konominnen der Ordensgemeinschaften f\u00fcr wirtschaftliche Themen zu einer eigenen Fachtagung einzuladen. Dieser Beschluss wurde im selben Jahr umgesetzt. Die Arbeitsgemeinschaft der Cellerarinnen monastischer und kontemplativer Orden (Cell-AG) konnte bereits 2016 ihr 50-j\u00e4hriges Bestehen feiern. &#8230; <\/p>\n<p class=\"read-more-container\"><a title=\"Arbeitsgemeinschaft der \u00d6konominnen &#8211; AG\u00d6\" class=\"read-more button\" href=\"https:\/\/test-wuwei.de\/orden\/ueber-die-dok\/arbeitsgemeinschaften\/agoe\/#more-2501\" aria-label=\"Mehr Informationen \u00fcber Arbeitsgemeinschaft der \u00d6konominnen &#8211; AG\u00d6\">weiterlesen<\/a><\/p>\n","protected":false},"author":3,"featured_media":0,"parent":36,"menu_order":0,"comment_status":"closed","ping_status":"closed","template":"","meta":{"_acf_changed":false,"footnotes":""},"class_list":["post-2501","page","type-page","status-publish"],"acf":[],"yoast_head":"<!-- This site is optimized with the Yoast SEO plugin v26.3 - https:\/\/yoast.com\/wordpress\/plugins\/seo\/ -->\n<title>Arbeitsgemeinschaft der \u00d6konominnen - AG\u00d6 &#8211; Ordensgemeinschaften in Deutschland<\/title>\n<meta name=\"robots\" content=\"noindex, follow, max-snippet:-1, max-image-preview:large, max-video-preview:-1\" \/>\n<meta property=\"og:locale\" content=\"de_DE\" \/>\n<meta property=\"og:type\" content=\"article\" \/>\n<meta property=\"og:title\" content=\"Arbeitsgemeinschaft der \u00d6konominnen - AG\u00d6 &#8211; Ordensgemeinschaften in Deutschland\" \/>\n<meta property=\"og:description\" content=\"Die Arbeitsgemeinschaft der \u00d6konominnen der Frauenorden Deutschlands entstand 1976. Auf der Jahrestagung der Vereinigung der Deutschen Ordensoberinnen (VOD) wurde beschlossen, die \u00d6konominnen der Ordensgemeinschaften f\u00fcr wirtschaftliche Themen zu einer eigenen Fachtagung einzuladen. Dieser Beschluss wurde im selben Jahr umgesetzt. Die Arbeitsgemeinschaft der Cellerarinnen monastischer und kontemplativer Orden (Cell-AG) konnte bereits 2016 ihr 50-j\u00e4hriges Bestehen feiern. ... weiterlesen\" \/>\n<meta property=\"og:url\" content=\"https:\/\/test-wuwei.de\/orden\/ueber-die-dok\/arbeitsgemeinschaften\/agoe\/\" \/>\n<meta property=\"og:site_name\" content=\"Ordensgemeinschaften in Deutschland\" \/>\n<meta property=\"article:modified_time\" content=\"2025-08-29T12:38:22+00:00\" \/>\n<meta name=\"twitter:card\" content=\"summary_large_image\" \/>\n<meta name=\"twitter:label1\" content=\"Gesch\u00e4tzte Lesezeit\" \/>\n\t<meta name=\"twitter:data1\" content=\"3\u00a0Minuten\" \/>\n<script type=\"application\/ld+json\" class=\"yoast-schema-graph\">{\"@context\":\"https:\/\/schema.org\",\"@graph\":[{\"@type\":\"WebPage\",\"@id\":\"https:\/\/test-wuwei.de\/orden\/ueber-die-dok\/arbeitsgemeinschaften\/agoe\/\",\"url\":\"https:\/\/test-wuwei.de\/orden\/ueber-die-dok\/arbeitsgemeinschaften\/agoe\/\",\"name\":\"Arbeitsgemeinschaft der \u00d6konominnen - AG\u00d6 &#8211; Ordensgemeinschaften in Deutschland\",\"isPartOf\":{\"@id\":\"https:\/\/test-wuwei.de\/orden\/#website\"},\"datePublished\":\"2025-08-29T12:38:21+00:00\",\"dateModified\":\"2025-08-29T12:38:22+00:00\",\"breadcrumb\":{\"@id\":\"https:\/\/test-wuwei.de\/orden\/ueber-die-dok\/arbeitsgemeinschaften\/agoe\/#breadcrumb\"},\"inLanguage\":\"de\",\"potentialAction\":[{\"@type\":\"ReadAction\",\"target\":[\"https:\/\/test-wuwei.de\/orden\/ueber-die-dok\/arbeitsgemeinschaften\/agoe\/\"]}]},{\"@type\":\"BreadcrumbList\",\"@id\":\"https:\/\/test-wuwei.de\/orden\/ueber-die-dok\/arbeitsgemeinschaften\/agoe\/#breadcrumb\",\"itemListElement\":[{\"@type\":\"ListItem\",\"position\":1,\"name\":\"\ud83c\udfe0\ufe0e\",\"item\":\"https:\/\/test-wuwei.de\/orden\/\"},{\"@type\":\"ListItem\",\"position\":2,\"name\":\"\u00dcber die Deutsche Ordensgemeinschaft\",\"item\":\"https:\/\/test-wuwei.de\/orden\/ueber-die-dok\/\"},{\"@type\":\"ListItem\",\"position\":3,\"name\":\"Arbeitsgemeinschaften\",\"item\":\"https:\/\/test-wuwei.de\/orden\/ueber-die-dok\/arbeitsgemeinschaften\/\"},{\"@type\":\"ListItem\",\"position\":4,\"name\":\"Arbeitsgemeinschaft der \u00d6konominnen &#8211; AG\u00d6\"}]},{\"@type\":\"WebSite\",\"@id\":\"https:\/\/test-wuwei.de\/orden\/#website\",\"url\":\"https:\/\/test-wuwei.de\/orden\/\",\"name\":\"Ordensgemeinschaften in Deutschland\",\"description\":\"Deutsche Ordensobernkonferenz\",\"publisher\":{\"@id\":\"https:\/\/test-wuwei.de\/orden\/#organization\"},\"potentialAction\":[{\"@type\":\"SearchAction\",\"target\":{\"@type\":\"EntryPoint\",\"urlTemplate\":\"https:\/\/test-wuwei.de\/orden\/?s={search_term_string}\"},\"query-input\":{\"@type\":\"PropertyValueSpecification\",\"valueRequired\":true,\"valueName\":\"search_term_string\"}}],\"inLanguage\":\"de\"},{\"@type\":\"Organization\",\"@id\":\"https:\/\/test-wuwei.de\/orden\/#organization\",\"name\":\"Ordensgemeinschaften in Deutschland\",\"url\":\"https:\/\/test-wuwei.de\/orden\/\",\"logo\":{\"@type\":\"ImageObject\",\"inLanguage\":\"de\",\"@id\":\"https:\/\/test-wuwei.de\/orden\/#\/schema\/logo\/image\/\",\"url\":\"https:\/\/test-wuwei.de\/orden\/wp-content\/uploads\/2025\/07\/DOK_Logo_RGB_mit.jpg\",\"contentUrl\":\"https:\/\/test-wuwei.de\/orden\/wp-content\/uploads\/2025\/07\/DOK_Logo_RGB_mit.jpg\",\"width\":2480,\"height\":1748,\"caption\":\"Ordensgemeinschaften in Deutschland\"},\"image\":{\"@id\":\"https:\/\/test-wuwei.de\/orden\/#\/schema\/logo\/image\/\"}}]}<\/script>\n<!-- \/ Yoast SEO plugin. -->","yoast_head_json":{"title":"Arbeitsgemeinschaft der \u00d6konominnen - AG\u00d6 &#8211; Ordensgemeinschaften in Deutschland","robots":{"index":"noindex","follow":"follow","max-snippet":"max-snippet:-1","max-image-preview":"max-image-preview:large","max-video-preview":"max-video-preview:-1"},"og_locale":"de_DE","og_type":"article","og_title":"Arbeitsgemeinschaft der \u00d6konominnen - AG\u00d6 &#8211; Ordensgemeinschaften in Deutschland","og_description":"Die Arbeitsgemeinschaft der \u00d6konominnen der Frauenorden Deutschlands entstand 1976. Auf der Jahrestagung der Vereinigung der Deutschen Ordensoberinnen (VOD) wurde beschlossen, die \u00d6konominnen der Ordensgemeinschaften f\u00fcr wirtschaftliche Themen zu einer eigenen Fachtagung einzuladen. Dieser Beschluss wurde im selben Jahr umgesetzt. Die Arbeitsgemeinschaft der Cellerarinnen monastischer und kontemplativer Orden (Cell-AG) konnte bereits 2016 ihr 50-j\u00e4hriges Bestehen feiern. ... weiterlesen","og_url":"https:\/\/test-wuwei.de\/orden\/ueber-die-dok\/arbeitsgemeinschaften\/agoe\/","og_site_name":"Ordensgemeinschaften in Deutschland","article_modified_time":"2025-08-29T12:38:22+00:00","twitter_card":"summary_large_image","twitter_misc":{"Gesch\u00e4tzte Lesezeit":"3\u00a0Minuten"},"schema":{"@context":"https:\/\/schema.org","@graph":[{"@type":"WebPage","@id":"https:\/\/test-wuwei.de\/orden\/ueber-die-dok\/arbeitsgemeinschaften\/agoe\/","url":"https:\/\/test-wuwei.de\/orden\/ueber-die-dok\/arbeitsgemeinschaften\/agoe\/","name":"Arbeitsgemeinschaft der \u00d6konominnen - AG\u00d6 &#8211; Ordensgemeinschaften in Deutschland","isPartOf":{"@id":"https:\/\/test-wuwei.de\/orden\/#website"},"datePublished":"2025-08-29T12:38:21+00:00","dateModified":"2025-08-29T12:38:22+00:00","breadcrumb":{"@id":"https:\/\/test-wuwei.de\/orden\/ueber-die-dok\/arbeitsgemeinschaften\/agoe\/#breadcrumb"},"inLanguage":"de","potentialAction":[{"@type":"ReadAction","target":["https:\/\/test-wuwei.de\/orden\/ueber-die-dok\/arbeitsgemeinschaften\/agoe\/"]}]},{"@type":"BreadcrumbList","@id":"https:\/\/test-wuwei.de\/orden\/ueber-die-dok\/arbeitsgemeinschaften\/agoe\/#breadcrumb","itemListElement":[{"@type":"ListItem","position":1,"name":"\ud83c\udfe0\ufe0e","item":"https:\/\/test-wuwei.de\/orden\/"},{"@type":"ListItem","position":2,"name":"\u00dcber die Deutsche Ordensgemeinschaft","item":"https:\/\/test-wuwei.de\/orden\/ueber-die-dok\/"},{"@type":"ListItem","position":3,"name":"Arbeitsgemeinschaften","item":"https:\/\/test-wuwei.de\/orden\/ueber-die-dok\/arbeitsgemeinschaften\/"},{"@type":"ListItem","position":4,"name":"Arbeitsgemeinschaft der \u00d6konominnen &#8211; AG\u00d6"}]},{"@type":"WebSite","@id":"https:\/\/test-wuwei.de\/orden\/#website","url":"https:\/\/test-wuwei.de\/orden\/","name":"Ordensgemeinschaften in Deutschland","description":"Deutsche Ordensobernkonferenz","publisher":{"@id":"https:\/\/test-wuwei.de\/orden\/#organization"},"potentialAction":[{"@type":"SearchAction","target":{"@type":"EntryPoint","urlTemplate":"https:\/\/test-wuwei.de\/orden\/?s={search_term_string}"},"query-input":{"@type":"PropertyValueSpecification","valueRequired":true,"valueName":"search_term_string"}}],"inLanguage":"de"},{"@type":"Organization","@id":"https:\/\/test-wuwei.de\/orden\/#organization","name":"Ordensgemeinschaften in Deutschland","url":"https:\/\/test-wuwei.de\/orden\/","logo":{"@type":"ImageObject","inLanguage":"de","@id":"https:\/\/test-wuwei.de\/orden\/#\/schema\/logo\/image\/","url":"https:\/\/test-wuwei.de\/orden\/wp-content\/uploads\/2025\/07\/DOK_Logo_RGB_mit.jpg","contentUrl":"https:\/\/test-wuwei.de\/orden\/wp-content\/uploads\/2025\/07\/DOK_Logo_RGB_mit.jpg","width":2480,"height":1748,"caption":"Ordensgemeinschaften in Deutschland"},"image":{"@id":"https:\/\/test-wuwei.de\/orden\/#\/schema\/logo\/image\/"}}]}},"_links":{"self":[{"href":"https:\/\/test-wuwei.de\/orden\/wp-json\/wp\/v2\/pages\/2501","targetHints":{"allow":["GET"]}}],"collection":[{"href":"https:\/\/test-wuwei.de\/orden\/wp-json\/wp\/v2\/pages"}],"about":[{"href":"https:\/\/test-wuwei.de\/orden\/wp-json\/wp\/v2\/types\/page"}],"author":[{"embeddable":true,"href":"https:\/\/test-wuwei.de\/orden\/wp-json\/wp\/v2\/users\/3"}],"replies":[{"embeddable":true,"href":"https:\/\/test-wuwei.de\/orden\/wp-json\/wp\/v2\/comments?post=2501"}],"version-history":[{"count":1,"href":"https:\/\/test-wuwei.de\/orden\/wp-json\/wp\/v2\/pages\/2501\/revisions"}],"predecessor-version":[{"id":2502,"href":"https:\/\/test-wuwei.de\/orden\/wp-json\/wp\/v2\/pages\/2501\/revisions\/2502"}],"up":[{"embeddable":true,"href":"https:\/\/test-wuwei.de\/orden\/wp-json\/wp\/v2\/pages\/36"}],"wp:attachment":[{"href":"https:\/\/test-wuwei.de\/orden\/wp-json\/wp\/v2\/media?parent=2501"}],"curies":[{"name":"wp","href":"https:\/\/api.w.org\/{rel}","templated":true}]}}