{"id":2495,"date":"2025-08-29T14:33:44","date_gmt":"2025-08-29T12:33:44","guid":{"rendered":"https:\/\/test-wuwei.de\/orden\/?page_id=2495"},"modified":"2026-02-09T15:22:58","modified_gmt":"2026-02-09T14:22:58","slug":"ago","status":"publish","type":"page","link":"https:\/\/test-wuwei.de\/orden\/ueber-die-dok\/arbeitsgemeinschaften\/ago\/","title":{"rendered":"Arbeitsgemeinschaft der Ordenshochschulen &#8211; AGO"},"content":{"rendered":"\n<p class=\"gb-headline gb-headline-9d962339 gb-headline-text\">Die Arbeitsgemeinschaft der Ordenshochschulen ist 1967 aus der seit 1926 bestehenden Ordenslektoren-Vereinigung [OLV] entstanden. Sie will die Zusammenarbeit der Ordenshochschulen und der Lehrenden f\u00f6rdern, vertritt die gemeinsamen Interessen der Ordenshochschulen, die allesamt kirchlich und staatlich anerkannt sind und z. T. Promotions- und Habilitationsrecht haben, und ber\u00e4t die DOK in Fragen der philosophisch-theologischen Ausbildung. Mitglied der AGO sind auch Ordenshochschulen, deren Lehrt\u00e4tigkeit z.Zt. ruht. Gastrecht haben die Ordenshochschulen \u00d6sterreichs und der Schweiz. Die Vertreterversammlung der AGO, zu der seit 1991 auch Studentenvertreter eingeladen werden, tagt j\u00e4hrlich wenigstens einmal, die laufende Arbeit erledigt der auf vier Jahre gew\u00e4hlte Vorstand.<\/p>\n\n\n<div class=\"gb-container gb-container-31dd245c gb-accordion\" data-accordion-multiple-open>\n<div class=\"gb-container gb-container-a7babbb2 gb-accordion__item\" data-transition=\"slide\">\n\n<button class=\"gb-button gb-button-618b0b85 gb-accordion__toggle\" id=\"gb-accordion-toggle-618b0b85\"><span class=\"gb-button-text\"><strong>Zur AGO geh\u00f6ren derzeit u.a. folgende ordensgetragene Hochschulen und Einrichtungen<\/strong><\/span><span class=\"gb-icon\"><svg xmlns=\"http:\/\/www.w3.org\/2000\/svg\" viewBox=\"0 0 448 512\" width=\"1em\" height=\"1em\" aria-hidden=\"true\" role=\"img\" class=\"gb-accordion__icon\"><path d=\"M207.029 381.476L12.686 187.132c-9.373-9.373-9.373-24.569 0-33.941l22.667-22.667c9.357-9.357 24.522-9.375 33.901-.04L224 284.505l154.745-154.021c9.379-9.335 24.544-9.317 33.901.04l22.667 22.667c9.373 9.373 9.373 24.569 0 33.941L240.971 381.476c-9.373 9.372-24.569 9.372-33.942 0z\" fill=\"currentColor\"><\/path><\/svg><svg xmlns=\"http:\/\/www.w3.org\/2000\/svg\" viewBox=\"0 0 448 512\" width=\"1em\" height=\"1em\" aria-hidden=\"true\" role=\"img\" class=\"gb-accordion__icon-open\"><path d=\"M240.971 130.524l194.343 194.343c9.373 9.373 9.373 24.569 0 33.941l-22.667 22.667c-9.357 9.357-24.522 9.375-33.901.04L224 227.495 69.255 381.516c-9.379 9.335-24.544 9.317-33.901-.04l-22.667-22.667c-9.373-9.373-9.373-24.569 0-33.941L207.03 130.525c9.372-9.373 24.568-9.373 33.941-.001z\" fill=\"currentColor\"><\/path><\/svg><\/span><\/button>\n\n\n<div id=\"gb-accordion-content-bca879d0\" class=\"gb-accordion__content\"><div class=\"gb-container gb-container-bca879d0\">\n\n<p>In Deutschland:<\/p>\n\n\n\n<ul class=\"wp-block-list\">\n<li><strong><a href=\"https:\/\/www.sankt-georgen.de\/\" target=\"_blank\" rel=\"noreferrer noopener\">Philosophisch-Theologische Hochschule Frankfurt St. Georgen (Jesuiten)<\/a><\/strong><\/li>\n\n\n\n<li><a href=\"http:\/\/www.pth-muenster.de\/\" target=\"_blank\" rel=\"noreferrer noopener\"><strong>Philosophisch-Theologische Hochschule M\u00fcnster (Kapuziner)<\/strong><\/a><\/li>\n\n\n\n<li><strong><a href=\"https:\/\/vp-uni.de\/\" target=\"_blank\" rel=\"noreferrer noopener\">Vinzenz Pallotti University (Pallottiner)<\/a><\/strong><\/li>\n\n\n\n<li><strong><a href=\"https:\/\/www.hfph.de\/\" target=\"_blank\" rel=\"noreferrer noopener\">Hochschule der Jesuiten f\u00fcr Philosophie in M\u00fcnchen<\/a><\/strong><\/li>\n\n\n\n<li><strong><a href=\"https:\/\/www.pallottiner.org\/angebote\/pastorale-aus-und-weiterbildung\/\" target=\"_blank\" rel=\"noreferrer noopener\">Pastoraltheologisches Institut der Pallottiner in Friedberg<\/a><\/strong><\/li>\n\n\n\n<li><a href=\"http:\/\/institut-chenu.eu\/index.php\/de\/\" target=\"_blank\" rel=\"noreferrer noopener\"><strong>Institut M.-Dominique Chenu\u00a0Berlin (Dominikaner)<\/strong><\/a><\/li>\n\n\n\n<li><strong><a href=\"https:\/\/www.cts-berlin.org\/\" target=\"_blank\" rel=\"noreferrer noopener\">Campus f\u00fcr Theologie und Spiritualit\u00e4t (CTS Berlin) in Tr\u00e4gerschaft von Orden und Geistlichen Gemeinschaften<\/a><\/strong><\/li>\n<\/ul>\n\n\n\n<p>In \u00d6sterreich:<\/p>\n\n\n\n<ul class=\"wp-block-list\">\n<li><strong><a href=\"https:\/\/www.hochschule-heiligenkreuz.at\/\" target=\"_blank\" rel=\"noreferrer noopener\">Philosophisch-Theologische Hochschule Benedikt XVI. Heiligenkreuz (Zisterzienser)<\/a><\/strong><\/li>\n<\/ul>\n\n<\/div><\/div>\n<\/div>\n<\/div>","protected":false},"excerpt":{"rendered":"<p>Die Arbeitsgemeinschaft der Ordenshochschulen ist 1967 aus der seit 1926 bestehenden Ordenslektoren-Vereinigung [OLV] entstanden. Sie will die Zusammenarbeit der Ordenshochschulen und der Lehrenden f\u00f6rdern, vertritt die gemeinsamen Interessen der Ordenshochschulen, die allesamt kirchlich und staatlich anerkannt sind und z. T. Promotions- und Habilitationsrecht haben, und ber\u00e4t die DOK in Fragen der philosophisch-theologischen Ausbildung. Mitglied der &#8230; <\/p>\n<p class=\"read-more-container\"><a title=\"Arbeitsgemeinschaft der Ordenshochschulen &#8211; AGO\" class=\"read-more button\" href=\"https:\/\/test-wuwei.de\/orden\/ueber-die-dok\/arbeitsgemeinschaften\/ago\/#more-2495\" aria-label=\"Mehr Informationen \u00fcber Arbeitsgemeinschaft der Ordenshochschulen &#8211; AGO\">weiterlesen<\/a><\/p>\n","protected":false},"author":3,"featured_media":0,"parent":36,"menu_order":0,"comment_status":"closed","ping_status":"closed","template":"","meta":{"_acf_changed":false,"footnotes":""},"class_list":["post-2495","page","type-page","status-publish"],"acf":[],"yoast_head":"<!-- This site is optimized with the Yoast SEO plugin v26.3 - https:\/\/yoast.com\/wordpress\/plugins\/seo\/ -->\n<title>Arbeitsgemeinschaft der Ordenshochschulen - AGO &#8211; Ordensgemeinschaften in Deutschland<\/title>\n<meta name=\"robots\" content=\"noindex, follow, max-snippet:-1, max-image-preview:large, max-video-preview:-1\" \/>\n<meta property=\"og:locale\" content=\"de_DE\" \/>\n<meta property=\"og:type\" content=\"article\" \/>\n<meta property=\"og:title\" content=\"Arbeitsgemeinschaft der Ordenshochschulen - AGO &#8211; Ordensgemeinschaften in Deutschland\" \/>\n<meta property=\"og:description\" content=\"Die Arbeitsgemeinschaft der Ordenshochschulen ist 1967 aus der seit 1926 bestehenden Ordenslektoren-Vereinigung [OLV] entstanden. Sie will die Zusammenarbeit der Ordenshochschulen und der Lehrenden f\u00f6rdern, vertritt die gemeinsamen Interessen der Ordenshochschulen, die allesamt kirchlich und staatlich anerkannt sind und z. T. Promotions- und Habilitationsrecht haben, und ber\u00e4t die DOK in Fragen der philosophisch-theologischen Ausbildung. Mitglied der ... weiterlesen\" \/>\n<meta property=\"og:url\" content=\"https:\/\/test-wuwei.de\/orden\/ueber-die-dok\/arbeitsgemeinschaften\/ago\/\" \/>\n<meta property=\"og:site_name\" content=\"Ordensgemeinschaften in Deutschland\" \/>\n<meta property=\"article:modified_time\" content=\"2026-02-09T14:22:58+00:00\" \/>\n<meta name=\"twitter:card\" content=\"summary_large_image\" \/>\n<meta name=\"twitter:label1\" content=\"Gesch\u00e4tzte Lesezeit\" \/>\n\t<meta name=\"twitter:data1\" content=\"1\u00a0Minute\" \/>\n<script type=\"application\/ld+json\" class=\"yoast-schema-graph\">{\"@context\":\"https:\/\/schema.org\",\"@graph\":[{\"@type\":\"WebPage\",\"@id\":\"https:\/\/test-wuwei.de\/orden\/ueber-die-dok\/arbeitsgemeinschaften\/ago\/\",\"url\":\"https:\/\/test-wuwei.de\/orden\/ueber-die-dok\/arbeitsgemeinschaften\/ago\/\",\"name\":\"Arbeitsgemeinschaft der Ordenshochschulen - AGO &#8211; Ordensgemeinschaften in Deutschland\",\"isPartOf\":{\"@id\":\"https:\/\/test-wuwei.de\/orden\/#website\"},\"datePublished\":\"2025-08-29T12:33:44+00:00\",\"dateModified\":\"2026-02-09T14:22:58+00:00\",\"breadcrumb\":{\"@id\":\"https:\/\/test-wuwei.de\/orden\/ueber-die-dok\/arbeitsgemeinschaften\/ago\/#breadcrumb\"},\"inLanguage\":\"de\",\"potentialAction\":[{\"@type\":\"ReadAction\",\"target\":[\"https:\/\/test-wuwei.de\/orden\/ueber-die-dok\/arbeitsgemeinschaften\/ago\/\"]}]},{\"@type\":\"BreadcrumbList\",\"@id\":\"https:\/\/test-wuwei.de\/orden\/ueber-die-dok\/arbeitsgemeinschaften\/ago\/#breadcrumb\",\"itemListElement\":[{\"@type\":\"ListItem\",\"position\":1,\"name\":\"\ud83c\udfe0\ufe0e\",\"item\":\"https:\/\/test-wuwei.de\/orden\/\"},{\"@type\":\"ListItem\",\"position\":2,\"name\":\"\u00dcber die Deutsche Ordensgemeinschaft\",\"item\":\"https:\/\/test-wuwei.de\/orden\/ueber-die-dok\/\"},{\"@type\":\"ListItem\",\"position\":3,\"name\":\"Arbeitsgemeinschaften\",\"item\":\"https:\/\/test-wuwei.de\/orden\/ueber-die-dok\/arbeitsgemeinschaften\/\"},{\"@type\":\"ListItem\",\"position\":4,\"name\":\"Arbeitsgemeinschaft der Ordenshochschulen &#8211; AGO\"}]},{\"@type\":\"WebSite\",\"@id\":\"https:\/\/test-wuwei.de\/orden\/#website\",\"url\":\"https:\/\/test-wuwei.de\/orden\/\",\"name\":\"Ordensgemeinschaften in Deutschland\",\"description\":\"Deutsche Ordensobernkonferenz\",\"publisher\":{\"@id\":\"https:\/\/test-wuwei.de\/orden\/#organization\"},\"potentialAction\":[{\"@type\":\"SearchAction\",\"target\":{\"@type\":\"EntryPoint\",\"urlTemplate\":\"https:\/\/test-wuwei.de\/orden\/?s={search_term_string}\"},\"query-input\":{\"@type\":\"PropertyValueSpecification\",\"valueRequired\":true,\"valueName\":\"search_term_string\"}}],\"inLanguage\":\"de\"},{\"@type\":\"Organization\",\"@id\":\"https:\/\/test-wuwei.de\/orden\/#organization\",\"name\":\"Ordensgemeinschaften in Deutschland\",\"url\":\"https:\/\/test-wuwei.de\/orden\/\",\"logo\":{\"@type\":\"ImageObject\",\"inLanguage\":\"de\",\"@id\":\"https:\/\/test-wuwei.de\/orden\/#\/schema\/logo\/image\/\",\"url\":\"https:\/\/test-wuwei.de\/orden\/wp-content\/uploads\/2025\/07\/DOK_Logo_RGB_mit.jpg\",\"contentUrl\":\"https:\/\/test-wuwei.de\/orden\/wp-content\/uploads\/2025\/07\/DOK_Logo_RGB_mit.jpg\",\"width\":2480,\"height\":1748,\"caption\":\"Ordensgemeinschaften in Deutschland\"},\"image\":{\"@id\":\"https:\/\/test-wuwei.de\/orden\/#\/schema\/logo\/image\/\"}}]}<\/script>\n<!-- \/ Yoast SEO plugin. -->","yoast_head_json":{"title":"Arbeitsgemeinschaft der Ordenshochschulen - AGO &#8211; Ordensgemeinschaften in Deutschland","robots":{"index":"noindex","follow":"follow","max-snippet":"max-snippet:-1","max-image-preview":"max-image-preview:large","max-video-preview":"max-video-preview:-1"},"og_locale":"de_DE","og_type":"article","og_title":"Arbeitsgemeinschaft der Ordenshochschulen - AGO &#8211; Ordensgemeinschaften in Deutschland","og_description":"Die Arbeitsgemeinschaft der Ordenshochschulen ist 1967 aus der seit 1926 bestehenden Ordenslektoren-Vereinigung [OLV] entstanden. Sie will die Zusammenarbeit der Ordenshochschulen und der Lehrenden f\u00f6rdern, vertritt die gemeinsamen Interessen der Ordenshochschulen, die allesamt kirchlich und staatlich anerkannt sind und z. T. Promotions- und Habilitationsrecht haben, und ber\u00e4t die DOK in Fragen der philosophisch-theologischen Ausbildung. Mitglied der ... weiterlesen","og_url":"https:\/\/test-wuwei.de\/orden\/ueber-die-dok\/arbeitsgemeinschaften\/ago\/","og_site_name":"Ordensgemeinschaften in Deutschland","article_modified_time":"2026-02-09T14:22:58+00:00","twitter_card":"summary_large_image","twitter_misc":{"Gesch\u00e4tzte Lesezeit":"1\u00a0Minute"},"schema":{"@context":"https:\/\/schema.org","@graph":[{"@type":"WebPage","@id":"https:\/\/test-wuwei.de\/orden\/ueber-die-dok\/arbeitsgemeinschaften\/ago\/","url":"https:\/\/test-wuwei.de\/orden\/ueber-die-dok\/arbeitsgemeinschaften\/ago\/","name":"Arbeitsgemeinschaft der Ordenshochschulen - AGO &#8211; Ordensgemeinschaften in Deutschland","isPartOf":{"@id":"https:\/\/test-wuwei.de\/orden\/#website"},"datePublished":"2025-08-29T12:33:44+00:00","dateModified":"2026-02-09T14:22:58+00:00","breadcrumb":{"@id":"https:\/\/test-wuwei.de\/orden\/ueber-die-dok\/arbeitsgemeinschaften\/ago\/#breadcrumb"},"inLanguage":"de","potentialAction":[{"@type":"ReadAction","target":["https:\/\/test-wuwei.de\/orden\/ueber-die-dok\/arbeitsgemeinschaften\/ago\/"]}]},{"@type":"BreadcrumbList","@id":"https:\/\/test-wuwei.de\/orden\/ueber-die-dok\/arbeitsgemeinschaften\/ago\/#breadcrumb","itemListElement":[{"@type":"ListItem","position":1,"name":"\ud83c\udfe0\ufe0e","item":"https:\/\/test-wuwei.de\/orden\/"},{"@type":"ListItem","position":2,"name":"\u00dcber die Deutsche Ordensgemeinschaft","item":"https:\/\/test-wuwei.de\/orden\/ueber-die-dok\/"},{"@type":"ListItem","position":3,"name":"Arbeitsgemeinschaften","item":"https:\/\/test-wuwei.de\/orden\/ueber-die-dok\/arbeitsgemeinschaften\/"},{"@type":"ListItem","position":4,"name":"Arbeitsgemeinschaft der Ordenshochschulen &#8211; AGO"}]},{"@type":"WebSite","@id":"https:\/\/test-wuwei.de\/orden\/#website","url":"https:\/\/test-wuwei.de\/orden\/","name":"Ordensgemeinschaften in Deutschland","description":"Deutsche Ordensobernkonferenz","publisher":{"@id":"https:\/\/test-wuwei.de\/orden\/#organization"},"potentialAction":[{"@type":"SearchAction","target":{"@type":"EntryPoint","urlTemplate":"https:\/\/test-wuwei.de\/orden\/?s={search_term_string}"},"query-input":{"@type":"PropertyValueSpecification","valueRequired":true,"valueName":"search_term_string"}}],"inLanguage":"de"},{"@type":"Organization","@id":"https:\/\/test-wuwei.de\/orden\/#organization","name":"Ordensgemeinschaften in Deutschland","url":"https:\/\/test-wuwei.de\/orden\/","logo":{"@type":"ImageObject","inLanguage":"de","@id":"https:\/\/test-wuwei.de\/orden\/#\/schema\/logo\/image\/","url":"https:\/\/test-wuwei.de\/orden\/wp-content\/uploads\/2025\/07\/DOK_Logo_RGB_mit.jpg","contentUrl":"https:\/\/test-wuwei.de\/orden\/wp-content\/uploads\/2025\/07\/DOK_Logo_RGB_mit.jpg","width":2480,"height":1748,"caption":"Ordensgemeinschaften in Deutschland"},"image":{"@id":"https:\/\/test-wuwei.de\/orden\/#\/schema\/logo\/image\/"}}]}},"_links":{"self":[{"href":"https:\/\/test-wuwei.de\/orden\/wp-json\/wp\/v2\/pages\/2495","targetHints":{"allow":["GET"]}}],"collection":[{"href":"https:\/\/test-wuwei.de\/orden\/wp-json\/wp\/v2\/pages"}],"about":[{"href":"https:\/\/test-wuwei.de\/orden\/wp-json\/wp\/v2\/types\/page"}],"author":[{"embeddable":true,"href":"https:\/\/test-wuwei.de\/orden\/wp-json\/wp\/v2\/users\/3"}],"replies":[{"embeddable":true,"href":"https:\/\/test-wuwei.de\/orden\/wp-json\/wp\/v2\/comments?post=2495"}],"version-history":[{"count":2,"href":"https:\/\/test-wuwei.de\/orden\/wp-json\/wp\/v2\/pages\/2495\/revisions"}],"predecessor-version":[{"id":2500,"href":"https:\/\/test-wuwei.de\/orden\/wp-json\/wp\/v2\/pages\/2495\/revisions\/2500"}],"up":[{"embeddable":true,"href":"https:\/\/test-wuwei.de\/orden\/wp-json\/wp\/v2\/pages\/36"}],"wp:attachment":[{"href":"https:\/\/test-wuwei.de\/orden\/wp-json\/wp\/v2\/media?parent=2495"}],"curies":[{"name":"wp","href":"https:\/\/api.w.org\/{rel}","templated":true}]}}