{"id":2481,"date":"2025-08-29T14:26:04","date_gmt":"2025-08-29T12:26:04","guid":{"rendered":"https:\/\/test-wuwei.de\/orden\/?page_id=2481"},"modified":"2025-11-06T16:55:30","modified_gmt":"2025-11-06T15:55:30","slug":"agf","status":"publish","type":"page","link":"https:\/\/test-wuwei.de\/orden\/ueber-die-dok\/arbeitsgemeinschaften\/agf\/","title":{"rendered":"Arbeitsgemeinschaft der Formationsleiterinnen &#8211; AGF"},"content":{"rendered":"\n<p>Die Arbeitsgemeinschaft der Formationsleiterinnen wurde 1997 gegr\u00fcndet. Sie ist erwachsen aus den Fortbildungstagungen f\u00fcr Verantwortliche in der Ordensausbildung, die seit 1952 j\u00e4hrlich vom Johannes-Haw-Heim in Leutesdorf angeboten wurden. In der AGF sind die Leiterinnen der verschiedenen Phasen der Ordensausbildung all der Frauengemeinschaften zusammengefasst, die Mitglieder in der DOK sind.<\/p>\n\n\n\n<p>Jeweils im Fr\u00fchjahr findet die einw\u00f6chige Jahrestagung der AGF statt, die normalerweise aus einer Mitgliederversammlung, einer Phase kollegialer Beratung und einer ca. zweit\u00e4gigen Fachtagung besteht. Die AGF-Fachtagungen sind nach M\u00f6glichkeit erfahrungs-, prozess- und \u00fcbungsorientiert ausgerichtet.&nbsp;Verschiedenen Angebote f\u00fcr Postulantinnen, Novizinnen und Junioratsschwestern finden im Laufe des Jahres statt.<\/p>\n\n\n<div class=\"gb-container gb-container-31dd245c gb-accordion\" data-accordion-multiple-open>\n<div class=\"gb-container gb-container-a7babbb2 gb-accordion__item\" data-transition=\"slide\">\n\n<button class=\"gb-button gb-button-618b0b85 gb-accordion__toggle\" id=\"gb-accordion-toggle-618b0b85\"><span class=\"gb-button-text\"><strong>Termine<\/strong><\/span><span class=\"gb-icon\"><svg xmlns=\"http:\/\/www.w3.org\/2000\/svg\" viewBox=\"0 0 448 512\" width=\"1em\" height=\"1em\" aria-hidden=\"true\" role=\"img\" class=\"gb-accordion__icon\"><path d=\"M207.029 381.476L12.686 187.132c-9.373-9.373-9.373-24.569 0-33.941l22.667-22.667c9.357-9.357 24.522-9.375 33.901-.04L224 284.505l154.745-154.021c9.379-9.335 24.544-9.317 33.901.04l22.667 22.667c9.373 9.373 9.373 24.569 0 33.941L240.971 381.476c-9.373 9.372-24.569 9.372-33.942 0z\" fill=\"currentColor\"><\/path><\/svg><svg xmlns=\"http:\/\/www.w3.org\/2000\/svg\" viewBox=\"0 0 448 512\" width=\"1em\" height=\"1em\" aria-hidden=\"true\" role=\"img\" class=\"gb-accordion__icon-open\"><path d=\"M240.971 130.524l194.343 194.343c9.373 9.373 9.373 24.569 0 33.941l-22.667 22.667c-9.357 9.357-24.522 9.375-33.901.04L224 227.495 69.255 381.516c-9.379 9.335-24.544 9.317-33.901-.04l-22.667-22.667c-9.373-9.373-9.373-24.569 0-33.941L207.03 130.525c9.372-9.373 24.568-9.373 33.941-.001z\" fill=\"currentColor\"><\/path><\/svg><\/span><\/button>\n\n\n<div id=\"gb-accordion-content-bca879d0\" class=\"gb-accordion__content\"><div class=\"gb-container gb-container-bca879d0\">\n\n<h2 class=\"gb-headline gb-headline-79a4acbd gb-headline-text\">Termine 2025<\/h2>\n\n\n\n<ul class=\"wp-block-list\">\n<li><strong>Juniorinnentreffen<\/strong><br>25.09 &#8211; 28.09.2025<br>Kloster Schwarzenberg<br>Referent(in) und Thema werden gerade angepasst<\/li>\n<\/ul>\n\n\n\n<h2 class=\"gb-headline gb-headline-ef4308ce gb-headline-text\">Termine 2026<\/h2>\n\n\n\n<ul class=\"wp-block-list\">\n<li><strong>AGF Jahrestagung &#8211; zusammen mit der <a href=\"https:\/\/www.orden.de\/ueber-die-dok\/aufgaben-einrichtungen\/arbeitsgemeinschaften\/agna\/\">AGNA<\/a><\/strong><br>09.-13.02. 2026<br>Kloster Oberzell &#8211; Haus Klara<br>Referentin: Sr. Anneliese Herzig<br>Arbeitstitel: Lob des Fragments. Evangelische R\u00e4te zwischen \u00c4ngstlichkeit und Laissez-Faire<\/li>\n\n\n\n<li><strong>Juniorinnen 2026<\/strong><br>Planungen laufen noch<\/li>\n<\/ul>\n\n<\/div><\/div>\n<\/div>\n\n<div class=\"gb-container gb-container-bb5bf65d gb-accordion__item\" data-transition=\"slide\">\n\n<button class=\"gb-button gb-button-bbb2a480 gb-accordion__toggle\" id=\"gb-accordion-toggle-bbb2a480\"><span class=\"gb-button-text\"><strong>Angebote<\/strong><\/span><span class=\"gb-icon\"><svg xmlns=\"http:\/\/www.w3.org\/2000\/svg\" viewBox=\"0 0 448 512\" width=\"1em\" height=\"1em\" aria-hidden=\"true\" role=\"img\" class=\"gb-accordion__icon\"><path d=\"M207.029 381.476L12.686 187.132c-9.373-9.373-9.373-24.569 0-33.941l22.667-22.667c9.357-9.357 24.522-9.375 33.901-.04L224 284.505l154.745-154.021c9.379-9.335 24.544-9.317 33.901.04l22.667 22.667c9.373 9.373 9.373 24.569 0 33.941L240.971 381.476c-9.373 9.372-24.569 9.372-33.942 0z\" fill=\"currentColor\"><\/path><\/svg><svg xmlns=\"http:\/\/www.w3.org\/2000\/svg\" viewBox=\"0 0 448 512\" width=\"1em\" height=\"1em\" aria-hidden=\"true\" role=\"img\" class=\"gb-accordion__icon-open\"><path d=\"M240.971 130.524l194.343 194.343c9.373 9.373 9.373 24.569 0 33.941l-22.667 22.667c-9.357 9.357-24.522 9.375-33.901.04L224 227.495 69.255 381.516c-9.379 9.335-24.544 9.317-33.901-.04l-22.667-22.667c-9.373-9.373-9.373-24.569 0-33.941L207.03 130.525c9.372-9.373 24.568-9.373 33.941-.001z\" fill=\"currentColor\"><\/path><\/svg><\/span><\/button>\n\n\n<div id=\"gb-accordion-content-738fb8bc\" class=\"gb-accordion__content\"><div class=\"gb-container gb-container-738fb8bc\">\n\n<h2 class=\"gb-headline gb-headline-25ae13f2 gb-headline-text\">\u00dcberregionale Angebote f\u00fcr Postulat und Noviziat (w\/m)<\/h2>\n\n\n\n<p><strong>W\u00fcrzburger Kreis: vier Treffen pro Jahr (je drei Tage)<\/strong><br>Aktuelle Ansprechpartner und Termine bitte \u00fcber den Vorstand erfragen.<\/p>\n\n<\/div><\/div>\n<\/div>\n\n<div class=\"gb-container gb-container-9c6c7e2a gb-accordion__item\" data-transition=\"slide\">\n\n<button class=\"gb-button gb-button-0209491c gb-accordion__toggle\" id=\"gb-accordion-toggle-0209491c\"><span class=\"gb-button-text\"><strong>Aufgaben<\/strong><\/span><span class=\"gb-icon\"><svg xmlns=\"http:\/\/www.w3.org\/2000\/svg\" viewBox=\"0 0 448 512\" width=\"1em\" height=\"1em\" aria-hidden=\"true\" role=\"img\" class=\"gb-accordion__icon\"><path d=\"M207.029 381.476L12.686 187.132c-9.373-9.373-9.373-24.569 0-33.941l22.667-22.667c9.357-9.357 24.522-9.375 33.901-.04L224 284.505l154.745-154.021c9.379-9.335 24.544-9.317 33.901.04l22.667 22.667c9.373 9.373 9.373 24.569 0 33.941L240.971 381.476c-9.373 9.372-24.569 9.372-33.942 0z\" fill=\"currentColor\"><\/path><\/svg><svg xmlns=\"http:\/\/www.w3.org\/2000\/svg\" viewBox=\"0 0 448 512\" width=\"1em\" height=\"1em\" aria-hidden=\"true\" role=\"img\" class=\"gb-accordion__icon-open\"><path d=\"M240.971 130.524l194.343 194.343c9.373 9.373 9.373 24.569 0 33.941l-22.667 22.667c-9.357 9.357-24.522 9.375-33.901.04L224 227.495 69.255 381.516c-9.379 9.335-24.544 9.317-33.901-.04l-22.667-22.667c-9.373-9.373-9.373-24.569 0-33.941L207.03 130.525c9.372-9.373 24.568-9.373 33.941-.001z\" fill=\"currentColor\"><\/path><\/svg><\/span><\/button>\n\n\n<div id=\"gb-accordion-content-4be04087\" class=\"gb-accordion__content\"><div class=\"gb-container gb-container-4be04087\">\n\n<h2 class=\"gb-headline gb-headline-7eaffd98 gb-headline-text\">Aufgaben der AGF<\/h2>\n\n\n\n<ul class=\"wp-block-list\">\n<li>Erfahrungs- und Informationsaustausch und Er\u00f6rterung von Fragen der Formation<\/li>\n\n\n\n<li>J\u00e4hrliche Weiterbildung<\/li>\n\n\n\n<li>Auseinandersetzung mit Rollenverst\u00e4ndnis und Aufgabenbereichen der Formationsleiterinnen<\/li>\n\n\n\n<li>Suche nach M\u00f6glichkeiten der Vernetzung (z.B. ordens- und di\u00f6zesan\u00fcbergreifende Initiativen in den verschiedenen Ausbildungsphasen)<\/li>\n<\/ul>\n\n<\/div><\/div>\n<\/div>\n\n<div class=\"gb-container gb-container-6fd0202f gb-accordion__item\" data-transition=\"slide\">\n\n<button class=\"gb-button gb-button-f8a56eec gb-accordion__toggle\" id=\"gb-accordion-toggle-f8a56eec\"><span class=\"gb-button-text\"><strong>Vorstand<\/strong><\/span><span class=\"gb-icon\"><svg xmlns=\"http:\/\/www.w3.org\/2000\/svg\" viewBox=\"0 0 448 512\" width=\"1em\" height=\"1em\" aria-hidden=\"true\" role=\"img\" class=\"gb-accordion__icon\"><path d=\"M207.029 381.476L12.686 187.132c-9.373-9.373-9.373-24.569 0-33.941l22.667-22.667c9.357-9.357 24.522-9.375 33.901-.04L224 284.505l154.745-154.021c9.379-9.335 24.544-9.317 33.901.04l22.667 22.667c9.373 9.373 9.373 24.569 0 33.941L240.971 381.476c-9.373 9.372-24.569 9.372-33.942 0z\" fill=\"currentColor\"><\/path><\/svg><svg xmlns=\"http:\/\/www.w3.org\/2000\/svg\" viewBox=\"0 0 448 512\" width=\"1em\" height=\"1em\" aria-hidden=\"true\" role=\"img\" class=\"gb-accordion__icon-open\"><path d=\"M240.971 130.524l194.343 194.343c9.373 9.373 9.373 24.569 0 33.941l-22.667 22.667c-9.357 9.357-24.522 9.375-33.901.04L224 227.495 69.255 381.516c-9.379 9.335-24.544 9.317-33.901-.04l-22.667-22.667c-9.373-9.373-9.373-24.569 0-33.941L207.03 130.525c9.372-9.373 24.568-9.373 33.941-.001z\" fill=\"currentColor\"><\/path><\/svg><\/span><\/button>\n\n\n<div id=\"gb-accordion-content-443ad2df\" class=\"gb-accordion__content\"><div class=\"gb-container gb-container-443ad2df\">\n\n<h2 class=\"gb-headline gb-headline-29c0bd0b gb-headline-text\">Der Vorstand der AGF seit April 2025<\/h2>\n\n\n\n<p>Sr. M. Hannah Altmann , 1. Vorsitzende<br>Sr. Franziska Mitterer, 2. Vorsitzende<br>Sr. Leonie Voitenleitner, Schriftf\u00fchrerin<br>Sr. M. Katharina Hartleib, Kassenf\u00fchrerin<\/p>\n\n<\/div><\/div>\n<\/div>\n\n<div class=\"gb-container gb-container-ada1d42e gb-accordion__item\" data-transition=\"slide\">\n\n<button class=\"gb-button gb-button-28dc0176 gb-accordion__toggle\" id=\"gb-accordion-toggle-28dc0176\"><span class=\"gb-button-text\"><strong>Kontakt<\/strong><\/span><span class=\"gb-icon\"><svg xmlns=\"http:\/\/www.w3.org\/2000\/svg\" viewBox=\"0 0 448 512\" width=\"1em\" height=\"1em\" aria-hidden=\"true\" role=\"img\" class=\"gb-accordion__icon\"><path d=\"M207.029 381.476L12.686 187.132c-9.373-9.373-9.373-24.569 0-33.941l22.667-22.667c9.357-9.357 24.522-9.375 33.901-.04L224 284.505l154.745-154.021c9.379-9.335 24.544-9.317 33.901.04l22.667 22.667c9.373 9.373 9.373 24.569 0 33.941L240.971 381.476c-9.373 9.372-24.569 9.372-33.942 0z\" fill=\"currentColor\"><\/path><\/svg><svg xmlns=\"http:\/\/www.w3.org\/2000\/svg\" viewBox=\"0 0 448 512\" width=\"1em\" height=\"1em\" aria-hidden=\"true\" role=\"img\" class=\"gb-accordion__icon-open\"><path d=\"M240.971 130.524l194.343 194.343c9.373 9.373 9.373 24.569 0 33.941l-22.667 22.667c-9.357 9.357-24.522 9.375-33.901.04L224 227.495 69.255 381.516c-9.379 9.335-24.544 9.317-33.901-.04l-22.667-22.667c-9.373-9.373-9.373-24.569 0-33.941L207.03 130.525c9.372-9.373 24.568-9.373 33.941-.001z\" fill=\"currentColor\"><\/path><\/svg><\/span><\/button>\n\n\n<div id=\"gb-accordion-content-6aaf9e78\" class=\"gb-accordion__content\"><div class=\"gb-container gb-container-6aaf9e78\">\n\n<h2 class=\"gb-headline gb-headline-83aee7ad gb-headline-text\">Kontaktadresse<\/h2>\n\n\n\n<p><strong>Sr. M. Hannah Altmann<\/strong><br>Mutterhaus Augsburg<br>G\u00f6gginger Str. 94<br>86199 Augsburg<\/p>\n\n\n\n<p>Telefon: 0821 597790-0<br>Fax: 0821 597790-81<br>sr.hannah@barmherzigeschwestern.de<\/p>\n\n<\/div><\/div>\n<\/div>\n<\/div>","protected":false},"excerpt":{"rendered":"<p>Die Arbeitsgemeinschaft der Formationsleiterinnen wurde 1997 gegr\u00fcndet. Sie ist erwachsen aus den Fortbildungstagungen f\u00fcr Verantwortliche in der Ordensausbildung, die seit 1952 j\u00e4hrlich vom Johannes-Haw-Heim in Leutesdorf angeboten wurden. In der AGF sind die Leiterinnen der verschiedenen Phasen der Ordensausbildung all der Frauengemeinschaften zusammengefasst, die Mitglieder in der DOK sind. Jeweils im Fr\u00fchjahr findet die einw\u00f6chige &#8230; <\/p>\n<p class=\"read-more-container\"><a title=\"Arbeitsgemeinschaft der Formationsleiterinnen &#8211; AGF\" class=\"read-more button\" href=\"https:\/\/test-wuwei.de\/orden\/ueber-die-dok\/arbeitsgemeinschaften\/agf\/#more-2481\" aria-label=\"Mehr Informationen \u00fcber Arbeitsgemeinschaft der Formationsleiterinnen &#8211; AGF\">weiterlesen<\/a><\/p>\n","protected":false},"author":3,"featured_media":0,"parent":36,"menu_order":0,"comment_status":"closed","ping_status":"closed","template":"","meta":{"_acf_changed":false,"footnotes":""},"class_list":["post-2481","page","type-page","status-publish"],"acf":[],"yoast_head":"<!-- This site is optimized with the Yoast SEO plugin v26.3 - https:\/\/yoast.com\/wordpress\/plugins\/seo\/ -->\n<title>Arbeitsgemeinschaft der Formationsleiterinnen - AGF &#8211; Ordensgemeinschaften in Deutschland<\/title>\n<meta name=\"robots\" content=\"noindex, follow, max-snippet:-1, max-image-preview:large, max-video-preview:-1\" \/>\n<meta property=\"og:locale\" content=\"de_DE\" \/>\n<meta property=\"og:type\" content=\"article\" \/>\n<meta property=\"og:title\" content=\"Arbeitsgemeinschaft der Formationsleiterinnen - AGF &#8211; Ordensgemeinschaften in Deutschland\" \/>\n<meta property=\"og:description\" content=\"Die Arbeitsgemeinschaft der Formationsleiterinnen wurde 1997 gegr\u00fcndet. Sie ist erwachsen aus den Fortbildungstagungen f\u00fcr Verantwortliche in der Ordensausbildung, die seit 1952 j\u00e4hrlich vom Johannes-Haw-Heim in Leutesdorf angeboten wurden. In der AGF sind die Leiterinnen der verschiedenen Phasen der Ordensausbildung all der Frauengemeinschaften zusammengefasst, die Mitglieder in der DOK sind. Jeweils im Fr\u00fchjahr findet die einw\u00f6chige ... weiterlesen\" \/>\n<meta property=\"og:url\" content=\"https:\/\/test-wuwei.de\/orden\/ueber-die-dok\/arbeitsgemeinschaften\/agf\/\" \/>\n<meta property=\"og:site_name\" content=\"Ordensgemeinschaften in Deutschland\" \/>\n<meta property=\"article:modified_time\" content=\"2025-11-06T15:55:30+00:00\" \/>\n<meta name=\"twitter:card\" content=\"summary_large_image\" \/>\n<meta name=\"twitter:label1\" content=\"Gesch\u00e4tzte Lesezeit\" \/>\n\t<meta name=\"twitter:data1\" content=\"2\u00a0Minuten\" \/>\n<script type=\"application\/ld+json\" class=\"yoast-schema-graph\">{\"@context\":\"https:\/\/schema.org\",\"@graph\":[{\"@type\":\"WebPage\",\"@id\":\"https:\/\/test-wuwei.de\/orden\/ueber-die-dok\/arbeitsgemeinschaften\/agf\/\",\"url\":\"https:\/\/test-wuwei.de\/orden\/ueber-die-dok\/arbeitsgemeinschaften\/agf\/\",\"name\":\"Arbeitsgemeinschaft der Formationsleiterinnen - AGF &#8211; Ordensgemeinschaften in Deutschland\",\"isPartOf\":{\"@id\":\"https:\/\/test-wuwei.de\/orden\/#website\"},\"datePublished\":\"2025-08-29T12:26:04+00:00\",\"dateModified\":\"2025-11-06T15:55:30+00:00\",\"breadcrumb\":{\"@id\":\"https:\/\/test-wuwei.de\/orden\/ueber-die-dok\/arbeitsgemeinschaften\/agf\/#breadcrumb\"},\"inLanguage\":\"de\",\"potentialAction\":[{\"@type\":\"ReadAction\",\"target\":[\"https:\/\/test-wuwei.de\/orden\/ueber-die-dok\/arbeitsgemeinschaften\/agf\/\"]}]},{\"@type\":\"BreadcrumbList\",\"@id\":\"https:\/\/test-wuwei.de\/orden\/ueber-die-dok\/arbeitsgemeinschaften\/agf\/#breadcrumb\",\"itemListElement\":[{\"@type\":\"ListItem\",\"position\":1,\"name\":\"\ud83c\udfe0\ufe0e\",\"item\":\"https:\/\/test-wuwei.de\/orden\/\"},{\"@type\":\"ListItem\",\"position\":2,\"name\":\"\u00dcber die Deutsche Ordensgemeinschaft\",\"item\":\"https:\/\/test-wuwei.de\/orden\/ueber-die-dok\/\"},{\"@type\":\"ListItem\",\"position\":3,\"name\":\"Arbeitsgemeinschaften\",\"item\":\"https:\/\/test-wuwei.de\/orden\/ueber-die-dok\/arbeitsgemeinschaften\/\"},{\"@type\":\"ListItem\",\"position\":4,\"name\":\"Arbeitsgemeinschaft der Formationsleiterinnen &#8211; AGF\"}]},{\"@type\":\"WebSite\",\"@id\":\"https:\/\/test-wuwei.de\/orden\/#website\",\"url\":\"https:\/\/test-wuwei.de\/orden\/\",\"name\":\"Ordensgemeinschaften in Deutschland\",\"description\":\"Deutsche Ordensobernkonferenz\",\"publisher\":{\"@id\":\"https:\/\/test-wuwei.de\/orden\/#organization\"},\"potentialAction\":[{\"@type\":\"SearchAction\",\"target\":{\"@type\":\"EntryPoint\",\"urlTemplate\":\"https:\/\/test-wuwei.de\/orden\/?s={search_term_string}\"},\"query-input\":{\"@type\":\"PropertyValueSpecification\",\"valueRequired\":true,\"valueName\":\"search_term_string\"}}],\"inLanguage\":\"de\"},{\"@type\":\"Organization\",\"@id\":\"https:\/\/test-wuwei.de\/orden\/#organization\",\"name\":\"Ordensgemeinschaften in Deutschland\",\"url\":\"https:\/\/test-wuwei.de\/orden\/\",\"logo\":{\"@type\":\"ImageObject\",\"inLanguage\":\"de\",\"@id\":\"https:\/\/test-wuwei.de\/orden\/#\/schema\/logo\/image\/\",\"url\":\"https:\/\/test-wuwei.de\/orden\/wp-content\/uploads\/2025\/07\/DOK_Logo_RGB_mit.jpg\",\"contentUrl\":\"https:\/\/test-wuwei.de\/orden\/wp-content\/uploads\/2025\/07\/DOK_Logo_RGB_mit.jpg\",\"width\":2480,\"height\":1748,\"caption\":\"Ordensgemeinschaften in Deutschland\"},\"image\":{\"@id\":\"https:\/\/test-wuwei.de\/orden\/#\/schema\/logo\/image\/\"}}]}<\/script>\n<!-- \/ Yoast SEO plugin. -->","yoast_head_json":{"title":"Arbeitsgemeinschaft der Formationsleiterinnen - AGF &#8211; Ordensgemeinschaften in Deutschland","robots":{"index":"noindex","follow":"follow","max-snippet":"max-snippet:-1","max-image-preview":"max-image-preview:large","max-video-preview":"max-video-preview:-1"},"og_locale":"de_DE","og_type":"article","og_title":"Arbeitsgemeinschaft der Formationsleiterinnen - AGF &#8211; Ordensgemeinschaften in Deutschland","og_description":"Die Arbeitsgemeinschaft der Formationsleiterinnen wurde 1997 gegr\u00fcndet. Sie ist erwachsen aus den Fortbildungstagungen f\u00fcr Verantwortliche in der Ordensausbildung, die seit 1952 j\u00e4hrlich vom Johannes-Haw-Heim in Leutesdorf angeboten wurden. In der AGF sind die Leiterinnen der verschiedenen Phasen der Ordensausbildung all der Frauengemeinschaften zusammengefasst, die Mitglieder in der DOK sind. Jeweils im Fr\u00fchjahr findet die einw\u00f6chige ... weiterlesen","og_url":"https:\/\/test-wuwei.de\/orden\/ueber-die-dok\/arbeitsgemeinschaften\/agf\/","og_site_name":"Ordensgemeinschaften in Deutschland","article_modified_time":"2025-11-06T15:55:30+00:00","twitter_card":"summary_large_image","twitter_misc":{"Gesch\u00e4tzte Lesezeit":"2\u00a0Minuten"},"schema":{"@context":"https:\/\/schema.org","@graph":[{"@type":"WebPage","@id":"https:\/\/test-wuwei.de\/orden\/ueber-die-dok\/arbeitsgemeinschaften\/agf\/","url":"https:\/\/test-wuwei.de\/orden\/ueber-die-dok\/arbeitsgemeinschaften\/agf\/","name":"Arbeitsgemeinschaft der Formationsleiterinnen - AGF &#8211; Ordensgemeinschaften in Deutschland","isPartOf":{"@id":"https:\/\/test-wuwei.de\/orden\/#website"},"datePublished":"2025-08-29T12:26:04+00:00","dateModified":"2025-11-06T15:55:30+00:00","breadcrumb":{"@id":"https:\/\/test-wuwei.de\/orden\/ueber-die-dok\/arbeitsgemeinschaften\/agf\/#breadcrumb"},"inLanguage":"de","potentialAction":[{"@type":"ReadAction","target":["https:\/\/test-wuwei.de\/orden\/ueber-die-dok\/arbeitsgemeinschaften\/agf\/"]}]},{"@type":"BreadcrumbList","@id":"https:\/\/test-wuwei.de\/orden\/ueber-die-dok\/arbeitsgemeinschaften\/agf\/#breadcrumb","itemListElement":[{"@type":"ListItem","position":1,"name":"\ud83c\udfe0\ufe0e","item":"https:\/\/test-wuwei.de\/orden\/"},{"@type":"ListItem","position":2,"name":"\u00dcber die Deutsche Ordensgemeinschaft","item":"https:\/\/test-wuwei.de\/orden\/ueber-die-dok\/"},{"@type":"ListItem","position":3,"name":"Arbeitsgemeinschaften","item":"https:\/\/test-wuwei.de\/orden\/ueber-die-dok\/arbeitsgemeinschaften\/"},{"@type":"ListItem","position":4,"name":"Arbeitsgemeinschaft der Formationsleiterinnen &#8211; AGF"}]},{"@type":"WebSite","@id":"https:\/\/test-wuwei.de\/orden\/#website","url":"https:\/\/test-wuwei.de\/orden\/","name":"Ordensgemeinschaften in Deutschland","description":"Deutsche Ordensobernkonferenz","publisher":{"@id":"https:\/\/test-wuwei.de\/orden\/#organization"},"potentialAction":[{"@type":"SearchAction","target":{"@type":"EntryPoint","urlTemplate":"https:\/\/test-wuwei.de\/orden\/?s={search_term_string}"},"query-input":{"@type":"PropertyValueSpecification","valueRequired":true,"valueName":"search_term_string"}}],"inLanguage":"de"},{"@type":"Organization","@id":"https:\/\/test-wuwei.de\/orden\/#organization","name":"Ordensgemeinschaften in Deutschland","url":"https:\/\/test-wuwei.de\/orden\/","logo":{"@type":"ImageObject","inLanguage":"de","@id":"https:\/\/test-wuwei.de\/orden\/#\/schema\/logo\/image\/","url":"https:\/\/test-wuwei.de\/orden\/wp-content\/uploads\/2025\/07\/DOK_Logo_RGB_mit.jpg","contentUrl":"https:\/\/test-wuwei.de\/orden\/wp-content\/uploads\/2025\/07\/DOK_Logo_RGB_mit.jpg","width":2480,"height":1748,"caption":"Ordensgemeinschaften in Deutschland"},"image":{"@id":"https:\/\/test-wuwei.de\/orden\/#\/schema\/logo\/image\/"}}]}},"_links":{"self":[{"href":"https:\/\/test-wuwei.de\/orden\/wp-json\/wp\/v2\/pages\/2481","targetHints":{"allow":["GET"]}}],"collection":[{"href":"https:\/\/test-wuwei.de\/orden\/wp-json\/wp\/v2\/pages"}],"about":[{"href":"https:\/\/test-wuwei.de\/orden\/wp-json\/wp\/v2\/types\/page"}],"author":[{"embeddable":true,"href":"https:\/\/test-wuwei.de\/orden\/wp-json\/wp\/v2\/users\/3"}],"replies":[{"embeddable":true,"href":"https:\/\/test-wuwei.de\/orden\/wp-json\/wp\/v2\/comments?post=2481"}],"version-history":[{"count":5,"href":"https:\/\/test-wuwei.de\/orden\/wp-json\/wp\/v2\/pages\/2481\/revisions"}],"predecessor-version":[{"id":3956,"href":"https:\/\/test-wuwei.de\/orden\/wp-json\/wp\/v2\/pages\/2481\/revisions\/3956"}],"up":[{"embeddable":true,"href":"https:\/\/test-wuwei.de\/orden\/wp-json\/wp\/v2\/pages\/36"}],"wp:attachment":[{"href":"https:\/\/test-wuwei.de\/orden\/wp-json\/wp\/v2\/media?parent=2481"}],"curies":[{"name":"wp","href":"https:\/\/api.w.org\/{rel}","templated":true}]}}