{"id":2477,"date":"2025-08-29T14:18:24","date_gmt":"2025-08-29T12:18:24","guid":{"rendered":"https:\/\/test-wuwei.de\/orden\/?page_id=2477"},"modified":"2025-08-29T14:18:25","modified_gmt":"2025-08-29T12:18:25","slug":"agcep","status":"publish","type":"page","link":"https:\/\/test-wuwei.de\/orden\/ueber-die-dok\/arbeitsgemeinschaften\/agcep\/","title":{"rendered":"Arbeitsgemeinschaft der Cellerare und Prokuratoren &#8211; AGCEP"},"content":{"rendered":"\n<p>Die Arbeitsgemeinschaft der Cellerare und Prokuratoren entstand 1986 als Zusammenschluss der in den Provinz- und Abteiverwaltungen der M\u00e4nnerorden von VDO und VOB verantwortlichen Provinzprokuratoren, \u00d6konomen und Cellerare, f\u00fcr die das Generalsekretariat der VDO bereits seit 1978 regelm\u00e4\u00dfig Fachtagungen veranstaltet hatte. Im Mittelpunkt der intensiven Zusammenarbeit der Leiter der Ordens- und Abteiverwaltungen stehen aktuelle Fragen aus den Bereichen Steuer-, Sozialversicherungs- und Arbeitsrecht im Hinblick auf die Ordensgemeinschaften selbst und deren Ordensmitglieder sowie auf angestellte Mitarbeiter und wirtschaftliche Gesch\u00e4ftsbetriebe. Weitere Themen sind z.B. Energieversorgung und Denkmalschutz, Kapitalmarktfragen, Stiftungswesen und Verm\u00f6gensverwaltung, die Finanzierung von Schulen, Internaten und Bildungsh\u00e4usern. Der Vorstand der AGCEP arbeitet eng mit dem Vorstand der Arbeitsgemeinschaft der \u00d6konominnen der Frauenorden (AG\u00d6) zusammen und ber\u00e4t das Generalsekretariat der DOK bei dessen Verhandlungen mit Ministerien, Beh\u00f6rden und Dienststellen.<\/p>\n","protected":false},"excerpt":{"rendered":"<p>Die Arbeitsgemeinschaft der Cellerare und Prokuratoren entstand 1986 als Zusammenschluss der in den Provinz- und Abteiverwaltungen der M\u00e4nnerorden von VDO und VOB verantwortlichen Provinzprokuratoren, \u00d6konomen und Cellerare, f\u00fcr die das Generalsekretariat der VDO bereits seit 1978 regelm\u00e4\u00dfig Fachtagungen veranstaltet hatte. Im Mittelpunkt der intensiven Zusammenarbeit der Leiter der Ordens- und Abteiverwaltungen stehen aktuelle Fragen aus &#8230; <\/p>\n<p class=\"read-more-container\"><a title=\"Arbeitsgemeinschaft der Cellerare und Prokuratoren &#8211; AGCEP\" class=\"read-more button\" href=\"https:\/\/test-wuwei.de\/orden\/ueber-die-dok\/arbeitsgemeinschaften\/agcep\/#more-2477\" aria-label=\"Mehr Informationen \u00fcber Arbeitsgemeinschaft der Cellerare und Prokuratoren &#8211; AGCEP\">weiterlesen<\/a><\/p>\n","protected":false},"author":3,"featured_media":0,"parent":36,"menu_order":0,"comment_status":"closed","ping_status":"closed","template":"","meta":{"_acf_changed":false,"footnotes":""},"class_list":["post-2477","page","type-page","status-publish"],"acf":[],"yoast_head":"<!-- This site is optimized with the Yoast SEO plugin v26.3 - https:\/\/yoast.com\/wordpress\/plugins\/seo\/ -->\n<title>Arbeitsgemeinschaft der Cellerare und Prokuratoren - AGCEP &#8211; Ordensgemeinschaften in Deutschland<\/title>\n<meta name=\"robots\" content=\"noindex, follow, max-snippet:-1, max-image-preview:large, max-video-preview:-1\" \/>\n<meta property=\"og:locale\" content=\"de_DE\" \/>\n<meta property=\"og:type\" content=\"article\" \/>\n<meta property=\"og:title\" content=\"Arbeitsgemeinschaft der Cellerare und Prokuratoren - AGCEP &#8211; Ordensgemeinschaften in Deutschland\" \/>\n<meta property=\"og:description\" content=\"Die Arbeitsgemeinschaft der Cellerare und Prokuratoren entstand 1986 als Zusammenschluss der in den Provinz- und Abteiverwaltungen der M\u00e4nnerorden von VDO und VOB verantwortlichen Provinzprokuratoren, \u00d6konomen und Cellerare, f\u00fcr die das Generalsekretariat der VDO bereits seit 1978 regelm\u00e4\u00dfig Fachtagungen veranstaltet hatte. Im Mittelpunkt der intensiven Zusammenarbeit der Leiter der Ordens- und Abteiverwaltungen stehen aktuelle Fragen aus ... weiterlesen\" \/>\n<meta property=\"og:url\" content=\"https:\/\/test-wuwei.de\/orden\/ueber-die-dok\/arbeitsgemeinschaften\/agcep\/\" \/>\n<meta property=\"og:site_name\" content=\"Ordensgemeinschaften in Deutschland\" \/>\n<meta property=\"article:modified_time\" content=\"2025-08-29T12:18:25+00:00\" \/>\n<meta name=\"twitter:card\" content=\"summary_large_image\" \/>\n<meta name=\"twitter:label1\" content=\"Gesch\u00e4tzte Lesezeit\" \/>\n\t<meta name=\"twitter:data1\" content=\"1\u00a0Minute\" \/>\n<script type=\"application\/ld+json\" class=\"yoast-schema-graph\">{\"@context\":\"https:\/\/schema.org\",\"@graph\":[{\"@type\":\"WebPage\",\"@id\":\"https:\/\/test-wuwei.de\/orden\/ueber-die-dok\/arbeitsgemeinschaften\/agcep\/\",\"url\":\"https:\/\/test-wuwei.de\/orden\/ueber-die-dok\/arbeitsgemeinschaften\/agcep\/\",\"name\":\"Arbeitsgemeinschaft der Cellerare und Prokuratoren - AGCEP &#8211; Ordensgemeinschaften in Deutschland\",\"isPartOf\":{\"@id\":\"https:\/\/test-wuwei.de\/orden\/#website\"},\"datePublished\":\"2025-08-29T12:18:24+00:00\",\"dateModified\":\"2025-08-29T12:18:25+00:00\",\"breadcrumb\":{\"@id\":\"https:\/\/test-wuwei.de\/orden\/ueber-die-dok\/arbeitsgemeinschaften\/agcep\/#breadcrumb\"},\"inLanguage\":\"de\",\"potentialAction\":[{\"@type\":\"ReadAction\",\"target\":[\"https:\/\/test-wuwei.de\/orden\/ueber-die-dok\/arbeitsgemeinschaften\/agcep\/\"]}]},{\"@type\":\"BreadcrumbList\",\"@id\":\"https:\/\/test-wuwei.de\/orden\/ueber-die-dok\/arbeitsgemeinschaften\/agcep\/#breadcrumb\",\"itemListElement\":[{\"@type\":\"ListItem\",\"position\":1,\"name\":\"\ud83c\udfe0\ufe0e\",\"item\":\"https:\/\/test-wuwei.de\/orden\/\"},{\"@type\":\"ListItem\",\"position\":2,\"name\":\"\u00dcber die Deutsche Ordensgemeinschaft\",\"item\":\"https:\/\/test-wuwei.de\/orden\/ueber-die-dok\/\"},{\"@type\":\"ListItem\",\"position\":3,\"name\":\"Arbeitsgemeinschaften\",\"item\":\"https:\/\/test-wuwei.de\/orden\/ueber-die-dok\/arbeitsgemeinschaften\/\"},{\"@type\":\"ListItem\",\"position\":4,\"name\":\"Arbeitsgemeinschaft der Cellerare und Prokuratoren &#8211; AGCEP\"}]},{\"@type\":\"WebSite\",\"@id\":\"https:\/\/test-wuwei.de\/orden\/#website\",\"url\":\"https:\/\/test-wuwei.de\/orden\/\",\"name\":\"Ordensgemeinschaften in Deutschland\",\"description\":\"Deutsche Ordensobernkonferenz\",\"publisher\":{\"@id\":\"https:\/\/test-wuwei.de\/orden\/#organization\"},\"potentialAction\":[{\"@type\":\"SearchAction\",\"target\":{\"@type\":\"EntryPoint\",\"urlTemplate\":\"https:\/\/test-wuwei.de\/orden\/?s={search_term_string}\"},\"query-input\":{\"@type\":\"PropertyValueSpecification\",\"valueRequired\":true,\"valueName\":\"search_term_string\"}}],\"inLanguage\":\"de\"},{\"@type\":\"Organization\",\"@id\":\"https:\/\/test-wuwei.de\/orden\/#organization\",\"name\":\"Ordensgemeinschaften in Deutschland\",\"url\":\"https:\/\/test-wuwei.de\/orden\/\",\"logo\":{\"@type\":\"ImageObject\",\"inLanguage\":\"de\",\"@id\":\"https:\/\/test-wuwei.de\/orden\/#\/schema\/logo\/image\/\",\"url\":\"https:\/\/test-wuwei.de\/orden\/wp-content\/uploads\/2025\/07\/DOK_Logo_RGB_mit.jpg\",\"contentUrl\":\"https:\/\/test-wuwei.de\/orden\/wp-content\/uploads\/2025\/07\/DOK_Logo_RGB_mit.jpg\",\"width\":2480,\"height\":1748,\"caption\":\"Ordensgemeinschaften in Deutschland\"},\"image\":{\"@id\":\"https:\/\/test-wuwei.de\/orden\/#\/schema\/logo\/image\/\"}}]}<\/script>\n<!-- \/ Yoast SEO plugin. -->","yoast_head_json":{"title":"Arbeitsgemeinschaft der Cellerare und Prokuratoren - AGCEP &#8211; Ordensgemeinschaften in Deutschland","robots":{"index":"noindex","follow":"follow","max-snippet":"max-snippet:-1","max-image-preview":"max-image-preview:large","max-video-preview":"max-video-preview:-1"},"og_locale":"de_DE","og_type":"article","og_title":"Arbeitsgemeinschaft der Cellerare und Prokuratoren - AGCEP &#8211; Ordensgemeinschaften in Deutschland","og_description":"Die Arbeitsgemeinschaft der Cellerare und Prokuratoren entstand 1986 als Zusammenschluss der in den Provinz- und Abteiverwaltungen der M\u00e4nnerorden von VDO und VOB verantwortlichen Provinzprokuratoren, \u00d6konomen und Cellerare, f\u00fcr die das Generalsekretariat der VDO bereits seit 1978 regelm\u00e4\u00dfig Fachtagungen veranstaltet hatte. Im Mittelpunkt der intensiven Zusammenarbeit der Leiter der Ordens- und Abteiverwaltungen stehen aktuelle Fragen aus ... weiterlesen","og_url":"https:\/\/test-wuwei.de\/orden\/ueber-die-dok\/arbeitsgemeinschaften\/agcep\/","og_site_name":"Ordensgemeinschaften in Deutschland","article_modified_time":"2025-08-29T12:18:25+00:00","twitter_card":"summary_large_image","twitter_misc":{"Gesch\u00e4tzte Lesezeit":"1\u00a0Minute"},"schema":{"@context":"https:\/\/schema.org","@graph":[{"@type":"WebPage","@id":"https:\/\/test-wuwei.de\/orden\/ueber-die-dok\/arbeitsgemeinschaften\/agcep\/","url":"https:\/\/test-wuwei.de\/orden\/ueber-die-dok\/arbeitsgemeinschaften\/agcep\/","name":"Arbeitsgemeinschaft der Cellerare und Prokuratoren - AGCEP &#8211; Ordensgemeinschaften in Deutschland","isPartOf":{"@id":"https:\/\/test-wuwei.de\/orden\/#website"},"datePublished":"2025-08-29T12:18:24+00:00","dateModified":"2025-08-29T12:18:25+00:00","breadcrumb":{"@id":"https:\/\/test-wuwei.de\/orden\/ueber-die-dok\/arbeitsgemeinschaften\/agcep\/#breadcrumb"},"inLanguage":"de","potentialAction":[{"@type":"ReadAction","target":["https:\/\/test-wuwei.de\/orden\/ueber-die-dok\/arbeitsgemeinschaften\/agcep\/"]}]},{"@type":"BreadcrumbList","@id":"https:\/\/test-wuwei.de\/orden\/ueber-die-dok\/arbeitsgemeinschaften\/agcep\/#breadcrumb","itemListElement":[{"@type":"ListItem","position":1,"name":"\ud83c\udfe0\ufe0e","item":"https:\/\/test-wuwei.de\/orden\/"},{"@type":"ListItem","position":2,"name":"\u00dcber die Deutsche Ordensgemeinschaft","item":"https:\/\/test-wuwei.de\/orden\/ueber-die-dok\/"},{"@type":"ListItem","position":3,"name":"Arbeitsgemeinschaften","item":"https:\/\/test-wuwei.de\/orden\/ueber-die-dok\/arbeitsgemeinschaften\/"},{"@type":"ListItem","position":4,"name":"Arbeitsgemeinschaft der Cellerare und Prokuratoren &#8211; AGCEP"}]},{"@type":"WebSite","@id":"https:\/\/test-wuwei.de\/orden\/#website","url":"https:\/\/test-wuwei.de\/orden\/","name":"Ordensgemeinschaften in Deutschland","description":"Deutsche Ordensobernkonferenz","publisher":{"@id":"https:\/\/test-wuwei.de\/orden\/#organization"},"potentialAction":[{"@type":"SearchAction","target":{"@type":"EntryPoint","urlTemplate":"https:\/\/test-wuwei.de\/orden\/?s={search_term_string}"},"query-input":{"@type":"PropertyValueSpecification","valueRequired":true,"valueName":"search_term_string"}}],"inLanguage":"de"},{"@type":"Organization","@id":"https:\/\/test-wuwei.de\/orden\/#organization","name":"Ordensgemeinschaften in Deutschland","url":"https:\/\/test-wuwei.de\/orden\/","logo":{"@type":"ImageObject","inLanguage":"de","@id":"https:\/\/test-wuwei.de\/orden\/#\/schema\/logo\/image\/","url":"https:\/\/test-wuwei.de\/orden\/wp-content\/uploads\/2025\/07\/DOK_Logo_RGB_mit.jpg","contentUrl":"https:\/\/test-wuwei.de\/orden\/wp-content\/uploads\/2025\/07\/DOK_Logo_RGB_mit.jpg","width":2480,"height":1748,"caption":"Ordensgemeinschaften in Deutschland"},"image":{"@id":"https:\/\/test-wuwei.de\/orden\/#\/schema\/logo\/image\/"}}]}},"_links":{"self":[{"href":"https:\/\/test-wuwei.de\/orden\/wp-json\/wp\/v2\/pages\/2477","targetHints":{"allow":["GET"]}}],"collection":[{"href":"https:\/\/test-wuwei.de\/orden\/wp-json\/wp\/v2\/pages"}],"about":[{"href":"https:\/\/test-wuwei.de\/orden\/wp-json\/wp\/v2\/types\/page"}],"author":[{"embeddable":true,"href":"https:\/\/test-wuwei.de\/orden\/wp-json\/wp\/v2\/users\/3"}],"replies":[{"embeddable":true,"href":"https:\/\/test-wuwei.de\/orden\/wp-json\/wp\/v2\/comments?post=2477"}],"version-history":[{"count":1,"href":"https:\/\/test-wuwei.de\/orden\/wp-json\/wp\/v2\/pages\/2477\/revisions"}],"predecessor-version":[{"id":2479,"href":"https:\/\/test-wuwei.de\/orden\/wp-json\/wp\/v2\/pages\/2477\/revisions\/2479"}],"up":[{"embeddable":true,"href":"https:\/\/test-wuwei.de\/orden\/wp-json\/wp\/v2\/pages\/36"}],"wp:attachment":[{"href":"https:\/\/test-wuwei.de\/orden\/wp-json\/wp\/v2\/media?parent=2477"}],"curies":[{"name":"wp","href":"https:\/\/api.w.org\/{rel}","templated":true}]}}