{"id":125,"date":"2025-07-17T11:20:14","date_gmt":"2025-07-17T09:20:14","guid":{"rendered":"https:\/\/test-wuwei.de\/orden\/?page_id=125"},"modified":"2026-02-09T17:23:09","modified_gmt":"2026-02-09T16:23:09","slug":"institutionelles-schutzkonzept","status":"publish","type":"page","link":"https:\/\/test-wuwei.de\/orden\/institutionelles-schutzkonzept\/","title":{"rendered":"Institutionelles Schutzkonzept"},"content":{"rendered":"\n<p>Die Pr\u00e4vention sexualisierter Gewalt ist eine Aufgabe und Verpflichtung f\u00fcr alle kirchlichen Organisationen, so auch f\u00fcr die Deutsche Ordensobernkonferenz (DOK). Das vom Vorstand der DOK verabschiedete und partizipativ erarbeitete Institutionelle Schutzkonzept ist f\u00fcr die verschiedenen Arbeitsfelder des DOK Deutsche Ordensobernkonferenz e. V. grundlegend. In dem Bewusstsein, dass Taten sexualisierter Gewalt oft durch strukturelle\/systemische Ursachen beg\u00fcnstigt wurden, hat die DOK das Institutionelles Schutzkonzept (ISK) erarbeitet und verabschiedet, auch wenn in den Arbeitsbereichen der DOK keine regelm\u00e4\u00dfigen Kontakte zu Kindern, Jugendlichen sowie schutz- und hilfebed\u00fcrftigen Erwachsenen bestehen.<\/p>\n\n\n\n<p>Die Hinweise zu Beschwerdewegen gelten nur f\u00fcr den direkten Arbeitsbereich der DOK. Die einzelnen Ordensgemeinschaften stellen eigene Kontaktm\u00f6glichkeiten zur Verf\u00fcgung.<\/p>\n\n\n<div class=\"gb-container gb-container-d129827d\">\n<div class=\"gb-grid-wrapper gb-grid-wrapper-ce080940\">\n<div class=\"gb-grid-column gb-grid-column-9350b72b\"><div class=\"gb-container gb-container-9350b72b\">\n\n<figure class=\"wp-block-image size-full is-style-rounded\"><img loading=\"lazy\" decoding=\"async\" width=\"2560\" height=\"2560\" src=\"https:\/\/test-wuwei.de\/orden\/wp-content\/uploads\/2025\/07\/Dokument-scaled.png\" alt=\"\" class=\"wp-image-224\" srcset=\"https:\/\/test-wuwei.de\/orden\/wp-content\/uploads\/2025\/07\/Dokument-scaled.png 2560w, https:\/\/test-wuwei.de\/orden\/wp-content\/uploads\/2025\/07\/Dokument-150x150.png 150w, https:\/\/test-wuwei.de\/orden\/wp-content\/uploads\/2025\/07\/Dokument-300x300.png 300w, https:\/\/test-wuwei.de\/orden\/wp-content\/uploads\/2025\/07\/Dokument-768x768.png 768w, https:\/\/test-wuwei.de\/orden\/wp-content\/uploads\/2025\/07\/Dokument-1024x1024.png 1024w, https:\/\/test-wuwei.de\/orden\/wp-content\/uploads\/2025\/07\/Dokument-1536x1536.png 1536w, https:\/\/test-wuwei.de\/orden\/wp-content\/uploads\/2025\/07\/Dokument-2048x2048.png 2048w, https:\/\/test-wuwei.de\/orden\/wp-content\/uploads\/2025\/07\/Dokument-600x600.png 600w\" sizes=\"auto, (max-width: 2560px) 100vw, 2560px\" \/><\/figure>\n\n<\/div><\/div>\n\n<div class=\"gb-grid-column gb-grid-column-e43f19f7\"><div class=\"gb-container gb-container-e43f19f7\">\n\n<p class=\"gb-headline gb-headline-ee25d129 gb-headline-text\"><a href=\"https:\/\/test-wuwei.de\/orden\/wp-content\/uploads\/2025\/10\/isk_dok_stand_2024.01.06.pdf\" target=\"_blank\" rel=\"noreferrer noopener\"><\/a><a href=\"https:\/\/www.orden.de\/dokumente\/3._Uber_die_DOK\/isk_dok_stand_2024.01.06.pdf\" target=\"_blank\" rel=\"noreferrer noopener\">Institutionelles Schutzkonzept des Deutsche Ordensobernkonferenz e. V.<\/a><\/p>\n\n<\/div><\/div>\n<\/div>\n<\/div>\n\n<div class=\"gb-container gb-container-6415821d\">\n<div class=\"gb-grid-wrapper gb-grid-wrapper-02843f80\">\n<div class=\"gb-grid-column gb-grid-column-140016fe\"><div class=\"gb-container gb-container-140016fe\">\n\n<figure class=\"wp-block-image size-full is-style-rounded\"><img loading=\"lazy\" decoding=\"async\" width=\"2560\" height=\"2560\" src=\"https:\/\/test-wuwei.de\/orden\/wp-content\/uploads\/2025\/07\/Dokument-scaled.png\" alt=\"\" class=\"wp-image-224\" srcset=\"https:\/\/test-wuwei.de\/orden\/wp-content\/uploads\/2025\/07\/Dokument-scaled.png 2560w, https:\/\/test-wuwei.de\/orden\/wp-content\/uploads\/2025\/07\/Dokument-150x150.png 150w, https:\/\/test-wuwei.de\/orden\/wp-content\/uploads\/2025\/07\/Dokument-300x300.png 300w, https:\/\/test-wuwei.de\/orden\/wp-content\/uploads\/2025\/07\/Dokument-768x768.png 768w, https:\/\/test-wuwei.de\/orden\/wp-content\/uploads\/2025\/07\/Dokument-1024x1024.png 1024w, https:\/\/test-wuwei.de\/orden\/wp-content\/uploads\/2025\/07\/Dokument-1536x1536.png 1536w, https:\/\/test-wuwei.de\/orden\/wp-content\/uploads\/2025\/07\/Dokument-2048x2048.png 2048w, https:\/\/test-wuwei.de\/orden\/wp-content\/uploads\/2025\/07\/Dokument-600x600.png 600w\" sizes=\"auto, (max-width: 2560px) 100vw, 2560px\" \/><\/figure>\n\n<\/div><\/div>\n\n<div class=\"gb-grid-column gb-grid-column-825a86d2\"><div class=\"gb-container gb-container-825a86d2\">\n\n<p class=\"gb-headline gb-headline-3568e1c9 gb-headline-text\"><a href=\"https:\/\/test-wuwei.de\/orden\/wp-content\/uploads\/2025\/10\/isk_dok_stand_2024.01.06.pdf\" target=\"_blank\" rel=\"noreferrer noopener\"><\/a><a href=\"https:\/\/test-wuwei.de\/orden\/wp-content\/uploads\/2025\/10\/isk_dok_beschwerdeinformationen_stand_2024.01.16.pdf\" target=\"_blank\" rel=\"noreferrer noopener\"><\/a><a href=\"https:\/\/www.orden.de\/dokumente\/3._Uber_die_DOK\/isk_dok_beschwerdeinformationen_stand_2024.01.16.pdf\" target=\"_blank\" rel=\"noreferrer noopener\">Beschwerdewege und Kontaktdaten zum Institutionellen Schutzkonzept des Deutsche Ordensobernkonferenz e. V.<\/a><\/p>\n\n<\/div><\/div>\n<\/div>\n<\/div>\n\n\n<p><\/p>\n","protected":false},"excerpt":{"rendered":"<p>Die Pr\u00e4vention sexualisierter Gewalt ist eine Aufgabe und Verpflichtung f\u00fcr alle kirchlichen Organisationen, so auch f\u00fcr die Deutsche Ordensobernkonferenz (DOK). Das vom Vorstand der DOK verabschiedete und partizipativ erarbeitete Institutionelle Schutzkonzept ist f\u00fcr die verschiedenen Arbeitsfelder des DOK Deutsche Ordensobernkonferenz e. V. grundlegend. In dem Bewusstsein, dass Taten sexualisierter Gewalt oft durch strukturelle\/systemische Ursachen beg\u00fcnstigt &#8230; <\/p>\n<p class=\"read-more-container\"><a title=\"Institutionelles Schutzkonzept\" class=\"read-more button\" href=\"https:\/\/test-wuwei.de\/orden\/institutionelles-schutzkonzept\/#more-125\" aria-label=\"Mehr Informationen \u00fcber Institutionelles Schutzkonzept\">weiterlesen<\/a><\/p>\n","protected":false},"author":3,"featured_media":0,"parent":0,"menu_order":0,"comment_status":"closed","ping_status":"closed","template":"","meta":{"_acf_changed":false,"footnotes":""},"class_list":["post-125","page","type-page","status-publish"],"acf":[],"yoast_head":"<!-- This site is optimized with the Yoast SEO plugin v26.3 - https:\/\/yoast.com\/wordpress\/plugins\/seo\/ -->\n<title>Institutionelles Schutzkonzept &#8211; Ordensgemeinschaften in Deutschland<\/title>\n<meta name=\"robots\" content=\"noindex, follow, max-snippet:-1, max-image-preview:large, max-video-preview:-1\" \/>\n<meta property=\"og:locale\" content=\"de_DE\" \/>\n<meta property=\"og:type\" content=\"article\" \/>\n<meta property=\"og:title\" content=\"Institutionelles Schutzkonzept &#8211; Ordensgemeinschaften in Deutschland\" \/>\n<meta property=\"og:description\" content=\"Die Pr\u00e4vention sexualisierter Gewalt ist eine Aufgabe und Verpflichtung f\u00fcr alle kirchlichen Organisationen, so auch f\u00fcr die Deutsche Ordensobernkonferenz (DOK). Das vom Vorstand der DOK verabschiedete und partizipativ erarbeitete Institutionelle Schutzkonzept ist f\u00fcr die verschiedenen Arbeitsfelder des DOK Deutsche Ordensobernkonferenz e. V. grundlegend. In dem Bewusstsein, dass Taten sexualisierter Gewalt oft durch strukturelle\/systemische Ursachen beg\u00fcnstigt ... weiterlesen\" \/>\n<meta property=\"og:url\" content=\"https:\/\/test-wuwei.de\/orden\/institutionelles-schutzkonzept\/\" \/>\n<meta property=\"og:site_name\" content=\"Ordensgemeinschaften in Deutschland\" \/>\n<meta property=\"article:modified_time\" content=\"2026-02-09T16:23:09+00:00\" \/>\n<meta property=\"og:image\" content=\"https:\/\/test-wuwei.de\/orden\/wp-content\/uploads\/2025\/07\/Dokument-scaled.png\" \/>\n\t<meta property=\"og:image:width\" content=\"2560\" \/>\n\t<meta property=\"og:image:height\" content=\"2560\" \/>\n\t<meta property=\"og:image:type\" content=\"image\/png\" \/>\n<meta name=\"twitter:card\" content=\"summary_large_image\" \/>\n<meta name=\"twitter:label1\" content=\"Gesch\u00e4tzte Lesezeit\" \/>\n\t<meta name=\"twitter:data1\" content=\"2\u00a0Minuten\" \/>\n<script type=\"application\/ld+json\" class=\"yoast-schema-graph\">{\"@context\":\"https:\/\/schema.org\",\"@graph\":[{\"@type\":\"WebPage\",\"@id\":\"https:\/\/test-wuwei.de\/orden\/institutionelles-schutzkonzept\/\",\"url\":\"https:\/\/test-wuwei.de\/orden\/institutionelles-schutzkonzept\/\",\"name\":\"Institutionelles Schutzkonzept &#8211; Ordensgemeinschaften in Deutschland\",\"isPartOf\":{\"@id\":\"https:\/\/test-wuwei.de\/orden\/#website\"},\"primaryImageOfPage\":{\"@id\":\"https:\/\/test-wuwei.de\/orden\/institutionelles-schutzkonzept\/#primaryimage\"},\"image\":{\"@id\":\"https:\/\/test-wuwei.de\/orden\/institutionelles-schutzkonzept\/#primaryimage\"},\"thumbnailUrl\":\"https:\/\/test-wuwei.de\/orden\/wp-content\/uploads\/2025\/07\/Dokument-scaled.png\",\"datePublished\":\"2025-07-17T09:20:14+00:00\",\"dateModified\":\"2026-02-09T16:23:09+00:00\",\"breadcrumb\":{\"@id\":\"https:\/\/test-wuwei.de\/orden\/institutionelles-schutzkonzept\/#breadcrumb\"},\"inLanguage\":\"de\",\"potentialAction\":[{\"@type\":\"ReadAction\",\"target\":[\"https:\/\/test-wuwei.de\/orden\/institutionelles-schutzkonzept\/\"]}]},{\"@type\":\"ImageObject\",\"inLanguage\":\"de\",\"@id\":\"https:\/\/test-wuwei.de\/orden\/institutionelles-schutzkonzept\/#primaryimage\",\"url\":\"https:\/\/test-wuwei.de\/orden\/wp-content\/uploads\/2025\/07\/Dokument-scaled.png\",\"contentUrl\":\"https:\/\/test-wuwei.de\/orden\/wp-content\/uploads\/2025\/07\/Dokument-scaled.png\",\"width\":2560,\"height\":2560,\"caption\":\"Dokument\"},{\"@type\":\"BreadcrumbList\",\"@id\":\"https:\/\/test-wuwei.de\/orden\/institutionelles-schutzkonzept\/#breadcrumb\",\"itemListElement\":[{\"@type\":\"ListItem\",\"position\":1,\"name\":\"\ud83c\udfe0\ufe0e\",\"item\":\"https:\/\/test-wuwei.de\/orden\/\"},{\"@type\":\"ListItem\",\"position\":2,\"name\":\"Institutionelles Schutzkonzept\"}]},{\"@type\":\"WebSite\",\"@id\":\"https:\/\/test-wuwei.de\/orden\/#website\",\"url\":\"https:\/\/test-wuwei.de\/orden\/\",\"name\":\"Ordensgemeinschaften in Deutschland\",\"description\":\"Deutsche Ordensobernkonferenz\",\"publisher\":{\"@id\":\"https:\/\/test-wuwei.de\/orden\/#organization\"},\"potentialAction\":[{\"@type\":\"SearchAction\",\"target\":{\"@type\":\"EntryPoint\",\"urlTemplate\":\"https:\/\/test-wuwei.de\/orden\/?s={search_term_string}\"},\"query-input\":{\"@type\":\"PropertyValueSpecification\",\"valueRequired\":true,\"valueName\":\"search_term_string\"}}],\"inLanguage\":\"de\"},{\"@type\":\"Organization\",\"@id\":\"https:\/\/test-wuwei.de\/orden\/#organization\",\"name\":\"Ordensgemeinschaften in Deutschland\",\"url\":\"https:\/\/test-wuwei.de\/orden\/\",\"logo\":{\"@type\":\"ImageObject\",\"inLanguage\":\"de\",\"@id\":\"https:\/\/test-wuwei.de\/orden\/#\/schema\/logo\/image\/\",\"url\":\"https:\/\/test-wuwei.de\/orden\/wp-content\/uploads\/2025\/07\/DOK_Logo_RGB_mit.jpg\",\"contentUrl\":\"https:\/\/test-wuwei.de\/orden\/wp-content\/uploads\/2025\/07\/DOK_Logo_RGB_mit.jpg\",\"width\":2480,\"height\":1748,\"caption\":\"Ordensgemeinschaften in Deutschland\"},\"image\":{\"@id\":\"https:\/\/test-wuwei.de\/orden\/#\/schema\/logo\/image\/\"}}]}<\/script>\n<!-- \/ Yoast SEO plugin. -->","yoast_head_json":{"title":"Institutionelles Schutzkonzept &#8211; Ordensgemeinschaften in Deutschland","robots":{"index":"noindex","follow":"follow","max-snippet":"max-snippet:-1","max-image-preview":"max-image-preview:large","max-video-preview":"max-video-preview:-1"},"og_locale":"de_DE","og_type":"article","og_title":"Institutionelles Schutzkonzept &#8211; Ordensgemeinschaften in Deutschland","og_description":"Die Pr\u00e4vention sexualisierter Gewalt ist eine Aufgabe und Verpflichtung f\u00fcr alle kirchlichen Organisationen, so auch f\u00fcr die Deutsche Ordensobernkonferenz (DOK). Das vom Vorstand der DOK verabschiedete und partizipativ erarbeitete Institutionelle Schutzkonzept ist f\u00fcr die verschiedenen Arbeitsfelder des DOK Deutsche Ordensobernkonferenz e. V. grundlegend. In dem Bewusstsein, dass Taten sexualisierter Gewalt oft durch strukturelle\/systemische Ursachen beg\u00fcnstigt ... weiterlesen","og_url":"https:\/\/test-wuwei.de\/orden\/institutionelles-schutzkonzept\/","og_site_name":"Ordensgemeinschaften in Deutschland","article_modified_time":"2026-02-09T16:23:09+00:00","og_image":[{"width":2560,"height":2560,"url":"https:\/\/test-wuwei.de\/orden\/wp-content\/uploads\/2025\/07\/Dokument-scaled.png","type":"image\/png"}],"twitter_card":"summary_large_image","twitter_misc":{"Gesch\u00e4tzte Lesezeit":"2\u00a0Minuten"},"schema":{"@context":"https:\/\/schema.org","@graph":[{"@type":"WebPage","@id":"https:\/\/test-wuwei.de\/orden\/institutionelles-schutzkonzept\/","url":"https:\/\/test-wuwei.de\/orden\/institutionelles-schutzkonzept\/","name":"Institutionelles Schutzkonzept &#8211; Ordensgemeinschaften in Deutschland","isPartOf":{"@id":"https:\/\/test-wuwei.de\/orden\/#website"},"primaryImageOfPage":{"@id":"https:\/\/test-wuwei.de\/orden\/institutionelles-schutzkonzept\/#primaryimage"},"image":{"@id":"https:\/\/test-wuwei.de\/orden\/institutionelles-schutzkonzept\/#primaryimage"},"thumbnailUrl":"https:\/\/test-wuwei.de\/orden\/wp-content\/uploads\/2025\/07\/Dokument-scaled.png","datePublished":"2025-07-17T09:20:14+00:00","dateModified":"2026-02-09T16:23:09+00:00","breadcrumb":{"@id":"https:\/\/test-wuwei.de\/orden\/institutionelles-schutzkonzept\/#breadcrumb"},"inLanguage":"de","potentialAction":[{"@type":"ReadAction","target":["https:\/\/test-wuwei.de\/orden\/institutionelles-schutzkonzept\/"]}]},{"@type":"ImageObject","inLanguage":"de","@id":"https:\/\/test-wuwei.de\/orden\/institutionelles-schutzkonzept\/#primaryimage","url":"https:\/\/test-wuwei.de\/orden\/wp-content\/uploads\/2025\/07\/Dokument-scaled.png","contentUrl":"https:\/\/test-wuwei.de\/orden\/wp-content\/uploads\/2025\/07\/Dokument-scaled.png","width":2560,"height":2560,"caption":"Dokument"},{"@type":"BreadcrumbList","@id":"https:\/\/test-wuwei.de\/orden\/institutionelles-schutzkonzept\/#breadcrumb","itemListElement":[{"@type":"ListItem","position":1,"name":"\ud83c\udfe0\ufe0e","item":"https:\/\/test-wuwei.de\/orden\/"},{"@type":"ListItem","position":2,"name":"Institutionelles Schutzkonzept"}]},{"@type":"WebSite","@id":"https:\/\/test-wuwei.de\/orden\/#website","url":"https:\/\/test-wuwei.de\/orden\/","name":"Ordensgemeinschaften in Deutschland","description":"Deutsche Ordensobernkonferenz","publisher":{"@id":"https:\/\/test-wuwei.de\/orden\/#organization"},"potentialAction":[{"@type":"SearchAction","target":{"@type":"EntryPoint","urlTemplate":"https:\/\/test-wuwei.de\/orden\/?s={search_term_string}"},"query-input":{"@type":"PropertyValueSpecification","valueRequired":true,"valueName":"search_term_string"}}],"inLanguage":"de"},{"@type":"Organization","@id":"https:\/\/test-wuwei.de\/orden\/#organization","name":"Ordensgemeinschaften in Deutschland","url":"https:\/\/test-wuwei.de\/orden\/","logo":{"@type":"ImageObject","inLanguage":"de","@id":"https:\/\/test-wuwei.de\/orden\/#\/schema\/logo\/image\/","url":"https:\/\/test-wuwei.de\/orden\/wp-content\/uploads\/2025\/07\/DOK_Logo_RGB_mit.jpg","contentUrl":"https:\/\/test-wuwei.de\/orden\/wp-content\/uploads\/2025\/07\/DOK_Logo_RGB_mit.jpg","width":2480,"height":1748,"caption":"Ordensgemeinschaften in Deutschland"},"image":{"@id":"https:\/\/test-wuwei.de\/orden\/#\/schema\/logo\/image\/"}}]}},"_links":{"self":[{"href":"https:\/\/test-wuwei.de\/orden\/wp-json\/wp\/v2\/pages\/125","targetHints":{"allow":["GET"]}}],"collection":[{"href":"https:\/\/test-wuwei.de\/orden\/wp-json\/wp\/v2\/pages"}],"about":[{"href":"https:\/\/test-wuwei.de\/orden\/wp-json\/wp\/v2\/types\/page"}],"author":[{"embeddable":true,"href":"https:\/\/test-wuwei.de\/orden\/wp-json\/wp\/v2\/users\/3"}],"replies":[{"embeddable":true,"href":"https:\/\/test-wuwei.de\/orden\/wp-json\/wp\/v2\/comments?post=125"}],"version-history":[{"count":4,"href":"https:\/\/test-wuwei.de\/orden\/wp-json\/wp\/v2\/pages\/125\/revisions"}],"predecessor-version":[{"id":5179,"href":"https:\/\/test-wuwei.de\/orden\/wp-json\/wp\/v2\/pages\/125\/revisions\/5179"}],"wp:attachment":[{"href":"https:\/\/test-wuwei.de\/orden\/wp-json\/wp\/v2\/media?parent=125"}],"curies":[{"name":"wp","href":"https:\/\/api.w.org\/{rel}","templated":true}]}}