{"id":123,"date":"2025-07-17T11:19:54","date_gmt":"2025-07-17T09:19:54","guid":{"rendered":"https:\/\/test-wuwei.de\/orden\/?page_id=123"},"modified":"2025-11-17T09:12:46","modified_gmt":"2025-11-17T08:12:46","slug":"impressum","status":"publish","type":"page","link":"https:\/\/test-wuwei.de\/orden\/impressum\/","title":{"rendered":"Impressum"},"content":{"rendered":"\n<p>orden.de ist die Plattform der Deutschen Ordensobernkonferenz. Wir m\u00f6chten Sie auf diesen Seiten mit den wichtigsten Informationen und Hinweisen zum Ordensleben vertraut machen. Sie finden hier die Adressen und Angebote katholischer Ordensgemeinschaften und Kl\u00f6ster in Deutschland und weiterf\u00fchrende Hinweise und Empfehlungen.&nbsp;<\/p>\n\n\n\n<h2 class=\"wp-block-heading\">Impressum gem. \u00a7 5 Telemediengesetz<\/h2>\n\n\n\n<p>DOK Deutsche Ordensobernkonferenz e.V.<br>Wittelsbacherring 9<br>53115 Bonn<br>Tel.: 0228 684 49-0<br>Fax: 0228 684 49-44<br><a href=\"mailto:info@orden.de\">info@orden.de<\/a><\/p>\n\n\n\n<p><strong>Vertretungsberechtigt:<\/strong><br>Br. Andreas Murk OFMConv&nbsp;<br>Sr. Maria Thoma Dikow SMMP<br>Sr. M. Karin Berger OSF<br>P. Dr. Stefan Tert\u00fcnte SCJ<br>Anschrift wie oben.<\/p>\n\n\n\n<p>Amtsgericht Bonn<br>VR Nr. 8623<\/p>\n\n\n\n<p>USt-ID-Nr.:DE251263395<\/p>\n\n\n\n<p><strong>Inhaltlich verantwortlich gem\u00e4\u00df \u00a7 55 Abs. 2 RStV<\/strong>:<br>Arnulf Salmen<br>Medien- und \u00d6ffentlichkeitsarbeit<br>Wittelsbacherring 9<br>53115 Bonn<br>Tel.: 0228 684 49-0<br>Fax: 0228 684 49-44<br>E-Mail: <a href=\"mailto:info@orden.de\">info@orden.de<\/a><\/p>\n\n\n\n<h3 class=\"wp-block-heading\">Haftung f\u00fcr Inhalte<\/h3>\n\n\n\n<p>Als Diensteanbieter sind wir gem\u00e4\u00df \u00a7 7 Abs.1 TMG f\u00fcr eigene Inhalte auf diesen Seiten nach den allgemeinen Gesetzen verantwortlich. Nach \u00a7\u00a7 8 bis 10 TMG sind wir als Diensteanbieter jedoch nicht verpflichtet, \u00fcbermittelte oder gespeicherte fremde Informationen zu \u00fcberwachen oder nach Umst\u00e4nden zu forschen, die auf eine rechtswidrige T\u00e4tigkeit hinweisen. Verpflichtungen zur Entfernung oder Sperrung der Nutzung von Informationen nach den allgemeinen Gesetzen bleiben hiervon unber\u00fchrt. Eine diesbez\u00fcgliche Haftung ist jedoch erst ab dem Zeitpunkt der Kenntnis einer konkreten Rechtsverletzung m\u00f6glich. Bei Bekanntwerden von entsprechenden Rechtsverletzungen werden wir diese Inhalte umgehend entfernen.<\/p>\n\n\n\n<h3 class=\"wp-block-heading\">Haftung f\u00fcr Links<\/h3>\n\n\n\n<p>Wir haben auf unseren Internetseiten Links zu externen Webseiten Dritter, auf deren Inhalte wir keinen Einfluss haben, gelegt. Deshalb k\u00f6nnen wir f\u00fcr diese fremden Inhalte auch keine Gew\u00e4hr \u00fcbernehmen. F\u00fcr die Inhalte der verlinkten Seiten ist stets der jeweilige Anbieter oder Betreiber der Seiten verantwortlich. Die verlinkten Seiten wurden zum Zeitpunkt der Verlinkung auf m\u00f6gliche Rechtsverst\u00f6\u00dfe \u00fcberpr\u00fcft. Rechtswidrige Inhalte waren zum Zeitpunkt der Verlinkung nicht erkennbar. Eine permanente inhaltliche Kontrolle der verlinkten Seiten ist jedoch ohne konkrete Anhaltspunkte einer Rechtsverletzung nicht zumutbar. Bei Bekanntwerden von Rechtsverletzungen werden wir derartige Links umgehend entfernen.<\/p>\n\n\n\n<h3 class=\"wp-block-heading\">Urheberrecht<\/h3>\n\n\n\n<p>Die von uns erstellten Inhalte und Werke auf diesen Seiten unterliegen dem deutschen Urheberrecht. Die Vervielf\u00e4ltigung, Bearbeitung, Verbreitung und jede Art der Verwertung au\u00dferhalb der Grenzen des Urheberrechtes bed\u00fcrfen der schriftlichen Zustimmung des jeweiligen Autors bzw. Erstellers. Downloads und Kopien dieser Seite sind nur f\u00fcr den privaten, nicht kommerziellen Gebrauch gestattet. Soweit die Inhalte auf dieser Seite nicht von uns erstellt wurden, werden die Urheberrechte Dritter beachtet. Insbesondere werden Inhalte Dritter als solche gekennzeichnet. Sollten Sie trotzdem auf eine Urheberrechtsverletzung aufmerksam werden, bitten wir um einen entsprechenden Hinweis. Bei Bekanntwerden von Rechtsverletzungen werden wir derartige Inhalte umgehend entfernen.<\/p>\n\n\n\n<h3 class=\"wp-block-heading\">Streitschlichtung<\/h3>\n\n\n\n<p>Zum 15. Februar 2016 hat die EU-Kommission eine Plattform f\u00fcr au\u00dfergerichtliche Streitschlichtung bereitgestellt. Diese gibt Verbrauchern die M\u00f6glichkeit, Streitigkeiten im Zusammenhang mit Online-Dienstleistungsvertr\u00e4gen zun\u00e4chst ohne die Einschaltung eines Gerichts zu kl\u00e4ren. Die Streitbeilegungs-Plattform ist unter dem externen Link <a href=\"http:\/\/ec.europa.eu\/consumers\/odr\/\" target=\"_blank\" rel=\"noreferrer noopener\">http:\/\/ec.europa.eu\/consumers\/odr\/<\/a> erreichbar. In diesem Zusammenhang wird auf folgende E-Mail-Adresse <a href=\"javascript:linkTo_UnCryptMailto(%27ocknvq%2CkphqBqtfgp0fg%27);\">info(at)orden.de<\/a> &nbsp;hingewiesen.<br>Wir sind zu einer Teilnahme an einem Schlichtungsverfahren vor einer Verbraucherschlichtungsstelle gem\u00e4\u00df \u00a7 36 VSBG nicht bereit und verpflichtet. Wir sind jedoch stets bem\u00fcht, eventuelle Meinungsverschiedenheiten mit Ihnen einvernehmlich auf direktem Weg zu kl\u00e4ren.<\/p>\n","protected":false},"excerpt":{"rendered":"<p>orden.de ist die Plattform der Deutschen Ordensobernkonferenz. Wir m\u00f6chten Sie auf diesen Seiten mit den wichtigsten Informationen und Hinweisen zum Ordensleben vertraut machen. Sie finden hier die Adressen und Angebote katholischer Ordensgemeinschaften und Kl\u00f6ster in Deutschland und weiterf\u00fchrende Hinweise und Empfehlungen.&nbsp; Impressum gem. \u00a7 5 Telemediengesetz DOK Deutsche Ordensobernkonferenz e.V.Wittelsbacherring 953115 BonnTel.: 0228 684 49-0Fax: &#8230; <\/p>\n<p class=\"read-more-container\"><a title=\"Impressum\" class=\"read-more button\" href=\"https:\/\/test-wuwei.de\/orden\/impressum\/#more-123\" aria-label=\"Mehr Informationen \u00fcber Impressum\">weiterlesen<\/a><\/p>\n","protected":false},"author":3,"featured_media":0,"parent":0,"menu_order":0,"comment_status":"closed","ping_status":"closed","template":"","meta":{"_acf_changed":false,"footnotes":""},"class_list":["post-123","page","type-page","status-publish"],"acf":[],"yoast_head":"<!-- This site is optimized with the Yoast SEO plugin v26.3 - https:\/\/yoast.com\/wordpress\/plugins\/seo\/ -->\n<title>Impressum &#8211; Ordensgemeinschaften in Deutschland<\/title>\n<meta name=\"robots\" content=\"noindex, follow, max-snippet:-1, max-image-preview:large, max-video-preview:-1\" \/>\n<meta property=\"og:locale\" content=\"de_DE\" \/>\n<meta property=\"og:type\" content=\"article\" \/>\n<meta property=\"og:title\" content=\"Impressum &#8211; Ordensgemeinschaften in Deutschland\" \/>\n<meta property=\"og:description\" content=\"orden.de ist die Plattform der Deutschen Ordensobernkonferenz. Wir m\u00f6chten Sie auf diesen Seiten mit den wichtigsten Informationen und Hinweisen zum Ordensleben vertraut machen. Sie finden hier die Adressen und Angebote katholischer Ordensgemeinschaften und Kl\u00f6ster in Deutschland und weiterf\u00fchrende Hinweise und Empfehlungen.&nbsp; Impressum gem. \u00a7 5 Telemediengesetz DOK Deutsche Ordensobernkonferenz e.V.Wittelsbacherring 953115 BonnTel.: 0228 684 49-0Fax: ... weiterlesen\" \/>\n<meta property=\"og:url\" content=\"https:\/\/test-wuwei.de\/orden\/impressum\/\" \/>\n<meta property=\"og:site_name\" content=\"Ordensgemeinschaften in Deutschland\" \/>\n<meta property=\"article:modified_time\" content=\"2025-11-17T08:12:46+00:00\" \/>\n<meta name=\"twitter:card\" content=\"summary_large_image\" \/>\n<meta name=\"twitter:label1\" content=\"Gesch\u00e4tzte Lesezeit\" \/>\n\t<meta name=\"twitter:data1\" content=\"3\u00a0Minuten\" \/>\n<script type=\"application\/ld+json\" class=\"yoast-schema-graph\">{\"@context\":\"https:\/\/schema.org\",\"@graph\":[{\"@type\":\"WebPage\",\"@id\":\"https:\/\/test-wuwei.de\/orden\/impressum\/\",\"url\":\"https:\/\/test-wuwei.de\/orden\/impressum\/\",\"name\":\"Impressum &#8211; Ordensgemeinschaften in Deutschland\",\"isPartOf\":{\"@id\":\"https:\/\/test-wuwei.de\/orden\/#website\"},\"datePublished\":\"2025-07-17T09:19:54+00:00\",\"dateModified\":\"2025-11-17T08:12:46+00:00\",\"breadcrumb\":{\"@id\":\"https:\/\/test-wuwei.de\/orden\/impressum\/#breadcrumb\"},\"inLanguage\":\"de\",\"potentialAction\":[{\"@type\":\"ReadAction\",\"target\":[\"https:\/\/test-wuwei.de\/orden\/impressum\/\"]}]},{\"@type\":\"BreadcrumbList\",\"@id\":\"https:\/\/test-wuwei.de\/orden\/impressum\/#breadcrumb\",\"itemListElement\":[{\"@type\":\"ListItem\",\"position\":1,\"name\":\"\ud83c\udfe0\ufe0e\",\"item\":\"https:\/\/test-wuwei.de\/orden\/\"},{\"@type\":\"ListItem\",\"position\":2,\"name\":\"Impressum\"}]},{\"@type\":\"WebSite\",\"@id\":\"https:\/\/test-wuwei.de\/orden\/#website\",\"url\":\"https:\/\/test-wuwei.de\/orden\/\",\"name\":\"Ordensgemeinschaften in Deutschland\",\"description\":\"Deutsche Ordensobernkonferenz\",\"publisher\":{\"@id\":\"https:\/\/test-wuwei.de\/orden\/#organization\"},\"potentialAction\":[{\"@type\":\"SearchAction\",\"target\":{\"@type\":\"EntryPoint\",\"urlTemplate\":\"https:\/\/test-wuwei.de\/orden\/?s={search_term_string}\"},\"query-input\":{\"@type\":\"PropertyValueSpecification\",\"valueRequired\":true,\"valueName\":\"search_term_string\"}}],\"inLanguage\":\"de\"},{\"@type\":\"Organization\",\"@id\":\"https:\/\/test-wuwei.de\/orden\/#organization\",\"name\":\"Ordensgemeinschaften in Deutschland\",\"url\":\"https:\/\/test-wuwei.de\/orden\/\",\"logo\":{\"@type\":\"ImageObject\",\"inLanguage\":\"de\",\"@id\":\"https:\/\/test-wuwei.de\/orden\/#\/schema\/logo\/image\/\",\"url\":\"https:\/\/test-wuwei.de\/orden\/wp-content\/uploads\/2025\/07\/DOK_Logo_RGB_mit.jpg\",\"contentUrl\":\"https:\/\/test-wuwei.de\/orden\/wp-content\/uploads\/2025\/07\/DOK_Logo_RGB_mit.jpg\",\"width\":2480,\"height\":1748,\"caption\":\"Ordensgemeinschaften in Deutschland\"},\"image\":{\"@id\":\"https:\/\/test-wuwei.de\/orden\/#\/schema\/logo\/image\/\"}}]}<\/script>\n<!-- \/ Yoast SEO plugin. -->","yoast_head_json":{"title":"Impressum &#8211; Ordensgemeinschaften in Deutschland","robots":{"index":"noindex","follow":"follow","max-snippet":"max-snippet:-1","max-image-preview":"max-image-preview:large","max-video-preview":"max-video-preview:-1"},"og_locale":"de_DE","og_type":"article","og_title":"Impressum &#8211; Ordensgemeinschaften in Deutschland","og_description":"orden.de ist die Plattform der Deutschen Ordensobernkonferenz. Wir m\u00f6chten Sie auf diesen Seiten mit den wichtigsten Informationen und Hinweisen zum Ordensleben vertraut machen. Sie finden hier die Adressen und Angebote katholischer Ordensgemeinschaften und Kl\u00f6ster in Deutschland und weiterf\u00fchrende Hinweise und Empfehlungen.&nbsp; Impressum gem. \u00a7 5 Telemediengesetz DOK Deutsche Ordensobernkonferenz e.V.Wittelsbacherring 953115 BonnTel.: 0228 684 49-0Fax: ... weiterlesen","og_url":"https:\/\/test-wuwei.de\/orden\/impressum\/","og_site_name":"Ordensgemeinschaften in Deutschland","article_modified_time":"2025-11-17T08:12:46+00:00","twitter_card":"summary_large_image","twitter_misc":{"Gesch\u00e4tzte Lesezeit":"3\u00a0Minuten"},"schema":{"@context":"https:\/\/schema.org","@graph":[{"@type":"WebPage","@id":"https:\/\/test-wuwei.de\/orden\/impressum\/","url":"https:\/\/test-wuwei.de\/orden\/impressum\/","name":"Impressum &#8211; Ordensgemeinschaften in Deutschland","isPartOf":{"@id":"https:\/\/test-wuwei.de\/orden\/#website"},"datePublished":"2025-07-17T09:19:54+00:00","dateModified":"2025-11-17T08:12:46+00:00","breadcrumb":{"@id":"https:\/\/test-wuwei.de\/orden\/impressum\/#breadcrumb"},"inLanguage":"de","potentialAction":[{"@type":"ReadAction","target":["https:\/\/test-wuwei.de\/orden\/impressum\/"]}]},{"@type":"BreadcrumbList","@id":"https:\/\/test-wuwei.de\/orden\/impressum\/#breadcrumb","itemListElement":[{"@type":"ListItem","position":1,"name":"\ud83c\udfe0\ufe0e","item":"https:\/\/test-wuwei.de\/orden\/"},{"@type":"ListItem","position":2,"name":"Impressum"}]},{"@type":"WebSite","@id":"https:\/\/test-wuwei.de\/orden\/#website","url":"https:\/\/test-wuwei.de\/orden\/","name":"Ordensgemeinschaften in Deutschland","description":"Deutsche Ordensobernkonferenz","publisher":{"@id":"https:\/\/test-wuwei.de\/orden\/#organization"},"potentialAction":[{"@type":"SearchAction","target":{"@type":"EntryPoint","urlTemplate":"https:\/\/test-wuwei.de\/orden\/?s={search_term_string}"},"query-input":{"@type":"PropertyValueSpecification","valueRequired":true,"valueName":"search_term_string"}}],"inLanguage":"de"},{"@type":"Organization","@id":"https:\/\/test-wuwei.de\/orden\/#organization","name":"Ordensgemeinschaften in Deutschland","url":"https:\/\/test-wuwei.de\/orden\/","logo":{"@type":"ImageObject","inLanguage":"de","@id":"https:\/\/test-wuwei.de\/orden\/#\/schema\/logo\/image\/","url":"https:\/\/test-wuwei.de\/orden\/wp-content\/uploads\/2025\/07\/DOK_Logo_RGB_mit.jpg","contentUrl":"https:\/\/test-wuwei.de\/orden\/wp-content\/uploads\/2025\/07\/DOK_Logo_RGB_mit.jpg","width":2480,"height":1748,"caption":"Ordensgemeinschaften in Deutschland"},"image":{"@id":"https:\/\/test-wuwei.de\/orden\/#\/schema\/logo\/image\/"}}]}},"_links":{"self":[{"href":"https:\/\/test-wuwei.de\/orden\/wp-json\/wp\/v2\/pages\/123","targetHints":{"allow":["GET"]}}],"collection":[{"href":"https:\/\/test-wuwei.de\/orden\/wp-json\/wp\/v2\/pages"}],"about":[{"href":"https:\/\/test-wuwei.de\/orden\/wp-json\/wp\/v2\/types\/page"}],"author":[{"embeddable":true,"href":"https:\/\/test-wuwei.de\/orden\/wp-json\/wp\/v2\/users\/3"}],"replies":[{"embeddable":true,"href":"https:\/\/test-wuwei.de\/orden\/wp-json\/wp\/v2\/comments?post=123"}],"version-history":[{"count":2,"href":"https:\/\/test-wuwei.de\/orden\/wp-json\/wp\/v2\/pages\/123\/revisions"}],"predecessor-version":[{"id":4068,"href":"https:\/\/test-wuwei.de\/orden\/wp-json\/wp\/v2\/pages\/123\/revisions\/4068"}],"wp:attachment":[{"href":"https:\/\/test-wuwei.de\/orden\/wp-json\/wp\/v2\/media?parent=123"}],"curies":[{"name":"wp","href":"https:\/\/api.w.org\/{rel}","templated":true}]}}