{"id":22,"date":"2025-12-12T14:12:38","date_gmt":"2025-12-12T13:12:38","guid":{"rendered":"https:\/\/test-wuwei.de\/orden-ruach\/?page_id=22"},"modified":"2025-12-12T14:12:39","modified_gmt":"2025-12-12T13:12:39","slug":"der-name-ruach","status":"publish","type":"page","link":"https:\/\/test-wuwei.de\/orden-ruach\/wir-ueber-uns\/der-name-ruach\/","title":{"rendered":"Warum der Name RUACH?"},"content":{"rendered":"\n<p>RUACH ist ein hebr\u00e4isches Wort und bedeutet Geist. Der Name RUACH verweist auf die Basis christlicher Existenz, n\u00e4mlich auf das Getauftsein im Heiligen Geist. Johannes der T\u00e4ufer sagt \u00fcber den nach ihm kommenden Messias: \u201eIch habe euch nur mit Wasser getauft, er aber wird euch mit dem Heiligen Geist taufen.\u201c (Mk 1,8). Wir Christen haben am g\u00f6ttlichen Leben teil durch den Heiligen Geist, der in uns wohnt. Das Wort RUACH ist im Hebr\u00e4ischen weiblich, also eigentlich \u201eGeistin\u201c. So mag die hebr\u00e4ische Form helfen, auch die weibliche Seite Gottes besser zu verstehen. Doch im Lateinischen und den meisten modernen Sprachen ist das entsprechende Wort wiederum m\u00e4nnlich (spiritus, Geist, spirito, esp\u00edritu, esprit). Spiritualit\u00e4t bedeutet &#8222;Leben im Geiste&#8220;.<\/p>\n\n\n\n<p>Mit dem Namen RUACH wollen wir auf die g\u00f6ttliche Kraft hinweisen, welche in der Kirche und in den Orden am Werke ist. Bildungsarbeit hei\u00dft, sich der F\u00fchrung des Geistes Gottes anzuvertrauen, um sich so f\u00fcr das geistliche Leben und den Dienst in der Kirche zu r\u00fcsten. Die verschiedenen Charismen unserer Orden sind Gnadengaben des Geistes. Es gilt die Geister zu unterscheiden, um das urspr\u00fcngliche Charisma jeder Gemeinschaft tiefer zu verstehen und f\u00fcr die heutige Zeit fruchtbar zu machen.<\/p>\n","protected":false},"excerpt":{"rendered":"<p>RUACH ist ein hebr\u00e4isches Wort und bedeutet Geist. Der Name RUACH verweist auf die Basis christlicher Existenz, n\u00e4mlich auf das Getauftsein im Heiligen Geist. Johannes der T\u00e4ufer sagt \u00fcber den nach ihm kommenden Messias: \u201eIch habe euch nur mit Wasser getauft, er aber wird euch mit dem Heiligen Geist taufen.\u201c (Mk 1,8). Wir Christen haben &#8230; <\/p>\n<p class=\"read-more-container\"><a title=\"Warum der Name RUACH?\" class=\"read-more button\" href=\"https:\/\/test-wuwei.de\/orden-ruach\/wir-ueber-uns\/der-name-ruach\/#more-22\" aria-label=\"Mehr Informationen \u00fcber Warum der Name RUACH?\">weiterlesen<\/a><\/p>\n","protected":false},"author":1,"featured_media":0,"parent":10,"menu_order":0,"comment_status":"closed","ping_status":"closed","template":"","meta":{"_acf_changed":false,"footnotes":""},"class_list":{"0":"post-22","1":"page","2":"type-page","3":"status-publish","5":"no-featured-image-padding"},"acf":[],"mb":[],"yoast_head":"<!-- This site is optimized with the Yoast SEO plugin v27.4 - https:\/\/yoast.com\/product\/yoast-seo-wordpress\/ -->\n<title>Warum der Name RUACH? - RUACH<\/title>\n<meta name=\"robots\" content=\"noindex, follow, max-snippet:-1, max-image-preview:large, max-video-preview:-1\" \/>\n<meta property=\"og:locale\" content=\"de_DE\" \/>\n<meta property=\"og:type\" content=\"article\" \/>\n<meta property=\"og:title\" content=\"Warum der Name RUACH? - RUACH\" \/>\n<meta property=\"og:description\" content=\"RUACH ist ein hebr\u00e4isches Wort und bedeutet Geist. Der Name RUACH verweist auf die Basis christlicher Existenz, n\u00e4mlich auf das Getauftsein im Heiligen Geist. Johannes der T\u00e4ufer sagt \u00fcber den nach ihm kommenden Messias: \u201eIch habe euch nur mit Wasser getauft, er aber wird euch mit dem Heiligen Geist taufen.\u201c (Mk 1,8). Wir Christen haben ... weiterlesen\" \/>\n<meta property=\"og:url\" content=\"https:\/\/test-wuwei.de\/orden-ruach\/wir-ueber-uns\/der-name-ruach\/\" \/>\n<meta property=\"og:site_name\" content=\"RUACH\" \/>\n<meta property=\"article:modified_time\" content=\"2025-12-12T13:12:39+00:00\" \/>\n<meta name=\"twitter:card\" content=\"summary_large_image\" \/>\n<meta name=\"twitter:label1\" content=\"Gesch\u00e4tzte Lesezeit\" \/>\n\t<meta name=\"twitter:data1\" content=\"2\u00a0Minuten\" \/>\n<script type=\"application\/ld+json\" class=\"yoast-schema-graph\">{\"@context\":\"https:\\\/\\\/schema.org\",\"@graph\":[{\"@type\":\"WebPage\",\"@id\":\"https:\\\/\\\/test-wuwei.de\\\/orden-ruach\\\/wir-ueber-uns\\\/der-name-ruach\\\/\",\"url\":\"https:\\\/\\\/test-wuwei.de\\\/orden-ruach\\\/wir-ueber-uns\\\/der-name-ruach\\\/\",\"name\":\"Warum der Name RUACH? - RUACH\",\"isPartOf\":{\"@id\":\"https:\\\/\\\/test-wuwei.de\\\/orden-ruach\\\/#website\"},\"datePublished\":\"2025-12-12T13:12:38+00:00\",\"dateModified\":\"2025-12-12T13:12:39+00:00\",\"breadcrumb\":{\"@id\":\"https:\\\/\\\/test-wuwei.de\\\/orden-ruach\\\/wir-ueber-uns\\\/der-name-ruach\\\/#breadcrumb\"},\"inLanguage\":\"de\",\"potentialAction\":[{\"@type\":\"ReadAction\",\"target\":[\"https:\\\/\\\/test-wuwei.de\\\/orden-ruach\\\/wir-ueber-uns\\\/der-name-ruach\\\/\"]}]},{\"@type\":\"BreadcrumbList\",\"@id\":\"https:\\\/\\\/test-wuwei.de\\\/orden-ruach\\\/wir-ueber-uns\\\/der-name-ruach\\\/#breadcrumb\",\"itemListElement\":[{\"@type\":\"ListItem\",\"position\":1,\"name\":\"\ud83c\udfe0\ufe0e\",\"item\":\"https:\\\/\\\/test-wuwei.de\\\/orden-ruach\\\/\"},{\"@type\":\"ListItem\",\"position\":2,\"name\":\"Wir \u00fcber uns\",\"item\":\"https:\\\/\\\/test-wuwei.de\\\/orden-ruach\\\/wir-ueber-uns\\\/\"},{\"@type\":\"ListItem\",\"position\":3,\"name\":\"Warum der Name RUACH?\"}]},{\"@type\":\"WebSite\",\"@id\":\"https:\\\/\\\/test-wuwei.de\\\/orden-ruach\\\/#website\",\"url\":\"https:\\\/\\\/test-wuwei.de\\\/orden-ruach\\\/\",\"name\":\"RUACH\",\"description\":\"Ordensgemeinschaften in Deutschland\",\"publisher\":{\"@id\":\"https:\\\/\\\/test-wuwei.de\\\/orden-ruach\\\/#organization\"},\"potentialAction\":[{\"@type\":\"SearchAction\",\"target\":{\"@type\":\"EntryPoint\",\"urlTemplate\":\"https:\\\/\\\/test-wuwei.de\\\/orden-ruach\\\/?s={search_term_string}\"},\"query-input\":{\"@type\":\"PropertyValueSpecification\",\"valueRequired\":true,\"valueName\":\"search_term_string\"}}],\"inLanguage\":\"de\"},{\"@type\":\"Organization\",\"@id\":\"https:\\\/\\\/test-wuwei.de\\\/orden-ruach\\\/#organization\",\"name\":\"RUACH\",\"url\":\"https:\\\/\\\/test-wuwei.de\\\/orden-ruach\\\/\",\"logo\":{\"@type\":\"ImageObject\",\"inLanguage\":\"de\",\"@id\":\"https:\\\/\\\/test-wuwei.de\\\/orden-ruach\\\/#\\\/schema\\\/logo\\\/image\\\/\",\"url\":\"https:\\\/\\\/test-wuwei.de\\\/orden-ruach\\\/wp-content\\\/uploads\\\/2025\\\/12\\\/RUACH_Logo.png\",\"contentUrl\":\"https:\\\/\\\/test-wuwei.de\\\/orden-ruach\\\/wp-content\\\/uploads\\\/2025\\\/12\\\/RUACH_Logo.png\",\"width\":1161,\"height\":868,\"caption\":\"RUACH\"},\"image\":{\"@id\":\"https:\\\/\\\/test-wuwei.de\\\/orden-ruach\\\/#\\\/schema\\\/logo\\\/image\\\/\"}}]}<\/script>\n<!-- \/ Yoast SEO plugin. -->","yoast_head_json":{"title":"Warum der Name RUACH? - RUACH","robots":{"index":"noindex","follow":"follow","max-snippet":"max-snippet:-1","max-image-preview":"max-image-preview:large","max-video-preview":"max-video-preview:-1"},"og_locale":"de_DE","og_type":"article","og_title":"Warum der Name RUACH? - RUACH","og_description":"RUACH ist ein hebr\u00e4isches Wort und bedeutet Geist. Der Name RUACH verweist auf die Basis christlicher Existenz, n\u00e4mlich auf das Getauftsein im Heiligen Geist. Johannes der T\u00e4ufer sagt \u00fcber den nach ihm kommenden Messias: \u201eIch habe euch nur mit Wasser getauft, er aber wird euch mit dem Heiligen Geist taufen.\u201c (Mk 1,8). Wir Christen haben ... weiterlesen","og_url":"https:\/\/test-wuwei.de\/orden-ruach\/wir-ueber-uns\/der-name-ruach\/","og_site_name":"RUACH","article_modified_time":"2025-12-12T13:12:39+00:00","twitter_card":"summary_large_image","twitter_misc":{"Gesch\u00e4tzte Lesezeit":"2\u00a0Minuten"},"schema":{"@context":"https:\/\/schema.org","@graph":[{"@type":"WebPage","@id":"https:\/\/test-wuwei.de\/orden-ruach\/wir-ueber-uns\/der-name-ruach\/","url":"https:\/\/test-wuwei.de\/orden-ruach\/wir-ueber-uns\/der-name-ruach\/","name":"Warum der Name RUACH? - RUACH","isPartOf":{"@id":"https:\/\/test-wuwei.de\/orden-ruach\/#website"},"datePublished":"2025-12-12T13:12:38+00:00","dateModified":"2025-12-12T13:12:39+00:00","breadcrumb":{"@id":"https:\/\/test-wuwei.de\/orden-ruach\/wir-ueber-uns\/der-name-ruach\/#breadcrumb"},"inLanguage":"de","potentialAction":[{"@type":"ReadAction","target":["https:\/\/test-wuwei.de\/orden-ruach\/wir-ueber-uns\/der-name-ruach\/"]}]},{"@type":"BreadcrumbList","@id":"https:\/\/test-wuwei.de\/orden-ruach\/wir-ueber-uns\/der-name-ruach\/#breadcrumb","itemListElement":[{"@type":"ListItem","position":1,"name":"\ud83c\udfe0\ufe0e","item":"https:\/\/test-wuwei.de\/orden-ruach\/"},{"@type":"ListItem","position":2,"name":"Wir \u00fcber uns","item":"https:\/\/test-wuwei.de\/orden-ruach\/wir-ueber-uns\/"},{"@type":"ListItem","position":3,"name":"Warum der Name RUACH?"}]},{"@type":"WebSite","@id":"https:\/\/test-wuwei.de\/orden-ruach\/#website","url":"https:\/\/test-wuwei.de\/orden-ruach\/","name":"RUACH","description":"Ordensgemeinschaften in Deutschland","publisher":{"@id":"https:\/\/test-wuwei.de\/orden-ruach\/#organization"},"potentialAction":[{"@type":"SearchAction","target":{"@type":"EntryPoint","urlTemplate":"https:\/\/test-wuwei.de\/orden-ruach\/?s={search_term_string}"},"query-input":{"@type":"PropertyValueSpecification","valueRequired":true,"valueName":"search_term_string"}}],"inLanguage":"de"},{"@type":"Organization","@id":"https:\/\/test-wuwei.de\/orden-ruach\/#organization","name":"RUACH","url":"https:\/\/test-wuwei.de\/orden-ruach\/","logo":{"@type":"ImageObject","inLanguage":"de","@id":"https:\/\/test-wuwei.de\/orden-ruach\/#\/schema\/logo\/image\/","url":"https:\/\/test-wuwei.de\/orden-ruach\/wp-content\/uploads\/2025\/12\/RUACH_Logo.png","contentUrl":"https:\/\/test-wuwei.de\/orden-ruach\/wp-content\/uploads\/2025\/12\/RUACH_Logo.png","width":1161,"height":868,"caption":"RUACH"},"image":{"@id":"https:\/\/test-wuwei.de\/orden-ruach\/#\/schema\/logo\/image\/"}}]}},"mfb_rest_fields":["title","yoast_head","yoast_head_json"],"_links":{"self":[{"href":"https:\/\/test-wuwei.de\/orden-ruach\/wp-json\/wp\/v2\/pages\/22","targetHints":{"allow":["GET"]}}],"collection":[{"href":"https:\/\/test-wuwei.de\/orden-ruach\/wp-json\/wp\/v2\/pages"}],"about":[{"href":"https:\/\/test-wuwei.de\/orden-ruach\/wp-json\/wp\/v2\/types\/page"}],"author":[{"embeddable":true,"href":"https:\/\/test-wuwei.de\/orden-ruach\/wp-json\/wp\/v2\/users\/1"}],"replies":[{"embeddable":true,"href":"https:\/\/test-wuwei.de\/orden-ruach\/wp-json\/wp\/v2\/comments?post=22"}],"version-history":[{"count":1,"href":"https:\/\/test-wuwei.de\/orden-ruach\/wp-json\/wp\/v2\/pages\/22\/revisions"}],"predecessor-version":[{"id":23,"href":"https:\/\/test-wuwei.de\/orden-ruach\/wp-json\/wp\/v2\/pages\/22\/revisions\/23"}],"up":[{"embeddable":true,"href":"https:\/\/test-wuwei.de\/orden-ruach\/wp-json\/wp\/v2\/pages\/10"}],"wp:attachment":[{"href":"https:\/\/test-wuwei.de\/orden-ruach\/wp-json\/wp\/v2\/media?parent=22"}],"curies":[{"name":"wp","href":"https:\/\/api.w.org\/{rel}","templated":true}]}}