{"id":17,"date":"2025-12-12T14:08:11","date_gmt":"2025-12-12T13:08:11","guid":{"rendered":"https:\/\/test-wuwei.de\/orden-ruach\/?page_id=17"},"modified":"2025-12-12T14:08:11","modified_gmt":"2025-12-12T13:08:11","slug":"kursteilnahme","status":"publish","type":"page","link":"https:\/\/test-wuwei.de\/orden-ruach\/wir-ueber-uns\/kursteilnahme\/","title":{"rendered":"Wer kann teilnehmen?"},"content":{"rendered":"\n<p>Die Fortbildungen von RUACH sind in erster Linie f\u00fcr die Mitglieder der Ordensgemeinschaften vorgesehen, die in der DOK zusammengeschlossen sind.<\/p>\n\n\n\n<p>Nat\u00fcrlich sind auch Ordensleute aus den anderen deutschsprachigen L\u00e4ndern, die fr\u00fcher zum Tr\u00e4gerverein von IMS (Institut der Orden &#8211; vgl. <a href=\"https:\/\/test-wuwei.de\/orden-ruach\/wir-ueber-uns\/geschichte\/\">Geschichte<\/a>) geh\u00f6rten, herzlich willkommen.<\/p>\n\n\n\n<p>Auch Ordensleute oder Personen aus anderen christlichen Kirchen, welche in Gemeinschaften leben, die dem gottgeweihten Leben in der katholischen Kirche \u00e4hnlich sind, k\u00f6nnen gerne die Programme von RUACH in Anspruch nehmen, da es sehr viele gemeinsame Anliegen und Fragen gibt.<\/p>\n\n\n\n<p>Und schlie\u00dflich war und ist es gute Tradition im Bildungswerk der Orden, dass auch andere M\u00e4nner und Frauen, die f\u00fcr ihr Leben und ihren Dienst in der Kirche von den Fortbildungsprogramme von RUACH profitieren m\u00f6chten, gerne willkommen sind &#8211; sofern noch Pl\u00e4tze in den Kursen frei sind.<\/p>\n","protected":false},"excerpt":{"rendered":"<p>Die Fortbildungen von RUACH sind in erster Linie f\u00fcr die Mitglieder der Ordensgemeinschaften vorgesehen, die in der DOK zusammengeschlossen sind. Nat\u00fcrlich sind auch Ordensleute aus den anderen deutschsprachigen L\u00e4ndern, die fr\u00fcher zum Tr\u00e4gerverein von IMS (Institut der Orden &#8211; vgl. Geschichte) geh\u00f6rten, herzlich willkommen. Auch Ordensleute oder Personen aus anderen christlichen Kirchen, welche in Gemeinschaften &#8230; <\/p>\n<p class=\"read-more-container\"><a title=\"Wer kann teilnehmen?\" class=\"read-more button\" href=\"https:\/\/test-wuwei.de\/orden-ruach\/wir-ueber-uns\/kursteilnahme\/#more-17\" aria-label=\"Mehr Informationen \u00fcber Wer kann teilnehmen?\">weiterlesen<\/a><\/p>\n","protected":false},"author":1,"featured_media":0,"parent":10,"menu_order":0,"comment_status":"closed","ping_status":"closed","template":"","meta":{"_acf_changed":false,"footnotes":""},"class_list":{"0":"post-17","1":"page","2":"type-page","3":"status-publish","5":"no-featured-image-padding"},"acf":[],"mb":[],"yoast_head":"<!-- This site is optimized with the Yoast SEO plugin v27.4 - https:\/\/yoast.com\/product\/yoast-seo-wordpress\/ -->\n<title>Wer kann teilnehmen? - RUACH<\/title>\n<meta name=\"robots\" content=\"noindex, follow, max-snippet:-1, max-image-preview:large, max-video-preview:-1\" \/>\n<meta property=\"og:locale\" content=\"de_DE\" \/>\n<meta property=\"og:type\" content=\"article\" \/>\n<meta property=\"og:title\" content=\"Wer kann teilnehmen? - RUACH\" \/>\n<meta property=\"og:description\" content=\"Die Fortbildungen von RUACH sind in erster Linie f\u00fcr die Mitglieder der Ordensgemeinschaften vorgesehen, die in der DOK zusammengeschlossen sind. Nat\u00fcrlich sind auch Ordensleute aus den anderen deutschsprachigen L\u00e4ndern, die fr\u00fcher zum Tr\u00e4gerverein von IMS (Institut der Orden &#8211; vgl. Geschichte) geh\u00f6rten, herzlich willkommen. Auch Ordensleute oder Personen aus anderen christlichen Kirchen, welche in Gemeinschaften ... weiterlesen\" \/>\n<meta property=\"og:url\" content=\"https:\/\/test-wuwei.de\/orden-ruach\/wir-ueber-uns\/kursteilnahme\/\" \/>\n<meta property=\"og:site_name\" content=\"RUACH\" \/>\n<meta name=\"twitter:card\" content=\"summary_large_image\" \/>\n<meta name=\"twitter:label1\" content=\"Gesch\u00e4tzte Lesezeit\" \/>\n\t<meta name=\"twitter:data1\" content=\"1\u00a0Minute\" \/>\n<script type=\"application\/ld+json\" class=\"yoast-schema-graph\">{\"@context\":\"https:\\\/\\\/schema.org\",\"@graph\":[{\"@type\":\"WebPage\",\"@id\":\"https:\\\/\\\/test-wuwei.de\\\/orden-ruach\\\/wir-ueber-uns\\\/kursteilnahme\\\/\",\"url\":\"https:\\\/\\\/test-wuwei.de\\\/orden-ruach\\\/wir-ueber-uns\\\/kursteilnahme\\\/\",\"name\":\"Wer kann teilnehmen? - RUACH\",\"isPartOf\":{\"@id\":\"https:\\\/\\\/test-wuwei.de\\\/orden-ruach\\\/#website\"},\"datePublished\":\"2025-12-12T13:08:11+00:00\",\"breadcrumb\":{\"@id\":\"https:\\\/\\\/test-wuwei.de\\\/orden-ruach\\\/wir-ueber-uns\\\/kursteilnahme\\\/#breadcrumb\"},\"inLanguage\":\"de\",\"potentialAction\":[{\"@type\":\"ReadAction\",\"target\":[\"https:\\\/\\\/test-wuwei.de\\\/orden-ruach\\\/wir-ueber-uns\\\/kursteilnahme\\\/\"]}]},{\"@type\":\"BreadcrumbList\",\"@id\":\"https:\\\/\\\/test-wuwei.de\\\/orden-ruach\\\/wir-ueber-uns\\\/kursteilnahme\\\/#breadcrumb\",\"itemListElement\":[{\"@type\":\"ListItem\",\"position\":1,\"name\":\"\ud83c\udfe0\ufe0e\",\"item\":\"https:\\\/\\\/test-wuwei.de\\\/orden-ruach\\\/\"},{\"@type\":\"ListItem\",\"position\":2,\"name\":\"Wir \u00fcber uns\",\"item\":\"https:\\\/\\\/test-wuwei.de\\\/orden-ruach\\\/wir-ueber-uns\\\/\"},{\"@type\":\"ListItem\",\"position\":3,\"name\":\"Wer kann teilnehmen?\"}]},{\"@type\":\"WebSite\",\"@id\":\"https:\\\/\\\/test-wuwei.de\\\/orden-ruach\\\/#website\",\"url\":\"https:\\\/\\\/test-wuwei.de\\\/orden-ruach\\\/\",\"name\":\"RUACH\",\"description\":\"Ordensgemeinschaften in Deutschland\",\"publisher\":{\"@id\":\"https:\\\/\\\/test-wuwei.de\\\/orden-ruach\\\/#organization\"},\"potentialAction\":[{\"@type\":\"SearchAction\",\"target\":{\"@type\":\"EntryPoint\",\"urlTemplate\":\"https:\\\/\\\/test-wuwei.de\\\/orden-ruach\\\/?s={search_term_string}\"},\"query-input\":{\"@type\":\"PropertyValueSpecification\",\"valueRequired\":true,\"valueName\":\"search_term_string\"}}],\"inLanguage\":\"de\"},{\"@type\":\"Organization\",\"@id\":\"https:\\\/\\\/test-wuwei.de\\\/orden-ruach\\\/#organization\",\"name\":\"RUACH\",\"url\":\"https:\\\/\\\/test-wuwei.de\\\/orden-ruach\\\/\",\"logo\":{\"@type\":\"ImageObject\",\"inLanguage\":\"de\",\"@id\":\"https:\\\/\\\/test-wuwei.de\\\/orden-ruach\\\/#\\\/schema\\\/logo\\\/image\\\/\",\"url\":\"https:\\\/\\\/test-wuwei.de\\\/orden-ruach\\\/wp-content\\\/uploads\\\/2025\\\/12\\\/RUACH_Logo.png\",\"contentUrl\":\"https:\\\/\\\/test-wuwei.de\\\/orden-ruach\\\/wp-content\\\/uploads\\\/2025\\\/12\\\/RUACH_Logo.png\",\"width\":1161,\"height\":868,\"caption\":\"RUACH\"},\"image\":{\"@id\":\"https:\\\/\\\/test-wuwei.de\\\/orden-ruach\\\/#\\\/schema\\\/logo\\\/image\\\/\"}}]}<\/script>\n<!-- \/ Yoast SEO plugin. -->","yoast_head_json":{"title":"Wer kann teilnehmen? - RUACH","robots":{"index":"noindex","follow":"follow","max-snippet":"max-snippet:-1","max-image-preview":"max-image-preview:large","max-video-preview":"max-video-preview:-1"},"og_locale":"de_DE","og_type":"article","og_title":"Wer kann teilnehmen? - RUACH","og_description":"Die Fortbildungen von RUACH sind in erster Linie f\u00fcr die Mitglieder der Ordensgemeinschaften vorgesehen, die in der DOK zusammengeschlossen sind. Nat\u00fcrlich sind auch Ordensleute aus den anderen deutschsprachigen L\u00e4ndern, die fr\u00fcher zum Tr\u00e4gerverein von IMS (Institut der Orden &#8211; vgl. Geschichte) geh\u00f6rten, herzlich willkommen. Auch Ordensleute oder Personen aus anderen christlichen Kirchen, welche in Gemeinschaften ... weiterlesen","og_url":"https:\/\/test-wuwei.de\/orden-ruach\/wir-ueber-uns\/kursteilnahme\/","og_site_name":"RUACH","twitter_card":"summary_large_image","twitter_misc":{"Gesch\u00e4tzte Lesezeit":"1\u00a0Minute"},"schema":{"@context":"https:\/\/schema.org","@graph":[{"@type":"WebPage","@id":"https:\/\/test-wuwei.de\/orden-ruach\/wir-ueber-uns\/kursteilnahme\/","url":"https:\/\/test-wuwei.de\/orden-ruach\/wir-ueber-uns\/kursteilnahme\/","name":"Wer kann teilnehmen? - RUACH","isPartOf":{"@id":"https:\/\/test-wuwei.de\/orden-ruach\/#website"},"datePublished":"2025-12-12T13:08:11+00:00","breadcrumb":{"@id":"https:\/\/test-wuwei.de\/orden-ruach\/wir-ueber-uns\/kursteilnahme\/#breadcrumb"},"inLanguage":"de","potentialAction":[{"@type":"ReadAction","target":["https:\/\/test-wuwei.de\/orden-ruach\/wir-ueber-uns\/kursteilnahme\/"]}]},{"@type":"BreadcrumbList","@id":"https:\/\/test-wuwei.de\/orden-ruach\/wir-ueber-uns\/kursteilnahme\/#breadcrumb","itemListElement":[{"@type":"ListItem","position":1,"name":"\ud83c\udfe0\ufe0e","item":"https:\/\/test-wuwei.de\/orden-ruach\/"},{"@type":"ListItem","position":2,"name":"Wir \u00fcber uns","item":"https:\/\/test-wuwei.de\/orden-ruach\/wir-ueber-uns\/"},{"@type":"ListItem","position":3,"name":"Wer kann teilnehmen?"}]},{"@type":"WebSite","@id":"https:\/\/test-wuwei.de\/orden-ruach\/#website","url":"https:\/\/test-wuwei.de\/orden-ruach\/","name":"RUACH","description":"Ordensgemeinschaften in Deutschland","publisher":{"@id":"https:\/\/test-wuwei.de\/orden-ruach\/#organization"},"potentialAction":[{"@type":"SearchAction","target":{"@type":"EntryPoint","urlTemplate":"https:\/\/test-wuwei.de\/orden-ruach\/?s={search_term_string}"},"query-input":{"@type":"PropertyValueSpecification","valueRequired":true,"valueName":"search_term_string"}}],"inLanguage":"de"},{"@type":"Organization","@id":"https:\/\/test-wuwei.de\/orden-ruach\/#organization","name":"RUACH","url":"https:\/\/test-wuwei.de\/orden-ruach\/","logo":{"@type":"ImageObject","inLanguage":"de","@id":"https:\/\/test-wuwei.de\/orden-ruach\/#\/schema\/logo\/image\/","url":"https:\/\/test-wuwei.de\/orden-ruach\/wp-content\/uploads\/2025\/12\/RUACH_Logo.png","contentUrl":"https:\/\/test-wuwei.de\/orden-ruach\/wp-content\/uploads\/2025\/12\/RUACH_Logo.png","width":1161,"height":868,"caption":"RUACH"},"image":{"@id":"https:\/\/test-wuwei.de\/orden-ruach\/#\/schema\/logo\/image\/"}}]}},"mfb_rest_fields":["title","yoast_head","yoast_head_json"],"_links":{"self":[{"href":"https:\/\/test-wuwei.de\/orden-ruach\/wp-json\/wp\/v2\/pages\/17","targetHints":{"allow":["GET"]}}],"collection":[{"href":"https:\/\/test-wuwei.de\/orden-ruach\/wp-json\/wp\/v2\/pages"}],"about":[{"href":"https:\/\/test-wuwei.de\/orden-ruach\/wp-json\/wp\/v2\/types\/page"}],"author":[{"embeddable":true,"href":"https:\/\/test-wuwei.de\/orden-ruach\/wp-json\/wp\/v2\/users\/1"}],"replies":[{"embeddable":true,"href":"https:\/\/test-wuwei.de\/orden-ruach\/wp-json\/wp\/v2\/comments?post=17"}],"version-history":[{"count":1,"href":"https:\/\/test-wuwei.de\/orden-ruach\/wp-json\/wp\/v2\/pages\/17\/revisions"}],"predecessor-version":[{"id":18,"href":"https:\/\/test-wuwei.de\/orden-ruach\/wp-json\/wp\/v2\/pages\/17\/revisions\/18"}],"up":[{"embeddable":true,"href":"https:\/\/test-wuwei.de\/orden-ruach\/wp-json\/wp\/v2\/pages\/10"}],"wp:attachment":[{"href":"https:\/\/test-wuwei.de\/orden-ruach\/wp-json\/wp\/v2\/media?parent=17"}],"curies":[{"name":"wp","href":"https:\/\/api.w.org\/{rel}","templated":true}]}}