{"id":10,"date":"2025-12-12T14:05:49","date_gmt":"2025-12-12T13:05:49","guid":{"rendered":"https:\/\/test-wuwei.de\/orden-ruach\/?page_id=10"},"modified":"2025-12-12T14:06:32","modified_gmt":"2025-12-12T13:06:32","slug":"wir-ueber-uns","status":"publish","type":"page","link":"https:\/\/test-wuwei.de\/orden-ruach\/wir-ueber-uns\/","title":{"rendered":"Wir \u00fcber uns"},"content":{"rendered":"\n<h1 class=\"wp-block-heading\">RUACH, was ist das?<\/h1>\n\n\n\n<p>Mit RUACH &#8211; Bildung der Ordensleute bieten die katholischen Ordensgemeinschaften in Deutschland Fortbildungen an, die sich insbesondere auf das Leben und den Dienst der Ordensleute beziehen. Das Sekretariat befindet sich im Haus der Orden in Bonn. Die Kurse und Lehrg\u00e4nge finden in verschiedenen kirchlichen Bildungs- und Exerzitienh\u00e4usern statt.&nbsp;Prof. Dr. Margareta Gruber OSF hat im Juli 2019 die Leitung von RUACH \u00fcbernommen.<\/p>\n\n\n\n<p>Es werden Lehrg\u00e4nge f\u00fcr Schwestern, Br\u00fcder und Patres angeboten, die in ihren Gemeinschaften f\u00fcr die Ausbildung des Ordensnachwuchses verantwortlich sind. Andere Kurse richten sich an Ordensleute in Leitungsverantwortung. F\u00fcr sie sind Lehrg\u00e4nge und Fortbildungen sowie verschiedene Formen von direkter Begleitung vorgesehen (Supervision, Coaching etc.).<\/p>\n\n\n\n<p>Im Bereich Spiritualit\u00e4t gibt es Lehrg\u00e4nge und Fortbildungen f\u00fcr Ordensleute und andere kirchliche Mitarbeiter\/innen, die geistliche Begleitung anbieten oder sich darauf vorbereiten m\u00f6chten, selbst Exerzitien zu leiten. Gemeinsame Programme f\u00fcr junge Ordensleute in der Ausbildung sollen ins Programm aufgenommen werden.<\/p>\n\n\n\n<p>Ebenso gibt es Angebote f\u00fcr \u00e4ltere Ordensleute zum Einstieg ins dritte Lebensalter. Ein Arbeitskreis bietet in regelm\u00e4\u00dfigen Abst\u00e4nden Symposien zu aktuellen Fragen der Ordenstheologie und der Ordensspiritualit\u00e4t an.<\/p>\n\n\n\n<a class=\"gb-text button-standard gb-text-9f2c1220\" href=\"https:\/\/test-wuwei.de\/orden\/institutionelles-schutzkonzept\/\" target=\"_blank\" rel=\"noopener\">Zum Institutionellen Schutzkonzept des Deutsche Ordensobernkonferenz e. V.<\/a>\n","protected":false},"excerpt":{"rendered":"<p>RUACH, was ist das? Mit RUACH &#8211; Bildung der Ordensleute bieten die katholischen Ordensgemeinschaften in Deutschland Fortbildungen an, die sich insbesondere auf das Leben und den Dienst der Ordensleute beziehen. Das Sekretariat befindet sich im Haus der Orden in Bonn. Die Kurse und Lehrg\u00e4nge finden in verschiedenen kirchlichen Bildungs- und Exerzitienh\u00e4usern statt.&nbsp;Prof. Dr. Margareta Gruber &#8230; <\/p>\n<p class=\"read-more-container\"><a title=\"Wir \u00fcber uns\" class=\"read-more button\" href=\"https:\/\/test-wuwei.de\/orden-ruach\/wir-ueber-uns\/#more-10\" aria-label=\"Mehr Informationen \u00fcber Wir \u00fcber uns\">weiterlesen<\/a><\/p>\n","protected":false},"author":1,"featured_media":0,"parent":0,"menu_order":0,"comment_status":"closed","ping_status":"closed","template":"","meta":{"_acf_changed":false,"footnotes":""},"class_list":{"0":"post-10","1":"page","2":"type-page","3":"status-publish","5":"no-featured-image-padding"},"acf":[],"mb":[],"yoast_head":"<!-- This site is optimized with the Yoast SEO plugin v27.4 - https:\/\/yoast.com\/product\/yoast-seo-wordpress\/ -->\n<title>Wir \u00fcber uns - RUACH<\/title>\n<meta name=\"robots\" content=\"noindex, follow, max-snippet:-1, max-image-preview:large, max-video-preview:-1\" \/>\n<meta property=\"og:locale\" content=\"de_DE\" \/>\n<meta property=\"og:type\" content=\"article\" \/>\n<meta property=\"og:title\" content=\"Wir \u00fcber uns - RUACH\" \/>\n<meta property=\"og:description\" content=\"RUACH, was ist das? Mit RUACH &#8211; Bildung der Ordensleute bieten die katholischen Ordensgemeinschaften in Deutschland Fortbildungen an, die sich insbesondere auf das Leben und den Dienst der Ordensleute beziehen. Das Sekretariat befindet sich im Haus der Orden in Bonn. Die Kurse und Lehrg\u00e4nge finden in verschiedenen kirchlichen Bildungs- und Exerzitienh\u00e4usern statt.&nbsp;Prof. Dr. Margareta Gruber ... weiterlesen\" \/>\n<meta property=\"og:url\" content=\"https:\/\/test-wuwei.de\/orden-ruach\/wir-ueber-uns\/\" \/>\n<meta property=\"og:site_name\" content=\"RUACH\" \/>\n<meta property=\"article:modified_time\" content=\"2025-12-12T13:06:32+00:00\" \/>\n<meta name=\"twitter:card\" content=\"summary_large_image\" \/>\n<meta name=\"twitter:label1\" content=\"Gesch\u00e4tzte Lesezeit\" \/>\n\t<meta name=\"twitter:data1\" content=\"2\u00a0Minuten\" \/>\n<script type=\"application\/ld+json\" class=\"yoast-schema-graph\">{\"@context\":\"https:\\\/\\\/schema.org\",\"@graph\":[{\"@type\":\"WebPage\",\"@id\":\"https:\\\/\\\/test-wuwei.de\\\/orden-ruach\\\/wir-ueber-uns\\\/\",\"url\":\"https:\\\/\\\/test-wuwei.de\\\/orden-ruach\\\/wir-ueber-uns\\\/\",\"name\":\"Wir \u00fcber uns - RUACH\",\"isPartOf\":{\"@id\":\"https:\\\/\\\/test-wuwei.de\\\/orden-ruach\\\/#website\"},\"datePublished\":\"2025-12-12T13:05:49+00:00\",\"dateModified\":\"2025-12-12T13:06:32+00:00\",\"breadcrumb\":{\"@id\":\"https:\\\/\\\/test-wuwei.de\\\/orden-ruach\\\/wir-ueber-uns\\\/#breadcrumb\"},\"inLanguage\":\"de\",\"potentialAction\":[{\"@type\":\"ReadAction\",\"target\":[\"https:\\\/\\\/test-wuwei.de\\\/orden-ruach\\\/wir-ueber-uns\\\/\"]}]},{\"@type\":\"BreadcrumbList\",\"@id\":\"https:\\\/\\\/test-wuwei.de\\\/orden-ruach\\\/wir-ueber-uns\\\/#breadcrumb\",\"itemListElement\":[{\"@type\":\"ListItem\",\"position\":1,\"name\":\"\ud83c\udfe0\ufe0e\",\"item\":\"https:\\\/\\\/test-wuwei.de\\\/orden-ruach\\\/\"},{\"@type\":\"ListItem\",\"position\":2,\"name\":\"Wir \u00fcber uns\"}]},{\"@type\":\"WebSite\",\"@id\":\"https:\\\/\\\/test-wuwei.de\\\/orden-ruach\\\/#website\",\"url\":\"https:\\\/\\\/test-wuwei.de\\\/orden-ruach\\\/\",\"name\":\"RUACH\",\"description\":\"Ordensgemeinschaften in Deutschland\",\"publisher\":{\"@id\":\"https:\\\/\\\/test-wuwei.de\\\/orden-ruach\\\/#organization\"},\"potentialAction\":[{\"@type\":\"SearchAction\",\"target\":{\"@type\":\"EntryPoint\",\"urlTemplate\":\"https:\\\/\\\/test-wuwei.de\\\/orden-ruach\\\/?s={search_term_string}\"},\"query-input\":{\"@type\":\"PropertyValueSpecification\",\"valueRequired\":true,\"valueName\":\"search_term_string\"}}],\"inLanguage\":\"de\"},{\"@type\":\"Organization\",\"@id\":\"https:\\\/\\\/test-wuwei.de\\\/orden-ruach\\\/#organization\",\"name\":\"RUACH\",\"url\":\"https:\\\/\\\/test-wuwei.de\\\/orden-ruach\\\/\",\"logo\":{\"@type\":\"ImageObject\",\"inLanguage\":\"de\",\"@id\":\"https:\\\/\\\/test-wuwei.de\\\/orden-ruach\\\/#\\\/schema\\\/logo\\\/image\\\/\",\"url\":\"https:\\\/\\\/test-wuwei.de\\\/orden-ruach\\\/wp-content\\\/uploads\\\/2025\\\/12\\\/RUACH_Logo.png\",\"contentUrl\":\"https:\\\/\\\/test-wuwei.de\\\/orden-ruach\\\/wp-content\\\/uploads\\\/2025\\\/12\\\/RUACH_Logo.png\",\"width\":1161,\"height\":868,\"caption\":\"RUACH\"},\"image\":{\"@id\":\"https:\\\/\\\/test-wuwei.de\\\/orden-ruach\\\/#\\\/schema\\\/logo\\\/image\\\/\"}}]}<\/script>\n<!-- \/ Yoast SEO plugin. -->","yoast_head_json":{"title":"Wir \u00fcber uns - RUACH","robots":{"index":"noindex","follow":"follow","max-snippet":"max-snippet:-1","max-image-preview":"max-image-preview:large","max-video-preview":"max-video-preview:-1"},"og_locale":"de_DE","og_type":"article","og_title":"Wir \u00fcber uns - RUACH","og_description":"RUACH, was ist das? Mit RUACH &#8211; Bildung der Ordensleute bieten die katholischen Ordensgemeinschaften in Deutschland Fortbildungen an, die sich insbesondere auf das Leben und den Dienst der Ordensleute beziehen. Das Sekretariat befindet sich im Haus der Orden in Bonn. Die Kurse und Lehrg\u00e4nge finden in verschiedenen kirchlichen Bildungs- und Exerzitienh\u00e4usern statt.&nbsp;Prof. Dr. Margareta Gruber ... weiterlesen","og_url":"https:\/\/test-wuwei.de\/orden-ruach\/wir-ueber-uns\/","og_site_name":"RUACH","article_modified_time":"2025-12-12T13:06:32+00:00","twitter_card":"summary_large_image","twitter_misc":{"Gesch\u00e4tzte Lesezeit":"2\u00a0Minuten"},"schema":{"@context":"https:\/\/schema.org","@graph":[{"@type":"WebPage","@id":"https:\/\/test-wuwei.de\/orden-ruach\/wir-ueber-uns\/","url":"https:\/\/test-wuwei.de\/orden-ruach\/wir-ueber-uns\/","name":"Wir \u00fcber uns - RUACH","isPartOf":{"@id":"https:\/\/test-wuwei.de\/orden-ruach\/#website"},"datePublished":"2025-12-12T13:05:49+00:00","dateModified":"2025-12-12T13:06:32+00:00","breadcrumb":{"@id":"https:\/\/test-wuwei.de\/orden-ruach\/wir-ueber-uns\/#breadcrumb"},"inLanguage":"de","potentialAction":[{"@type":"ReadAction","target":["https:\/\/test-wuwei.de\/orden-ruach\/wir-ueber-uns\/"]}]},{"@type":"BreadcrumbList","@id":"https:\/\/test-wuwei.de\/orden-ruach\/wir-ueber-uns\/#breadcrumb","itemListElement":[{"@type":"ListItem","position":1,"name":"\ud83c\udfe0\ufe0e","item":"https:\/\/test-wuwei.de\/orden-ruach\/"},{"@type":"ListItem","position":2,"name":"Wir \u00fcber uns"}]},{"@type":"WebSite","@id":"https:\/\/test-wuwei.de\/orden-ruach\/#website","url":"https:\/\/test-wuwei.de\/orden-ruach\/","name":"RUACH","description":"Ordensgemeinschaften in Deutschland","publisher":{"@id":"https:\/\/test-wuwei.de\/orden-ruach\/#organization"},"potentialAction":[{"@type":"SearchAction","target":{"@type":"EntryPoint","urlTemplate":"https:\/\/test-wuwei.de\/orden-ruach\/?s={search_term_string}"},"query-input":{"@type":"PropertyValueSpecification","valueRequired":true,"valueName":"search_term_string"}}],"inLanguage":"de"},{"@type":"Organization","@id":"https:\/\/test-wuwei.de\/orden-ruach\/#organization","name":"RUACH","url":"https:\/\/test-wuwei.de\/orden-ruach\/","logo":{"@type":"ImageObject","inLanguage":"de","@id":"https:\/\/test-wuwei.de\/orden-ruach\/#\/schema\/logo\/image\/","url":"https:\/\/test-wuwei.de\/orden-ruach\/wp-content\/uploads\/2025\/12\/RUACH_Logo.png","contentUrl":"https:\/\/test-wuwei.de\/orden-ruach\/wp-content\/uploads\/2025\/12\/RUACH_Logo.png","width":1161,"height":868,"caption":"RUACH"},"image":{"@id":"https:\/\/test-wuwei.de\/orden-ruach\/#\/schema\/logo\/image\/"}}]}},"mfb_rest_fields":["title","yoast_head","yoast_head_json"],"_links":{"self":[{"href":"https:\/\/test-wuwei.de\/orden-ruach\/wp-json\/wp\/v2\/pages\/10","targetHints":{"allow":["GET"]}}],"collection":[{"href":"https:\/\/test-wuwei.de\/orden-ruach\/wp-json\/wp\/v2\/pages"}],"about":[{"href":"https:\/\/test-wuwei.de\/orden-ruach\/wp-json\/wp\/v2\/types\/page"}],"author":[{"embeddable":true,"href":"https:\/\/test-wuwei.de\/orden-ruach\/wp-json\/wp\/v2\/users\/1"}],"replies":[{"embeddable":true,"href":"https:\/\/test-wuwei.de\/orden-ruach\/wp-json\/wp\/v2\/comments?post=10"}],"version-history":[{"count":2,"href":"https:\/\/test-wuwei.de\/orden-ruach\/wp-json\/wp\/v2\/pages\/10\/revisions"}],"predecessor-version":[{"id":15,"href":"https:\/\/test-wuwei.de\/orden-ruach\/wp-json\/wp\/v2\/pages\/10\/revisions\/15"}],"wp:attachment":[{"href":"https:\/\/test-wuwei.de\/orden-ruach\/wp-json\/wp\/v2\/media?parent=10"}],"curies":[{"name":"wp","href":"https:\/\/api.w.org\/{rel}","templated":true}]}}